{"id":19555,"date":"2022-02-17T14:59:08","date_gmt":"2022-02-17T19:59:08","guid":{"rendered":"https:\/\/afcindustries.com\/brazos-para-monitores-montados-en-la-pared\/"},"modified":"2026-02-12T08:40:22","modified_gmt":"2026-02-12T13:40:22","slug":"brazos-para-monitores-montados-en-la-pared","status":"publish","type":"page","link":"https:\/\/afcindustries.com\/es\/brazos-para-monitores-montados-en-la-pared\/","title":{"rendered":"Brazos para monitores montados en la pared"},"content":{"rendered":"\n\n\t<h2>\n\t\tSoportes Ergon\u00f3micos\n\t<\/h2>\n\t\t\t\t\t\t\t\t<a href=\"https:\/\/afcindustries.com\/es\/contacte-con\/\" target=\"_self\" rel=\"noopener\">\n\t\t\t\t\t\t\t\t\t<img loading=\"lazy\" decoding=\"async\" src=\"https:\/\/afcindustries.com\/wp-content\/uploads\/2022\/05\/Promo-Fall-23.gif\" alt=\"Promo Fall\" height=\"450\" width=\"280\" title=\"Promo Fall\" \/>\n\t\t\t\t\t\t\t\t\t\t\t\t\t<\/a>\n\n\n\tMostrando el \u00fanico resultado\n\n\t\n\t\t\t\t\tOrden predeterminado\n\t\t\t\t\tOrdenar por popularidad\n\t\t\t\t\tOrdenar por los \u00faltimos\n\t\t\t\t\tOrdenar por precio: bajo a alto\n\t\t\t\t\tOrdenar por precio: alto a bajo\n\t\t\t\n\t\n\t\n\t\t\t<ul>\n\t\t\t\t<li id=\"woopack-product-20188\" data-product-id=\"20188\">\n\t<a href=\"https:\/\/afcindustries.com\/es\/producto\/brazo-de-monitor-extensible-y-ajustable-para-montaje-en-pared\/\" title='Brazo de monitor extensible y ajustable para montaje en pared'><img decoding=\"async\" width=\"499\" height=\"499\" src=\"https:\/\/afcindustries.com\/wp-content\/uploads\/2022\/01\/772451-adjustable-wall-mounted-extending-monitor-arm.jpg\" alt=\"772451 adjustable wall mounted extending monitor arm\" loading=\"lazy\" title=\"\"><\/a>\n    <h3><a href=\"https:\/\/afcindustries.com\/es\/producto\/brazo-de-monitor-extensible-y-ajustable-para-montaje-en-pared\/\" title='Brazo de monitor extensible y ajustable para montaje en pared'>Brazo de monitor extensible y ajustable para montaje en pared<\/a><\/h3>\n\t\tSKU:772451\n<\/li><li id=\"woopack-product-20107\" data-product-id=\"20107\">\n\t<a href=\"https:\/\/afcindustries.com\/es\/producto\/soporte-de-pared-para-varios-monitores-montado-en-carril\/\" title='Soporte de pared para varios monitores montado en carril'><img decoding=\"async\" width=\"499\" height=\"499\" src=\"https:\/\/afcindustries.com\/wp-content\/uploads\/2022\/01\/772261-multi-monitor-wall-mount.jpg\" alt=\"772261 multi monitor wall mount\" loading=\"lazy\" title=\"\"><\/a>\n    <h3><a href=\"https:\/\/afcindustries.com\/es\/producto\/soporte-de-pared-para-varios-monitores-montado-en-carril\/\" title='Soporte de pared para varios monitores montado en carril'>Soporte de pared para varios monitores montado en carril<\/a><\/h3>\n\t\tSKU:772261\n<\/li><li id=\"woopack-product-20151\" data-product-id=\"20151\">\n\t<a href=\"https:\/\/afcindustries.com\/es\/producto\/brazo-para-pantalla-de-tableta-montado-en-la-pared\/\" title='Brazo para pantalla de tableta montado en la pared'><img decoding=\"async\" width=\"499\" height=\"499\" src=\"https:\/\/afcindustries.com\/wp-content\/uploads\/2022\/01\/772517-articulating-vesa-monitor-mount.jpg\" alt=\"772517 articulating vesa monitor mount\" loading=\"lazy\" title=\"\"><\/a>\n    <h3><a href=\"https:\/\/afcindustries.com\/es\/producto\/brazo-para-pantalla-de-tableta-montado-en-la-pared\/\" title='Brazo para pantalla de tableta montado en la pared'>Brazo para pantalla de tableta montado en la pared<\/a><\/h3>\n\t\tSKU:772517\n<\/li><li id=\"woopack-product-20148\" data-product-id=\"20148\">\n\t<a href=\"https:\/\/afcindustries.com\/es\/producto\/soporte-de-pantalla-multiple-de-pared\/\" title='Soporte de pantalla m\u00faltiple de pared'><img decoding=\"async\" width=\"499\" height=\"499\" src=\"https:\/\/afcindustries.com\/wp-content\/uploads\/2022\/01\/772524-horizontal-wall-mounted-monitor-mount-with-single-arm.jpg\" alt=\"772524 horizontal wall mounted monitor mount with single arm\" loading=\"lazy\" title=\"\"><\/a>\n    <h3><a href=\"https:\/\/afcindustries.com\/es\/producto\/soporte-de-pantalla-multiple-de-pared\/\" title='Soporte de pantalla m\u00faltiple de pared'>Soporte de pantalla m\u00faltiple de pared<\/a><\/h3>\n\t\tSKU:772524\n<\/li><li id=\"woopack-product-20103\" data-product-id=\"20103\">\n\t<a href=\"https:\/\/afcindustries.com\/es\/producto\/brazo-para-lcd-de-pared-corto\/\" title='Brazo para LCD de pared corto'><img decoding=\"async\" width=\"499\" height=\"499\" src=\"https:\/\/afcindustries.com\/wp-content\/uploads\/2022\/01\/772257-wall-monitor-arm-mount.jpg\" alt=\"772257 wall monitor arm mount\" loading=\"lazy\" title=\"\"><\/a>\n    <h3><a href=\"https:\/\/afcindustries.com\/es\/producto\/brazo-para-lcd-de-pared-corto\/\" title='Brazo para LCD de pared corto'>Brazo para LCD de pared corto<\/a><\/h3>\n\t\tSKU:772257\n<\/li><li id=\"woopack-product-20123\" data-product-id=\"20123\">\n\t<a href=\"https:\/\/afcindustries.com\/es\/producto\/soporte-de-pared-con-brazo-para-4-tabletas\/\" title='Soporte de pared con brazo para 4 tabletas'><img decoding=\"async\" width=\"499\" height=\"499\" src=\"https:\/\/afcindustries.com\/wp-content\/uploads\/2022\/01\/772888-4-tablet-holder-arm-wall-mount-bracket.jpg\" alt=\"772888 4 tablet holder arm wall mount bracket\" loading=\"lazy\" title=\"\"><\/a>\n    <h3><a href=\"https:\/\/afcindustries.com\/es\/producto\/soporte-de-pared-con-brazo-para-4-tabletas\/\" title='Soporte de pared con brazo para 4 tabletas'>Soporte de pared con brazo para 4 tabletas<\/a><\/h3>\n\t\tSKU:772888\n<\/li><li id=\"woopack-product-20076\" data-product-id=\"20076\">\n\t<a href=\"https:\/\/afcindustries.com\/es\/producto\/soporte-de-pared-para-tv-de-pantalla-plana\/\" title='Soporte de pared para TV de pantalla plana'><img decoding=\"async\" width=\"499\" height=\"499\" src=\"https:\/\/afcindustries.com\/wp-content\/uploads\/2022\/01\/772255-tv-wall-mount.jpg\" alt=\"772255 tv wall mount\" loading=\"lazy\" title=\"\"><\/a>\n    <h3><a href=\"https:\/\/afcindustries.com\/es\/producto\/soporte-de-pared-para-tv-de-pantalla-plana\/\" title='Soporte de pared para TV de pantalla plana'>Soporte de pared para TV de pantalla plana<\/a><\/h3>\n\t\tSKU:772255\n<\/li><li id=\"woopack-product-20089\" data-product-id=\"20089\">\n\t<a href=\"https:\/\/afcindustries.com\/es\/producto\/soporte-de-pared-para-pantalla-deslizante\/\" title='Soporte de pared para pantalla deslizante'><img decoding=\"async\" width=\"499\" height=\"499\" src=\"https:\/\/afcindustries.com\/wp-content\/uploads\/2022\/01\/772256-split-monitor-arm.jpg\" alt=\"772256 split monitor arm\" loading=\"lazy\" title=\"\"><\/a>\n    <h3><a href=\"https:\/\/afcindustries.com\/es\/producto\/soporte-de-pared-para-pantalla-deslizante\/\" title='Soporte de pared para pantalla deslizante'>Soporte de pared para pantalla deslizante<\/a><\/h3>\n\t\tSKU:772256\n<\/li><li id=\"woopack-product-20100\" data-product-id=\"20100\">\n\t<a href=\"https:\/\/afcindustries.com\/es\/producto\/2-soporte-de-pared-vertical-para-tabletas\/\" title='2 Soporte de pared vertical para tabletas'><img decoding=\"async\" width=\"499\" height=\"499\" src=\"https:\/\/afcindustries.com\/wp-content\/uploads\/2022\/01\/772886-2-tablet-holder-vertical-wall-mount-bracket.jpg\" alt=\"772886 2 tablet holder vertical wall mount bracket\" loading=\"lazy\" title=\"\"><\/a>\n    <h3><a href=\"https:\/\/afcindustries.com\/es\/producto\/2-soporte-de-pared-vertical-para-tabletas\/\" title='2 Soporte de pared vertical para tabletas'>2 Soporte de pared vertical para tabletas<\/a><\/h3>\n\t\tSKU:772886\n<\/li><li id=\"woopack-product-20195\" data-product-id=\"20195\">\n\t<a href=\"https:\/\/afcindustries.com\/es\/producto\/soporte-de-pared-para-varios-monitores\/\" title='Soporte de pared para varios monitores'><img decoding=\"async\" width=\"499\" height=\"499\" src=\"https:\/\/afcindustries.com\/wp-content\/uploads\/2022\/01\/772501-wall-mounted-dual-monitor-holder-with-articulating-arms.jpg\" alt=\"772501 wall mounted dual monitor holder with articulating arms\" loading=\"lazy\" title=\"\"><\/a>\n    <h3><a href=\"https:\/\/afcindustries.com\/es\/producto\/soporte-de-pared-para-varios-monitores\/\" title='Soporte de pared para varios monitores'>Soporte de pared para varios monitores<\/a><\/h3>\n\t\tSKU:772501\n<\/li><li id=\"woopack-product-20093\" data-product-id=\"20093\">\n\t<a href=\"https:\/\/afcindustries.com\/es\/producto\/parrilla-de-monitores-de-pared-con-brazos-articulados\/\" title='Parrilla de monitores de pared con brazos articulados'><img decoding=\"async\" width=\"499\" height=\"499\" src=\"https:\/\/afcindustries.com\/wp-content\/uploads\/2022\/01\/772237-multiple-wall-mount-front-view.jpg\" alt=\"772237 multiple wall mount front view\" loading=\"lazy\" title=\"\"><\/a>\n    <h3><a href=\"https:\/\/afcindustries.com\/es\/producto\/parrilla-de-monitores-de-pared-con-brazos-articulados\/\" title='Parrilla de monitores de pared con brazos articulados'>Parrilla de monitores de pared con brazos articulados<\/a><\/h3>\n\t\tSKU:772237\n<\/li><li id=\"woopack-product-20018\" data-product-id=\"20018\">\n\t<a href=\"https:\/\/afcindustries.com\/es\/producto\/brazo-de-pared-para-tabletas-de-ordenador\/\" title='Brazo de pared para tabletas de ordenador'><img decoding=\"async\" width=\"499\" height=\"499\" src=\"https:\/\/afcindustries.com\/wp-content\/uploads\/2022\/01\/772519-wall-mounted-tablet-arm-vesa-mount.jpg\" alt=\"772519 wall mounted tablet arm vesa mount\" loading=\"lazy\" title=\"\"><\/a>\n    <h3><a href=\"https:\/\/afcindustries.com\/es\/producto\/brazo-de-pared-para-tabletas-de-ordenador\/\" title='Brazo de pared para tabletas de ordenador'>Brazo de pared para tabletas de ordenador<\/a><\/h3>\n\t\tSKU:772519\n<\/li>\t\t\t\t\n\t\t\t<\/ul>\n\t<ul class='page-numbers'>\n\t<li>1<\/li>\n\t<li><a href=\"https:\/\/afcindustries.com\/es\/page\/2\/?page_id=19555&#038;fl_builder\">2<\/a><\/li>\n\t<li><a href=\"https:\/\/afcindustries.com\/es\/page\/3\/?page_id=19555&#038;fl_builder\">3<\/a><\/li>\n\t<li><a href=\"https:\/\/afcindustries.com\/es\/page\/4\/?page_id=19555&#038;fl_builder\">4<\/a><\/li>\n\t<li><a href=\"https:\/\/afcindustries.com\/es\/page\/2\/?page_id=19555&#038;fl_builder\">Siguiente &raquo;<\/a><\/li>\n<\/ul>\n<h2>\n\t\tSoportes de pared para pantallas\n\t<\/h2>\n\t<p>Los soportes de pared AFC son perfectos para espacios de trabajo activos en los que se debe maximizar el espacio para la eficiencia del trabajo y mejorar considerablemente la gesti\u00f3n del tr\u00e1fico. Nuestros brazos para monitores, soportes de pared VESA y soportes de pared para teclados le permiten ajustar la altura del teclado y del monitor desde una posici\u00f3n sentada a otra de pie, as\u00ed como de izquierda a derecha.<\/p>\n\n","protected":false},"excerpt":{"rendered":"<p>Soportes Ergon\u00f3micos Mostrando el \u00fanico resultado Orden predeterminado Ordenar por popularidad Ordenar por los \u00faltimos Ordenar por precio: bajo a alto Ordenar por precio: alto a bajo Brazo de monitor extensible y ajustable para montaje en pared SKU:772451 Soporte de pared para varios monitores montado en carril SKU:772261 Brazo para pantalla de tableta montado en&hellip;<\/p>\n","protected":false},"author":1,"featured_media":0,"parent":0,"menu_order":0,"comment_status":"closed","ping_status":"closed","template":"","meta":{"_acf_changed":false,"inline_featured_image":false,"footnotes":""},"class_list":["post-19555","page","type-page","status-publish","hentry"],"acf":[],"_links":{"self":[{"href":"https:\/\/afcindustries.com\/es\/wp-json\/wp\/v2\/pages\/19555","targetHints":{"allow":["GET"]}}],"collection":[{"href":"https:\/\/afcindustries.com\/es\/wp-json\/wp\/v2\/pages"}],"about":[{"href":"https:\/\/afcindustries.com\/es\/wp-json\/wp\/v2\/types\/page"}],"author":[{"embeddable":true,"href":"https:\/\/afcindustries.com\/es\/wp-json\/wp\/v2\/users\/1"}],"replies":[{"embeddable":true,"href":"https:\/\/afcindustries.com\/es\/wp-json\/wp\/v2\/comments?post=19555"}],"version-history":[{"count":0,"href":"https:\/\/afcindustries.com\/es\/wp-json\/wp\/v2\/pages\/19555\/revisions"}],"wp:attachment":[{"href":"https:\/\/afcindustries.com\/es\/wp-json\/wp\/v2\/media?parent=19555"}],"curies":[{"name":"wp","href":"https:\/\/api.w.org\/{rel}","templated":true}]}}