{"id":19545,"date":"2022-02-17T15:01:10","date_gmt":"2022-02-17T20:01:10","guid":{"rendered":"https:\/\/afcindustries.com\/brazos-para-monitores-montados-en-el-techo\/"},"modified":"2024-10-04T14:48:18","modified_gmt":"2024-10-04T18:48:18","slug":"brazos-para-monitores-montados-en-el-techo","status":"publish","type":"page","link":"https:\/\/afcindustries.com\/es\/brazos-para-monitores-montados-en-el-techo\/","title":{"rendered":"Brazos para monitores montados en el techo"},"content":{"rendered":"\n\n\t<h2>\n\t\tSoportes Ergon\u00f3micos\n\t<\/h2>\n\t\t\t\t\t\t\t\t<a href=\"https:\/\/afcindustries.com\/contact\/\" target=\"_self\" itemprop=\"url\" rel=\"noopener\">\n\t\t\t\t\t\t\t\t\t<img loading=\"lazy\" decoding=\"async\" src=\"https:\/\/afcindustries.com\/wp-content\/uploads\/2022\/05\/Promo-Fall-23.gif\" alt=\"Promo Fall\" itemprop=\"image\" height=\"450\" width=\"280\" title=\"Promo Fall\" onerror=\"this.style.display='none'\"  \/>\n\t\t\t\t\t\t\t\t\t\t\t\t\t<\/a>\n\n\n\tMostrando el \u00fanico resultado\n<form method=\"get\">\n\t<select name=\"orderby\" aria-label=\"Pedido de la tienda\">\n\t\t\t\t\t<option value=\"menu_order\"  selected='selected'>Orden predeterminado<\/option>\n\t\t\t\t\t<option value=\"popularity\">Ordenar por popularidad<\/option>\n\t\t\t\t\t<option value=\"date\">Ordenar por los \u00faltimos<\/option>\n\t\t\t\t\t<option value=\"price\">Ordenar por precio: bajo a alto<\/option>\n\t\t\t\t\t<option value=\"price-desc\">Ordenar por precio: alto a bajo<\/option>\n\t\t\t<\/select>\n\t<input type=\"hidden\" name=\"paged\" value=\"1\" \/>\n\t<input type=\"hidden\" name=\"page_id\" value=\"19545\" \/><input type=\"hidden\" name=\"fl_builder\" value=\"\" \/><\/form>\n\t\t\t<ul>\n\t\t\t\t<li id=\"woopack-product-20027\"  data-product-id=\"20027\">\n\t<a href='https:\/\/afcindustries.com\/es\/producto\/soporte-de-techo-para-pantallas-articuladas\/' title='Soporte de techo para pantallas articuladas'><img width=\"499\" height=\"499\" src=\"https:\/\/afcindustries.com\/wp-content\/uploads\/2022\/01\/772328-ceiling-mount-lcd-monitor-arm.jpg\" alt=\"772328 ceiling mount lcd monitor arm\" itemprop=\"image\" decoding=\"async\" loading=\"lazy\" srcset=\"https:\/\/afcindustries.com\/wp-content\/uploads\/2022\/01\/772328-ceiling-mount-lcd-monitor-arm.jpg 499w, https:\/\/afcindustries.com\/wp-content\/uploads\/2022\/01\/772328-ceiling-mount-lcd-monitor-arm-300x300.jpg 300w, https:\/\/afcindustries.com\/wp-content\/uploads\/2022\/01\/772328-ceiling-mount-lcd-monitor-arm-100x100.jpg 100w, https:\/\/afcindustries.com\/wp-content\/uploads\/2022\/01\/772328-ceiling-mount-lcd-monitor-arm-150x150.jpg 150w\" sizes=\"auto, (max-width: 499px) 100vw, 499px\" title=\"\"><\/a>\n    <h3><a href='https:\/\/afcindustries.com\/es\/producto\/soporte-de-techo-para-pantallas-articuladas\/' title='Soporte de techo para pantallas articuladas'>Soporte de techo para pantallas articuladas<\/a><\/h3>\n\t\tSKU:772328\n<\/li><li id=\"woopack-product-19910\"  data-product-id=\"19910\">\n\t<a href='https:\/\/afcindustries.com\/es\/producto\/brazo-de-techo-para-pantallas-planas-lcd\/' title='Brazo de techo para pantallas planas LCD'><img width=\"499\" height=\"499\" src=\"https:\/\/afcindustries.com\/wp-content\/uploads\/2022\/01\/771592-lcd-flat-screen-monitor-ceiling-arm.jpg\" alt=\"771592 lcd flat screen monitor ceiling arm\" itemprop=\"image\" decoding=\"async\" loading=\"lazy\" srcset=\"https:\/\/afcindustries.com\/wp-content\/uploads\/2022\/01\/771592-lcd-flat-screen-monitor-ceiling-arm.jpg 499w, https:\/\/afcindustries.com\/wp-content\/uploads\/2022\/01\/771592-lcd-flat-screen-monitor-ceiling-arm-300x300.jpg 300w, https:\/\/afcindustries.com\/wp-content\/uploads\/2022\/01\/771592-lcd-flat-screen-monitor-ceiling-arm-100x100.jpg 100w, https:\/\/afcindustries.com\/wp-content\/uploads\/2022\/01\/771592-lcd-flat-screen-monitor-ceiling-arm-150x150.jpg 150w\" sizes=\"auto, (max-width: 499px) 100vw, 499px\" title=\"\"><\/a>\n    <h3><a href='https:\/\/afcindustries.com\/es\/producto\/brazo-de-techo-para-pantallas-planas-lcd\/' title='Brazo de techo para pantallas planas LCD'>Brazo de techo para pantallas planas LCD<\/a><\/h3>\n\t\tSKU:771592\n<\/li><li id=\"woopack-product-19791\"  data-product-id=\"19791\">\n\t<a href='https:\/\/afcindustries.com\/es\/producto\/brazo-para-monitor-lcd-montado-en-el-techo\/' title='Brazo para monitor LCD montado en el techo'><img width=\"499\" height=\"499\" src=\"https:\/\/afcindustries.com\/wp-content\/uploads\/2022\/01\/772446-flat-screen-ceiling-mount-swivel-bracket.jpg\" alt=\"772446 flat screen ceiling mount swivel bracket\" itemprop=\"image\" decoding=\"async\" loading=\"lazy\" srcset=\"https:\/\/afcindustries.com\/wp-content\/uploads\/2022\/01\/772446-flat-screen-ceiling-mount-swivel-bracket.jpg 499w, https:\/\/afcindustries.com\/wp-content\/uploads\/2022\/01\/772446-flat-screen-ceiling-mount-swivel-bracket-300x300.jpg 300w, https:\/\/afcindustries.com\/wp-content\/uploads\/2022\/01\/772446-flat-screen-ceiling-mount-swivel-bracket-100x100.jpg 100w, https:\/\/afcindustries.com\/wp-content\/uploads\/2022\/01\/772446-flat-screen-ceiling-mount-swivel-bracket-150x150.jpg 150w\" sizes=\"auto, (max-width: 499px) 100vw, 499px\" title=\"\"><\/a>\n    <h3><a href='https:\/\/afcindustries.com\/es\/producto\/brazo-para-monitor-lcd-montado-en-el-techo\/' title='Brazo para monitor LCD montado en el techo'>Brazo para monitor LCD montado en el techo<\/a><\/h3>\n\t\tSKU:772446\n<\/li><li id=\"woopack-product-19755\"  data-product-id=\"19755\">\n\t<a href='https:\/\/afcindustries.com\/es\/producto\/soporte-de-techo-para-pantalla-lcd-con-bandeja-para-el-teclado\/' title='Soporte de techo para pantalla LCD con bandeja para el teclado'><img width=\"499\" height=\"499\" src=\"https:\/\/afcindustries.com\/wp-content\/uploads\/2022\/01\/772455-lcd-monitor-screen-ceiling-mount-with-keyboard-tray.jpg\" alt=\"772455 lcd monitor screen ceiling mount with keyboard tray\" itemprop=\"image\" decoding=\"async\" loading=\"lazy\" srcset=\"https:\/\/afcindustries.com\/wp-content\/uploads\/2022\/01\/772455-lcd-monitor-screen-ceiling-mount-with-keyboard-tray.jpg 499w, https:\/\/afcindustries.com\/wp-content\/uploads\/2022\/01\/772455-lcd-monitor-screen-ceiling-mount-with-keyboard-tray-300x300.jpg 300w, https:\/\/afcindustries.com\/wp-content\/uploads\/2022\/01\/772455-lcd-monitor-screen-ceiling-mount-with-keyboard-tray-100x100.jpg 100w, https:\/\/afcindustries.com\/wp-content\/uploads\/2022\/01\/772455-lcd-monitor-screen-ceiling-mount-with-keyboard-tray-150x150.jpg 150w\" sizes=\"auto, (max-width: 499px) 100vw, 499px\" title=\"\"><\/a>\n    <h3><a href='https:\/\/afcindustries.com\/es\/producto\/soporte-de-techo-para-pantalla-lcd-con-bandeja-para-el-teclado\/' title='Soporte de techo para pantalla LCD con bandeja para el teclado'>Soporte de techo para pantalla LCD con bandeja para el teclado<\/a><\/h3>\n\t\tSKU:772455\n<\/li>\t\t\t\t\n\t\t\t<\/ul>\n<h2>\n\t\tSoporte para monitor de techo\n\t<\/h2>\n\t<p>Presentamos los brazos para monitor montados en el techo de AFC Industries, la soluci\u00f3n perfecta para optimizar su espacio de trabajo y mejorar la ergonom\u00eda. Estos innovadores soportes est\u00e1n dise\u00f1ados para maximizar tanto la productividad como la comodidad en diversos entornos profesionales. Nuestro soporte de pared seguro de perfil bajo para televisores planos proporciona soluciones vers\u00e1tiles para instalaciones sanitarias o dentales, laboratorios, puntos de venta y pantallas de se\u00f1alizaci\u00f3n electr\u00f3nica p\u00fablica.<\/p>\n<p>Todas nuestras unidades, incluido el brazo para monitor montado en el techo, son compatibles con VESA y cuentan con capacidades de gesti\u00f3n de cables de pantalla plana y soportes de televisi\u00f3n vers\u00e1tiles. Tambi\u00e9n est\u00e1n disponibles otras caracter\u00edsticas, como una f\u00e1cil desinfecci\u00f3n, ajustes de altura, inclinaci\u00f3n y alcance y estilos de montaje en el techo o en la pared, para ciertos modelos.<\/p>\n<p>Nuestros brazos para montaje en el techo ofrecen una soluci\u00f3n que ahorra espacio y no genera desorden en su espacio de trabajo. Al colgar sus monitores del techo, puede liberar valioso espacio en el escritorio, lo que le permite tener un \u00e1rea de trabajo m\u00e1s organizada y eficiente. Ya sea que se encuentre en un centro m\u00e9dico, una oficina o cualquier otro entorno, estos brazos para monitores brindan una est\u00e9tica limpia y moderna.<\/p>\n<p>Una de las principales ventajas de nuestros brazos para montaje en el techo es su flexibilidad. Son totalmente ajustables, lo que le permite colocar sus monitores a la altura y el \u00e1ngulo perfectos para reducir la tensi\u00f3n y la fatiga. Este dise\u00f1o ergon\u00f3mico no solo mejora la comodidad, sino que tambi\u00e9n reduce el riesgo de lesiones por estr\u00e9s repetitivo, lo que promueve un trabajo m\u00e1s saludable.<\/p>\n\n","protected":false},"excerpt":{"rendered":"<p>Soportes Ergon\u00f3micos Mostrando el \u00fanico resultado Orden predeterminadoOrdenar por popularidadOrdenar por los \u00faltimosOrdenar por precio: bajo a altoOrdenar por precio: alto a bajo Soporte de techo para pantallas articuladas SKU:772328 Brazo de techo para pantallas planas LCD SKU:771592 Brazo para monitor LCD montado en el techo SKU:772446 Soporte de techo para pantalla LCD con bandeja&hellip;<\/p>\n","protected":false},"author":1,"featured_media":0,"parent":0,"menu_order":0,"comment_status":"closed","ping_status":"closed","template":"","meta":{"_acf_changed":false,"inline_featured_image":false,"footnotes":""},"class_list":["post-19545","page","type-page","status-publish","hentry"],"acf":[],"_links":{"self":[{"href":"https:\/\/afcindustries.com\/es\/wp-json\/wp\/v2\/pages\/19545","targetHints":{"allow":["GET"]}}],"collection":[{"href":"https:\/\/afcindustries.com\/es\/wp-json\/wp\/v2\/pages"}],"about":[{"href":"https:\/\/afcindustries.com\/es\/wp-json\/wp\/v2\/types\/page"}],"author":[{"embeddable":true,"href":"https:\/\/afcindustries.com\/es\/wp-json\/wp\/v2\/users\/1"}],"replies":[{"embeddable":true,"href":"https:\/\/afcindustries.com\/es\/wp-json\/wp\/v2\/comments?post=19545"}],"version-history":[{"count":0,"href":"https:\/\/afcindustries.com\/es\/wp-json\/wp\/v2\/pages\/19545\/revisions"}],"wp:attachment":[{"href":"https:\/\/afcindustries.com\/es\/wp-json\/wp\/v2\/media?parent=19545"}],"curies":[{"name":"wp","href":"https:\/\/api.w.org\/{rel}","templated":true}]}}