{"id":19542,"date":"2022-02-18T20:54:14","date_gmt":"2022-02-19T01:54:14","guid":{"rendered":"https:\/\/afcindustries.com\/todos-los-productos-personalizados\/"},"modified":"2024-10-04T14:55:28","modified_gmt":"2024-10-04T18:55:28","slug":"todos-los-productos-personalizados","status":"publish","type":"page","link":"https:\/\/afcindustries.com\/es\/todos-los-productos-personalizados\/","title":{"rendered":"Todos los productos personalizados"},"content":{"rendered":"\n\n\t<h2>\n\t\tPRODUCTOS PERSONALIZADOS\n\t<\/h2>\n\t\t\t\t\t\t\t\t<a href=\"https:\/\/afcindustries.com\/contact\/\" target=\"_self\" itemprop=\"url\" rel=\"noopener\">\n\t\t\t\t\t\t\t\t\t<img loading=\"lazy\" decoding=\"async\" src=\"https:\/\/afcindustries.com\/wp-content\/uploads\/2022\/05\/Promo-Fall-23.gif\" alt=\"Promo Fall\" itemprop=\"image\" height=\"450\" width=\"280\" title=\"Promo Fall\" onerror=\"this.style.display='none'\"  \/>\n\t\t\t\t\t\t\t\t\t\t\t\t\t<\/a>\n\n\n\tMostrando el \u00fanico resultado\n<form method=\"get\">\n\t<select name=\"orderby\" aria-label=\"Pedido de la tienda\">\n\t\t\t\t\t<option value=\"menu_order\"  selected='selected'>Orden predeterminado<\/option>\n\t\t\t\t\t<option value=\"popularity\">Ordenar por popularidad<\/option>\n\t\t\t\t\t<option value=\"date\">Ordenar por los \u00faltimos<\/option>\n\t\t\t\t\t<option value=\"price\">Ordenar por precio: bajo a alto<\/option>\n\t\t\t\t\t<option value=\"price-desc\">Ordenar por precio: alto a bajo<\/option>\n\t\t\t<\/select>\n\t<input type=\"hidden\" name=\"paged\" value=\"1\" \/>\n\t<input type=\"hidden\" name=\"page_id\" value=\"19542\" \/><input type=\"hidden\" name=\"fl_builder\" value=\"\" \/><\/form>\n\t\t\t<ul>\n\t\t\t\t<li id=\"woopack-product-20179\"  data-product-id=\"20179\">\n\t<a href='https:\/\/afcindustries.com\/es\/producto\/mesa-de-estudio-carrel\/' title='Mesa de estudio Carrel'><img width=\"500\" height=\"500\" src=\"https:\/\/afcindustries.com\/wp-content\/uploads\/2022\/01\/772368-study-table-carrel.jpg\" alt=\"772368 study table carrel\" itemprop=\"image\" decoding=\"async\" loading=\"lazy\" srcset=\"https:\/\/afcindustries.com\/wp-content\/uploads\/2022\/01\/772368-study-table-carrel.jpg 500w, https:\/\/afcindustries.com\/wp-content\/uploads\/2022\/01\/772368-study-table-carrel-300x300.jpg 300w, https:\/\/afcindustries.com\/wp-content\/uploads\/2022\/01\/772368-study-table-carrel-100x100.jpg 100w, https:\/\/afcindustries.com\/wp-content\/uploads\/2022\/01\/772368-study-table-carrel-150x150.jpg 150w\" sizes=\"auto, (max-width: 500px) 100vw, 500px\" title=\"\"><\/a>\n    <h3><a href='https:\/\/afcindustries.com\/es\/producto\/mesa-de-estudio-carrel\/' title='Mesa de estudio Carrel'>Mesa de estudio Carrel<\/a><\/h3>\n\t\tSKU:772368\n<\/li><li id=\"woopack-product-20167\"  data-product-id=\"20167\">\n\t<a href='https:\/\/afcindustries.com\/es\/producto\/soporte-para-ordenador-portatil-accesorio-para-cinta-de-correr\/' title='Soporte para ordenador port\u00e1til Accesorio para cinta de correr'><img width=\"550\" height=\"412\" src=\"https:\/\/afcindustries.com\/wp-content\/uploads\/2022\/01\/laptop-holder-floor-stand-treadmill-accessory.jpg\" alt=\"laptop holder floor stand treadmill accessory\" itemprop=\"image\" decoding=\"async\" loading=\"lazy\" srcset=\"https:\/\/afcindustries.com\/wp-content\/uploads\/2022\/01\/laptop-holder-floor-stand-treadmill-accessory.jpg 550w, https:\/\/afcindustries.com\/wp-content\/uploads\/2022\/01\/laptop-holder-floor-stand-treadmill-accessory-300x225.jpg 300w\" sizes=\"auto, (max-width: 550px) 100vw, 550px\" title=\"\"><\/a>\n    <h3><a href='https:\/\/afcindustries.com\/es\/producto\/soporte-para-ordenador-portatil-accesorio-para-cinta-de-correr\/' title='Soporte para ordenador port\u00e1til Accesorio para cinta de correr'>Soporte para ordenador port\u00e1til Accesorio para cinta de correr<\/a><\/h3>\n\t\tSKU:772557\n<\/li><li id=\"woopack-product-20113\"  data-product-id=\"20113\">\n\t<a href='https:\/\/afcindustries.com\/es\/producto\/soporte-soporte-para-ordenador-accesorio\/' title='Accesorio para el soporte del ordenador port\u00e1til y del monitor en la cinta de correr'><img width=\"550\" height=\"412\" src=\"https:\/\/afcindustries.com\/wp-content\/uploads\/2022\/01\/laptop-and-monitor-mount-stand-treadmill-accessory.jpg\" alt=\"accesorio para soporte de port\u00e1til y monitor en cinta de correr\" itemprop=\"image\" decoding=\"async\" loading=\"lazy\" srcset=\"https:\/\/afcindustries.com\/wp-content\/uploads\/2022\/01\/laptop-and-monitor-mount-stand-treadmill-accessory.jpg 550w, https:\/\/afcindustries.com\/wp-content\/uploads\/2022\/01\/laptop-and-monitor-mount-stand-treadmill-accessory-300x225.jpg 300w\" sizes=\"auto, (max-width: 550px) 100vw, 550px\" title=\"\"><\/a>\n    <h3><a href='https:\/\/afcindustries.com\/es\/producto\/soporte-soporte-para-ordenador-accesorio\/' title='Accesorio para el soporte del ordenador port\u00e1til y del monitor en la cinta de correr'>Accesorio para el soporte del ordenador port\u00e1til y del monitor en la cinta de correr<\/a><\/h3>\n\t\tSKU:772556\n<\/li><li id=\"woopack-product-20124\"  data-product-id=\"20124\">\n\t<a href='https:\/\/afcindustries.com\/es\/producto\/aula-de-formacion-escritorio-informatico-de-doble-operador\/' title='Aula de formaci\u00f3n escritorio inform\u00e1tico de doble operador'><img width=\"500\" height=\"500\" src=\"https:\/\/afcindustries.com\/wp-content\/uploads\/2022\/01\/772174-dual-user-computer-training-room-desk.jpg\" alt=\"772174 dual user computer training room desk\" itemprop=\"image\" decoding=\"async\" loading=\"lazy\" srcset=\"https:\/\/afcindustries.com\/wp-content\/uploads\/2022\/01\/772174-dual-user-computer-training-room-desk.jpg 500w, https:\/\/afcindustries.com\/wp-content\/uploads\/2022\/01\/772174-dual-user-computer-training-room-desk-300x300.jpg 300w, https:\/\/afcindustries.com\/wp-content\/uploads\/2022\/01\/772174-dual-user-computer-training-room-desk-100x100.jpg 100w, https:\/\/afcindustries.com\/wp-content\/uploads\/2022\/01\/772174-dual-user-computer-training-room-desk-150x150.jpg 150w\" sizes=\"auto, (max-width: 500px) 100vw, 500px\" title=\"\"><\/a>\n    <h3><a href='https:\/\/afcindustries.com\/es\/producto\/aula-de-formacion-escritorio-informatico-de-doble-operador\/' title='Aula de formaci\u00f3n escritorio inform\u00e1tico de doble operador'>Aula de formaci\u00f3n escritorio inform\u00e1tico de doble operador<\/a><\/h3>\n\t\tSKU:772174\n<\/li><li id=\"woopack-product-20029\"  data-product-id=\"20029\">\n\t<a href='https:\/\/afcindustries.com\/es\/producto\/escritorio-para-portatiles-en-el-aula-escolar\/' title='Escritorio para port\u00e1tiles en el aula escolar'><img width=\"500\" height=\"500\" src=\"https:\/\/afcindustries.com\/wp-content\/uploads\/2022\/01\/772366-classroom-laptop-desk.jpg\" alt=\"772366 classroom laptop desk\" itemprop=\"image\" decoding=\"async\" loading=\"lazy\" srcset=\"https:\/\/afcindustries.com\/wp-content\/uploads\/2022\/01\/772366-classroom-laptop-desk.jpg 500w, https:\/\/afcindustries.com\/wp-content\/uploads\/2022\/01\/772366-classroom-laptop-desk-300x300.jpg 300w, https:\/\/afcindustries.com\/wp-content\/uploads\/2022\/01\/772366-classroom-laptop-desk-100x100.jpg 100w, https:\/\/afcindustries.com\/wp-content\/uploads\/2022\/01\/772366-classroom-laptop-desk-150x150.jpg 150w\" sizes=\"auto, (max-width: 500px) 100vw, 500px\" title=\"\"><\/a>\n    <h3><a href='https:\/\/afcindustries.com\/es\/producto\/escritorio-para-portatiles-en-el-aula-escolar\/' title='Escritorio para port\u00e1tiles en el aula escolar'>Escritorio para port\u00e1tiles en el aula escolar<\/a><\/h3>\n\t\tSKU:772366\n<\/li><li id=\"woopack-product-20009\"  data-product-id=\"20009\">\n\t<a href='https:\/\/afcindustries.com\/es\/producto\/soporte-de-portatil-para-cintas-de-correr\/' title='Soporte de port\u00e1til para cintas de correr'><img width=\"550\" height=\"412\" src=\"https:\/\/afcindustries.com\/wp-content\/uploads\/2022\/01\/772555-walking-treadmill-laptop-stand.jpg\" alt=\"772555 walking treadmill laptop stand\" itemprop=\"image\" decoding=\"async\" loading=\"lazy\" srcset=\"https:\/\/afcindustries.com\/wp-content\/uploads\/2022\/01\/772555-walking-treadmill-laptop-stand.jpg 550w, https:\/\/afcindustries.com\/wp-content\/uploads\/2022\/01\/772555-walking-treadmill-laptop-stand-300x225.jpg 300w\" sizes=\"auto, (max-width: 550px) 100vw, 550px\" title=\"\"><\/a>\n    <h3><a href='https:\/\/afcindustries.com\/es\/producto\/soporte-de-portatil-para-cintas-de-correr\/' title='Soporte de port\u00e1til para cintas de correr'>Soporte de port\u00e1til para cintas de correr<\/a><\/h3>\n\t\tSKU:772555\n<\/li><li id=\"woopack-product-20017\"  data-product-id=\"20017\">\n\t<a href='https:\/\/afcindustries.com\/es\/producto\/podio-de-madera-laminada\/' title='Podio de madera laminada'><img width=\"800\" height=\"800\" src=\"https:\/\/afcindustries.com\/wp-content\/uploads\/2022\/01\/771735-wood-laminate-podium-1.jpg\" alt=\"\" itemprop=\"image\" decoding=\"async\" loading=\"lazy\" srcset=\"https:\/\/afcindustries.com\/wp-content\/uploads\/2022\/01\/771735-wood-laminate-podium-1.jpg 800w, https:\/\/afcindustries.com\/wp-content\/uploads\/2022\/01\/771735-wood-laminate-podium-1-300x300.jpg 300w, https:\/\/afcindustries.com\/wp-content\/uploads\/2022\/01\/771735-wood-laminate-podium-1-150x150.jpg 150w, https:\/\/afcindustries.com\/wp-content\/uploads\/2022\/01\/771735-wood-laminate-podium-1-768x768.jpg 768w, https:\/\/afcindustries.com\/wp-content\/uploads\/2022\/01\/771735-wood-laminate-podium-1-600x600.jpg 600w, https:\/\/afcindustries.com\/wp-content\/uploads\/2022\/01\/771735-wood-laminate-podium-1-100x100.jpg 100w\" sizes=\"auto, (max-width: 800px) 100vw, 800px\" title=\"\"><\/a>\n    <h3><a href='https:\/\/afcindustries.com\/es\/producto\/podio-de-madera-laminada\/' title='Podio de madera laminada'>Podio de madera laminada<\/a><\/h3>\n\t\tSKU:771735\n<\/li><li id=\"woopack-product-19950\"  data-product-id=\"19950\">\n\t<a href='https:\/\/afcindustries.com\/es\/producto\/mesa-de-presentacion\/' title='Mesa de presentaci\u00f3n'><img width=\"550\" height=\"397\" src=\"https:\/\/afcindustries.com\/wp-content\/uploads\/2022\/01\/772413-modern-teacher-computer-desk.jpg\" alt=\"772413 modern teacher computer desk\" itemprop=\"image\" decoding=\"async\" loading=\"lazy\" srcset=\"https:\/\/afcindustries.com\/wp-content\/uploads\/2022\/01\/772413-modern-teacher-computer-desk.jpg 550w, https:\/\/afcindustries.com\/wp-content\/uploads\/2022\/01\/772413-modern-teacher-computer-desk-300x217.jpg 300w\" sizes=\"auto, (max-width: 550px) 100vw, 550px\" title=\"\"><\/a>\n    <h3><a href='https:\/\/afcindustries.com\/es\/producto\/mesa-de-presentacion\/' title='Mesa de presentaci\u00f3n'>Mesa de presentaci\u00f3n<\/a><\/h3>\n\t\tSKU:772413\n<\/li><li id=\"woopack-product-19956\"  data-product-id=\"19956\">\n\t<a href='https:\/\/afcindustries.com\/es\/producto\/armario-esquinero-elevador-de-tv-retractil\/' title='Armario esquinero elevador de TV retr\u00e1ctil'><img width=\"550\" height=\"474\" src=\"https:\/\/afcindustries.com\/wp-content\/uploads\/2022\/01\/772360-retractable-tv-lift-cabinet.jpg\" alt=\"772360 retractable tv lift cabinet\" itemprop=\"image\" decoding=\"async\" loading=\"lazy\" srcset=\"https:\/\/afcindustries.com\/wp-content\/uploads\/2022\/01\/772360-retractable-tv-lift-cabinet.jpg 550w, https:\/\/afcindustries.com\/wp-content\/uploads\/2022\/01\/772360-retractable-tv-lift-cabinet-300x259.jpg 300w\" sizes=\"auto, (max-width: 550px) 100vw, 550px\" title=\"\"><\/a>\n    <h3><a href='https:\/\/afcindustries.com\/es\/producto\/armario-esquinero-elevador-de-tv-retractil\/' title='Armario esquinero elevador de TV retr\u00e1ctil'>Armario esquinero elevador de TV retr\u00e1ctil<\/a><\/h3>\n\t\tSKU:772360\n<\/li><li id=\"woopack-product-19797\"  data-product-id=\"19797\">\n\t<a href='https:\/\/afcindustries.com\/es\/producto\/estacion-de-trabajo-de-mesa-de-oficina-para-dos-usuarios\/' title='Estaci\u00f3n de trabajo de mesa de oficina para dos usuarios'><img width=\"550\" height=\"412\" src=\"https:\/\/afcindustries.com\/wp-content\/uploads\/2022\/01\/772173-modern-dual-table-for-office-worker-stations.jpg\" alt=\"772173 modern dual table for office worker stations\" itemprop=\"image\" decoding=\"async\" loading=\"lazy\" srcset=\"https:\/\/afcindustries.com\/wp-content\/uploads\/2022\/01\/772173-modern-dual-table-for-office-worker-stations.jpg 550w, https:\/\/afcindustries.com\/wp-content\/uploads\/2022\/01\/772173-modern-dual-table-for-office-worker-stations-300x225.jpg 300w\" sizes=\"auto, (max-width: 550px) 100vw, 550px\" title=\"\"><\/a>\n    <h3><a href='https:\/\/afcindustries.com\/es\/producto\/estacion-de-trabajo-de-mesa-de-oficina-para-dos-usuarios\/' title='Estaci\u00f3n de trabajo de mesa de oficina para dos usuarios'>Estaci\u00f3n de trabajo de mesa de oficina para dos usuarios<\/a><\/h3>\n\t\tSKU:772173\n<\/li><li id=\"woopack-product-19800\"  data-product-id=\"19800\">\n\t<a href='https:\/\/afcindustries.com\/es\/producto\/escritorio-de-ordenador-con-monitor-empotrado\/' title='Escritorio de ordenador con monitor empotrado'><img width=\"500\" height=\"500\" src=\"https:\/\/afcindustries.com\/wp-content\/uploads\/2022\/01\/772416-recessed-monitor-computer-desk.jpg\" alt=\"772416 recessed monitor computer desk\" itemprop=\"image\" decoding=\"async\" loading=\"lazy\" srcset=\"https:\/\/afcindustries.com\/wp-content\/uploads\/2022\/01\/772416-recessed-monitor-computer-desk.jpg 500w, https:\/\/afcindustries.com\/wp-content\/uploads\/2022\/01\/772416-recessed-monitor-computer-desk-300x300.jpg 300w, https:\/\/afcindustries.com\/wp-content\/uploads\/2022\/01\/772416-recessed-monitor-computer-desk-100x100.jpg 100w, https:\/\/afcindustries.com\/wp-content\/uploads\/2022\/01\/772416-recessed-monitor-computer-desk-150x150.jpg 150w\" sizes=\"auto, (max-width: 500px) 100vw, 500px\" title=\"\"><\/a>\n    <h3><a href='https:\/\/afcindustries.com\/es\/producto\/escritorio-de-ordenador-con-monitor-empotrado\/' title='Escritorio de ordenador con monitor empotrado'>Escritorio de ordenador con monitor empotrado<\/a><\/h3>\n\t\tSKU:772416\n<\/li><li id=\"woopack-product-19652\"  data-product-id=\"19652\">\n\t<a href='https:\/\/afcindustries.com\/es\/producto\/mesa-de-dibujo-moderna-todo-en-uno\/' title='Mesa de dibujo moderna todo en uno'><img width=\"550\" height=\"412\" src=\"https:\/\/afcindustries.com\/wp-content\/uploads\/2022\/01\/772176-drafting-table.jpg\" alt=\"772176 drafting table\" itemprop=\"image\" decoding=\"async\" loading=\"lazy\" srcset=\"https:\/\/afcindustries.com\/wp-content\/uploads\/2022\/01\/772176-drafting-table.jpg 550w, https:\/\/afcindustries.com\/wp-content\/uploads\/2022\/01\/772176-drafting-table-300x225.jpg 300w\" sizes=\"auto, (max-width: 550px) 100vw, 550px\" title=\"\"><\/a>\n    <h3><a href='https:\/\/afcindustries.com\/es\/producto\/mesa-de-dibujo-moderna-todo-en-uno\/' title='Mesa de dibujo moderna todo en uno'>Mesa de dibujo moderna todo en uno<\/a><\/h3>\n\t\tSKU:772176\n<\/li>\t\t\t\t\n\t\t\t<\/ul>\n\t<ul class='page-numbers'>\n\t<li>1<\/li>\n\t<li><a href=\"https:\/\/afcindustries.com\/es\/page\/2\/?page_id=19542&#038;fl_builder\">2<\/a><\/li>\n\t<li><a href=\"https:\/\/afcindustries.com\/es\/page\/2\/?page_id=19542&#038;fl_builder\">Siguiente &raquo;<\/a><\/li>\n<\/ul>\n<h2>\n\t\tMuebles a medida\n\t<\/h2>\n\t<p>Desbloquee su potencial con soluciones de lugar de trabajo personalizadas: en AFC Industries, sabemos que no hay una soluci\u00f3n \u00fanica para todos. Por eso ofrecemos soluciones de lugar de trabajo personalizadas que se adaptan a sus necesidades espec\u00edficas. Ya sea que est\u00e9 dise\u00f1ando una oficina en casa, un centro de atenci\u00f3n m\u00e9dica o un espacio de trabajo industrial, nuestros productos personalizables y la orientaci\u00f3n de expertos le permiten crear un espacio de trabajo que refleje su visi\u00f3n. Desde la ergonom\u00eda hasta la est\u00e9tica, nos aseguramos de que cada detalle se alinee con sus objetivos. Con las soluciones de lugar de trabajo personalizadas, no solo est\u00e1 adquiriendo muebles; est\u00e1 creando un entorno donde prospera la innovaci\u00f3n. \u00danase a nosotros para reinventar los espacios de trabajo, una soluci\u00f3n personalizada a la vez.<\/p>\n<h2>\n\t\tSoluciones de espacio de trabajo personalizadas para muebles hechos a medida\n\t<\/h2>\n\t<p>AFC Industries ofrece muebles de oficina e industriales de alta calidad hechos a medida con dise\u00f1os modernos y c\u00f3modos, construidos con caracter\u00edsticas vers\u00e1tiles que cumplen con las necesidades exigentes de usuarios espec\u00edficos.<\/p>\n<p>Nuestros muebles industriales y de oficina hechos a medida han sido dise\u00f1ados por nuestros experimentados ingenieros de dise\u00f1o ergon\u00f3mico; as\u00ed, estos productos garantizan la m\u00e1xima comodidad y eficiencia del usuario.<\/p>\n<p>Todos los productos est\u00e1n fabricados con materiales de primera calidad que garantizan una mayor vida \u00fatil. Con m\u00e1s de 20 a\u00f1os de excelencia en la fabricaci\u00f3n de muebles, AFC Industries sigue liderando el mercado del mobiliario industrial al continuar proporcionando productos de la m\u00e1s alta calidad que cumplen con las necesidades espec\u00edficas del cliente.<\/p>\n\n","protected":false},"excerpt":{"rendered":"<p>PRODUCTOS PERSONALIZADOS Mostrando el \u00fanico resultado Orden predeterminadoOrdenar por popularidadOrdenar por los \u00faltimosOrdenar por precio: bajo a altoOrdenar por precio: alto a bajo Mesa de estudio Carrel SKU:772368 Soporte para ordenador port\u00e1til Accesorio para cinta de correr SKU:772557 Accesorio para el soporte del ordenador port\u00e1til y del monitor en la cinta de correr SKU:772556 Aula&hellip;<\/p>\n","protected":false},"author":1,"featured_media":0,"parent":0,"menu_order":0,"comment_status":"closed","ping_status":"closed","template":"","meta":{"_acf_changed":false,"inline_featured_image":false,"footnotes":""},"class_list":["post-19542","page","type-page","status-publish","hentry"],"acf":[],"_links":{"self":[{"href":"https:\/\/afcindustries.com\/es\/wp-json\/wp\/v2\/pages\/19542","targetHints":{"allow":["GET"]}}],"collection":[{"href":"https:\/\/afcindustries.com\/es\/wp-json\/wp\/v2\/pages"}],"about":[{"href":"https:\/\/afcindustries.com\/es\/wp-json\/wp\/v2\/types\/page"}],"author":[{"embeddable":true,"href":"https:\/\/afcindustries.com\/es\/wp-json\/wp\/v2\/users\/1"}],"replies":[{"embeddable":true,"href":"https:\/\/afcindustries.com\/es\/wp-json\/wp\/v2\/comments?post=19542"}],"version-history":[{"count":0,"href":"https:\/\/afcindustries.com\/es\/wp-json\/wp\/v2\/pages\/19542\/revisions"}],"wp:attachment":[{"href":"https:\/\/afcindustries.com\/es\/wp-json\/wp\/v2\/media?parent=19542"}],"curies":[{"name":"wp","href":"https:\/\/api.w.org\/{rel}","templated":true}]}}