{"id":19536,"date":"2022-04-05T02:14:22","date_gmt":"2022-04-05T06:14:22","guid":{"rendered":"https:\/\/afcindustries.com\/ergo-tier\/"},"modified":"2024-10-15T08:50:04","modified_gmt":"2024-10-15T12:50:04","slug":"ergo-tier","status":"publish","type":"page","link":"https:\/\/afcindustries.com\/es\/ergo-tier\/","title":{"rendered":"Ergo Tier"},"content":{"rendered":"\n\n\t<h2>\n\t\tESCRITORIO DE PIE\n\t<\/h2>\n\t\t\t\t\t\t\t\t<a href=\"https:\/\/afcindustries.com\/contact\/\" target=\"_self\" itemprop=\"url\" rel=\"noopener\">\n\t\t\t\t\t\t\t\t\t<img loading=\"lazy\" decoding=\"async\" src=\"https:\/\/afcindustries.com\/wp-content\/uploads\/2022\/05\/Promo-Fall-23.gif\" alt=\"Promo Fall\" itemprop=\"image\" height=\"450\" width=\"280\" title=\"Promo Fall\" onerror=\"this.style.display='none'\"  \/>\n\t\t\t\t\t\t\t\t\t\t\t\t\t<\/a>\n\n\t\t\t<ul>\n\t\t\t\t<li id=\"woopack-product-20134\"  data-product-id=\"20134\">\n\t<a href='https:\/\/afcindustries.com\/es\/producto\/mesa-de-trabajo-de-altura-regulable-para-pacs\/' title='Escritorio de pie ajustable en altura para estaci\u00f3n de trabajo PACS'><img width=\"800\" height=\"800\" src=\"https:\/\/afcindustries.com\/wp-content\/uploads\/2022\/01\/Reading-Room-Height-Adjustable-Desk-772444-01.jpg\" alt=\"AFC&#039;s sit-stand office furniture offering dynamic work solutions.\" itemprop=\"image\" decoding=\"async\" loading=\"lazy\" srcset=\"https:\/\/afcindustries.com\/wp-content\/uploads\/2022\/01\/Reading-Room-Height-Adjustable-Desk-772444-01.jpg 800w, https:\/\/afcindustries.com\/wp-content\/uploads\/2022\/01\/Reading-Room-Height-Adjustable-Desk-772444-01-300x300.jpg 300w, https:\/\/afcindustries.com\/wp-content\/uploads\/2022\/01\/Reading-Room-Height-Adjustable-Desk-772444-01-150x150.jpg 150w, https:\/\/afcindustries.com\/wp-content\/uploads\/2022\/01\/Reading-Room-Height-Adjustable-Desk-772444-01-768x768.jpg 768w, https:\/\/afcindustries.com\/wp-content\/uploads\/2022\/01\/Reading-Room-Height-Adjustable-Desk-772444-01-600x600.jpg 600w, https:\/\/afcindustries.com\/wp-content\/uploads\/2022\/01\/Reading-Room-Height-Adjustable-Desk-772444-01-100x100.jpg 100w\" sizes=\"auto, (max-width: 800px) 100vw, 800px\" title=\"\"><\/a>\n    <h3><a href='https:\/\/afcindustries.com\/es\/producto\/mesa-de-trabajo-de-altura-regulable-para-pacs\/' title='Escritorio de pie ajustable en altura para estaci\u00f3n de trabajo PACS'>Escritorio de pie ajustable en altura para estaci\u00f3n de trabajo PACS<\/a><\/h3>\n\t\tSKU:772444\n<\/li><li id=\"woopack-product-20126\"  data-product-id=\"20126\">\n\t<a href='https:\/\/afcindustries.com\/es\/producto\/escritorio-ergonomico-ajustable-de-pie-para-radiologia\/' title='Escritorio Ergon\u00f3mico Ajustable de Pie para Radiolog\u00eda'><img width=\"800\" height=\"800\" src=\"https:\/\/afcindustries.com\/wp-content\/uploads\/2022\/01\/Radiologist-Standing-Desk-772569-01.jpg\" alt=\"AFC&#039;s height altering workstations for flexible office setups.\" itemprop=\"image\" decoding=\"async\" loading=\"lazy\" srcset=\"https:\/\/afcindustries.com\/wp-content\/uploads\/2022\/01\/Radiologist-Standing-Desk-772569-01.jpg 800w, https:\/\/afcindustries.com\/wp-content\/uploads\/2022\/01\/Radiologist-Standing-Desk-772569-01-300x300.jpg 300w, https:\/\/afcindustries.com\/wp-content\/uploads\/2022\/01\/Radiologist-Standing-Desk-772569-01-150x150.jpg 150w, https:\/\/afcindustries.com\/wp-content\/uploads\/2022\/01\/Radiologist-Standing-Desk-772569-01-768x768.jpg 768w, https:\/\/afcindustries.com\/wp-content\/uploads\/2022\/01\/Radiologist-Standing-Desk-772569-01-600x600.jpg 600w, https:\/\/afcindustries.com\/wp-content\/uploads\/2022\/01\/Radiologist-Standing-Desk-772569-01-100x100.jpg 100w\" sizes=\"auto, (max-width: 800px) 100vw, 800px\" title=\"\"><\/a>\n    <h3><a href='https:\/\/afcindustries.com\/es\/producto\/escritorio-ergonomico-ajustable-de-pie-para-radiologia\/' title='Escritorio Ergon\u00f3mico Ajustable de Pie para Radiolog\u00eda'>Escritorio Ergon\u00f3mico Ajustable de Pie para Radiolog\u00eda<\/a><\/h3>\n\t\tSKU:772569\n<\/li><li id=\"woopack-product-20096\"  data-product-id=\"20096\">\n\t<a href='https:\/\/afcindustries.com\/es\/producto\/escritorio-ergonomico-para-centros-de-radiologia\/' title='Escritorio de elevaci\u00f3n para centros de im\u00e1genes radiol\u00f3gicas'><img width=\"499\" height=\"499\" src=\"https:\/\/afcindustries.com\/wp-content\/uploads\/2022\/01\/771640-ergonomic-standing-desk-for-radiology-imaging-centers.jpg\" alt=\"771640 escritorio ergon\u00f3mico de pie para centros de im\u00e1genes radiol\u00f3gicas\" itemprop=\"image\" decoding=\"async\" loading=\"lazy\" srcset=\"https:\/\/afcindustries.com\/wp-content\/uploads\/2022\/01\/771640-ergonomic-standing-desk-for-radiology-imaging-centers.jpg 499w, https:\/\/afcindustries.com\/wp-content\/uploads\/2022\/01\/771640-ergonomic-standing-desk-for-radiology-imaging-centers-300x300.jpg 300w, https:\/\/afcindustries.com\/wp-content\/uploads\/2022\/01\/771640-ergonomic-standing-desk-for-radiology-imaging-centers-100x100.jpg 100w, https:\/\/afcindustries.com\/wp-content\/uploads\/2022\/01\/771640-ergonomic-standing-desk-for-radiology-imaging-centers-150x150.jpg 150w\" sizes=\"auto, (max-width: 499px) 100vw, 499px\" title=\"\"><\/a>\n    <h3><a href='https:\/\/afcindustries.com\/es\/producto\/escritorio-ergonomico-para-centros-de-radiologia\/' title='Escritorio de elevaci\u00f3n para centros de im\u00e1genes radiol\u00f3gicas'>Escritorio de elevaci\u00f3n para centros de im\u00e1genes radiol\u00f3gicas<\/a><\/h3>\n\t\tSKU:771640\n<\/li><li id=\"woopack-product-20026\"  data-product-id=\"20026\">\n\t<a href='https:\/\/afcindustries.com\/es\/producto\/escritorios-ergonomicos-de-pie-para-sistemas-pacs-para-radiologos\/' title='Escritorios ergon\u00f3micos de pie para sistemas PACS para radi\u00f3logos'><img width=\"800\" height=\"800\" src=\"https:\/\/afcindustries.com\/wp-content\/uploads\/2022\/01\/Radiology-Reading-Room-Solution-772394-01.jpg\" alt=\"AFC&#039;s sit-stand office workstations promoting healthy work habits.\" itemprop=\"image\" decoding=\"async\" loading=\"lazy\" srcset=\"https:\/\/afcindustries.com\/wp-content\/uploads\/2022\/01\/Radiology-Reading-Room-Solution-772394-01.jpg 800w, https:\/\/afcindustries.com\/wp-content\/uploads\/2022\/01\/Radiology-Reading-Room-Solution-772394-01-300x300.jpg 300w, https:\/\/afcindustries.com\/wp-content\/uploads\/2022\/01\/Radiology-Reading-Room-Solution-772394-01-150x150.jpg 150w, https:\/\/afcindustries.com\/wp-content\/uploads\/2022\/01\/Radiology-Reading-Room-Solution-772394-01-768x768.jpg 768w, https:\/\/afcindustries.com\/wp-content\/uploads\/2022\/01\/Radiology-Reading-Room-Solution-772394-01-600x600.jpg 600w, https:\/\/afcindustries.com\/wp-content\/uploads\/2022\/01\/Radiology-Reading-Room-Solution-772394-01-100x100.jpg 100w\" sizes=\"auto, (max-width: 800px) 100vw, 800px\" title=\"\"><\/a>\n    <h3><a href='https:\/\/afcindustries.com\/es\/producto\/escritorios-ergonomicos-de-pie-para-sistemas-pacs-para-radiologos\/' title='Escritorios ergon\u00f3micos de pie para sistemas PACS para radi\u00f3logos'>Escritorios ergon\u00f3micos de pie para sistemas PACS para radi\u00f3logos<\/a><\/h3>\n\t\tSKU:772394\n<\/li><li id=\"woopack-product-20025\"  data-product-id=\"20025\">\n\t<a href='https:\/\/afcindustries.com\/es\/producto\/escritorios-de-pie-para-estaciones-de-trabajo-pacs-en-centros-de-radiologia\/' title='Escritorios de pie para estaciones de trabajo PACS en centros de radiolog\u00eda'><img width=\"499\" height=\"499\" src=\"https:\/\/afcindustries.com\/wp-content\/uploads\/2022\/01\/772126-standing-desks-for-radiology-imaging-center-pacs-workstation.jpg\" alt=\"772126 standing desks for radiology imaging center pacs workstation\" itemprop=\"image\" decoding=\"async\" loading=\"lazy\" srcset=\"https:\/\/afcindustries.com\/wp-content\/uploads\/2022\/01\/772126-standing-desks-for-radiology-imaging-center-pacs-workstation.jpg 499w, https:\/\/afcindustries.com\/wp-content\/uploads\/2022\/01\/772126-standing-desks-for-radiology-imaging-center-pacs-workstation-300x300.jpg 300w, https:\/\/afcindustries.com\/wp-content\/uploads\/2022\/01\/772126-standing-desks-for-radiology-imaging-center-pacs-workstation-100x100.jpg 100w, https:\/\/afcindustries.com\/wp-content\/uploads\/2022\/01\/772126-standing-desks-for-radiology-imaging-center-pacs-workstation-150x150.jpg 150w\" sizes=\"auto, (max-width: 499px) 100vw, 499px\" title=\"\"><\/a>\n    <h3><a href='https:\/\/afcindustries.com\/es\/producto\/escritorios-de-pie-para-estaciones-de-trabajo-pacs-en-centros-de-radiologia\/' title='Escritorios de pie para estaciones de trabajo PACS en centros de radiolog\u00eda'>Escritorios de pie para estaciones de trabajo PACS en centros de radiolog\u00eda<\/a><\/h3>\n\t\tSKU:772126\n<\/li><li id=\"woopack-product-20023\"  data-product-id=\"20023\">\n\t<a href='https:\/\/afcindustries.com\/es\/producto\/escritorio-de-pie-para-radiologia-e-imagen\/' title='Escritorio de pie para radiolog\u00eda e imagen'><img width=\"800\" height=\"800\" src=\"https:\/\/afcindustries.com\/wp-content\/uploads\/2022\/01\/Reading-Room-Computer-Workstation-772499-01.jpg\" alt=\"AFC&#039;s height changing computer desks for personalized work settings.\" itemprop=\"image\" decoding=\"async\" loading=\"lazy\" srcset=\"https:\/\/afcindustries.com\/wp-content\/uploads\/2022\/01\/Reading-Room-Computer-Workstation-772499-01.jpg 800w, https:\/\/afcindustries.com\/wp-content\/uploads\/2022\/01\/Reading-Room-Computer-Workstation-772499-01-300x300.jpg 300w, https:\/\/afcindustries.com\/wp-content\/uploads\/2022\/01\/Reading-Room-Computer-Workstation-772499-01-150x150.jpg 150w, https:\/\/afcindustries.com\/wp-content\/uploads\/2022\/01\/Reading-Room-Computer-Workstation-772499-01-768x768.jpg 768w, https:\/\/afcindustries.com\/wp-content\/uploads\/2022\/01\/Reading-Room-Computer-Workstation-772499-01-600x600.jpg 600w, https:\/\/afcindustries.com\/wp-content\/uploads\/2022\/01\/Reading-Room-Computer-Workstation-772499-01-100x100.jpg 100w\" sizes=\"auto, (max-width: 800px) 100vw, 800px\" title=\"\"><\/a>\n    <h3><a href='https:\/\/afcindustries.com\/es\/producto\/escritorio-de-pie-para-radiologia-e-imagen\/' title='Escritorio de pie para radiolog\u00eda e imagen'>Escritorio de pie para radiolog\u00eda e imagen<\/a><\/h3>\n\t\tSKU:772499\n<\/li><li id=\"woopack-product-19970\"  data-product-id=\"19970\">\n\t<a href='https:\/\/afcindustries.com\/es\/producto\/escritorio-de-pie-para-pacs\/' title='Escritorio de pie para PACS'><img width=\"800\" height=\"800\" src=\"https:\/\/afcindustries.com\/wp-content\/uploads\/2022\/01\/Radiology-Height-Adjustable-Workstation-Desk-771723-01.jpg\" alt=\"AFC&#039;s height modifying computer desks providing ergonomic support.\" itemprop=\"image\" decoding=\"async\" loading=\"lazy\" srcset=\"https:\/\/afcindustries.com\/wp-content\/uploads\/2022\/01\/Radiology-Height-Adjustable-Workstation-Desk-771723-01.jpg 800w, https:\/\/afcindustries.com\/wp-content\/uploads\/2022\/01\/Radiology-Height-Adjustable-Workstation-Desk-771723-01-300x300.jpg 300w, https:\/\/afcindustries.com\/wp-content\/uploads\/2022\/01\/Radiology-Height-Adjustable-Workstation-Desk-771723-01-150x150.jpg 150w, https:\/\/afcindustries.com\/wp-content\/uploads\/2022\/01\/Radiology-Height-Adjustable-Workstation-Desk-771723-01-768x768.jpg 768w, https:\/\/afcindustries.com\/wp-content\/uploads\/2022\/01\/Radiology-Height-Adjustable-Workstation-Desk-771723-01-600x600.jpg 600w, https:\/\/afcindustries.com\/wp-content\/uploads\/2022\/01\/Radiology-Height-Adjustable-Workstation-Desk-771723-01-100x100.jpg 100w\" sizes=\"auto, (max-width: 800px) 100vw, 800px\" title=\"\"><\/a>\n    <h3><a href='https:\/\/afcindustries.com\/es\/producto\/escritorio-de-pie-para-pacs\/' title='Escritorio de pie para PACS'>Escritorio de pie para PACS<\/a><\/h3>\n\t\tSKU:771723\n<\/li><li id=\"woopack-product-19957\"  data-product-id=\"19957\">\n\t<a href='https:\/\/afcindustries.com\/es\/producto\/escritorio-de-pie-para-centro-de-imagenes\/' title='Escritorio de pie para centro de im\u00e1genes'><img width=\"800\" height=\"800\" src=\"https:\/\/afcindustries.com\/wp-content\/uploads\/2022\/01\/Imaging-Center-Desk-772164-01.jpg\" alt=\"AFC&#039;s height adjustable computer workstations promoting ergonomic computing.\" itemprop=\"image\" decoding=\"async\" loading=\"lazy\" srcset=\"https:\/\/afcindustries.com\/wp-content\/uploads\/2022\/01\/Imaging-Center-Desk-772164-01.jpg 800w, https:\/\/afcindustries.com\/wp-content\/uploads\/2022\/01\/Imaging-Center-Desk-772164-01-300x300.jpg 300w, https:\/\/afcindustries.com\/wp-content\/uploads\/2022\/01\/Imaging-Center-Desk-772164-01-150x150.jpg 150w, https:\/\/afcindustries.com\/wp-content\/uploads\/2022\/01\/Imaging-Center-Desk-772164-01-768x768.jpg 768w, https:\/\/afcindustries.com\/wp-content\/uploads\/2022\/01\/Imaging-Center-Desk-772164-01-600x600.jpg 600w, https:\/\/afcindustries.com\/wp-content\/uploads\/2022\/01\/Imaging-Center-Desk-772164-01-100x100.jpg 100w\" sizes=\"auto, (max-width: 800px) 100vw, 800px\" title=\"\"><\/a>\n    <h3><a href='https:\/\/afcindustries.com\/es\/producto\/escritorio-de-pie-para-centro-de-imagenes\/' title='Escritorio de pie para centro de im\u00e1genes'>Escritorio de pie para centro de im\u00e1genes<\/a><\/h3>\n\t\tSKU:772164\n<\/li><li id=\"woopack-product-19951\"  data-product-id=\"19951\">\n\t<a href='https:\/\/afcindustries.com\/es\/producto\/escritorio-para-estacion-de-trabajo-sentado-y-de-pie\/' title='Escritorio para estaci\u00f3n de trabajo sentado y de pie'><img width=\"800\" height=\"800\" src=\"https:\/\/afcindustries.com\/wp-content\/uploads\/2022\/01\/Standing-Desks-772203-01.jpg\" alt=\"AFC&#039;s standing office desks designed for active workspaces.\" itemprop=\"image\" decoding=\"async\" loading=\"lazy\" srcset=\"https:\/\/afcindustries.com\/wp-content\/uploads\/2022\/01\/Standing-Desks-772203-01.jpg 800w, https:\/\/afcindustries.com\/wp-content\/uploads\/2022\/01\/Standing-Desks-772203-01-300x300.jpg 300w, https:\/\/afcindustries.com\/wp-content\/uploads\/2022\/01\/Standing-Desks-772203-01-150x150.jpg 150w, https:\/\/afcindustries.com\/wp-content\/uploads\/2022\/01\/Standing-Desks-772203-01-768x768.jpg 768w, https:\/\/afcindustries.com\/wp-content\/uploads\/2022\/01\/Standing-Desks-772203-01-600x600.jpg 600w, https:\/\/afcindustries.com\/wp-content\/uploads\/2022\/01\/Standing-Desks-772203-01-100x100.jpg 100w\" sizes=\"auto, (max-width: 800px) 100vw, 800px\" title=\"\"><\/a>\n    <h3><a href='https:\/\/afcindustries.com\/es\/producto\/escritorio-para-estacion-de-trabajo-sentado-y-de-pie\/' title='Escritorio para estaci\u00f3n de trabajo sentado y de pie'>Escritorio para estaci\u00f3n de trabajo sentado y de pie<\/a><\/h3>\n\t\tSKU:772203\n<\/li><li id=\"woopack-product-19930\"  data-product-id=\"19930\">\n\t<a href='https:\/\/afcindustries.com\/es\/producto\/escritorio-ergonomico-de-pie-para-la-lectura-radiologica-con-monitores-barco-coronis-6mp\/' title='Escritorio ergon\u00f3mico de pie para la lectura radiol\u00f3gica con monitores Barco Coronis 6MP'><img width=\"499\" height=\"499\" src=\"https:\/\/afcindustries.com\/wp-content\/uploads\/2022\/01\/772430-standing-desk-for-radiology-reading.jpg\" alt=\"772430 standing desk for radiology reading\" itemprop=\"image\" decoding=\"async\" loading=\"lazy\" srcset=\"https:\/\/afcindustries.com\/wp-content\/uploads\/2022\/01\/772430-standing-desk-for-radiology-reading.jpg 499w, https:\/\/afcindustries.com\/wp-content\/uploads\/2022\/01\/772430-standing-desk-for-radiology-reading-300x300.jpg 300w, https:\/\/afcindustries.com\/wp-content\/uploads\/2022\/01\/772430-standing-desk-for-radiology-reading-100x100.jpg 100w, https:\/\/afcindustries.com\/wp-content\/uploads\/2022\/01\/772430-standing-desk-for-radiology-reading-150x150.jpg 150w\" sizes=\"auto, (max-width: 499px) 100vw, 499px\" title=\"\"><\/a>\n    <h3><a href='https:\/\/afcindustries.com\/es\/producto\/escritorio-ergonomico-de-pie-para-la-lectura-radiologica-con-monitores-barco-coronis-6mp\/' title='Escritorio ergon\u00f3mico de pie para la lectura radiol\u00f3gica con monitores Barco Coronis 6MP'>Escritorio ergon\u00f3mico de pie para la lectura radiol\u00f3gica con monitores Barco Coronis 6MP<\/a><\/h3>\n\t\tSKU:772430\n<\/li><li id=\"woopack-product-19866\"  data-product-id=\"19866\">\n\t<a href='https:\/\/afcindustries.com\/es\/producto\/escritorio-ergonomico-de-pie-para-puestos-de-trabajo-de-radiologia-pacs\/' title='Escritorio ergon\u00f3mico de pie para puestos de trabajo de radiolog\u00eda PACS'><img width=\"499\" height=\"499\" src=\"https:\/\/afcindustries.com\/wp-content\/uploads\/2022\/01\/772127-ergonomic-standing-desk-for-radiology-pacs-workstations.jpg\" alt=\"772127 ergonomic standing desk for radiology pacs workstations\" itemprop=\"image\" decoding=\"async\" loading=\"lazy\" srcset=\"https:\/\/afcindustries.com\/wp-content\/uploads\/2022\/01\/772127-ergonomic-standing-desk-for-radiology-pacs-workstations.jpg 499w, https:\/\/afcindustries.com\/wp-content\/uploads\/2022\/01\/772127-ergonomic-standing-desk-for-radiology-pacs-workstations-300x300.jpg 300w, https:\/\/afcindustries.com\/wp-content\/uploads\/2022\/01\/772127-ergonomic-standing-desk-for-radiology-pacs-workstations-100x100.jpg 100w, https:\/\/afcindustries.com\/wp-content\/uploads\/2022\/01\/772127-ergonomic-standing-desk-for-radiology-pacs-workstations-150x150.jpg 150w\" sizes=\"auto, (max-width: 499px) 100vw, 499px\" title=\"\"><\/a>\n    <h3><a href='https:\/\/afcindustries.com\/es\/producto\/escritorio-ergonomico-de-pie-para-puestos-de-trabajo-de-radiologia-pacs\/' title='Escritorio ergon\u00f3mico de pie para puestos de trabajo de radiolog\u00eda PACS'>Escritorio ergon\u00f3mico de pie para puestos de trabajo de radiolog\u00eda PACS<\/a><\/h3>\n\t\tSKU:772127\n<\/li><li id=\"woopack-product-19901\"  data-product-id=\"19901\">\n\t<a href='https:\/\/afcindustries.com\/es\/producto\/mesa-de-trabajo-de-pie-pacs\/' title='Mesa de trabajo de pie PACS'><img width=\"499\" height=\"499\" src=\"https:\/\/afcindustries.com\/wp-content\/uploads\/2022\/01\/772132-stand-up-desks-for-radiology-workstation.jpg\" alt=\"772132 stand up desks for radiology workstation\" itemprop=\"image\" decoding=\"async\" loading=\"lazy\" srcset=\"https:\/\/afcindustries.com\/wp-content\/uploads\/2022\/01\/772132-stand-up-desks-for-radiology-workstation.jpg 499w, https:\/\/afcindustries.com\/wp-content\/uploads\/2022\/01\/772132-stand-up-desks-for-radiology-workstation-300x300.jpg 300w, https:\/\/afcindustries.com\/wp-content\/uploads\/2022\/01\/772132-stand-up-desks-for-radiology-workstation-100x100.jpg 100w, https:\/\/afcindustries.com\/wp-content\/uploads\/2022\/01\/772132-stand-up-desks-for-radiology-workstation-150x150.jpg 150w\" sizes=\"auto, (max-width: 499px) 100vw, 499px\" title=\"\"><\/a>\n    <h3><a href='https:\/\/afcindustries.com\/es\/producto\/mesa-de-trabajo-de-pie-pacs\/' title='Mesa de trabajo de pie PACS'>Mesa de trabajo de pie PACS<\/a><\/h3>\n\t\tSKU:772132\n<\/li>\t\t\t\t\n\t\t\t<\/ul>\n\t<ul class='page-numbers'>\n\t<li>1<\/li>\n\t<li><a href=\"https:\/\/afcindustries.com\/es\/page\/2\/?page_id=19536&#038;fl_builder\">2<\/a><\/li>\n\t<li><a href=\"https:\/\/afcindustries.com\/es\/page\/2\/?page_id=19536&#038;fl_builder\">Siguiente &raquo;<\/a><\/li>\n<\/ul>\n<h1>\n\t\tEstaciones de trabajo de altura regulable Escritorios de pie\n\t<\/h1>\n\t<p>Estos escritorios <a href=\"https:\/\/afcindustries.com\/es\/\">ergon\u00f3micos para computadora<\/a> vienen con controles electr\u00f3nicos independientes de ajuste de altura, estantes inferiores, soportes de brazo de monitor ajustables y ruedas.<\/p>\n<p>Estos puestos de trabajo con escritorio de pie para ordenador de altura regulable integran la funcionalidad y la est\u00e9tica en su dise\u00f1o. Nuestros escritorios de pie ergon\u00f3micos para ordenador vienen con controles electr\u00f3nicos independientes de ajuste de altura, estantes inferiores, soportes de brazo de monitor ajustables y ruedas.<\/p>\n<p>Contamos con los siguientes modelos: escritorios de lujo de nivel ergon\u00f3mico, escritorios de dos niveles, escritorios de radiolog\u00eda, escritorios de un solo nivel, escritorios para estaciones de trabajo Whitestone que est\u00e1n equipados con superficies de trabajo de escritorio que se pueden ajustar en altura de forma independiente y que se accionan con patas telesc\u00f3picas el\u00e9ctricas que se pueden controlar con solo presionar un bot\u00f3n para configurar los ajustes de altura para adaptarse a las preferencias del usuario.<\/p>\n<p><a href=\"https:\/\/afcindustriespa.com\/\" target=\"_blank\" rel=\"noopener\">AFC Industries<\/a> fabrica muebles y equipos modernos que superan las expectativas est\u00e1ndar en cuanto a practicidad, dise\u00f1o ergon\u00f3mico y excelente artesan\u00eda. Nuestras estaciones de trabajo ergon\u00f3micas de escritorio de pie para ordenador se desarrollan utilizando materiales superiores que proporcionan seguridad, estabilidad y longevidad.<\/p>\n<p>Hemos enviado nuestros productos a diferentes pa\u00edses como Australia, Singapur, Nueva Zelanda, Dubai y Estados Unidos. Nuestros dise\u00f1os patentados son reconocidos internacionalmente por su car\u00e1cter innovador y su alto nivel de calidad. Nos esforzamos constantemente por trabajar en nuevas tecnolog\u00edas que satisfagan los requisitos en constante evoluci\u00f3n de nuestros clientes.<\/p>\n<p>Nuestros escritorios ergon\u00f3micos de pie para ordenador, tambi\u00e9n conocidos como escritorios de altura regulable o escritorio de altura regulable, son ideales para dise\u00f1adores de interiores, arquitectos, directores de oficinas y compradores de muebles. Los brazos de los monitores de led se pliegan y quedan fuera de la vista cuando no se necesitan.<\/p>\n<p>Nuestros puestos de trabajo ergon\u00f3micos de pie para ordenador se fabrican en diferentes configuraciones. Cada configuraci\u00f3n est\u00e1 pensada para adaptarse a las necesidades de diversos clientes que quieren aprovechar el espacio de forma m\u00e1s eficiente.<\/p>\n<p>Por ejemplo, nuestros escritorios ergo tier de lujo son perfectos para centros m\u00e9dicos u oficinas gubernamentales donde hay muchos empleados que trabajan con ordenadores durante todo el d\u00eda.<\/p>\n<p>Por otro lado, las mesas de doble nivel son apropiadas para espacios que necesitan acomodar a numerosas personas a la vez. El brazo de monitor ajustable de estas estaciones de trabajo ergon\u00f3micas de escritorio de pie para ordenador es perfecto para las personas que quieren mejorar su postura cuando est\u00e1n en sus escritorios durante horas trabajando en hojas de c\u00e1lculo o escribiendo documentos.<\/p>\n<p>Nuestras estaciones de trabajo ergon\u00f3micas con escritorio de pie para ordenador tienen un dise\u00f1o caracter\u00edstico y elegante que queda muy bien en cualquier espacio de oficina. Muchos dise\u00f1adores de interiores y arquitectos han ideado mejores formas de aprovechar el espacio.<\/p>\n<p>Si se colocan numerosos puestos de trabajo ergon\u00f3micos con escritorios de pie en una misma sala, los empleados pueden tener sus propios espacios designados mientras trabajan en diferentes proyectos. Esta configuraci\u00f3n no s\u00f3lo mejora la productividad de los empleados, sino que tambi\u00e9n crea un entorno de trabajo comunicativo en el que los empleados pueden hablar f\u00e1cilmente entre s\u00ed durante las reuniones o las conferencias telef\u00f3nicas.<\/p>\n<p>Para los compradores de muebles que est\u00e1n a la caza de escritorios de pie ergon\u00f3micos para ordenador, nuestros productos son opciones perfectas para cualquier espacio de oficina. Disponemos de una amplia gama de escritorios ajustables en altura a precios asequibles que puede consultar en nuestra p\u00e1gina web.<\/p>\n\n","protected":false},"excerpt":{"rendered":"<p>ESCRITORIO DE PIE Escritorio de pie ajustable en altura para estaci\u00f3n de trabajo PACS SKU:772444 Escritorio Ergon\u00f3mico Ajustable de Pie para Radiolog\u00eda SKU:772569 Escritorio de elevaci\u00f3n para centros de im\u00e1genes radiol\u00f3gicas SKU:771640 Escritorios ergon\u00f3micos de pie para sistemas PACS para radi\u00f3logos SKU:772394 Escritorios de pie para estaciones de trabajo PACS en centros de radiolog\u00eda SKU:772126&hellip;<\/p>\n","protected":false},"author":1,"featured_media":0,"parent":0,"menu_order":0,"comment_status":"closed","ping_status":"closed","template":"","meta":{"_acf_changed":false,"inline_featured_image":false,"footnotes":""},"class_list":["post-19536","page","type-page","status-publish","hentry"],"acf":[],"_links":{"self":[{"href":"https:\/\/afcindustries.com\/es\/wp-json\/wp\/v2\/pages\/19536","targetHints":{"allow":["GET"]}}],"collection":[{"href":"https:\/\/afcindustries.com\/es\/wp-json\/wp\/v2\/pages"}],"about":[{"href":"https:\/\/afcindustries.com\/es\/wp-json\/wp\/v2\/types\/page"}],"author":[{"embeddable":true,"href":"https:\/\/afcindustries.com\/es\/wp-json\/wp\/v2\/users\/1"}],"replies":[{"embeddable":true,"href":"https:\/\/afcindustries.com\/es\/wp-json\/wp\/v2\/comments?post=19536"}],"version-history":[{"count":0,"href":"https:\/\/afcindustries.com\/es\/wp-json\/wp\/v2\/pages\/19536\/revisions"}],"wp:attachment":[{"href":"https:\/\/afcindustries.com\/es\/wp-json\/wp\/v2\/media?parent=19536"}],"curies":[{"name":"wp","href":"https:\/\/api.w.org\/{rel}","templated":true}]}}