{"id":19530,"date":"2022-02-19T08:16:05","date_gmt":"2022-02-19T13:16:05","guid":{"rendered":"https:\/\/afcindustries.com\/paleta-de-colores-2\/"},"modified":"2024-09-27T13:36:53","modified_gmt":"2024-09-27T17:36:53","slug":"paleta-de-colores","status":"publish","type":"page","link":"https:\/\/afcindustries.com\/es\/paleta-de-colores\/","title":{"rendered":"Paleta de colores"},"content":{"rendered":"<nav id=\"breadcrumbs\" aria-label=\"Breadcrumbs\"><a href=\"https:\/\/afcindustries.com\/es\/\">Home<\/a> \u00bb Paleta de colores<\/nav>\r\n<h2>Selecci\u00f3n de paleta de colores personalizada: personalice su espacio de trabajo<\/h2>\r\n<p>AFC Industries cree que su espacio de trabajo debe reflejar su estilo y preferencias \u00fanicos. Por eso, ofrecemos una amplia gama de opciones con nuestra selecci\u00f3n de paletas de colores personalizadas. Con esta funci\u00f3n, tiene la libertad de elegir los colores que mejor se adapten a su espacio de trabajo, lo que le permite crear un entorno que inspire productividad y creatividad.<\/p>\r\n<p>Ya sea que prefiera tonos neutros relajantes, tonos vibrantes o algo intermedio, nuestra selecci\u00f3n de paletas de colores personalizadas le permite personalizar su mobiliario ergon\u00f3mico para que coincida con su visi\u00f3n est\u00e9tica. Desde escritorios con altura ajustable hasta estaciones de trabajo montadas en la pared, nuestros productos se pueden personalizar para integrarse perfectamente en su espacio de trabajo y, al mismo tiempo, agregar un toque de personalidad.<\/p>\r\n<p>Eleve su oficina u oficina en el hogar con la selecci\u00f3n de paletas de colores personalizadas de AFC Industries y transforme su espacio de trabajo en un refugio de comodidad y estilo. Experimente la alegr\u00eda de trabajar en un entorno que realmente se siente como suyo, donde cada detalle est\u00e1 dise\u00f1ado para mejorar su bienestar y productividad.<\/p>\r\n<h1>Colores de la superficie del laminado est\u00e1ndar<\/h1>\r\n<p><img loading=\"lazy\" decoding=\"async\" title=\"Pure White 1\" src=\"https:\/\/afcindustries.com\/wp-content\/uploads\/2022\/02\/Pure-White-1-300x300.jpg\" sizes=\"auto, (max-width: 300px) 100vw, 300px\" srcset=\"https:\/\/afcindustries.com\/wp-content\/uploads\/2022\/02\/Pure-White-1-300x300.jpg 300w, https:\/\/afcindustries.com\/wp-content\/uploads\/2022\/02\/Pure-White-1-150x150.jpg 150w, https:\/\/afcindustries.com\/wp-content\/uploads\/2022\/02\/Pure-White-1-100x100.jpg 100w, https:\/\/afcindustries.com\/wp-content\/uploads\/2022\/02\/Pure-White-1.jpg 380w\" alt=\"Pure White 1\" width=\"300\" height=\"300\" \/><\/p>\r\n<h2>S01<\/h2>\r\n<h2>Blanco puro<\/h2>\r\n<p><img loading=\"lazy\" decoding=\"async\" title=\"Achron Black 2\" src=\"https:\/\/afcindustries.com\/wp-content\/uploads\/2022\/02\/Achron-Black-2.jpg\" sizes=\"auto, (max-width: 380px) 100vw, 380px\" srcset=\"https:\/\/afcindustries.com\/wp-content\/uploads\/2022\/02\/Achron-Black-2.jpg 380w, https:\/\/afcindustries.com\/wp-content\/uploads\/2022\/02\/Achron-Black-2-300x300.jpg 300w, https:\/\/afcindustries.com\/wp-content\/uploads\/2022\/02\/Achron-Black-2-150x150.jpg 150w, https:\/\/afcindustries.com\/wp-content\/uploads\/2022\/02\/Achron-Black-2-100x100.jpg 100w\" alt=\"Achron Black 2\" width=\"380\" height=\"380\" \/><\/p>\r\n<h2>S02<\/h2>\r\n<h2>Achron Negro<\/h2>\r\n<p><img loading=\"lazy\" decoding=\"async\" title=\"Gentle Gray 1\" src=\"https:\/\/afcindustries.com\/wp-content\/uploads\/2022\/02\/Gentle-Gray-1.jpg\" sizes=\"auto, (max-width: 401px) 100vw, 401px\" srcset=\"https:\/\/afcindustries.com\/wp-content\/uploads\/2022\/02\/Gentle-Gray-1.jpg 401w, https:\/\/afcindustries.com\/wp-content\/uploads\/2022\/02\/Gentle-Gray-1-300x300.jpg 300w, https:\/\/afcindustries.com\/wp-content\/uploads\/2022\/02\/Gentle-Gray-1-150x150.jpg 150w, https:\/\/afcindustries.com\/wp-content\/uploads\/2022\/02\/Gentle-Gray-1-100x100.jpg 100w\" alt=\"Gentle Gray 1\" width=\"401\" height=\"401\" \/><\/p>\r\n<h2>S03<\/h2>\r\n<h2>Gris suave<\/h2>\r\n<p><img loading=\"lazy\" decoding=\"async\" title=\"Speckled Gray 1\" src=\"https:\/\/afcindustries.com\/wp-content\/uploads\/2022\/02\/Speckled-Gray-1.jpg\" sizes=\"auto, (max-width: 380px) 100vw, 380px\" srcset=\"https:\/\/afcindustries.com\/wp-content\/uploads\/2022\/02\/Speckled-Gray-1.jpg 380w, https:\/\/afcindustries.com\/wp-content\/uploads\/2022\/02\/Speckled-Gray-1-300x300.jpg 300w, https:\/\/afcindustries.com\/wp-content\/uploads\/2022\/02\/Speckled-Gray-1-150x150.jpg 150w, https:\/\/afcindustries.com\/wp-content\/uploads\/2022\/02\/Speckled-Gray-1-100x100.jpg 100w\" alt=\"Speckled Gray 1\" width=\"380\" height=\"380\" \/><\/p>\r\n<h2>S04<\/h2>\r\n<h2>Gris moteado<\/h2>\r\n<p><img loading=\"lazy\" decoding=\"async\" title=\"New Pine 1\" src=\"https:\/\/afcindustries.com\/wp-content\/uploads\/2022\/02\/New-Pine-1.jpg\" sizes=\"auto, (max-width: 380px) 100vw, 380px\" srcset=\"https:\/\/afcindustries.com\/wp-content\/uploads\/2022\/02\/New-Pine-1.jpg 380w, https:\/\/afcindustries.com\/wp-content\/uploads\/2022\/02\/New-Pine-1-300x300.jpg 300w, https:\/\/afcindustries.com\/wp-content\/uploads\/2022\/02\/New-Pine-1-150x150.jpg 150w, https:\/\/afcindustries.com\/wp-content\/uploads\/2022\/02\/New-Pine-1-100x100.jpg 100w\" alt=\"New Pine 1\" width=\"380\" height=\"380\" \/><\/p>\r\n<h2>S05<\/h2>\r\n<h2>Pino nuevo<\/h2>\r\n<p><img loading=\"lazy\" decoding=\"async\" title=\"Hard Oak 1\" src=\"https:\/\/afcindustries.com\/wp-content\/uploads\/2022\/02\/Hard-Oak-1.jpg\" sizes=\"auto, (max-width: 380px) 100vw, 380px\" srcset=\"https:\/\/afcindustries.com\/wp-content\/uploads\/2022\/02\/Hard-Oak-1.jpg 380w, https:\/\/afcindustries.com\/wp-content\/uploads\/2022\/02\/Hard-Oak-1-300x300.jpg 300w, https:\/\/afcindustries.com\/wp-content\/uploads\/2022\/02\/Hard-Oak-1-150x150.jpg 150w, https:\/\/afcindustries.com\/wp-content\/uploads\/2022\/02\/Hard-Oak-1-100x100.jpg 100w\" alt=\"Hard Oak 1\" width=\"380\" height=\"380\" \/><\/p>\r\n<h2>S06<\/h2>\r\n<h2>Roble duro<\/h2>\r\n<p><img loading=\"lazy\" decoding=\"async\" title=\"Rich Cherry 1\" src=\"https:\/\/afcindustries.com\/wp-content\/uploads\/2022\/02\/Rich-Cherry-1.jpg\" sizes=\"auto, (max-width: 380px) 100vw, 380px\" srcset=\"https:\/\/afcindustries.com\/wp-content\/uploads\/2022\/02\/Rich-Cherry-1.jpg 380w, https:\/\/afcindustries.com\/wp-content\/uploads\/2022\/02\/Rich-Cherry-1-300x300.jpg 300w, https:\/\/afcindustries.com\/wp-content\/uploads\/2022\/02\/Rich-Cherry-1-150x150.jpg 150w, https:\/\/afcindustries.com\/wp-content\/uploads\/2022\/02\/Rich-Cherry-1-100x100.jpg 100w\" alt=\"Rich Cherry 1\" width=\"380\" height=\"380\" \/><\/p>\r\n<h2>S07<\/h2>\r\n<h2>Cereza rica<\/h2>\r\n<p><img loading=\"lazy\" decoding=\"async\" title=\"Cream 1\" src=\"https:\/\/afcindustries.com\/wp-content\/uploads\/2022\/02\/Cream-1.jpg\" sizes=\"auto, (max-width: 380px) 100vw, 380px\" srcset=\"https:\/\/afcindustries.com\/wp-content\/uploads\/2022\/02\/Cream-1.jpg 380w, https:\/\/afcindustries.com\/wp-content\/uploads\/2022\/02\/Cream-1-300x300.jpg 300w, https:\/\/afcindustries.com\/wp-content\/uploads\/2022\/02\/Cream-1-150x150.jpg 150w, https:\/\/afcindustries.com\/wp-content\/uploads\/2022\/02\/Cream-1-100x100.jpg 100w\" alt=\"Cream 1\" width=\"380\" height=\"380\" \/><\/p>\r\n<h2>S10<\/h2>\r\n<h2>Crema<\/h2>\r\n<h2>Pregunte por nuestros acabados antimicrobianos y con recubrimiento de polvo.<\/h2>\r\n<h2>Ll\u00e1menos al <a href=\"tel:+18006633412\">1.800.663.3412<\/a><\/h2>\r\n<h3>Moldeado<\/h3>\r\n<p><img loading=\"lazy\" decoding=\"async\" title=\"black 1\" src=\"https:\/\/afcindustries.com\/wp-content\/uploads\/2022\/02\/black-1.jpg\" alt=\"black 1\" width=\"150\" height=\"70\" \/><\/p>\r\n<h3>Negro<\/h3>\r\n<p><img loading=\"lazy\" decoding=\"async\" title=\"AFC Color Pallet - Gray\" src=\"https:\/\/afcindustries.com\/wp-content\/uploads\/2022\/02\/Gray.jpg\" alt=\"AFC Color Pallet - Gray\" width=\"150\" height=\"70\" \/><\/p>\r\n<h3>Gris<\/h3>\r\n<p><img loading=\"lazy\" decoding=\"async\" title=\"Cream 2\" src=\"https:\/\/afcindustries.com\/wp-content\/uploads\/2022\/02\/Cream-2.jpg\" alt=\"Cream 2\" width=\"150\" height=\"70\" \/><\/p>\r\n<h3>Crema<\/h3>\r\n<p><img loading=\"lazy\" decoding=\"async\" title=\"moldings\" src=\"https:\/\/afcindustries.com\/wp-content\/uploads\/2022\/02\/moldings.jpg\" sizes=\"auto, (max-width: 200px) 100vw, 200px\" srcset=\"https:\/\/afcindustries.com\/wp-content\/uploads\/2022\/02\/moldings.jpg 200w, https:\/\/afcindustries.com\/wp-content\/uploads\/2022\/02\/moldings-167x300.jpg 167w\" alt=\"moldings\" width=\"200\" height=\"360\" \/><\/p>\r\n<h3>Marco<\/h3>\r\n<p><img loading=\"lazy\" decoding=\"async\" title=\"black 1\" src=\"https:\/\/afcindustries.com\/wp-content\/uploads\/2022\/02\/black-1.jpg\" alt=\"black 1\" width=\"150\" height=\"70\" \/><\/p>\r\n<h3>Negro<\/h3>\r\n<p><img loading=\"lazy\" decoding=\"async\" title=\"AFC Color Pallet - Gray\" src=\"https:\/\/afcindustries.com\/wp-content\/uploads\/2022\/02\/Gray.jpg\" alt=\"AFC Color Pallet - Gray\" width=\"150\" height=\"70\" \/><\/p>\r\n<h3>Gris<\/h3>\r\n<p><img loading=\"lazy\" decoding=\"async\" title=\"AFC Color Pallet - White\" src=\"https:\/\/afcindustries.com\/wp-content\/uploads\/2022\/02\/White.jpg\" alt=\"AFC Color Pallet - White\" width=\"150\" height=\"70\" \/><\/p>\r\n<h3>Blanco<\/h3>\r\n<h2>Pintura antimicrobiana<\/h2>\r\n<p><img loading=\"lazy\" decoding=\"async\" title=\"afc paint brush\" src=\"https:\/\/afcindustries.com\/wp-content\/uploads\/2022\/02\/afc_paint_brush.gif\" alt=\"afc paint brush\" width=\"100\" height=\"86\" \/><\/p>\r\n<p>AFC ofrece ahora la protecci\u00f3n a\u00f1adida de los acabados de pintura en polvo antimicrobiana en sus productos para proporcionar protecci\u00f3n contra un amplio espectro de microorganismos. Cuando se aplica a carros m\u00f3viles, soportes de pared y puestos de trabajo, se reduce en gran medida el riesgo de propagaci\u00f3n de bacterias y virus nocivos entre los pacientes y el personal sanitario, seg\u00fan los m\u00e9dicos que utilizan el revestimiento en polvo antimicrobiano en sus hospitales y laboratorios.<\/p>\r\n<p>Tapa de polietileno de alta densidad (HDPE) ahora disponible con protecci\u00f3n antimicrobiana.<\/p>\r\n<p>actualizaci\u00f3n ahora disponible en muchas de las hojas de pol\u00edmero de AFC, losas y formas masivas. El polietileno de alta densidad ayuda a que los productos permanezcan m\u00e1s limpios entre las limpiezas e inhibe el crecimiento de microorganismos que da\u00f1an el producto, incluyendo bacterias, algas y hongos en la superficie. Las paredes celulares de los microbios que entran en contacto con el polietileno de alta densidad se destruyen al contacto, sin crear oportunidades para la formaci\u00f3n de cepas adaptativas o resistentes. Dado que el agente antimicrobiano est\u00e1 unido a nivel at\u00f3mico en toda la hoja, no se filtrar\u00e1 fuera del producto. Esto significa que el agente conserva su eficacia durante toda la vida del producto y no da\u00f1a el medio ambiente.<\/p>\r\n<p>Es seguro, no es t\u00f3xico y no es peligroso para el env\u00edo y la manipulaci\u00f3n. El producto est\u00e1 registrado por la EPA y figura en la lista de la FDA como modificador de dispositivos m\u00e9dicos. Los productos fabricados con pol\u00edmeros de AFC con HDPE son f\u00e1ciles de limpiar, desinfectar y mantener la higiene mediante procedimientos de limpieza est\u00e1ndar. El uso constante de soluciones de limpieza no afectar\u00e1 a ning\u00fan pol\u00edmero.<\/p>\r\n<h2>Laminados disipadores de electrost\u00e1tica (ESD) &#8211; revestimiento<\/h2>\r\n<p><img loading=\"lazy\" decoding=\"async\" title=\"discharging static electricity icon\" src=\"https:\/\/afcindustries.com\/wp-content\/uploads\/2022\/02\/discharging-static-electricity-icon-300x280.png\" sizes=\"auto, (max-width: 300px) 100vw, 300px\" srcset=\"https:\/\/afcindustries.com\/wp-content\/uploads\/2022\/02\/discharging-static-electricity-icon-300x280.png 300w, https:\/\/afcindustries.com\/wp-content\/uploads\/2022\/02\/discharging-static-electricity-icon.png 368w\" alt=\"discharging static electricity icon\" width=\"300\" height=\"280\" \/><\/p>\r\n<p>Ahora ofrecemos revestimientos de seguridad adicionales opcionales para nuestras superficies de escritorio. Laminados disipadores de electrost\u00e1tica (ESD): una soluci\u00f3n de laminado innovadora que proporciona un entorno seguro y mejor para los muebles u otras aplicaciones de superficie en zonas de alto riesgo electrost\u00e1tico. Incorporan una tecnolog\u00eda futurista y una f\u00f3rmula de consumo de cargas electrost\u00e1ticas, estos laminados drenan las cargas est\u00e1ticas y minimizan el riesgo de chispas o da\u00f1os en los aparatos sensibles<\/p>\r\n<p>Tambi\u00e9n repelen las part\u00edculas de polvo que se acumulan en la superficie, manteniendo as\u00ed un espacio de trabajo limpio y saludable. Si le preocupan las cargas electrost\u00e1ticas, cons\u00faltenos sobre los revestimientos ESD.<\/p>\r\n","protected":false},"excerpt":{"rendered":"<p>Home \u00bb Paleta de colores Selecci\u00f3n de paleta de colores personalizada: personalice su espacio de trabajo AFC Industries cree que su espacio de trabajo debe reflejar su estilo y preferencias \u00fanicos. Por eso, ofrecemos una amplia gama de opciones con nuestra selecci\u00f3n de paletas de colores personalizadas. Con esta funci\u00f3n, tiene la libertad de elegir&hellip;<\/p>\n","protected":false},"author":1,"featured_media":0,"parent":0,"menu_order":0,"comment_status":"closed","ping_status":"closed","template":"","meta":{"_acf_changed":false,"inline_featured_image":false,"footnotes":""},"class_list":["post-19530","page","type-page","status-publish","hentry"],"acf":[],"_links":{"self":[{"href":"https:\/\/afcindustries.com\/es\/wp-json\/wp\/v2\/pages\/19530","targetHints":{"allow":["GET"]}}],"collection":[{"href":"https:\/\/afcindustries.com\/es\/wp-json\/wp\/v2\/pages"}],"about":[{"href":"https:\/\/afcindustries.com\/es\/wp-json\/wp\/v2\/types\/page"}],"author":[{"embeddable":true,"href":"https:\/\/afcindustries.com\/es\/wp-json\/wp\/v2\/users\/1"}],"replies":[{"embeddable":true,"href":"https:\/\/afcindustries.com\/es\/wp-json\/wp\/v2\/comments?post=19530"}],"version-history":[{"count":0,"href":"https:\/\/afcindustries.com\/es\/wp-json\/wp\/v2\/pages\/19530\/revisions"}],"wp:attachment":[{"href":"https:\/\/afcindustries.com\/es\/wp-json\/wp\/v2\/media?parent=19530"}],"curies":[{"name":"wp","href":"https:\/\/api.w.org\/{rel}","templated":true}]}}