{"id":19514,"date":"2022-02-18T20:34:33","date_gmt":"2022-02-19T01:34:33","guid":{"rendered":"https:\/\/afcindustries.com\/videowall-independiente\/"},"modified":"2024-10-04T14:55:08","modified_gmt":"2024-10-04T18:55:08","slug":"videowall-independiente","status":"publish","type":"page","link":"https:\/\/afcindustries.com\/es\/videowall-independiente\/","title":{"rendered":"Videowall independiente"},"content":{"rendered":"\n\n\t<h2>\n\t\tSEGURIDAD Y SALAS DE CONTROL\n\t<\/h2>\n\t\t\t\t\t\t\t\t<a href=\"https:\/\/afcindustries.com\/contact\/\" target=\"_self\" itemprop=\"url\" rel=\"noopener\">\n\t\t\t\t\t\t\t\t\t<img loading=\"lazy\" decoding=\"async\" src=\"https:\/\/afcindustries.com\/wp-content\/uploads\/2022\/05\/Promo-Fall-23.gif\" alt=\"Promo Fall\" itemprop=\"image\" height=\"450\" width=\"280\" title=\"Promo Fall\" onerror=\"this.style.display='none'\"  \/>\n\t\t\t\t\t\t\t\t\t\t\t\t\t<\/a>\n\n\n\tMostrando el \u00fanico resultado\n<form method=\"get\">\n\t<select name=\"orderby\" aria-label=\"Pedido de la tienda\">\n\t\t\t\t\t<option value=\"menu_order\"  selected='selected'>Orden predeterminado<\/option>\n\t\t\t\t\t<option value=\"popularity\">Ordenar por popularidad<\/option>\n\t\t\t\t\t<option value=\"date\">Ordenar por los \u00faltimos<\/option>\n\t\t\t\t\t<option value=\"price\">Ordenar por precio: bajo a alto<\/option>\n\t\t\t\t\t<option value=\"price-desc\">Ordenar por precio: alto a bajo<\/option>\n\t\t\t<\/select>\n\t<input type=\"hidden\" name=\"paged\" value=\"1\" \/>\n\t<input type=\"hidden\" name=\"page_id\" value=\"19514\" \/><input type=\"hidden\" name=\"fl_builder\" value=\"\" \/><\/form>\n\t\t\t<ul>\n\t\t\t\t<li id=\"woopack-product-20130\"  data-product-id=\"20130\">\n\t<a href='https:\/\/afcindustries.com\/es\/producto\/soporte-de-suelo-para-seis-pantallas-planas\/' title='Soporte de suelo para seis pantallas planas'><img width=\"500\" height=\"500\" src=\"https:\/\/afcindustries.com\/wp-content\/uploads\/2022\/01\/772514-multiple-monitor-mount-floor-stand.jpg\" alt=\"772514 multiple monitor mount floor stand\" itemprop=\"image\" decoding=\"async\" loading=\"lazy\" srcset=\"https:\/\/afcindustries.com\/wp-content\/uploads\/2022\/01\/772514-multiple-monitor-mount-floor-stand.jpg 500w, https:\/\/afcindustries.com\/wp-content\/uploads\/2022\/01\/772514-multiple-monitor-mount-floor-stand-300x300.jpg 300w, https:\/\/afcindustries.com\/wp-content\/uploads\/2022\/01\/772514-multiple-monitor-mount-floor-stand-100x100.jpg 100w, https:\/\/afcindustries.com\/wp-content\/uploads\/2022\/01\/772514-multiple-monitor-mount-floor-stand-150x150.jpg 150w\" sizes=\"auto, (max-width: 500px) 100vw, 500px\" title=\"\"><\/a>\n    <h3><a href='https:\/\/afcindustries.com\/es\/producto\/soporte-de-suelo-para-seis-pantallas-planas\/' title='Soporte de suelo para seis pantallas planas'>Soporte de suelo para seis pantallas planas<\/a><\/h3>\n\t\tSKU:772514\n<\/li><li id=\"woopack-product-20104\"  data-product-id=\"20104\">\n\t<a href='https:\/\/afcindustries.com\/es\/producto\/soporte-de-suelo-para-dos-monitores-verticales\/' title='Soporte de suelo para dos monitores verticales'><img width=\"800\" height=\"800\" src=\"https:\/\/afcindustries.com\/wp-content\/uploads\/2023\/02\/05-3.jpg\" alt=\"AFC Control Console Terminal for reliable control.\" itemprop=\"image\" decoding=\"async\" loading=\"lazy\" srcset=\"https:\/\/afcindustries.com\/wp-content\/uploads\/2023\/02\/05-3.jpg 800w, https:\/\/afcindustries.com\/wp-content\/uploads\/2023\/02\/05-3-300x300.jpg 300w, https:\/\/afcindustries.com\/wp-content\/uploads\/2023\/02\/05-3-150x150.jpg 150w, https:\/\/afcindustries.com\/wp-content\/uploads\/2023\/02\/05-3-768x768.jpg 768w, https:\/\/afcindustries.com\/wp-content\/uploads\/2023\/02\/05-3-600x600.jpg 600w, https:\/\/afcindustries.com\/wp-content\/uploads\/2023\/02\/05-3-100x100.jpg 100w\" sizes=\"auto, (max-width: 800px) 100vw, 800px\" title=\"\"><\/a>\n    <h3><a href='https:\/\/afcindustries.com\/es\/producto\/soporte-de-suelo-para-dos-monitores-verticales\/' title='Soporte de suelo para dos monitores verticales'>Soporte de suelo para dos monitores verticales<\/a><\/h3>\n\t\tSKU:772511\n<\/li><li id=\"woopack-product-20087\"  data-product-id=\"20087\">\n\t<a href='https:\/\/afcindustries.com\/es\/producto\/soporte-de-suelo-para-monitores-led-planos-de-varios-tamanos\/' title='Soporte de suelo para monitores LED planos de varios tama\u00f1os'><img width=\"499\" height=\"499\" src=\"https:\/\/afcindustries.com\/wp-content\/uploads\/2022\/01\/772515-multiple-monitor-wall-mounts-with-monitor-screen.jpg\" alt=\"772515 multiple monitor wall mounts with monitor screen\" itemprop=\"image\" decoding=\"async\" loading=\"lazy\" srcset=\"https:\/\/afcindustries.com\/wp-content\/uploads\/2022\/01\/772515-multiple-monitor-wall-mounts-with-monitor-screen.jpg 499w, https:\/\/afcindustries.com\/wp-content\/uploads\/2022\/01\/772515-multiple-monitor-wall-mounts-with-monitor-screen-300x300.jpg 300w, https:\/\/afcindustries.com\/wp-content\/uploads\/2022\/01\/772515-multiple-monitor-wall-mounts-with-monitor-screen-100x100.jpg 100w, https:\/\/afcindustries.com\/wp-content\/uploads\/2022\/01\/772515-multiple-monitor-wall-mounts-with-monitor-screen-150x150.jpg 150w\" sizes=\"auto, (max-width: 499px) 100vw, 499px\" title=\"\"><\/a>\n    <h3><a href='https:\/\/afcindustries.com\/es\/producto\/soporte-de-suelo-para-monitores-led-planos-de-varios-tamanos\/' title='Soporte de suelo para monitores LED planos de varios tama\u00f1os'>Soporte de suelo para monitores LED planos de varios tama\u00f1os<\/a><\/h3>\n\t\tSKU:772515\n<\/li><li id=\"woopack-product-19811\"  data-product-id=\"19811\">\n\t<a href='https:\/\/afcindustries.com\/es\/producto\/soporte-para-monitor-de-triple-pantalla-plana\/' title='Soporte triple para pantallas planas'><img width=\"800\" height=\"800\" src=\"https:\/\/afcindustries.com\/wp-content\/uploads\/2022\/01\/772513-01.jpg\" alt=\"AFC Triple Flat Screen Monitor Stand: Enhance Your Viewing Experience\" itemprop=\"image\" decoding=\"async\" loading=\"lazy\" srcset=\"https:\/\/afcindustries.com\/wp-content\/uploads\/2022\/01\/772513-01.jpg 800w, https:\/\/afcindustries.com\/wp-content\/uploads\/2022\/01\/772513-01-300x300.jpg 300w, https:\/\/afcindustries.com\/wp-content\/uploads\/2022\/01\/772513-01-150x150.jpg 150w, https:\/\/afcindustries.com\/wp-content\/uploads\/2022\/01\/772513-01-768x768.jpg 768w, https:\/\/afcindustries.com\/wp-content\/uploads\/2022\/01\/772513-01-600x600.jpg 600w, https:\/\/afcindustries.com\/wp-content\/uploads\/2022\/01\/772513-01-100x100.jpg 100w\" sizes=\"auto, (max-width: 800px) 100vw, 800px\" title=\"\"><\/a>\n    <h3><a href='https:\/\/afcindustries.com\/es\/producto\/soporte-para-monitor-de-triple-pantalla-plana\/' title='Soporte triple para pantallas planas'>Soporte triple para pantallas planas<\/a><\/h3>\n\t\tSKU:772513\n<\/li><li id=\"woopack-product-19778\"  data-product-id=\"19778\">\n\t<a href='https:\/\/afcindustries.com\/es\/producto\/soporte-para-estacion-de-trabajo-multiordenador\/' title='Soporte para estaci\u00f3n de trabajo multiordenador'><img width=\"550\" height=\"412\" src=\"https:\/\/afcindustries.com\/wp-content\/uploads\/2022\/01\/772508-free-standing-computer-and-video-wall-bracket.jpg\" alt=\"772508 free standing computer and video wall bracket\" itemprop=\"image\" decoding=\"async\" loading=\"lazy\" srcset=\"https:\/\/afcindustries.com\/wp-content\/uploads\/2022\/01\/772508-free-standing-computer-and-video-wall-bracket.jpg 550w, https:\/\/afcindustries.com\/wp-content\/uploads\/2022\/01\/772508-free-standing-computer-and-video-wall-bracket-300x225.jpg 300w\" sizes=\"auto, (max-width: 550px) 100vw, 550px\" title=\"\"><\/a>\n    <h3><a href='https:\/\/afcindustries.com\/es\/producto\/soporte-para-estacion-de-trabajo-multiordenador\/' title='Soporte para estaci\u00f3n de trabajo multiordenador'>Soporte para estaci\u00f3n de trabajo multiordenador<\/a><\/h3>\n\t\tSKU:772508\n<\/li>\t\t\t\t\n\t\t\t<\/ul>\n<h2>\n\t\tVigilancia de la seguridad p\u00fablica-Mesa de seguridad\n\t<\/h2>\n\t<p>Cuando se trata de cautivar a su audiencia y transmitir informaci\u00f3n de manera eficaz, nada se compara con las soluciones de videowall de AFC Industries. Nuestro innovador enfoque de videowalls independientes abre un mundo de posibilidades para pantallas din\u00e1micas. Ya sea para presentaciones, centros de comando o se\u00f1alizaci\u00f3n digital, nuestras soluciones est\u00e1n dise\u00f1adas para dejar una impresi\u00f3n duradera.<\/p>\n<p>En AFC Industries, entendemos que cada espacio y requisito es \u00fanico. Es por eso que nuestras soluciones de videowall son totalmente personalizables, lo que garantiza que se integren perfectamente en su entorno. Con pantallas de alta calidad y configuraciones vers\u00e1tiles, puede crear la configuraci\u00f3n visual perfecta que satisfaga sus necesidades espec\u00edficas.<\/p>\n<p>Desde salas de juntas corporativas hasta salas de control y m\u00e1s all\u00e1, nuestras soluciones de videowall brindan im\u00e1genes impresionantes que atraen, informan e inspiran. Mejore sus experiencias visuales con AFC Industries y sea testigo del poder transformador de nuestras soluciones de videowall. Su audiencia merece lo mejor y estamos aqu\u00ed para brind\u00e1rselo.<\/p>\n<h2>\n\t\tVigilancia de la seguridad p\u00fablica-Mesa de seguridad\n\t<\/h2>\n\t<p>AFC ofrece muebles de escritorio de seguridad de alta resistencia con dise\u00f1os modernos, ergonom\u00eda c\u00f3moda y caracter\u00edsticas adecuadas para los puestos de control central y las salas de control. Nuestro escritorio de consola de seguridad tiene un dise\u00f1o ergon\u00f3mico, es ajustable en altura y es m\u00f3vil (con ruedas); puede ser f\u00e1cilmente reubicado o anclado en su lugar para mantener la seguridad p\u00fablica. Ayuda a que \u00e1reas enteras de una instalaci\u00f3n puedan ser supervisadas simult\u00e1neamente por uno o varios operadores. Cuando se trata de escritorios de seguridad p\u00fablica y de trabajo pesado, AFC industries es el camino a seguir.<\/p>\n\n","protected":false},"excerpt":{"rendered":"<p>SEGURIDAD Y SALAS DE CONTROL Mostrando el \u00fanico resultado Orden predeterminadoOrdenar por popularidadOrdenar por los \u00faltimosOrdenar por precio: bajo a altoOrdenar por precio: alto a bajo Soporte de suelo para seis pantallas planas SKU:772514 Soporte de suelo para dos monitores verticales SKU:772511 Soporte de suelo para monitores LED planos de varios tama\u00f1os SKU:772515 Soporte triple&hellip;<\/p>\n","protected":false},"author":1,"featured_media":0,"parent":0,"menu_order":0,"comment_status":"closed","ping_status":"closed","template":"","meta":{"_acf_changed":false,"inline_featured_image":false,"footnotes":""},"class_list":["post-19514","page","type-page","status-publish","hentry"],"acf":[],"_links":{"self":[{"href":"https:\/\/afcindustries.com\/es\/wp-json\/wp\/v2\/pages\/19514","targetHints":{"allow":["GET"]}}],"collection":[{"href":"https:\/\/afcindustries.com\/es\/wp-json\/wp\/v2\/pages"}],"about":[{"href":"https:\/\/afcindustries.com\/es\/wp-json\/wp\/v2\/types\/page"}],"author":[{"embeddable":true,"href":"https:\/\/afcindustries.com\/es\/wp-json\/wp\/v2\/users\/1"}],"replies":[{"embeddable":true,"href":"https:\/\/afcindustries.com\/es\/wp-json\/wp\/v2\/comments?post=19514"}],"version-history":[{"count":0,"href":"https:\/\/afcindustries.com\/es\/wp-json\/wp\/v2\/pages\/19514\/revisions"}],"wp:attachment":[{"href":"https:\/\/afcindustries.com\/es\/wp-json\/wp\/v2\/media?parent=19514"}],"curies":[{"name":"wp","href":"https:\/\/api.w.org\/{rel}","templated":true}]}}