{"id":19513,"date":"2022-04-27T21:13:35","date_gmt":"2022-04-28T01:13:35","guid":{"rendered":"https:\/\/afcindustries.com\/mesas-de-conferencia-afc\/"},"modified":"2026-02-26T10:58:04","modified_gmt":"2026-02-26T15:58:04","slug":"mesas-de-conferencia-afc","status":"publish","type":"page","link":"https:\/\/afcindustries.com\/es\/mesas-de-conferencia-afc\/","title":{"rendered":"Mesas de Conferencia AFC"},"content":{"rendered":"\r\n\r\n\t<h2>\r\n\t\tMESAS DE CONFERENCIA\r\n\t<\/h2>\r\n\t\t\t\t\t\t\t\t<a href=\"https:\/\/afcindustries.com\/contact\/\" target=\"_self\" itemprop=\"url\" rel=\"noopener\">\r\n\t\t\t\t\t\t\t\t\t<img loading=\"lazy\" decoding=\"async\" src=\"https:\/\/afcindustries.com\/wp-content\/uploads\/2022\/05\/Promo-Fall-23.gif\" alt=\"Promo Fall\" itemprop=\"image\" height=\"450\" width=\"280\" title=\"Promo Fall\" onerror=\"this.style.display='none'\"  \/>\r\n\t\t\t\t\t\t\t\t\t\t\t\t\t<\/a>\r\n\r\n\r\n\tMostrando el \u00fanico resultado\r\n<form method=\"get\">\r\n\t<select name=\"orderby\" aria-label=\"Pedido de la tienda\">\r\n\t\t\t\t\t<option value=\"menu_order\"  selected='selected'>Orden predeterminado<\/option>\r\n\t\t\t\t\t<option value=\"popularity\">Ordenar por popularidad<\/option>\r\n\t\t\t\t\t<option value=\"date\">Ordenar por los \u00faltimos<\/option>\r\n\t\t\t\t\t<option value=\"price\">Ordenar por precio: bajo a alto<\/option>\r\n\t\t\t\t\t<option value=\"price-desc\">Ordenar por precio: alto a bajo<\/option>\r\n\t\t\t<\/select>\r\n\t<input type=\"hidden\" name=\"paged\" value=\"1\" \/>\r\n\t<input type=\"hidden\" name=\"page_id\" value=\"19513\" \/><input type=\"hidden\" name=\"fl_builder\" value=\"\" \/><\/form>\r\n\t\t\t<ul>\r\n\t\t\t\t<li id=\"woopack-product-20190\"  data-product-id=\"20190\">\r\n\t<a href='https:\/\/afcindustries.com\/es\/producto\/mesa-de-conferencias-ajustable-en-altura-con-pantalla\/' title='Mesa de conferencias de altura regulable con pantalla'><img width=\"800\" height=\"800\" src=\"https:\/\/afcindustries.com\/wp-content\/uploads\/2022\/04\/01-1.jpg\" alt=\"01 1\" itemprop=\"image\" decoding=\"async\" loading=\"lazy\" srcset=\"https:\/\/afcindustries.com\/wp-content\/uploads\/2022\/04\/01-1.jpg 800w, https:\/\/afcindustries.com\/wp-content\/uploads\/2022\/04\/01-1-300x300.jpg 300w, https:\/\/afcindustries.com\/wp-content\/uploads\/2022\/04\/01-1-150x150.jpg 150w, https:\/\/afcindustries.com\/wp-content\/uploads\/2022\/04\/01-1-768x768.jpg 768w, https:\/\/afcindustries.com\/wp-content\/uploads\/2022\/04\/01-1-600x600.jpg 600w, https:\/\/afcindustries.com\/wp-content\/uploads\/2022\/04\/01-1-100x100.jpg 100w\" sizes=\"auto, (max-width: 800px) 100vw, 800px\" title=\"\"><\/a>\r\n    <h3><a href='https:\/\/afcindustries.com\/es\/producto\/mesa-de-conferencias-ajustable-en-altura-con-pantalla\/' title='Mesa de conferencias de altura regulable con pantalla'>Mesa de conferencias de altura regulable con pantalla<\/a><\/h3>\r\n\t\tSKU:772726\r\n<\/li><li id=\"woopack-product-20156\"  data-product-id=\"20156\">\r\n\t<a href='https:\/\/afcindustries.com\/es\/producto\/mesa-de-conferencias-con-panel-de-monitor-de-elevacion-electrica\/' title='Mesa de conferencias con panel de monitor de elevaci\u00f3n el\u00e9ctrica'><img width=\"1024\" height=\"1024\" src=\"https:\/\/afcindustries.com\/wp-content\/uploads\/2022\/04\/01-hi-res-1-1024x1024.jpg\" alt=\"01 hi res 1\" itemprop=\"image\" decoding=\"async\" loading=\"lazy\" srcset=\"https:\/\/afcindustries.com\/wp-content\/uploads\/2022\/04\/01-hi-res-1-1024x1024.jpg 1024w, https:\/\/afcindustries.com\/wp-content\/uploads\/2022\/04\/01-hi-res-1-300x300.jpg 300w, https:\/\/afcindustries.com\/wp-content\/uploads\/2022\/04\/01-hi-res-1-150x150.jpg 150w, https:\/\/afcindustries.com\/wp-content\/uploads\/2022\/04\/01-hi-res-1-768x768.jpg 768w, https:\/\/afcindustries.com\/wp-content\/uploads\/2022\/04\/01-hi-res-1-1536x1536.jpg 1536w, https:\/\/afcindustries.com\/wp-content\/uploads\/2022\/04\/01-hi-res-1-600x600.jpg 600w, https:\/\/afcindustries.com\/wp-content\/uploads\/2022\/04\/01-hi-res-1-100x100.jpg 100w, https:\/\/afcindustries.com\/wp-content\/uploads\/2022\/04\/01-hi-res-1.jpg 2000w\" sizes=\"auto, (max-width: 1024px) 100vw, 1024px\" title=\"\"><\/a>\r\n    <h3><a href='https:\/\/afcindustries.com\/es\/producto\/mesa-de-conferencias-con-panel-de-monitor-de-elevacion-electrica\/' title='Mesa de conferencias con panel de monitor de elevaci\u00f3n el\u00e9ctrica'>Mesa de conferencias con panel de monitor de elevaci\u00f3n el\u00e9ctrica<\/a><\/h3>\r\n\t\tSKU:772705\r\n<\/li><li id=\"woopack-product-20161\"  data-product-id=\"20161\">\r\n\t<a href='https:\/\/afcindustries.com\/es\/producto\/mesa-moderna-y-ergonomica-para-sala-de-juntas\/' title='Mesa moderna y ergon\u00f3mica para sala de juntas'><img width=\"800\" height=\"800\" src=\"https:\/\/afcindustries.com\/wp-content\/uploads\/2022\/04\/03.jpg\" alt=\"03\" itemprop=\"image\" decoding=\"async\" loading=\"lazy\" srcset=\"https:\/\/afcindustries.com\/wp-content\/uploads\/2022\/04\/03.jpg 800w, https:\/\/afcindustries.com\/wp-content\/uploads\/2022\/04\/03-300x300.jpg 300w, https:\/\/afcindustries.com\/wp-content\/uploads\/2022\/04\/03-150x150.jpg 150w, https:\/\/afcindustries.com\/wp-content\/uploads\/2022\/04\/03-768x768.jpg 768w, https:\/\/afcindustries.com\/wp-content\/uploads\/2022\/04\/03-600x600.jpg 600w, https:\/\/afcindustries.com\/wp-content\/uploads\/2022\/04\/03-100x100.jpg 100w\" sizes=\"auto, (max-width: 800px) 100vw, 800px\" title=\"\"><\/a>\r\n    <h3><a href='https:\/\/afcindustries.com\/es\/producto\/mesa-moderna-y-ergonomica-para-sala-de-juntas\/' title='Mesa moderna y ergon\u00f3mica para sala de juntas'>Mesa moderna y ergon\u00f3mica para sala de juntas<\/a><\/h3>\r\n\t\tSKU:772177\r\n<\/li><li id=\"woopack-product-20168\"  data-product-id=\"20168\">\r\n\t<a href='https:\/\/afcindustries.com\/es\/producto\/mesa-de-sala-de-conferencias-con-carril-de-alimentacion-av-integrado\/' title='Mesa de sala de conferencias con carril de alimentaci\u00f3n AV integrado'><img width=\"800\" height=\"800\" src=\"https:\/\/afcindustries.com\/wp-content\/uploads\/2023\/03\/01-1.jpg\" alt=\"A modern AFC conference room featuring a large rectangular table surrounded by ergonomic chairs in a professional setting\" itemprop=\"image\" decoding=\"async\" loading=\"lazy\" srcset=\"https:\/\/afcindustries.com\/wp-content\/uploads\/2023\/03\/01-1.jpg 800w, https:\/\/afcindustries.com\/wp-content\/uploads\/2023\/03\/01-1-300x300.jpg 300w, https:\/\/afcindustries.com\/wp-content\/uploads\/2023\/03\/01-1-150x150.jpg 150w, https:\/\/afcindustries.com\/wp-content\/uploads\/2023\/03\/01-1-768x768.jpg 768w, https:\/\/afcindustries.com\/wp-content\/uploads\/2023\/03\/01-1-600x600.jpg 600w, https:\/\/afcindustries.com\/wp-content\/uploads\/2023\/03\/01-1-100x100.jpg 100w\" sizes=\"auto, (max-width: 800px) 100vw, 800px\" title=\"\"><\/a>\r\n    <h3><a href='https:\/\/afcindustries.com\/es\/producto\/mesa-de-sala-de-conferencias-con-carril-de-alimentacion-av-integrado\/' title='Mesa de sala de conferencias con carril de alimentaci\u00f3n AV integrado'>Mesa de sala de conferencias con carril de alimentaci\u00f3n AV integrado<\/a><\/h3>\r\n\t\tSKU:772452\r\n<\/li>\t\t\t\t\r\n\t\t\t<\/ul>\r\n<h2>\r\n\t\tMesas de conferencias con pantallas de monitor\r\n\t<\/h2>\r\n\t<p>En el acelerado entorno empresarial actual, la comunicaci\u00f3n y la colaboraci\u00f3n eficaces son fundamentales para el \u00e9xito. AFC Industries reconoce esta necesidad y ofrece una gama de mesas de conferencias de vanguardia dise\u00f1adas para mejorar la experiencia en la sala de reuniones. Nuestras mesas son m\u00e1s que simples muebles; son herramientas que promueven la productividad, la creatividad y la comunicaci\u00f3n fluida.   <\/p>\r\n<h4><strong>Dise\u00f1o moderno para espacios de trabajo modernos:<\/strong><\/h4>\r\n<p> Nuestras mesas de conferencias cuentan con dise\u00f1os elegantes y contempor\u00e1neos que se combinan a la perfecci\u00f3n con la est\u00e9tica de cualquier espacio de trabajo moderno. Ya sea que prefiera un estilo minimalista o m\u00e1s sofisticado, AFC Industries tiene la mesa de conferencias perfecta para adaptarse a sus preferencias. Estas mesas no solo son funcionales; son una declaraci\u00f3n de su compromiso con la excelencia.   <\/p>\r\n<h4><strong>Integraci\u00f3n de tecnolog\u00eda avanzada:<\/strong><\/h4>\r\n<p> Lo que distingue a las mesas de AFC Industries es la integraci\u00f3n de tecnolog\u00eda avanzada. Equipadas con pantallas de monitor con elevaci\u00f3n el\u00e9ctrica que se operan mediante botones electr\u00f3nicos, estas mesas pueden albergar m\u00faltiples pantallas de monitor simult\u00e1neamente. Esta caracter\u00edstica permite que varios usuarios participen en presentaciones o debates simult\u00e1neamente, lo que hace que sus reuniones sean m\u00e1s din\u00e1micas e interactivas.   <\/p>\r\n<h4><strong>Eficiencia ergon\u00f3mica:<\/strong><\/h4>\r\n<p> La comodidad y la ergonom\u00eda son fundamentales en cualquier entorno de reuniones. Nuestras mesas de conferencias est\u00e1n dise\u00f1adas teniendo en cuenta la comodidad de su equipo. Las opciones de altura ajustable garantizan que todos puedan participar c\u00f3modamente, independientemente de la disposici\u00f3n de sus asientos. Estas mesas promueven una postura saludable, lo que reduce la tensi\u00f3n de las reuniones largas.    <\/p>\r\n<h4><strong>Adaptado a sus necesidades:<\/strong><\/h4>\r\n<p> En AFC Industries, comprendemos que cada organizaci\u00f3n tiene requisitos \u00fanicos. Por eso ofrecemos una variedad de formas y tama\u00f1os para nuestras mesas. Ya sea que necesite una mesa ovalada espaciosa para reuniones de directorio grandes o una mesa redonda compacta para debates m\u00e1s \u00edntimos, tenemos opciones que se adaptan a las necesidades de su empresa.   <\/p>\r\n<h4><strong>Mejorar la colaboraci\u00f3n:<\/strong><\/h4>\r\n<p> El objetivo principal de una mesa de conferencias es facilitar la colaboraci\u00f3n y el intercambio de ideas. Nuestras mesas cumplen precisamente esa funci\u00f3n al proporcionar un centro neur\u00e1lgico para que su equipo se re\u00fana, genere ideas y elabore estrategias de manera eficaz. La tecnolog\u00eda integrada garantiza que las presentaciones se desarrollen sin problemas, lo que permite que su equipo se concentre en el contenido en lugar de en problemas t\u00e9cnicos. En conclusi\u00f3n, las mesas de AFC Industries son m\u00e1s que simples muebles; son herramientas esenciales para las empresas modernas. Mejore la experiencia de su sala de reuniones, mejore la colaboraci\u00f3n y mant\u00e9ngase por delante de la competencia con nuestras mesas de conferencias innovadoras y ergon\u00f3micas. Invierta en el futuro de sus reuniones: elija AFC Industries.     <\/p>\r\n\r\n","protected":false},"excerpt":{"rendered":"<p>MESAS DE CONFERENCIA Mostrando el \u00fanico resultado Orden predeterminadoOrdenar por popularidadOrdenar por los \u00faltimosOrdenar por precio: bajo a altoOrdenar por precio: alto a bajo Mesa de conferencias de altura regulable con pantalla SKU:772726 Mesa de conferencias con panel de monitor de elevaci\u00f3n el\u00e9ctrica SKU:772705 Mesa moderna y ergon\u00f3mica para sala de juntas SKU:772177 Mesa de&hellip;<\/p>\n","protected":false},"author":1,"featured_media":0,"parent":0,"menu_order":0,"comment_status":"closed","ping_status":"closed","template":"","meta":{"_acf_changed":false,"inline_featured_image":false,"footnotes":""},"class_list":["post-19513","page","type-page","status-publish","hentry"],"acf":[],"_links":{"self":[{"href":"https:\/\/afcindustries.com\/es\/wp-json\/wp\/v2\/pages\/19513","targetHints":{"allow":["GET"]}}],"collection":[{"href":"https:\/\/afcindustries.com\/es\/wp-json\/wp\/v2\/pages"}],"about":[{"href":"https:\/\/afcindustries.com\/es\/wp-json\/wp\/v2\/types\/page"}],"author":[{"embeddable":true,"href":"https:\/\/afcindustries.com\/es\/wp-json\/wp\/v2\/users\/1"}],"replies":[{"embeddable":true,"href":"https:\/\/afcindustries.com\/es\/wp-json\/wp\/v2\/comments?post=19513"}],"version-history":[{"count":0,"href":"https:\/\/afcindustries.com\/es\/wp-json\/wp\/v2\/pages\/19513\/revisions"}],"wp:attachment":[{"href":"https:\/\/afcindustries.com\/es\/wp-json\/wp\/v2\/media?parent=19513"}],"curies":[{"name":"wp","href":"https:\/\/api.w.org\/{rel}","templated":true}]}}