{"id":19509,"date":"2022-02-17T11:12:18","date_gmt":"2022-02-17T16:12:18","guid":{"rendered":"https:\/\/afcindustries.com\/percha-de-radiologia\/"},"modified":"2024-10-04T14:42:29","modified_gmt":"2024-10-04T18:42:29","slug":"percha-de-radiologia","status":"publish","type":"page","link":"https:\/\/afcindustries.com\/es\/percha-de-radiologia\/","title":{"rendered":"Percha de radiolog\u00eda"},"content":{"rendered":"\n\n\t<h2>\n\t\tCarros m\u00e9dicos\n\t<\/h2>\n\t\t\t\t\t\t\t\t<a href=\"https:\/\/afcindustries.com\/contact\/\" target=\"_self\" itemprop=\"url\" rel=\"noopener\">\n\t\t\t\t\t\t\t\t\t<img loading=\"lazy\" decoding=\"async\" src=\"https:\/\/afcindustries.com\/wp-content\/uploads\/2022\/05\/Promo-Fall-23.gif\" alt=\"Promo Fall\" itemprop=\"image\" height=\"450\" width=\"280\" title=\"Promo Fall\" onerror=\"this.style.display='none'\"  \/>\n\t\t\t\t\t\t\t\t\t\t\t\t\t<\/a>\n\n\n\tMostrando el \u00fanico resultado\n<form method=\"get\">\n\t<select name=\"orderby\" aria-label=\"Pedido de la tienda\">\n\t\t\t\t\t<option value=\"menu_order\"  selected='selected'>Orden predeterminado<\/option>\n\t\t\t\t\t<option value=\"popularity\">Ordenar por popularidad<\/option>\n\t\t\t\t\t<option value=\"date\">Ordenar por los \u00faltimos<\/option>\n\t\t\t\t\t<option value=\"price\">Ordenar por precio: bajo a alto<\/option>\n\t\t\t\t\t<option value=\"price-desc\">Ordenar por precio: alto a bajo<\/option>\n\t\t\t<\/select>\n\t<input type=\"hidden\" name=\"paged\" value=\"1\" \/>\n\t<input type=\"hidden\" name=\"page_id\" value=\"19509\" \/><input type=\"hidden\" name=\"fl_builder\" value=\"\" \/><\/form>\n\t\t\t<ul>\n\t\t\t\t<li id=\"woopack-product-19831\"  data-product-id=\"19831\">\n\t<a href='https:\/\/afcindustries.com\/es\/producto\/percha-para-delantal-de-radiologia\/' title='Percha para delantal de radiolog\u00eda'><img width=\"499\" height=\"499\" src=\"https:\/\/afcindustries.com\/wp-content\/uploads\/2022\/01\/772462-radiology-lead-apron-hanger.jpg\" alt=\"772462 radiology lead apron hanger\" itemprop=\"image\" decoding=\"async\" loading=\"lazy\" srcset=\"https:\/\/afcindustries.com\/wp-content\/uploads\/2022\/01\/772462-radiology-lead-apron-hanger.jpg 499w, https:\/\/afcindustries.com\/wp-content\/uploads\/2022\/01\/772462-radiology-lead-apron-hanger-300x300.jpg 300w, https:\/\/afcindustries.com\/wp-content\/uploads\/2022\/01\/772462-radiology-lead-apron-hanger-100x100.jpg 100w, https:\/\/afcindustries.com\/wp-content\/uploads\/2022\/01\/772462-radiology-lead-apron-hanger-150x150.jpg 150w\" sizes=\"auto, (max-width: 499px) 100vw, 499px\" title=\"\"><\/a>\n    <h3><a href='https:\/\/afcindustries.com\/es\/producto\/percha-para-delantal-de-radiologia\/' title='Percha para delantal de radiolog\u00eda'>Percha para delantal de radiolog\u00eda<\/a><\/h3>\n\t\tSKU:772462\n<\/li>\t\t\t\t\n\t\t\t<\/ul>\n<h2>\n\t\tPercha de radiolog\u00eda con ruedas\n\t<\/h2>\n\t<p>Nuestro perchero para radiolog\u00eda es un elemento esencial del equipo de cualquier sala de radiolog\u00eda, dise\u00f1ado para mejorar la eficiencia y la organizaci\u00f3n de su espacio de trabajo. Los profesionales de radiolog\u00eda suelen llevar batas protectoras para protegerse de la exposici\u00f3n a la radiaci\u00f3n durante los procedimientos. Estas batas son fundamentales para garantizar su seguridad, pero pueden resultar complicadas de manejar, especialmente en un entorno de radiolog\u00eda concurrido.<\/p>\n<p>Nuestro perchero m\u00f3vil ofrece una soluci\u00f3n pr\u00e1ctica a este desaf\u00edo. Proporciona un espacio designado para que los operadores de radiolog\u00eda cuelguen sus batas protectoras cuando no las utilicen, manteni\u00e9ndolas f\u00e1cilmente accesibles y evitando que se coloquen sobre superficies o sillas donde podr\u00edan contaminarse. Esto no solo promueve un espacio de trabajo m\u00e1s limpio y organizado, sino que tambi\u00e9n contribuye a los esfuerzos de control de infecciones.<\/p>\n<p>La movilidad del perchero permite colocarlo c\u00f3modamente dentro de la sala de radiolog\u00eda, lo que garantiza que las batas est\u00e9n siempre al alcance. Su construcci\u00f3n robusta garantiza la estabilidad, incluso cuando se carga con varias batas. El perchero est\u00e1 dise\u00f1ado para adaptarse a varios tama\u00f1os y estilos de batas, lo que lo hace adecuado para todos los miembros del equipo de radiolog\u00eda.<\/p>\n<p>Adem\u00e1s de sus beneficios funcionales, el perchero para radiolog\u00eda tambi\u00e9n contribuye a una apariencia m\u00e1s profesional y organizada en la sala de radiolog\u00eda. Env\u00eda un mensaje claro a los pacientes y visitantes de que la limpieza y la seguridad son una prioridad m\u00e1xima en su centro de atenci\u00f3n m\u00e9dica.<\/p>\n<p>En AFC Industries, comprendemos las necesidades \u00fanicas de los profesionales de la salud, y nuestro perchero es solo un ejemplo de c\u00f3mo nos esforzamos por brindar soluciones innovadoras para mejorar su flujo de trabajo y mejorar la atenci\u00f3n al paciente. Conf\u00ede en nosotros para ofrecer productos de calidad, ergon\u00f3micos y eficientes que tengan un impacto positivo en su entorno de atenci\u00f3n m\u00e9dica.<\/p>\n\n","protected":false},"excerpt":{"rendered":"<p>Carros m\u00e9dicos Mostrando el \u00fanico resultado Orden predeterminadoOrdenar por popularidadOrdenar por los \u00faltimosOrdenar por precio: bajo a altoOrdenar por precio: alto a bajo Percha para delantal de radiolog\u00eda SKU:772462 Percha de radiolog\u00eda con ruedas Nuestro perchero para radiolog\u00eda es un elemento esencial del equipo de cualquier sala de radiolog\u00eda, dise\u00f1ado para mejorar la eficiencia y&hellip;<\/p>\n","protected":false},"author":1,"featured_media":0,"parent":0,"menu_order":0,"comment_status":"closed","ping_status":"closed","template":"","meta":{"_acf_changed":false,"inline_featured_image":false,"footnotes":""},"class_list":["post-19509","page","type-page","status-publish","hentry"],"acf":[],"_links":{"self":[{"href":"https:\/\/afcindustries.com\/es\/wp-json\/wp\/v2\/pages\/19509","targetHints":{"allow":["GET"]}}],"collection":[{"href":"https:\/\/afcindustries.com\/es\/wp-json\/wp\/v2\/pages"}],"about":[{"href":"https:\/\/afcindustries.com\/es\/wp-json\/wp\/v2\/types\/page"}],"author":[{"embeddable":true,"href":"https:\/\/afcindustries.com\/es\/wp-json\/wp\/v2\/users\/1"}],"replies":[{"embeddable":true,"href":"https:\/\/afcindustries.com\/es\/wp-json\/wp\/v2\/comments?post=19509"}],"version-history":[{"count":0,"href":"https:\/\/afcindustries.com\/es\/wp-json\/wp\/v2\/pages\/19509\/revisions"}],"wp:attachment":[{"href":"https:\/\/afcindustries.com\/es\/wp-json\/wp\/v2\/media?parent=19509"}],"curies":[{"name":"wp","href":"https:\/\/api.w.org\/{rel}","templated":true}]}}