{"id":19507,"date":"2022-02-17T15:00:22","date_gmt":"2022-02-17T20:00:22","guid":{"rendered":"https:\/\/afcindustries.com\/soporte-de-suelo\/"},"modified":"2024-10-04T14:48:00","modified_gmt":"2024-10-04T18:48:00","slug":"soporte-de-suelo","status":"publish","type":"page","link":"https:\/\/afcindustries.com\/es\/soporte-de-suelo\/","title":{"rendered":"Soporte de suelo"},"content":{"rendered":"\n\n\t<h2>\n\t\tSoportes Ergon\u00f3micos\n\t<\/h2>\n\t\t\t\t\t\t\t\t<a href=\"https:\/\/afcindustries.com\/contact\/\" target=\"_self\" itemprop=\"url\" rel=\"noopener\">\n\t\t\t\t\t\t\t\t\t<img loading=\"lazy\" decoding=\"async\" src=\"https:\/\/afcindustries.com\/wp-content\/uploads\/2022\/05\/Promo-Fall-23.gif\" alt=\"Promo Fall\" itemprop=\"image\" height=\"450\" width=\"280\" title=\"Promo Fall\" onerror=\"this.style.display='none'\"  \/>\n\t\t\t\t\t\t\t\t\t\t\t\t\t<\/a>\n\n\n\tMostrando el \u00fanico resultado\n<form method=\"get\">\n\t<select name=\"orderby\" aria-label=\"Pedido de la tienda\">\n\t\t\t\t\t<option value=\"menu_order\"  selected='selected'>Orden predeterminado<\/option>\n\t\t\t\t\t<option value=\"popularity\">Ordenar por popularidad<\/option>\n\t\t\t\t\t<option value=\"date\">Ordenar por los \u00faltimos<\/option>\n\t\t\t\t\t<option value=\"price\">Ordenar por precio: bajo a alto<\/option>\n\t\t\t\t\t<option value=\"price-desc\">Ordenar por precio: alto a bajo<\/option>\n\t\t\t<\/select>\n\t<input type=\"hidden\" name=\"paged\" value=\"1\" \/>\n\t<input type=\"hidden\" name=\"page_id\" value=\"19507\" \/><input type=\"hidden\" name=\"fl_builder\" value=\"\" \/><\/form>\n\t\t\t<ul>\n\t\t\t\t<li id=\"woopack-product-20187\"  data-product-id=\"20187\">\n\t<a href='https:\/\/afcindustries.com\/es\/producto\/estacion-de-trabajo-con-soporte-para-ordenador-2\/' title='Estaci\u00f3n de trabajo con soporte para ordenador'><img width=\"499\" height=\"499\" src=\"https:\/\/afcindustries.com\/wp-content\/uploads\/2022\/01\/772458-bolted-pole-stand-computer-workstation.jpg\" alt=\"772458 bolted pole stand computer workstation\" itemprop=\"image\" decoding=\"async\" loading=\"lazy\" srcset=\"https:\/\/afcindustries.com\/wp-content\/uploads\/2022\/01\/772458-bolted-pole-stand-computer-workstation.jpg 499w, https:\/\/afcindustries.com\/wp-content\/uploads\/2022\/01\/772458-bolted-pole-stand-computer-workstation-300x300.jpg 300w, https:\/\/afcindustries.com\/wp-content\/uploads\/2022\/01\/772458-bolted-pole-stand-computer-workstation-100x100.jpg 100w, https:\/\/afcindustries.com\/wp-content\/uploads\/2022\/01\/772458-bolted-pole-stand-computer-workstation-150x150.jpg 150w\" sizes=\"auto, (max-width: 499px) 100vw, 499px\" title=\"\"><\/a>\n    <h3><a href='https:\/\/afcindustries.com\/es\/producto\/estacion-de-trabajo-con-soporte-para-ordenador-2\/' title='Estaci\u00f3n de trabajo con soporte para ordenador'>Estaci\u00f3n de trabajo con soporte para ordenador<\/a><\/h3>\n\t\tSKU:772458\n<\/li><li id=\"woopack-product-20157\"  data-product-id=\"20157\">\n\t<a href='https:\/\/afcindustries.com\/es\/producto\/ordenador-industrial-soporte-de-suelo\/' title='Soporte de ordenador industrial para montaje en el suelo'><img width=\"499\" height=\"499\" src=\"https:\/\/afcindustries.com\/wp-content\/uploads\/2022\/01\/772325-industrial-computer-stand.jpg\" alt=\"772325 soporte de ordenador industrial\" itemprop=\"image\" decoding=\"async\" loading=\"lazy\" srcset=\"https:\/\/afcindustries.com\/wp-content\/uploads\/2022\/01\/772325-industrial-computer-stand.jpg 499w, https:\/\/afcindustries.com\/wp-content\/uploads\/2022\/01\/772325-industrial-computer-stand-300x300.jpg 300w, https:\/\/afcindustries.com\/wp-content\/uploads\/2022\/01\/772325-industrial-computer-stand-100x100.jpg 100w, https:\/\/afcindustries.com\/wp-content\/uploads\/2022\/01\/772325-industrial-computer-stand-150x150.jpg 150w\" sizes=\"auto, (max-width: 499px) 100vw, 499px\" title=\"\"><\/a>\n    <h3><a href='https:\/\/afcindustries.com\/es\/producto\/ordenador-industrial-soporte-de-suelo\/' title='Soporte de ordenador industrial para montaje en el suelo'>Soporte de ordenador industrial para montaje en el suelo<\/a><\/h3>\n\t\tSKU:772325\n<\/li><li id=\"woopack-product-20112\"  data-product-id=\"20112\">\n\t<a href='https:\/\/afcindustries.com\/es\/producto\/puesto-de-ordenador-de-montaje-en-el-suelo-con-interruptor-de-parada-de-emergencia\/' title='Puesto de ordenador de montaje en el suelo con interruptor de parada de emergencia'><img width=\"499\" height=\"499\" src=\"https:\/\/afcindustries.com\/wp-content\/uploads\/2022\/01\/772460-computer-pole-station-floor-mount.jpg\" alt=\"772460 computer pole station floor mount\" itemprop=\"image\" decoding=\"async\" loading=\"lazy\" srcset=\"https:\/\/afcindustries.com\/wp-content\/uploads\/2022\/01\/772460-computer-pole-station-floor-mount.jpg 499w, https:\/\/afcindustries.com\/wp-content\/uploads\/2022\/01\/772460-computer-pole-station-floor-mount-300x300.jpg 300w, https:\/\/afcindustries.com\/wp-content\/uploads\/2022\/01\/772460-computer-pole-station-floor-mount-100x100.jpg 100w, https:\/\/afcindustries.com\/wp-content\/uploads\/2022\/01\/772460-computer-pole-station-floor-mount-150x150.jpg 150w\" sizes=\"auto, (max-width: 499px) 100vw, 499px\" title=\"\"><\/a>\n    <h3><a href='https:\/\/afcindustries.com\/es\/producto\/puesto-de-ordenador-de-montaje-en-el-suelo-con-interruptor-de-parada-de-emergencia\/' title='Puesto de ordenador de montaje en el suelo con interruptor de parada de emergencia'>Puesto de ordenador de montaje en el suelo con interruptor de parada de emergencia<\/a><\/h3>\n\t\tSKU:772460\n<\/li><li id=\"woopack-product-20068\"  data-product-id=\"20068\">\n\t<a href='https:\/\/afcindustries.com\/es\/producto\/soporte-de-estacion-de-trabajo-de-ordenador-medico-montado-en-el-suelo\/' title='Soporte de estaci\u00f3n de trabajo de ordenador m\u00e9dico montado en el suelo'><img width=\"499\" height=\"499\" src=\"https:\/\/afcindustries.com\/wp-content\/uploads\/2022\/01\/772770-floor-mounted-medical-computer-workstation-stand.jpg\" alt=\"772770 floor mounted medical computer workstation stand\" itemprop=\"image\" decoding=\"async\" loading=\"lazy\" srcset=\"https:\/\/afcindustries.com\/wp-content\/uploads\/2022\/01\/772770-floor-mounted-medical-computer-workstation-stand.jpg 499w, https:\/\/afcindustries.com\/wp-content\/uploads\/2022\/01\/772770-floor-mounted-medical-computer-workstation-stand-300x300.jpg 300w, https:\/\/afcindustries.com\/wp-content\/uploads\/2022\/01\/772770-floor-mounted-medical-computer-workstation-stand-100x100.jpg 100w, https:\/\/afcindustries.com\/wp-content\/uploads\/2022\/01\/772770-floor-mounted-medical-computer-workstation-stand-150x150.jpg 150w\" sizes=\"auto, (max-width: 499px) 100vw, 499px\" title=\"\"><\/a>\n    <h3><a href='https:\/\/afcindustries.com\/es\/producto\/soporte-de-estacion-de-trabajo-de-ordenador-medico-montado-en-el-suelo\/' title='Soporte de estaci\u00f3n de trabajo de ordenador m\u00e9dico montado en el suelo'>Soporte de estaci\u00f3n de trabajo de ordenador m\u00e9dico montado en el suelo<\/a><\/h3>\n\t\tSKU:772770\n<\/li><li id=\"woopack-product-20081\"  data-product-id=\"20081\">\n\t<a href='https:\/\/afcindustries.com\/es\/producto\/soporte-de-ordenador-medico-montado-en-el-suelo\/' title='Soporte de ordenador m\u00e9dico montado en el suelo'><img width=\"499\" height=\"499\" src=\"https:\/\/afcindustries.com\/wp-content\/uploads\/2022\/01\/772776-floor-mounted-medical-computer-stand.jpg\" alt=\"772776 floor mounted medical computer stand\" itemprop=\"image\" decoding=\"async\" loading=\"lazy\" srcset=\"https:\/\/afcindustries.com\/wp-content\/uploads\/2022\/01\/772776-floor-mounted-medical-computer-stand.jpg 499w, https:\/\/afcindustries.com\/wp-content\/uploads\/2022\/01\/772776-floor-mounted-medical-computer-stand-300x300.jpg 300w, https:\/\/afcindustries.com\/wp-content\/uploads\/2022\/01\/772776-floor-mounted-medical-computer-stand-100x100.jpg 100w, https:\/\/afcindustries.com\/wp-content\/uploads\/2022\/01\/772776-floor-mounted-medical-computer-stand-150x150.jpg 150w\" sizes=\"auto, (max-width: 499px) 100vw, 499px\" title=\"\"><\/a>\n    <h3><a href='https:\/\/afcindustries.com\/es\/producto\/soporte-de-ordenador-medico-montado-en-el-suelo\/' title='Soporte de ordenador m\u00e9dico montado en el suelo'>Soporte de ordenador m\u00e9dico montado en el suelo<\/a><\/h3>\n\t\tSKU:772776\n<\/li><li id=\"woopack-product-20035\"  data-product-id=\"20035\">\n\t<a href='https:\/\/afcindustries.com\/es\/producto\/estacion-de-trabajo-de-ordenador-montada-en-el-suelo-con-armario\/' title='Estaci\u00f3n de trabajo de ordenador montada en el suelo con armario'><img width=\"499\" height=\"499\" src=\"https:\/\/afcindustries.com\/wp-content\/uploads\/2022\/01\/772453-floor-mount-computer-with-shelf-and-cabinet.jpg\" alt=\"772453 floor mount computer with shelf and cabinet\" itemprop=\"image\" decoding=\"async\" loading=\"lazy\" srcset=\"https:\/\/afcindustries.com\/wp-content\/uploads\/2022\/01\/772453-floor-mount-computer-with-shelf-and-cabinet.jpg 499w, https:\/\/afcindustries.com\/wp-content\/uploads\/2022\/01\/772453-floor-mount-computer-with-shelf-and-cabinet-300x300.jpg 300w, https:\/\/afcindustries.com\/wp-content\/uploads\/2022\/01\/772453-floor-mount-computer-with-shelf-and-cabinet-100x100.jpg 100w, https:\/\/afcindustries.com\/wp-content\/uploads\/2022\/01\/772453-floor-mount-computer-with-shelf-and-cabinet-150x150.jpg 150w\" sizes=\"auto, (max-width: 499px) 100vw, 499px\" title=\"\"><\/a>\n    <h3><a href='https:\/\/afcindustries.com\/es\/producto\/estacion-de-trabajo-de-ordenador-montada-en-el-suelo-con-armario\/' title='Estaci\u00f3n de trabajo de ordenador montada en el suelo con armario'>Estaci\u00f3n de trabajo de ordenador montada en el suelo con armario<\/a><\/h3>\n\t\tSKU:772453\n<\/li><li id=\"woopack-product-20055\"  data-product-id=\"20055\">\n\t<a href='https:\/\/afcindustries.com\/es\/producto\/soporte-de-ordenador-industrial-montado-en-el-suelo-2\/' title='Soporte de ordenador industrial montado en el suelo'><img width=\"499\" height=\"499\" src=\"https:\/\/afcindustries.com\/wp-content\/uploads\/2022\/01\/772323-floor-mounted-industrial-computer-stand.jpg\" alt=\"772323 floor mounted industrial computer stand\" itemprop=\"image\" decoding=\"async\" loading=\"lazy\" srcset=\"https:\/\/afcindustries.com\/wp-content\/uploads\/2022\/01\/772323-floor-mounted-industrial-computer-stand.jpg 499w, https:\/\/afcindustries.com\/wp-content\/uploads\/2022\/01\/772323-floor-mounted-industrial-computer-stand-300x300.jpg 300w, https:\/\/afcindustries.com\/wp-content\/uploads\/2022\/01\/772323-floor-mounted-industrial-computer-stand-100x100.jpg 100w, https:\/\/afcindustries.com\/wp-content\/uploads\/2022\/01\/772323-floor-mounted-industrial-computer-stand-150x150.jpg 150w\" sizes=\"auto, (max-width: 499px) 100vw, 499px\" title=\"\"><\/a>\n    <h3><a href='https:\/\/afcindustries.com\/es\/producto\/soporte-de-ordenador-industrial-montado-en-el-suelo-2\/' title='Soporte de ordenador industrial montado en el suelo'>Soporte de ordenador industrial montado en el suelo<\/a><\/h3>\n\t\tSKU:772323\n<\/li><li id=\"woopack-product-19995\"  data-product-id=\"19995\">\n\t<a href='https:\/\/afcindustries.com\/es\/producto\/estacion-de-trabajo-de-ordenador-estacionaria-montaje-en-el-suelo\/' title='Estaci\u00f3n de trabajo de ordenador estacionaria Montaje en el suelo'><img width=\"499\" height=\"499\" src=\"https:\/\/afcindustries.com\/wp-content\/uploads\/2022\/01\/772459-stationary-computer-workstation-floor-mount.jpg\" alt=\"772459 stationary computer workstation floor mount\" itemprop=\"image\" decoding=\"async\" loading=\"lazy\" srcset=\"https:\/\/afcindustries.com\/wp-content\/uploads\/2022\/01\/772459-stationary-computer-workstation-floor-mount.jpg 499w, https:\/\/afcindustries.com\/wp-content\/uploads\/2022\/01\/772459-stationary-computer-workstation-floor-mount-300x300.jpg 300w, https:\/\/afcindustries.com\/wp-content\/uploads\/2022\/01\/772459-stationary-computer-workstation-floor-mount-100x100.jpg 100w, https:\/\/afcindustries.com\/wp-content\/uploads\/2022\/01\/772459-stationary-computer-workstation-floor-mount-150x150.jpg 150w\" sizes=\"auto, (max-width: 499px) 100vw, 499px\" title=\"\"><\/a>\n    <h3><a href='https:\/\/afcindustries.com\/es\/producto\/estacion-de-trabajo-de-ordenador-estacionaria-montaje-en-el-suelo\/' title='Estaci\u00f3n de trabajo de ordenador estacionaria Montaje en el suelo'>Estaci\u00f3n de trabajo de ordenador estacionaria Montaje en el suelo<\/a><\/h3>\n\t\tSKU:772459\n<\/li><li id=\"woopack-product-19931\"  data-product-id=\"19931\">\n\t<a href='https:\/\/afcindustries.com\/es\/producto\/soporte-de-suelo-universal-para-ipad\/' title='Soporte de suelo universal para iPad'><img width=\"499\" height=\"499\" src=\"https:\/\/afcindustries.com\/wp-content\/uploads\/2022\/01\/772799-ipad-tablet-floor-stand.jpg\" alt=\"772799 ipad tablet floor stand\" itemprop=\"image\" decoding=\"async\" loading=\"lazy\" srcset=\"https:\/\/afcindustries.com\/wp-content\/uploads\/2022\/01\/772799-ipad-tablet-floor-stand.jpg 499w, https:\/\/afcindustries.com\/wp-content\/uploads\/2022\/01\/772799-ipad-tablet-floor-stand-300x300.jpg 300w, https:\/\/afcindustries.com\/wp-content\/uploads\/2022\/01\/772799-ipad-tablet-floor-stand-100x100.jpg 100w, https:\/\/afcindustries.com\/wp-content\/uploads\/2022\/01\/772799-ipad-tablet-floor-stand-150x150.jpg 150w\" sizes=\"auto, (max-width: 499px) 100vw, 499px\" title=\"\"><\/a>\n    <h3><a href='https:\/\/afcindustries.com\/es\/producto\/soporte-de-suelo-universal-para-ipad\/' title='Soporte de suelo universal para iPad'>Soporte de suelo universal para iPad<\/a><\/h3>\n\t\tSKU:772799\n<\/li><li id=\"woopack-product-19933\"  data-product-id=\"19933\">\n\t<a href='https:\/\/afcindustries.com\/es\/producto\/estacion-de-trabajo-industrial-de-ordenador-de-pie\/' title='Estaci\u00f3n de trabajo industrial de ordenador de pie'><img width=\"499\" height=\"499\" src=\"https:\/\/afcindustries.com\/wp-content\/uploads\/2022\/01\/772403-industrial-computer-stand.jpg\" alt=\"772403 industrial computer stand\" itemprop=\"image\" decoding=\"async\" loading=\"lazy\" srcset=\"https:\/\/afcindustries.com\/wp-content\/uploads\/2022\/01\/772403-industrial-computer-stand.jpg 499w, https:\/\/afcindustries.com\/wp-content\/uploads\/2022\/01\/772403-industrial-computer-stand-300x300.jpg 300w, https:\/\/afcindustries.com\/wp-content\/uploads\/2022\/01\/772403-industrial-computer-stand-100x100.jpg 100w, https:\/\/afcindustries.com\/wp-content\/uploads\/2022\/01\/772403-industrial-computer-stand-150x150.jpg 150w\" sizes=\"auto, (max-width: 499px) 100vw, 499px\" title=\"\"><\/a>\n    <h3><a href='https:\/\/afcindustries.com\/es\/producto\/estacion-de-trabajo-industrial-de-ordenador-de-pie\/' title='Estaci\u00f3n de trabajo industrial de ordenador de pie'>Estaci\u00f3n de trabajo industrial de ordenador de pie<\/a><\/h3>\n\t\tSKU:772403\n<\/li><li id=\"woopack-product-19821\"  data-product-id=\"19821\">\n\t<a href='https:\/\/afcindustries.com\/es\/producto\/estacion-de-trabajo-con-soporte-para-ordenador\/' title='Estaci\u00f3n de trabajo con soporte para ordenador'><img width=\"499\" height=\"499\" src=\"https:\/\/afcindustries.com\/wp-content\/uploads\/2022\/01\/772771-pole-stand-computer-mounting-workstation.jpg\" alt=\"772771 pole stand computer mounting workstation\" itemprop=\"image\" decoding=\"async\" loading=\"lazy\" srcset=\"https:\/\/afcindustries.com\/wp-content\/uploads\/2022\/01\/772771-pole-stand-computer-mounting-workstation.jpg 499w, https:\/\/afcindustries.com\/wp-content\/uploads\/2022\/01\/772771-pole-stand-computer-mounting-workstation-300x300.jpg 300w, https:\/\/afcindustries.com\/wp-content\/uploads\/2022\/01\/772771-pole-stand-computer-mounting-workstation-100x100.jpg 100w, https:\/\/afcindustries.com\/wp-content\/uploads\/2022\/01\/772771-pole-stand-computer-mounting-workstation-150x150.jpg 150w\" sizes=\"auto, (max-width: 499px) 100vw, 499px\" title=\"\"><\/a>\n    <h3><a href='https:\/\/afcindustries.com\/es\/producto\/estacion-de-trabajo-con-soporte-para-ordenador\/' title='Estaci\u00f3n de trabajo con soporte para ordenador'>Estaci\u00f3n de trabajo con soporte para ordenador<\/a><\/h3>\n\t\tSKU:772771\n<\/li><li id=\"woopack-product-19828\"  data-product-id=\"19828\">\n\t<a href='https:\/\/afcindustries.com\/es\/producto\/estacion-de-ordenador-con-base-en-el-suelo\/' title='Estaci\u00f3n de ordenador con base en el suelo'><img width=\"499\" height=\"499\" src=\"https:\/\/afcindustries.com\/wp-content\/uploads\/2022\/01\/772405-two-side-computer-station.jpg\" alt=\"772405 two side computer station\" itemprop=\"image\" decoding=\"async\" loading=\"lazy\" srcset=\"https:\/\/afcindustries.com\/wp-content\/uploads\/2022\/01\/772405-two-side-computer-station.jpg 499w, https:\/\/afcindustries.com\/wp-content\/uploads\/2022\/01\/772405-two-side-computer-station-300x300.jpg 300w, https:\/\/afcindustries.com\/wp-content\/uploads\/2022\/01\/772405-two-side-computer-station-100x100.jpg 100w, https:\/\/afcindustries.com\/wp-content\/uploads\/2022\/01\/772405-two-side-computer-station-150x150.jpg 150w\" sizes=\"auto, (max-width: 499px) 100vw, 499px\" title=\"\"><\/a>\n    <h3><a href='https:\/\/afcindustries.com\/es\/producto\/estacion-de-ordenador-con-base-en-el-suelo\/' title='Estaci\u00f3n de ordenador con base en el suelo'>Estaci\u00f3n de ordenador con base en el suelo<\/a><\/h3>\n\t\tSKU:772405\n<\/li>\t\t\t\t\n\t\t\t<\/ul>\n\t<ul class='page-numbers'>\n\t<li>1<\/li>\n\t<li><a href=\"https:\/\/afcindustries.com\/es\/page\/2\/?page_id=19507&#038;fl_builder\">2<\/a><\/li>\n\t<li><a href=\"https:\/\/afcindustries.com\/es\/page\/2\/?page_id=19507&#038;fl_builder\">Siguiente &raquo;<\/a><\/li>\n<\/ul>\n<h2>\n\t\tEstaci\u00f3n de trabajo con monitor montado en el suelo\n\t<\/h2>\n\t<p>El soporte para computadora montado en el piso de AFC est\u00e1 dise\u00f1ado para soportar los rigores de los entornos de trabajo industriales. Fabricado con materiales resistentes, ofrece una confiabilidad inigualable, incluso en los entornos m\u00e1s exigentes. Mejore su espacio de trabajo con nuestra soluci\u00f3n confiable.<\/p>\n<p>Nuestros soportes para puestos de trabajo inform\u00e1ticos montados en el suelo son vers\u00e1tiles; est\u00e1n dise\u00f1ados para ser f\u00e1cilmente ajustables y adaptarse a las preferencias del usuario. Adem\u00e1s, no requieren grandes espacios en el suelo. Estos soportes para estaciones de trabajo de ordenador tienen todo lo necesario para sostener el monitor del ordenador, la CPU, el teclado y la bandeja del rat\u00f3n.<\/p>\n\n","protected":false},"excerpt":{"rendered":"<p>Soportes Ergon\u00f3micos Mostrando el \u00fanico resultado Orden predeterminadoOrdenar por popularidadOrdenar por los \u00faltimosOrdenar por precio: bajo a altoOrdenar por precio: alto a bajo Estaci\u00f3n de trabajo con soporte para ordenador SKU:772458 Soporte de ordenador industrial para montaje en el suelo SKU:772325 Puesto de ordenador de montaje en el suelo con interruptor de parada de emergencia&hellip;<\/p>\n","protected":false},"author":1,"featured_media":0,"parent":0,"menu_order":0,"comment_status":"closed","ping_status":"closed","template":"","meta":{"_acf_changed":false,"inline_featured_image":false,"footnotes":""},"class_list":["post-19507","page","type-page","status-publish","hentry"],"acf":[],"_links":{"self":[{"href":"https:\/\/afcindustries.com\/es\/wp-json\/wp\/v2\/pages\/19507","targetHints":{"allow":["GET"]}}],"collection":[{"href":"https:\/\/afcindustries.com\/es\/wp-json\/wp\/v2\/pages"}],"about":[{"href":"https:\/\/afcindustries.com\/es\/wp-json\/wp\/v2\/types\/page"}],"author":[{"embeddable":true,"href":"https:\/\/afcindustries.com\/es\/wp-json\/wp\/v2\/users\/1"}],"replies":[{"embeddable":true,"href":"https:\/\/afcindustries.com\/es\/wp-json\/wp\/v2\/comments?post=19507"}],"version-history":[{"count":0,"href":"https:\/\/afcindustries.com\/es\/wp-json\/wp\/v2\/pages\/19507\/revisions"}],"wp:attachment":[{"href":"https:\/\/afcindustries.com\/es\/wp-json\/wp\/v2\/media?parent=19507"}],"curies":[{"name":"wp","href":"https:\/\/api.w.org\/{rel}","templated":true}]}}