{"id":19489,"date":"2022-02-18T21:07:58","date_gmt":"2022-02-19T02:07:58","guid":{"rendered":"https:\/\/afcindustries.com\/carros-oem\/"},"modified":"2026-02-11T16:39:03","modified_gmt":"2026-02-11T21:39:03","slug":"carros-oem","status":"publish","type":"page","link":"https:\/\/afcindustries.com\/es\/carros-oem\/","title":{"rendered":"Carros OEM"},"content":{"rendered":"\n\n\t<h2>\n\t\tOEM\n\t<\/h2>\n\t\t\t\t\t\t\t\t<a href=\"https:\/\/afcindustries.com\/es\/contacte-con\/\" target=\"_self\" rel=\"noopener\">\n\t\t\t\t\t\t\t\t\t<img loading=\"lazy\" decoding=\"async\" src=\"https:\/\/afcindustries.com\/wp-content\/uploads\/2022\/05\/Promo-Fall-23.gif\" alt=\"Promo Fall\" height=\"450\" width=\"280\" title=\"Promo Fall\" \/>\n\t\t\t\t\t\t\t\t\t\t\t\t\t<\/a>\n\n\n\tMostrando el \u00fanico resultado\n\n\t\n\t\t\t\t\tOrden predeterminado\n\t\t\t\t\tOrdenar por popularidad\n\t\t\t\t\tOrdenar por los \u00faltimos\n\t\t\t\t\tOrdenar por precio: bajo a alto\n\t\t\t\t\tOrdenar por precio: alto a bajo\n\t\t\t\n\t\n\t\n\t\t\t<ul>\n\t\t\t\t<li id=\"woopack-product-20181\" data-product-id=\"20181\">\n\t<a href=\"https:\/\/afcindustries.com\/es\/producto\/carro-de-suministros-medicos-multi-basket\/\" title='Carro de suministros m\u00e9dicos Multi Basket'><img decoding=\"async\" width=\"318\" height=\"500\" src=\"https:\/\/afcindustries.com\/wp-content\/uploads\/2022\/01\/772358-medical-supplies-trolley-cart.jpg\" alt=\"772358 medical supplies trolley cart\" loading=\"lazy\" title=\"\"><\/a>\n    <h3><a href=\"https:\/\/afcindustries.com\/es\/producto\/carro-de-suministros-medicos-multi-basket\/\" title='Carro de suministros m\u00e9dicos Multi Basket'>Carro de suministros m\u00e9dicos Multi Basket<\/a><\/h3>\n\t\tSKU:772358\n<\/li><li id=\"woopack-product-20135\" data-product-id=\"20135\">\n\t<a href=\"https:\/\/afcindustries.com\/es\/producto\/carro-de-ordenador-medico-de-doble-monitor-oem-3\/\" title='Carro de ordenador m\u00e9dico de doble monitor OEM'><img decoding=\"async\" width=\"549\" height=\"433\" src=\"https:\/\/afcindustries.com\/wp-content\/uploads\/2022\/01\/OEM-30-dual-monitor-medical-computer-cart.jpg\" alt=\"OEM 30 dual monitor medical computer cart\" loading=\"lazy\" title=\"\"><\/a>\n    <h3><a href=\"https:\/\/afcindustries.com\/es\/producto\/carro-de-ordenador-medico-de-doble-monitor-oem-3\/\" title='Carro de ordenador m\u00e9dico de doble monitor OEM'>Carro de ordenador m\u00e9dico de doble monitor OEM<\/a><\/h3>\n\t\tSKU:OEM-30\n<\/li><li id=\"woopack-product-20144\" data-product-id=\"20144\">\n\t<a href=\"https:\/\/afcindustries.com\/es\/producto\/informatica-medica-sobre-ruedas\/\" title='Inform\u00e1tica m\u00e9dica sobre ruedas'><img decoding=\"async\" width=\"500\" height=\"500\" src=\"https:\/\/afcindustries.com\/wp-content\/uploads\/2022\/01\/772714-mobile-computer-cart-with-cabinets.jpg\" alt=\"772714 mobile computer cart with cabinets\" loading=\"lazy\" title=\"\"><\/a>\n    <h3><a href=\"https:\/\/afcindustries.com\/es\/producto\/informatica-medica-sobre-ruedas\/\" title='Inform\u00e1tica m\u00e9dica sobre ruedas'>Inform\u00e1tica m\u00e9dica sobre ruedas<\/a><\/h3>\n\t\tSKU:OEM-6\n<\/li><li id=\"woopack-product-20196\" data-product-id=\"20196\">\n\t<a href=\"https:\/\/afcindustries.com\/es\/producto\/carro-con-cerradura-para-proyectores-y-ordenadores-portatiles\/\" title='Carro con cerradura para proyectores y ordenadores port\u00e1tiles'><img decoding=\"async\" width=\"364\" height=\"500\" src=\"https:\/\/afcindustries.com\/wp-content\/uploads\/2022\/01\/projector-and-laptop-locking-cart.jpg\" alt=\"projector and laptop locking cart\" loading=\"lazy\" title=\"\"><\/a>\n    <h3><a href=\"https:\/\/afcindustries.com\/es\/producto\/carro-con-cerradura-para-proyectores-y-ordenadores-portatiles\/\" title='Carro con cerradura para proyectores y ordenadores port\u00e1tiles'>Carro con cerradura para proyectores y ordenadores port\u00e1tiles<\/a><\/h3>\n\t\tSKU:772561\n<\/li><li id=\"woopack-product-20057\" data-product-id=\"20057\">\n\t<a href=\"https:\/\/afcindustries.com\/es\/producto\/carro-medico-con-cajon-oem\/\" title='Carro m\u00e9dico con caj\u00f3n OEM'><img decoding=\"async\" width=\"549\" height=\"433\" src=\"https:\/\/afcindustries.com\/wp-content\/uploads\/2022\/01\/OEM-20-medical-utility-cart-with-drawer.jpg\" alt=\"OEM 20 medical utility cart with drawer\" loading=\"lazy\" title=\"\"><\/a>\n    <h3><a href=\"https:\/\/afcindustries.com\/es\/producto\/carro-medico-con-cajon-oem\/\" title='Carro m\u00e9dico con caj\u00f3n OEM'>Carro m\u00e9dico con caj\u00f3n OEM<\/a><\/h3>\n\t\tSKU:OEM-20\n<\/li><li id=\"woopack-product-20043\" data-product-id=\"20043\">\n\t<a href=\"https:\/\/afcindustries.com\/es\/producto\/carro-medico-con-bandeja-de-dos-niveles-y-cajon-oem\/\" title='Carro m\u00e9dico con bandeja de dos niveles y caj\u00f3n OEM'><img decoding=\"async\" width=\"549\" height=\"433\" src=\"https:\/\/afcindustries.com\/wp-content\/uploads\/2022\/01\/OEM-25-two-level-tray-medical-cart-with-drawer.jpg\" alt=\"OEM 25 two level tray medical cart with drawer\" loading=\"lazy\" title=\"\"><\/a>\n    <h3><a href=\"https:\/\/afcindustries.com\/es\/producto\/carro-medico-con-bandeja-de-dos-niveles-y-cajon-oem\/\" title='Carro m\u00e9dico con bandeja de dos niveles y caj\u00f3n OEM'>Carro m\u00e9dico con bandeja de dos niveles y caj\u00f3n OEM<\/a><\/h3>\n\t\tSKU:OEM-25\n<\/li><li id=\"woopack-product-20046\" data-product-id=\"20046\">\n\t<a href=\"https:\/\/afcindustries.com\/es\/producto\/carro-de-ordenador-medico-para-la-sanidad\/\" title='Carro de ordenador m\u00e9dico para la sanidad'><img decoding=\"async\" width=\"499\" height=\"499\" src=\"https:\/\/afcindustries.com\/wp-content\/uploads\/2022\/01\/OEM-8-height-adjustable-mobile-computer-cart.jpg\" alt=\"OEM 8 height adjustable mobile computer cart\" loading=\"lazy\" title=\"\"><\/a>\n    <h3><a href=\"https:\/\/afcindustries.com\/es\/producto\/carro-de-ordenador-medico-para-la-sanidad\/\" title='Carro de ordenador m\u00e9dico para la sanidad'>Carro de ordenador m\u00e9dico para la sanidad<\/a><\/h3>\n\t\tSKU:OEM-8\n<\/li><li id=\"woopack-product-20041\" data-product-id=\"20041\">\n\t<a href=\"https:\/\/afcindustries.com\/es\/producto\/mejor-brazo-de-montaje-de-doble-monitor-oem\/\" title='Mejor brazo de montaje de doble monitor OEM'><img decoding=\"async\" width=\"549\" height=\"433\" src=\"https:\/\/afcindustries.com\/wp-content\/uploads\/2022\/01\/OEM-18-best-dual-monitor-mount-arm.jpg\" alt=\"OEM 18 best dual monitor mount arm\" loading=\"lazy\" title=\"\"><\/a>\n    <h3><a href=\"https:\/\/afcindustries.com\/es\/producto\/mejor-brazo-de-montaje-de-doble-monitor-oem\/\" title='Mejor brazo de montaje de doble monitor OEM'>Mejor brazo de montaje de doble monitor OEM<\/a><\/h3>\n\t\tSKU:OEM-18\n<\/li><li id=\"woopack-product-20053\" data-product-id=\"20053\">\n\t<a href=\"https:\/\/afcindustries.com\/es\/producto\/carro-para-armarios\/\" title='Carro para armarios'><img decoding=\"async\" width=\"500\" height=\"475\" src=\"https:\/\/afcindustries.com\/wp-content\/uploads\/2022\/01\/771632-adjustable-cabinet-cart.jpg\" alt=\"771632 adjustable cabinet cart\" loading=\"lazy\" title=\"\"><\/a>\n    <h3><a href=\"https:\/\/afcindustries.com\/es\/producto\/carro-para-armarios\/\" title='Carro para armarios'>Carro para armarios<\/a><\/h3>\n\t\tSKU:771632\n<\/li><li id=\"woopack-product-20022\" data-product-id=\"20022\">\n\t<a href=\"https:\/\/afcindustries.com\/es\/producto\/carro-de-ordenador-para-quiosco-de-hospital-sobre-guias\/\" title='Privado: Carro de ordenador para quiosco de hospital sobre gu\u00edas'><img decoding=\"async\" width=\"500\" height=\"500\" src=\"https:\/\/afcindustries.com\/wp-content\/uploads\/2022\/01\/OEM-1-medical-computer-cart-on-wheels.jpg\" alt=\"OEM 1 medical computer cart on wheels\" loading=\"lazy\" title=\"\"><\/a>\n    <h3><a href=\"https:\/\/afcindustries.com\/es\/producto\/carro-de-ordenador-para-quiosco-de-hospital-sobre-guias\/\" title='Privado: Carro de ordenador para quiosco de hospital sobre gu\u00edas'>Privado: Carro de ordenador para quiosco de hospital sobre gu\u00edas<\/a><\/h3>\n\t\tSKU:OEM-1\n<\/li><li id=\"woopack-product-20011\" data-product-id=\"20011\">\n\t<a href=\"https:\/\/afcindustries.com\/es\/producto\/carro-de-ordenador-medico-de-hospital-con-estante\/\" title='Carro de ordenador m\u00e9dico de hospital con estante'><img decoding=\"async\" width=\"500\" height=\"500\" src=\"https:\/\/afcindustries.com\/wp-content\/uploads\/2022\/01\/OEM-4-medical-computer-cart.jpg\" alt=\"OEM 4 medical computer cart\" loading=\"lazy\" title=\"\"><\/a>\n    <h3><a href=\"https:\/\/afcindustries.com\/es\/producto\/carro-de-ordenador-medico-de-hospital-con-estante\/\" title='Carro de ordenador m\u00e9dico de hospital con estante'>Carro de ordenador m\u00e9dico de hospital con estante<\/a><\/h3>\n\t\tSKU:OEM-4\n<\/li><li id=\"woopack-product-19967\" data-product-id=\"19967\">\n\t<a href=\"https:\/\/afcindustries.com\/es\/producto\/escritorio-de-ordenador-blanco\/\" title='Escritorio de ordenador blanco'><img decoding=\"async\" width=\"455\" height=\"531\" src=\"https:\/\/afcindustries.com\/wp-content\/uploads\/2022\/01\/771627-sturdy-medical-equipment-housing-desk.jpg\" alt=\"771627 sturdy medical equipment housing desk\" loading=\"lazy\" title=\"\"><\/a>\n    <h3><a href=\"https:\/\/afcindustries.com\/es\/producto\/escritorio-de-ordenador-blanco\/\" title='Escritorio de ordenador blanco'>Escritorio de ordenador blanco<\/a><\/h3>\n\t\tSKU:771627\n<\/li>\t\t\t\t\n\t\t\t<\/ul>\n\t<ul class='page-numbers'>\n\t<li>1<\/li>\n\t<li><a href=\"https:\/\/afcindustries.com\/es\/page\/2\/?page_id=19489&#038;fl_builder\">2<\/a><\/li>\n\t<li><a href=\"https:\/\/afcindustries.com\/es\/page\/3\/?page_id=19489&#038;fl_builder\">3<\/a><\/li>\n\t<li><a href=\"https:\/\/afcindustries.com\/es\/page\/2\/?page_id=19489&#038;fl_builder\">Siguiente &raquo;<\/a><\/li>\n<\/ul>\n<h2>\n\t\tCarrito de ordenador m\u00e9dico port\u00e1til para el punto de atenci\u00f3n\n\t<\/h2>\n\t<p>En AFC Industries, comprendemos que sus procesos industriales son \u00fanicos y que las soluciones universales no son suficientes. Por eso, ofrecemos una gama de soluciones de carros OEM que se pueden personalizar para cumplir con sus especificaciones exactas. Nuestro equipo de expertos trabaja en estrecha colaboraci\u00f3n con usted para dise\u00f1ar carros que mejoren la productividad, la eficiencia y la seguridad en su lugar de trabajo.<\/p>\n<p>Con nuestras soluciones de carros OEM, puede optimizar la manipulaci\u00f3n, el almacenamiento y el transporte de materiales dentro de sus instalaciones. Ya sea que necesite carros especializados para la fabricaci\u00f3n, la atenci\u00f3n m\u00e9dica o cualquier otra industria, lo tenemos cubierto. Nuestro compromiso con la innovaci\u00f3n y la calidad garantiza que reciba carros dise\u00f1ados para durar y funcionar sin problemas en su entorno.<\/p>\n<p>Descubra la diferencia que las soluciones de carros OEM personalizadas pueden generar en sus operaciones. AFC Industries es su socio de confianza para brindar excelencia personalizada. Experimente un flujo de trabajo y una eficiencia mejorados con nuestros innovadores dise\u00f1os de carros. Comun\u00edquese con nosotros hoy para analizar sus necesidades espec\u00edficas y perm\u00edtanos crear las soluciones de carros OEM perfectas para usted.<\/p>\n<h2>\n\t\tCarrito de ordenador m\u00e9dico port\u00e1til para el punto de atenci\u00f3n\n\t<\/h2>\n\t<p>Los carros de estaciones de trabajo m\u00f3viles para ordenadores m\u00e9dicos de AFC Industries mejoran la productividad y la eficiencia de los profesionales m\u00e9dicos en entornos sanitarios con dise\u00f1os ergon\u00f3micos muy c\u00f3modos que cuentan con caracter\u00edsticas f\u00e1ciles de usar. Nuestros carros m\u00e9dicos para puntos de atenci\u00f3n OEM est\u00e1n equipados con \u00fatiles funcionalidades de \u00faltima generaci\u00f3n para ayudar a los profesionales sanitarios a obtener una comodidad \u00f3ptima a trav\u00e9s de la facilidad de uso y la versatilidad de los dispositivos.<\/p>\n<p>Con m\u00e1s de 20 a\u00f1os de excelencia en la fabricaci\u00f3n de muebles, AFC Industries sigue liderando el mercado del mobiliario industrial al continuar proporcionando productos de la m\u00e1s alta calidad que cumplen con las exigentes necesidades de cada cliente.<\/p>\n\n","protected":false},"excerpt":{"rendered":"<p>OEM Mostrando el \u00fanico resultado Orden predeterminado Ordenar por popularidad Ordenar por los \u00faltimos Ordenar por precio: bajo a alto Ordenar por precio: alto a bajo Carro de suministros m\u00e9dicos Multi Basket SKU:772358 Carro de ordenador m\u00e9dico de doble monitor OEM SKU:OEM-30 Inform\u00e1tica m\u00e9dica sobre ruedas SKU:OEM-6 Carro con cerradura para proyectores y ordenadores port\u00e1tiles&hellip;<\/p>\n","protected":false},"author":1,"featured_media":0,"parent":0,"menu_order":0,"comment_status":"closed","ping_status":"closed","template":"","meta":{"_acf_changed":false,"inline_featured_image":false,"footnotes":""},"class_list":["post-19489","page","type-page","status-publish","hentry"],"acf":[],"_links":{"self":[{"href":"https:\/\/afcindustries.com\/es\/wp-json\/wp\/v2\/pages\/19489","targetHints":{"allow":["GET"]}}],"collection":[{"href":"https:\/\/afcindustries.com\/es\/wp-json\/wp\/v2\/pages"}],"about":[{"href":"https:\/\/afcindustries.com\/es\/wp-json\/wp\/v2\/types\/page"}],"author":[{"embeddable":true,"href":"https:\/\/afcindustries.com\/es\/wp-json\/wp\/v2\/users\/1"}],"replies":[{"embeddable":true,"href":"https:\/\/afcindustries.com\/es\/wp-json\/wp\/v2\/comments?post=19489"}],"version-history":[{"count":0,"href":"https:\/\/afcindustries.com\/es\/wp-json\/wp\/v2\/pages\/19489\/revisions"}],"wp:attachment":[{"href":"https:\/\/afcindustries.com\/es\/wp-json\/wp\/v2\/media?parent=19489"}],"curies":[{"name":"wp","href":"https:\/\/api.w.org\/{rel}","templated":true}]}}