{"id":19488,"date":"2022-02-17T15:00:00","date_gmt":"2022-02-17T20:00:00","guid":{"rendered":"https:\/\/afcindustries.com\/estacion-de-trabajo-montada-en-la-pared\/"},"modified":"2024-10-04T14:47:41","modified_gmt":"2024-10-04T18:47:41","slug":"estacion-de-trabajo-montada-en-la-pared","status":"publish","type":"page","link":"https:\/\/afcindustries.com\/es\/estacion-de-trabajo-montada-en-la-pared\/","title":{"rendered":"Estaci\u00f3n de trabajo montada en la pared"},"content":{"rendered":"\n\n\t<h2>\n\t\tSoportes Ergon\u00f3micos\n\t<\/h2>\n\t\t\t\t\t\t\t\t<a href=\"https:\/\/afcindustries.com\/contact\/\" target=\"_self\" itemprop=\"url\" rel=\"noopener\">\n\t\t\t\t\t\t\t\t\t<img loading=\"lazy\" decoding=\"async\" src=\"https:\/\/afcindustries.com\/wp-content\/uploads\/2022\/05\/Promo-Fall-23.gif\" alt=\"Promo Fall\" itemprop=\"image\" height=\"450\" width=\"280\" title=\"Promo Fall\" onerror=\"this.style.display='none'\"  \/>\n\t\t\t\t\t\t\t\t\t\t\t\t\t<\/a>\n\n\n\tMostrando el \u00fanico resultado\n<form method=\"get\">\n\t<select name=\"orderby\" aria-label=\"Pedido de la tienda\">\n\t\t\t\t\t<option value=\"menu_order\"  selected='selected'>Orden predeterminado<\/option>\n\t\t\t\t\t<option value=\"popularity\">Ordenar por popularidad<\/option>\n\t\t\t\t\t<option value=\"date\">Ordenar por los \u00faltimos<\/option>\n\t\t\t\t\t<option value=\"price\">Ordenar por precio: bajo a alto<\/option>\n\t\t\t\t\t<option value=\"price-desc\">Ordenar por precio: alto a bajo<\/option>\n\t\t\t<\/select>\n\t<input type=\"hidden\" name=\"paged\" value=\"1\" \/>\n\t<input type=\"hidden\" name=\"page_id\" value=\"19488\" \/><input type=\"hidden\" name=\"fl_builder\" value=\"\" \/><\/form>\n\t\t\t<ul>\n\t\t\t\t<li id=\"woopack-product-20164\"  data-product-id=\"20164\">\n\t<a href='https:\/\/afcindustries.com\/es\/producto\/estacion-de-trabajo-para-portatiles-montada-en-la-pared\/' title='Estaci\u00f3n de trabajo para port\u00e1tiles montada en la pared'><img width=\"499\" height=\"499\" src=\"https:\/\/afcindustries.com\/wp-content\/uploads\/2022\/01\/772086-wall-mounted-laptop-workstation.jpg\" alt=\"772086 wall mounted laptop workstation\" itemprop=\"image\" decoding=\"async\" loading=\"lazy\" srcset=\"https:\/\/afcindustries.com\/wp-content\/uploads\/2022\/01\/772086-wall-mounted-laptop-workstation.jpg 499w, https:\/\/afcindustries.com\/wp-content\/uploads\/2022\/01\/772086-wall-mounted-laptop-workstation-300x300.jpg 300w, https:\/\/afcindustries.com\/wp-content\/uploads\/2022\/01\/772086-wall-mounted-laptop-workstation-100x100.jpg 100w, https:\/\/afcindustries.com\/wp-content\/uploads\/2022\/01\/772086-wall-mounted-laptop-workstation-150x150.jpg 150w\" sizes=\"auto, (max-width: 499px) 100vw, 499px\" title=\"\"><\/a>\n    <h3><a href='https:\/\/afcindustries.com\/es\/producto\/estacion-de-trabajo-para-portatiles-montada-en-la-pared\/' title='Estaci\u00f3n de trabajo para port\u00e1tiles montada en la pared'>Estaci\u00f3n de trabajo para port\u00e1tiles montada en la pared<\/a><\/h3>\n\t\tSKU:772086\n<\/li><li id=\"woopack-product-20159\"  data-product-id=\"20159\">\n\t<a href='https:\/\/afcindustries.com\/es\/producto\/estacion-de-trabajo-de-ordenador-montada-en-la-pared-con-soporte-para-cpu\/' title='Estaci\u00f3n de trabajo de ordenador montada en la pared con soporte para CPU'><img width=\"499\" height=\"499\" src=\"https:\/\/afcindustries.com\/wp-content\/uploads\/2022\/01\/771803-elegant-wall-mounted-workstation.jpg\" alt=\"771803 elegant wall mounted workstation\" itemprop=\"image\" decoding=\"async\" loading=\"lazy\" srcset=\"https:\/\/afcindustries.com\/wp-content\/uploads\/2022\/01\/771803-elegant-wall-mounted-workstation.jpg 499w, https:\/\/afcindustries.com\/wp-content\/uploads\/2022\/01\/771803-elegant-wall-mounted-workstation-300x300.jpg 300w, https:\/\/afcindustries.com\/wp-content\/uploads\/2022\/01\/771803-elegant-wall-mounted-workstation-100x100.jpg 100w, https:\/\/afcindustries.com\/wp-content\/uploads\/2022\/01\/771803-elegant-wall-mounted-workstation-150x150.jpg 150w\" sizes=\"auto, (max-width: 499px) 100vw, 499px\" title=\"\"><\/a>\n    <h3><a href='https:\/\/afcindustries.com\/es\/producto\/estacion-de-trabajo-de-ordenador-montada-en-la-pared-con-soporte-para-cpu\/' title='Estaci\u00f3n de trabajo de ordenador montada en la pared con soporte para CPU'>Estaci\u00f3n de trabajo de ordenador montada en la pared con soporte para CPU<\/a><\/h3>\n\t\tSKU:771803\n<\/li><li id=\"woopack-product-20128\"  data-product-id=\"20128\">\n\t<a href='https:\/\/afcindustries.com\/es\/producto\/armario-de-pared-para-estacion-de-trabajo-con-ordenador\/' title='Armario de pared para estaci\u00f3n de trabajo con ordenador'><img width=\"499\" height=\"499\" src=\"https:\/\/afcindustries.com\/wp-content\/uploads\/2022\/01\/771808-computer-workstation-wall-cabinet.jpg\" alt=\"771808 computer workstation wall cabinet\" itemprop=\"image\" decoding=\"async\" loading=\"lazy\" srcset=\"https:\/\/afcindustries.com\/wp-content\/uploads\/2022\/01\/771808-computer-workstation-wall-cabinet.jpg 499w, https:\/\/afcindustries.com\/wp-content\/uploads\/2022\/01\/771808-computer-workstation-wall-cabinet-300x300.jpg 300w, https:\/\/afcindustries.com\/wp-content\/uploads\/2022\/01\/771808-computer-workstation-wall-cabinet-100x100.jpg 100w, https:\/\/afcindustries.com\/wp-content\/uploads\/2022\/01\/771808-computer-workstation-wall-cabinet-150x150.jpg 150w\" sizes=\"auto, (max-width: 499px) 100vw, 499px\" title=\"\"><\/a>\n    <h3><a href='https:\/\/afcindustries.com\/es\/producto\/armario-de-pared-para-estacion-de-trabajo-con-ordenador\/' title='Armario de pared para estaci\u00f3n de trabajo con ordenador'>Armario de pared para estaci\u00f3n de trabajo con ordenador<\/a><\/h3>\n\t\tSKU:771808\n<\/li><li id=\"woopack-product-20140\"  data-product-id=\"20140\">\n\t<a href='https:\/\/afcindustries.com\/es\/producto\/estacion-de-trabajo-de-ordenador-con-cerradura-montada-en-la-pared\/' title='Estaci\u00f3n de trabajo de ordenador con cerradura montada en la pared'><img width=\"499\" height=\"499\" src=\"https:\/\/afcindustries.com\/wp-content\/uploads\/2022\/01\/772125-lockable-wall-mounted-workstation.jpg\" alt=\"772125 lockable wall mounted workstation\" itemprop=\"image\" decoding=\"async\" loading=\"lazy\" srcset=\"https:\/\/afcindustries.com\/wp-content\/uploads\/2022\/01\/772125-lockable-wall-mounted-workstation.jpg 499w, https:\/\/afcindustries.com\/wp-content\/uploads\/2022\/01\/772125-lockable-wall-mounted-workstation-300x300.jpg 300w, https:\/\/afcindustries.com\/wp-content\/uploads\/2022\/01\/772125-lockable-wall-mounted-workstation-100x100.jpg 100w, https:\/\/afcindustries.com\/wp-content\/uploads\/2022\/01\/772125-lockable-wall-mounted-workstation-150x150.jpg 150w\" sizes=\"auto, (max-width: 499px) 100vw, 499px\" title=\"\"><\/a>\n    <h3><a href='https:\/\/afcindustries.com\/es\/producto\/estacion-de-trabajo-de-ordenador-con-cerradura-montada-en-la-pared\/' title='Estaci\u00f3n de trabajo de ordenador con cerradura montada en la pared'>Estaci\u00f3n de trabajo de ordenador con cerradura montada en la pared<\/a><\/h3>\n\t\tSKU:772125\n<\/li><li id=\"woopack-product-20119\"  data-product-id=\"20119\">\n\t<a href='https:\/\/afcindustries.com\/es\/producto\/estacion-de-trabajo-para-ordenador-con-armario-metalico-montado-en-la-pared\/' title='Estaci\u00f3n de trabajo para ordenador con armario met\u00e1lico montado en la pared'><img width=\"499\" height=\"499\" src=\"https:\/\/afcindustries.com\/wp-content\/uploads\/2022\/01\/772085-wall-mounted-computer-workstation.jpg\" alt=\"772085 wall mounted computer workstation\" itemprop=\"image\" decoding=\"async\" loading=\"lazy\" srcset=\"https:\/\/afcindustries.com\/wp-content\/uploads\/2022\/01\/772085-wall-mounted-computer-workstation.jpg 499w, https:\/\/afcindustries.com\/wp-content\/uploads\/2022\/01\/772085-wall-mounted-computer-workstation-300x300.jpg 300w, https:\/\/afcindustries.com\/wp-content\/uploads\/2022\/01\/772085-wall-mounted-computer-workstation-100x100.jpg 100w, https:\/\/afcindustries.com\/wp-content\/uploads\/2022\/01\/772085-wall-mounted-computer-workstation-150x150.jpg 150w\" sizes=\"auto, (max-width: 499px) 100vw, 499px\" title=\"\"><\/a>\n    <h3><a href='https:\/\/afcindustries.com\/es\/producto\/estacion-de-trabajo-para-ordenador-con-armario-metalico-montado-en-la-pared\/' title='Estaci\u00f3n de trabajo para ordenador con armario met\u00e1lico montado en la pared'>Estaci\u00f3n de trabajo para ordenador con armario met\u00e1lico montado en la pared<\/a><\/h3>\n\t\tSKU:772085\n<\/li><li id=\"woopack-product-20193\"  data-product-id=\"20193\">\n\t<a href='https:\/\/afcindustries.com\/es\/producto\/armario-de-pared-para-ordenador-2\/' title='Armario de pared para ordenador'><img width=\"499\" height=\"499\" src=\"https:\/\/afcindustries.com\/wp-content\/uploads\/2022\/01\/772081-computer-wall-mounted-cabinet.jpg\" alt=\"772081 computer wall mounted cabinet\" itemprop=\"image\" decoding=\"async\" loading=\"lazy\" srcset=\"https:\/\/afcindustries.com\/wp-content\/uploads\/2022\/01\/772081-computer-wall-mounted-cabinet.jpg 499w, https:\/\/afcindustries.com\/wp-content\/uploads\/2022\/01\/772081-computer-wall-mounted-cabinet-300x300.jpg 300w, https:\/\/afcindustries.com\/wp-content\/uploads\/2022\/01\/772081-computer-wall-mounted-cabinet-100x100.jpg 100w, https:\/\/afcindustries.com\/wp-content\/uploads\/2022\/01\/772081-computer-wall-mounted-cabinet-150x150.jpg 150w\" sizes=\"auto, (max-width: 499px) 100vw, 499px\" title=\"\"><\/a>\n    <h3><a href='https:\/\/afcindustries.com\/es\/producto\/armario-de-pared-para-ordenador-2\/' title='Armario de pared para ordenador'>Armario de pared para ordenador<\/a><\/h3>\n\t\tSKU:772081\n<\/li><li id=\"woopack-product-20065\"  data-product-id=\"20065\">\n\t<a href='https:\/\/afcindustries.com\/es\/producto\/estacion-de-trabajo-de-pc-plegable-montada-en-la-pared\/' title='Estaci\u00f3n de trabajo de PC plegable montada en la pared'><img width=\"438\" height=\"500\" src=\"https:\/\/afcindustries.com\/wp-content\/uploads\/2022\/01\/771774-classic-wall-mounted-computer-system-with-articulating-monitor-arm.jpg\" alt=\"771774 classic wall mounted computer system with articulating monitor arm\" itemprop=\"image\" decoding=\"async\" loading=\"lazy\" srcset=\"https:\/\/afcindustries.com\/wp-content\/uploads\/2022\/01\/771774-classic-wall-mounted-computer-system-with-articulating-monitor-arm.jpg 438w, https:\/\/afcindustries.com\/wp-content\/uploads\/2022\/01\/771774-classic-wall-mounted-computer-system-with-articulating-monitor-arm-263x300.jpg 263w\" sizes=\"auto, (max-width: 438px) 100vw, 438px\" title=\"\"><\/a>\n    <h3><a href='https:\/\/afcindustries.com\/es\/producto\/estacion-de-trabajo-de-pc-plegable-montada-en-la-pared\/' title='Estaci\u00f3n de trabajo de PC plegable montada en la pared'>Estaci\u00f3n de trabajo de PC plegable montada en la pared<\/a><\/h3>\n\t\tSKU:771774\n<\/li><li id=\"woopack-product-20101\"  data-product-id=\"20101\">\n\t<a href='https:\/\/afcindustries.com\/es\/producto\/armario-para-estacion-de-trabajo-con-ordenador-montado-en-la-pared\/' title='Armario para estaci\u00f3n de trabajo con ordenador montado en la pared'><img width=\"499\" height=\"499\" src=\"https:\/\/afcindustries.com\/wp-content\/uploads\/2022\/01\/771775-wall-mounted-workstation-with-locks.jpg\" alt=\"771775 wall mounted workstation with locks\" itemprop=\"image\" decoding=\"async\" loading=\"lazy\" srcset=\"https:\/\/afcindustries.com\/wp-content\/uploads\/2022\/01\/771775-wall-mounted-workstation-with-locks.jpg 499w, https:\/\/afcindustries.com\/wp-content\/uploads\/2022\/01\/771775-wall-mounted-workstation-with-locks-300x300.jpg 300w, https:\/\/afcindustries.com\/wp-content\/uploads\/2022\/01\/771775-wall-mounted-workstation-with-locks-100x100.jpg 100w, https:\/\/afcindustries.com\/wp-content\/uploads\/2022\/01\/771775-wall-mounted-workstation-with-locks-150x150.jpg 150w\" sizes=\"auto, (max-width: 499px) 100vw, 499px\" title=\"\"><\/a>\n    <h3><a href='https:\/\/afcindustries.com\/es\/producto\/armario-para-estacion-de-trabajo-con-ordenador-montado-en-la-pared\/' title='Armario para estaci\u00f3n de trabajo con ordenador montado en la pared'>Armario para estaci\u00f3n de trabajo con ordenador montado en la pared<\/a><\/h3>\n\t\tSKU:771775\n<\/li><li id=\"woopack-product-20056\"  data-product-id=\"20056\">\n\t<a href='https:\/\/afcindustries.com\/es\/producto\/armario-de-pared-para-ordenador\/' title='Armario de pared para ordenador'><img width=\"499\" height=\"499\" src=\"https:\/\/afcindustries.com\/wp-content\/uploads\/2022\/01\/772122-wall-mount-computer-station.jpg\" alt=\"772122 wall mount computer station\" itemprop=\"image\" decoding=\"async\" loading=\"lazy\" srcset=\"https:\/\/afcindustries.com\/wp-content\/uploads\/2022\/01\/772122-wall-mount-computer-station.jpg 499w, https:\/\/afcindustries.com\/wp-content\/uploads\/2022\/01\/772122-wall-mount-computer-station-300x300.jpg 300w, https:\/\/afcindustries.com\/wp-content\/uploads\/2022\/01\/772122-wall-mount-computer-station-100x100.jpg 100w, https:\/\/afcindustries.com\/wp-content\/uploads\/2022\/01\/772122-wall-mount-computer-station-150x150.jpg 150w\" sizes=\"auto, (max-width: 499px) 100vw, 499px\" title=\"\"><\/a>\n    <h3><a href='https:\/\/afcindustries.com\/es\/producto\/armario-de-pared-para-ordenador\/' title='Armario de pared para ordenador'>Armario de pared para ordenador<\/a><\/h3>\n\t\tSKU:772122\n<\/li><li id=\"woopack-product-19939\"  data-product-id=\"19939\">\n\t<a href='https:\/\/afcindustries.com\/es\/producto\/estacion-de-trabajo-de-ordenador-montada-en-la-pared-con-cerradura\/' title='Estaci\u00f3n de trabajo de ordenador montada en la pared con cerradura'><img width=\"499\" height=\"499\" src=\"https:\/\/afcindustries.com\/wp-content\/uploads\/2022\/01\/771746-wall-mounted-workstation-with-keyboard-tray.jpg\" alt=\"771746 wall mounted workstation with keyboard tray\" itemprop=\"image\" decoding=\"async\" loading=\"lazy\" srcset=\"https:\/\/afcindustries.com\/wp-content\/uploads\/2022\/01\/771746-wall-mounted-workstation-with-keyboard-tray.jpg 499w, https:\/\/afcindustries.com\/wp-content\/uploads\/2022\/01\/771746-wall-mounted-workstation-with-keyboard-tray-300x300.jpg 300w, https:\/\/afcindustries.com\/wp-content\/uploads\/2022\/01\/771746-wall-mounted-workstation-with-keyboard-tray-100x100.jpg 100w, https:\/\/afcindustries.com\/wp-content\/uploads\/2022\/01\/771746-wall-mounted-workstation-with-keyboard-tray-150x150.jpg 150w\" sizes=\"auto, (max-width: 499px) 100vw, 499px\" title=\"\"><\/a>\n    <h3><a href='https:\/\/afcindustries.com\/es\/producto\/estacion-de-trabajo-de-ordenador-montada-en-la-pared-con-cerradura\/' title='Estaci\u00f3n de trabajo de ordenador montada en la pared con cerradura'>Estaci\u00f3n de trabajo de ordenador montada en la pared con cerradura<\/a><\/h3>\n\t\tSKU:771746\n<\/li><li id=\"woopack-product-19845\"  data-product-id=\"19845\">\n\t<a href='https:\/\/afcindustries.com\/es\/producto\/estacion-de-trabajo-montada-en-la-pared-para-ahorrar-espacio\/' title='Estaci\u00f3n de trabajo montada en la pared para ahorrar espacio'><img width=\"499\" height=\"499\" src=\"https:\/\/afcindustries.com\/wp-content\/uploads\/2022\/01\/771806-elegant-wall-mounted-workstation.jpg\" alt=\"771806 elegant wall mounted workstation\" itemprop=\"image\" decoding=\"async\" loading=\"lazy\" srcset=\"https:\/\/afcindustries.com\/wp-content\/uploads\/2022\/01\/771806-elegant-wall-mounted-workstation.jpg 499w, https:\/\/afcindustries.com\/wp-content\/uploads\/2022\/01\/771806-elegant-wall-mounted-workstation-300x300.jpg 300w, https:\/\/afcindustries.com\/wp-content\/uploads\/2022\/01\/771806-elegant-wall-mounted-workstation-100x100.jpg 100w, https:\/\/afcindustries.com\/wp-content\/uploads\/2022\/01\/771806-elegant-wall-mounted-workstation-150x150.jpg 150w\" sizes=\"auto, (max-width: 499px) 100vw, 499px\" title=\"\"><\/a>\n    <h3><a href='https:\/\/afcindustries.com\/es\/producto\/estacion-de-trabajo-montada-en-la-pared-para-ahorrar-espacio\/' title='Estaci\u00f3n de trabajo montada en la pared para ahorrar espacio'>Estaci\u00f3n de trabajo montada en la pared para ahorrar espacio<\/a><\/h3>\n\t\tSKU:771806\n<\/li><li id=\"woopack-product-19818\"  data-product-id=\"19818\">\n\t<a href='https:\/\/afcindustries.com\/es\/producto\/estacion-de-trabajo-de-ordenador-de-pared-ajustable-en-altura\/' title='Estaci\u00f3n de trabajo de ordenador de pared ajustable en altura'><img width=\"499\" height=\"499\" src=\"https:\/\/afcindustries.com\/wp-content\/uploads\/2022\/01\/771804-wall-mounted-computer-workstation.jpg\" alt=\"771804 wall mounted computer workstation\" itemprop=\"image\" decoding=\"async\" loading=\"lazy\" srcset=\"https:\/\/afcindustries.com\/wp-content\/uploads\/2022\/01\/771804-wall-mounted-computer-workstation.jpg 499w, https:\/\/afcindustries.com\/wp-content\/uploads\/2022\/01\/771804-wall-mounted-computer-workstation-300x300.jpg 300w, https:\/\/afcindustries.com\/wp-content\/uploads\/2022\/01\/771804-wall-mounted-computer-workstation-100x100.jpg 100w, https:\/\/afcindustries.com\/wp-content\/uploads\/2022\/01\/771804-wall-mounted-computer-workstation-150x150.jpg 150w\" sizes=\"auto, (max-width: 499px) 100vw, 499px\" title=\"\"><\/a>\n    <h3><a href='https:\/\/afcindustries.com\/es\/producto\/estacion-de-trabajo-de-ordenador-de-pared-ajustable-en-altura\/' title='Estaci\u00f3n de trabajo de ordenador de pared ajustable en altura'>Estaci\u00f3n de trabajo de ordenador de pared ajustable en altura<\/a><\/h3>\n\t\tSKU:771804\n<\/li>\t\t\t\t\n\t\t\t<\/ul>\n\t<ul class='page-numbers'>\n\t<li>1<\/li>\n\t<li><a href=\"https:\/\/afcindustries.com\/es\/page\/2\/?page_id=19488&#038;fl_builder\">2<\/a><\/li>\n\t<li><a href=\"https:\/\/afcindustries.com\/es\/page\/2\/?page_id=19488&#038;fl_builder\">Siguiente &raquo;<\/a><\/li>\n<\/ul>\n<h2>\n\t\tEstaci\u00f3n de trabajo para ordenador montada en la pared\n\t<\/h2>\n\t<p>Descubra la soluci\u00f3n perfecta para optimizar su espacio de trabajo con nuestras estaciones de trabajo para ordenadores de pared. Estas estaciones de trabajo elegantes y compactas est\u00e1n dise\u00f1adas para montarse f\u00e1cilmente en las paredes, lo que ofrece una alternativa pr\u00e1ctica a los escritorios tradicionales. Ya sea que necesite una soluci\u00f3n que ahorre espacio en una oficina abarrotada o una estaci\u00f3n de trabajo c\u00f3moda en un entorno sanitario, nuestras estaciones de trabajo para ordenadores de pared le brindan la eficiencia y la flexibilidad que necesita. Agilice sus operaciones y maximice el espacio disponible con las innovadoras estaciones de trabajo para ordenadores de pared de AFC.<\/p>\n<p>Las ventajas de estos puestos de trabajo de PC montados en la pared son muchas: todos son f\u00e1ciles de instalar y mantener, est\u00e1n totalmente protegidos con cerraduras electr\u00f3nicas o con llave, y pueden colocarse estrat\u00e9gicamente en una instalaci\u00f3n para permitir el acceso inmediato a un ordenador. Disponible en muchos estilos y versiones; tambi\u00e9n fabricamos una caja de ordenador montada en la pared y estaciones de montaje en la pared para ordenadores port\u00e1tiles.<\/p>\n\n","protected":false},"excerpt":{"rendered":"<p>Soportes Ergon\u00f3micos Mostrando el \u00fanico resultado Orden predeterminadoOrdenar por popularidadOrdenar por los \u00faltimosOrdenar por precio: bajo a altoOrdenar por precio: alto a bajo Estaci\u00f3n de trabajo para port\u00e1tiles montada en la pared SKU:772086 Estaci\u00f3n de trabajo de ordenador montada en la pared con soporte para CPU SKU:771803 Armario de pared para estaci\u00f3n de trabajo con&hellip;<\/p>\n","protected":false},"author":1,"featured_media":0,"parent":0,"menu_order":0,"comment_status":"closed","ping_status":"closed","template":"","meta":{"_acf_changed":false,"inline_featured_image":false,"footnotes":""},"class_list":["post-19488","page","type-page","status-publish","hentry"],"acf":[],"_links":{"self":[{"href":"https:\/\/afcindustries.com\/es\/wp-json\/wp\/v2\/pages\/19488","targetHints":{"allow":["GET"]}}],"collection":[{"href":"https:\/\/afcindustries.com\/es\/wp-json\/wp\/v2\/pages"}],"about":[{"href":"https:\/\/afcindustries.com\/es\/wp-json\/wp\/v2\/types\/page"}],"author":[{"embeddable":true,"href":"https:\/\/afcindustries.com\/es\/wp-json\/wp\/v2\/users\/1"}],"replies":[{"embeddable":true,"href":"https:\/\/afcindustries.com\/es\/wp-json\/wp\/v2\/comments?post=19488"}],"version-history":[{"count":0,"href":"https:\/\/afcindustries.com\/es\/wp-json\/wp\/v2\/pages\/19488\/revisions"}],"wp:attachment":[{"href":"https:\/\/afcindustries.com\/es\/wp-json\/wp\/v2\/media?parent=19488"}],"curies":[{"name":"wp","href":"https:\/\/api.w.org\/{rel}","templated":true}]}}