{"id":19484,"date":"2022-02-18T20:33:44","date_gmt":"2022-02-19T01:33:44","guid":{"rendered":"https:\/\/afcindustries.com\/mostrador-de-seguridad\/"},"modified":"2026-02-11T16:20:15","modified_gmt":"2026-02-11T21:20:15","slug":"mostrador-de-seguridad","status":"publish","type":"page","link":"https:\/\/afcindustries.com\/es\/mostrador-de-seguridad\/","title":{"rendered":"Mostrador de seguridad"},"content":{"rendered":"\n\n\t<h2>\n\t\tSEGURIDAD Y SALAS DE CONTROL\n\t<\/h2>\n\t\t\t\t\t\t\t\t<a href=\"https:\/\/afcindustries.com\/es\/contacte-con\/\" target=\"_self\" rel=\"noopener\">\n\t\t\t\t\t\t\t\t\t<img loading=\"lazy\" decoding=\"async\" src=\"https:\/\/afcindustries.com\/wp-content\/uploads\/2022\/05\/Promo-Fall-23.gif\" alt=\"Promo Fall\" height=\"450\" width=\"280\" title=\"Promo Fall\" \/>\n\t\t\t\t\t\t\t\t\t\t\t\t\t<\/a>\n\n\n\tMostrando el \u00fanico resultado\n\n\t\n\t\t\t\t\tOrden predeterminado\n\t\t\t\t\tOrdenar por popularidad\n\t\t\t\t\tOrdenar por los \u00faltimos\n\t\t\t\t\tOrdenar por precio: bajo a alto\n\t\t\t\t\tOrdenar por precio: alto a bajo\n\t\t\t\n\t\n\t\n\t\t\t<ul>\n\t\t\t\t<li id=\"woopack-product-20121\" data-product-id=\"20121\">\n\t<a href=\"https:\/\/afcindustries.com\/es\/producto\/consola-del-centro-de-mando-con-video-wall\/\" title='Consola del Centro de Mando con Video Wall'><img decoding=\"async\" width=\"800\" height=\"800\" src=\"https:\/\/afcindustries.com\/wp-content\/uploads\/2022\/01\/Command-Center-Console-771832-01.jpg\" alt=\"AFC Control Console for efficient monitoring and control.\" loading=\"lazy\" title=\"\"><\/a>\n    <h3><a href=\"https:\/\/afcindustries.com\/es\/producto\/consola-del-centro-de-mando-con-video-wall\/\" title='Consola del Centro de Mando con Video Wall'>Consola del Centro de Mando con Video Wall<\/a><\/h3>\n\t\tSKU:771832\n<\/li><li id=\"woopack-product-20143\" data-product-id=\"20143\">\n\t<a href=\"https:\/\/afcindustries.com\/es\/producto\/estacion-de-trabajo-informatica-de-supervision-de-la-seguridad\/\" title='Estaci\u00f3n de trabajo inform\u00e1tica de supervisi\u00f3n de la seguridad'><img decoding=\"async\" width=\"499\" height=\"499\" src=\"https:\/\/afcindustries.com\/wp-content\/uploads\/2022\/01\/772322-security-room-computer-workstation.jpg\" alt=\"772322 security room computer workstation\" loading=\"lazy\" title=\"\"><\/a>\n    <h3><a href=\"https:\/\/afcindustries.com\/es\/producto\/estacion-de-trabajo-informatica-de-supervision-de-la-seguridad\/\" title='Estaci\u00f3n de trabajo inform\u00e1tica de supervisi\u00f3n de la seguridad'>Estaci\u00f3n de trabajo inform\u00e1tica de supervisi\u00f3n de la seguridad<\/a><\/h3>\n\t\tSKU:772322\n<\/li><li id=\"woopack-product-20016\" data-product-id=\"20016\">\n\t<a href=\"https:\/\/afcindustries.com\/es\/producto\/escritorio-de-seguridad-ajustable-sit-stand-up\/\" title='Escritorio de seguridad ajustable Sit Stand Up'><img decoding=\"async\" width=\"800\" height=\"800\" src=\"https:\/\/afcindustries.com\/wp-content\/uploads\/2022\/01\/Customizable-and-Adjustable-Sit-Stand-Up-Desk-772175-01.jpg\" alt=\"AFC Control Workstation Desk for ergonomic setups.\" loading=\"lazy\" title=\"\"><\/a>\n    <h3><a href=\"https:\/\/afcindustries.com\/es\/producto\/escritorio-de-seguridad-ajustable-sit-stand-up\/\" title='Escritorio de seguridad ajustable Sit Stand Up'>Escritorio de seguridad ajustable Sit Stand Up<\/a><\/h3>\n\t\tSKU:772175\n<\/li><li id=\"woopack-product-19863\" data-product-id=\"19863\">\n\t<a href=\"https:\/\/afcindustries.com\/es\/producto\/estacion-de-trabajo-de-supervision-del-centro-de-mando-de-seguridad\/\" title='Estaci\u00f3n de trabajo de supervisi\u00f3n del centro de mando de seguridad'><img decoding=\"async\" width=\"800\" height=\"800\" src=\"https:\/\/afcindustries.com\/wp-content\/uploads\/2022\/01\/Security-Command-Center-Workstation-772317-01.jpg\" alt=\"AFC Control Surface Panel for precise control.\" loading=\"lazy\" title=\"\"><\/a>\n    <h3><a href=\"https:\/\/afcindustries.com\/es\/producto\/estacion-de-trabajo-de-supervision-del-centro-de-mando-de-seguridad\/\" title='Estaci\u00f3n de trabajo de supervisi\u00f3n del centro de mando de seguridad'>Estaci\u00f3n de trabajo de supervisi\u00f3n del centro de mando de seguridad<\/a><\/h3>\n\t\tSKU:772317\n<\/li><li id=\"woopack-product-19906\" data-product-id=\"19906\">\n\t<a href=\"https:\/\/afcindustries.com\/es\/producto\/mobiliario-para-despachos-de-emergencia\/\" title='Mobiliario para despachos de emergencia'><img decoding=\"async\" width=\"800\" height=\"800\" src=\"https:\/\/afcindustries.com\/wp-content\/uploads\/2022\/01\/Emergency-Dispatch-Centers-772316-01.jpg\" alt=\"AFC Console Control Desk for ergonomic operation.\" loading=\"lazy\" title=\"\"><\/a>\n    <h3><a href=\"https:\/\/afcindustries.com\/es\/producto\/mobiliario-para-despachos-de-emergencia\/\" title='Mobiliario para despachos de emergencia'>Mobiliario para despachos de emergencia<\/a><\/h3>\n\t\tSKU:772316\n<\/li><li id=\"woopack-product-19900\" data-product-id=\"19900\">\n\t<a href=\"https:\/\/afcindustries.com\/es\/producto\/escritorio-para-monitores-de-seguridad-empotrados\/\" title='Escritorio para monitores de seguridad empotrados'><img decoding=\"async\" width=\"800\" height=\"800\" src=\"https:\/\/afcindustries.com\/wp-content\/uploads\/2022\/01\/Recessed-Security-Monitor-Desk-772318-01.jpg\" alt=\"AFC Console Interface Panel for intuitive control.\" loading=\"lazy\" title=\"\"><\/a>\n    <h3><a href=\"https:\/\/afcindustries.com\/es\/producto\/escritorio-para-monitores-de-seguridad-empotrados\/\" title='Escritorio para monitores de seguridad empotrados'>Escritorio para monitores de seguridad empotrados<\/a><\/h3>\n\t\tSKU:772318\n<\/li><li id=\"woopack-product-19891\" data-product-id=\"19891\">\n\t<a href=\"https:\/\/afcindustries.com\/es\/producto\/escritorio-de-seguridad-multimonitor-de-altura-regulable\/\" title='Escritorio de seguridad multimonitor de altura regulable'><img decoding=\"async\" width=\"800\" height=\"800\" src=\"https:\/\/afcindustries.com\/wp-content\/uploads\/2022\/01\/Multi-monitor-Security-Workstation-772550-01.jpg\" alt=\"AFC Control Center Desk for centralized management.\" loading=\"lazy\" title=\"\"><\/a>\n    <h3><a href=\"https:\/\/afcindustries.com\/es\/producto\/escritorio-de-seguridad-multimonitor-de-altura-regulable\/\" title='Escritorio de seguridad multimonitor de altura regulable'>Escritorio de seguridad multimonitor de altura regulable<\/a><\/h3>\n\t\tSKU:772550\n<\/li><li id=\"woopack-product-19822\" data-product-id=\"19822\">\n\t<a href=\"https:\/\/afcindustries.com\/es\/producto\/consola-de-operador-de-supervision-de-seguridad\/\" title='Consola de operador de supervisi\u00f3n de seguridad'><img decoding=\"async\" width=\"800\" height=\"800\" src=\"https:\/\/afcindustries.com\/wp-content\/uploads\/2022\/01\/Security-Monitoring-Console-772007-01.jpg\" alt=\"AFC&#039;s motorized standing workstation for easy height adjustment.\" loading=\"lazy\" title=\"\"><\/a>\n    <h3><a href=\"https:\/\/afcindustries.com\/es\/producto\/consola-de-operador-de-supervision-de-seguridad\/\" title='Consola de operador de supervisi\u00f3n de seguridad'>Consola de operador de supervisi\u00f3n de seguridad<\/a><\/h3>\n\t\tSKU:772007\n<\/li><li id=\"woopack-product-19854\" data-product-id=\"19854\">\n\t<a href=\"https:\/\/afcindustries.com\/es\/producto\/consola-de-seguridad-escritorio-consola-b-line\/\" title='Consola de Seguridad Escritorio | Consola B-Line'><img decoding=\"async\" width=\"800\" height=\"800\" src=\"https:\/\/afcindustries.com\/wp-content\/uploads\/2022\/01\/Professional-Security-Console-Desk-772319-01.jpg\" alt=\"AFC Control Desk Station Unit for effective management.\" loading=\"lazy\" title=\"\"><\/a>\n    <h3><a href=\"https:\/\/afcindustries.com\/es\/producto\/consola-de-seguridad-escritorio-consola-b-line\/\" title='Consola de Seguridad Escritorio | Consola B-Line'>Consola de Seguridad Escritorio | Consola B-Line<\/a><\/h3>\n\t\tSKU:772319\n<\/li><li id=\"woopack-product-19792\" data-product-id=\"19792\">\n\t<a href=\"https:\/\/afcindustries.com\/es\/producto\/consola-de-la-sala-de-control-ajustable-en-altura\/\" title='Consola de la sala de control ajustable en altura'><img decoding=\"async\" width=\"800\" height=\"800\" src=\"https:\/\/afcindustries.com\/wp-content\/uploads\/2022\/01\/Control-Room-Console-Rolling-Desk-771634-01.jpg\" alt=\"AFC Control Terminal Workstation for advanced management.\" loading=\"lazy\" title=\"\"><\/a>\n    <h3><a href=\"https:\/\/afcindustries.com\/es\/producto\/consola-de-la-sala-de-control-ajustable-en-altura\/\" title='Consola de la sala de control ajustable en altura'>Consola de la sala de control ajustable en altura<\/a><\/h3>\n\t\tSKU:771634\n<\/li><li id=\"woopack-product-19612\" data-product-id=\"19612\">\n\t<a href=\"https:\/\/afcindustries.com\/es\/producto\/escritorio-de-la-consola-de-la-sala-de-control-de-pie-con-gabinete-de-cpu-ventilado\/\" title='Escritorio de la consola de la sala de control de pie con gabinete de CPU ventilado'><img decoding=\"async\" width=\"800\" height=\"800\" src=\"https:\/\/afcindustries.com\/wp-content\/uploads\/2022\/01\/Sit-Stand-Control-Room-772793-01.jpg\" alt=\"AFC Control Station Workstation for advanced control.\" loading=\"lazy\" title=\"\"><\/a>\n    <h3><a href=\"https:\/\/afcindustries.com\/es\/producto\/escritorio-de-la-consola-de-la-sala-de-control-de-pie-con-gabinete-de-cpu-ventilado\/\" title='Escritorio de la consola de la sala de control de pie con gabinete de CPU ventilado'>Escritorio de la consola de la sala de control de pie con gabinete de CPU ventilado<\/a><\/h3>\n\t\tSKU:772793-gl\n<\/li>\t\t\t\t\n\t\t\t<\/ul>\n<h2>\n\t\tPuestos de trabajo y puestos de seguridad: aumente la eficiencia de la sala de control\n\t<\/h2>\n\t<p>AFC Industries, su destino para puestos de trabajo y escritorios de seguridad de vanguardia. Nuestros productos est\u00e1n dise\u00f1ados meticulosamente para mejorar la eficiencia de las salas de control en diversas industrias.<\/p>\n<p>En el mundo acelerado de hoy, los centros de control desempe\u00f1an un papel fundamental para garantizar la seguridad. Nuestros puestos de trabajo y escritorios de seguridad no solo son funcionales, sino tambi\u00e9n ergon\u00f3micos y brindan comodidad durante turnos largos. Ya sea que necesite un escritorio para un solo operador o una estaci\u00f3n de trabajo para varios operadores, ofrecemos soluciones personalizables para satisfacer sus requisitos \u00fanicos.<\/p>\n<p>Nuestro equipo de dise\u00f1o creativo tiene en cuenta las demandas de las salas de control modernas y ofrece caracter\u00edsticas como ajuste de altura, administraci\u00f3n de cables y soporte tecnol\u00f3gico integrado. Con AFC Industries, no solo est\u00e1 invirtiendo en muebles; est\u00e1 invirtiendo en un flujo de trabajo mejorado, una mejor comunicaci\u00f3n y una mayor conciencia situacional.<\/p>\n<p>Explore nuestra gama de puestos de trabajo y escritorios de seguridad hoy y descubra c\u00f3mo podemos mejorar las operaciones de su sala de control. \u00danase a las innumerables organizaciones que han confiado en AFC Industries para sus necesidades de misi\u00f3n cr\u00edtica. Aumente la eficiencia, mejore la seguridad y elija AFC Industries para sus soluciones de sala de control.<\/p>\n<h2>\n\t\tVigilancia de la seguridad p\u00fablica-Mesa de seguridad\n\t<\/h2>\n\t<p>AFC ofrece muebles de escritorio de seguridad de alta resistencia con dise\u00f1os modernos, ergonom\u00eda c\u00f3moda y caracter\u00edsticas adecuadas para los puestos de control central y las salas de control. Nuestro escritorio de consola de seguridad tiene un dise\u00f1o ergon\u00f3mico, es ajustable en altura y es m\u00f3vil (con ruedas); puede ser f\u00e1cilmente reubicado o anclado en su lugar para mantener la seguridad p\u00fablica. Ayuda a que \u00e1reas enteras de una instalaci\u00f3n puedan ser supervisadas simult\u00e1neamente por uno o varios operadores. Cuando se trata de escritorios de seguridad p\u00fablica y de trabajo pesado, AFC industries es el camino a seguir.<\/p>\n\n","protected":false},"excerpt":{"rendered":"<p>SEGURIDAD Y SALAS DE CONTROL Mostrando el \u00fanico resultado Orden predeterminado Ordenar por popularidad Ordenar por los \u00faltimos Ordenar por precio: bajo a alto Ordenar por precio: alto a bajo Consola del Centro de Mando con Video Wall SKU:771832 Estaci\u00f3n de trabajo inform\u00e1tica de supervisi\u00f3n de la seguridad SKU:772322 Escritorio de seguridad ajustable Sit Stand&hellip;<\/p>\n","protected":false},"author":1,"featured_media":0,"parent":0,"menu_order":0,"comment_status":"closed","ping_status":"closed","template":"","meta":{"_acf_changed":false,"inline_featured_image":false,"footnotes":""},"class_list":["post-19484","page","type-page","status-publish","hentry"],"acf":[],"_links":{"self":[{"href":"https:\/\/afcindustries.com\/es\/wp-json\/wp\/v2\/pages\/19484","targetHints":{"allow":["GET"]}}],"collection":[{"href":"https:\/\/afcindustries.com\/es\/wp-json\/wp\/v2\/pages"}],"about":[{"href":"https:\/\/afcindustries.com\/es\/wp-json\/wp\/v2\/types\/page"}],"author":[{"embeddable":true,"href":"https:\/\/afcindustries.com\/es\/wp-json\/wp\/v2\/users\/1"}],"replies":[{"embeddable":true,"href":"https:\/\/afcindustries.com\/es\/wp-json\/wp\/v2\/comments?post=19484"}],"version-history":[{"count":0,"href":"https:\/\/afcindustries.com\/es\/wp-json\/wp\/v2\/pages\/19484\/revisions"}],"wp:attachment":[{"href":"https:\/\/afcindustries.com\/es\/wp-json\/wp\/v2\/media?parent=19484"}],"curies":[{"name":"wp","href":"https:\/\/api.w.org\/{rel}","templated":true}]}}