{"id":19483,"date":"2022-02-17T11:11:46","date_gmt":"2022-02-17T16:11:46","guid":{"rendered":"https:\/\/afcindustries.com\/carro-de-laboratorio\/"},"modified":"2024-10-25T11:31:14","modified_gmt":"2024-10-25T15:31:14","slug":"carro-de-laboratorio","status":"publish","type":"page","link":"https:\/\/afcindustries.com\/es\/carro-de-laboratorio\/","title":{"rendered":"Carro de laboratorio"},"content":{"rendered":"\r\n<h2>Carros m\u00e9dicos<\/h2>\r\n<p><a href=\"https:\/\/afcindustries.com\/contact\/\" target=\"_self\" rel=\"noopener\"> <img loading=\"lazy\" decoding=\"async\" title=\"Promo Fall\" src=\"https:\/\/afcindustries.com\/wp-content\/uploads\/2022\/05\/Promo-Fall-23.gif\" alt=\"Promo Fall\" width=\"280\" height=\"450\" \/> <\/a> Mostrando el \u00fanico resultado<\/p>\r\n<form method=\"get\"><select name=\"orderby\" aria-label=\"Pedido de la tienda\">\r\n<option selected=\"selected\" value=\"menu_order\">Orden predeterminado<\/option>\r\n<option value=\"popularity\">Ordenar por popularidad<\/option>\r\n<option value=\"date\">Ordenar por los \u00faltimos<\/option>\r\n<option value=\"price\">Ordenar por precio: bajo a alto<\/option>\r\n<option value=\"price-desc\">Ordenar por precio: alto a bajo<\/option>\r\n<\/select><input name=\"paged\" type=\"hidden\" value=\"1\" \/> <input name=\"page_id\" type=\"hidden\" value=\"19483\" \/><input name=\"fl_builder\" type=\"hidden\" value=\"\" \/><\/form>\r\n<ul>\r\n<li id=\"woopack-product-20244\" data-product-id=\"20244\">\r\n<h3><a title=\"Carrito de fleb\u00f3tomos\" href=\"https:\/\/afcindustries.com\/es\/producto\/\">Carrito de fleb\u00f3tomos<\/a><\/h3>\r\nSKU:772937<\/li>\r\n<li id=\"woopack-product-20069\" data-product-id=\"20069\"><a title=\"Carros de ordenador con ruedas\" href=\"https:\/\/afcindustries.com\/es\/producto\/computer-carts-on-wheels\/\"><img loading=\"lazy\" decoding=\"async\" src=\"https:\/\/afcindustries.com\/wp-content\/uploads\/2022\/01\/772286-hospital-computer-desk.jpg\" sizes=\"auto, (max-width: 499px) 100vw, 499px\" srcset=\"https:\/\/afcindustries.com\/wp-content\/uploads\/2022\/01\/772286-hospital-computer-desk.jpg 499w, https:\/\/afcindustries.com\/wp-content\/uploads\/2022\/01\/772286-hospital-computer-desk-300x300.jpg 300w, https:\/\/afcindustries.com\/wp-content\/uploads\/2022\/01\/772286-hospital-computer-desk-100x100.jpg 100w, https:\/\/afcindustries.com\/wp-content\/uploads\/2022\/01\/772286-hospital-computer-desk-150x150.jpg 150w\" alt=\"772286 mesa de ordenador de hospital\" width=\"499\" height=\"499\" title=\"\"><\/a>\r\n<h3><a title=\"Carros de ordenador con ruedas\" href=\"https:\/\/afcindustries.com\/es\/producto\/computer-carts-on-wheels\/\">Carros de ordenador con ruedas<\/a><\/h3>\r\nSKU:772286<\/li>\r\n<li id=\"woopack-product-19987\" data-product-id=\"19987\"><a title=\"Carro de la inform\u00e1tica sanitaria\" href=\"https:\/\/afcindustries.com\/es\/producto\/carro-de-la-informatica-sanitaria\/\"><img loading=\"lazy\" decoding=\"async\" src=\"https:\/\/afcindustries.com\/wp-content\/uploads\/2022\/01\/772283-medical-computer-on-wheels.jpg\" sizes=\"auto, (max-width: 499px) 100vw, 499px\" srcset=\"https:\/\/afcindustries.com\/wp-content\/uploads\/2022\/01\/772283-medical-computer-on-wheels.jpg 499w, https:\/\/afcindustries.com\/wp-content\/uploads\/2022\/01\/772283-medical-computer-on-wheels-300x300.jpg 300w, https:\/\/afcindustries.com\/wp-content\/uploads\/2022\/01\/772283-medical-computer-on-wheels-100x100.jpg 100w, https:\/\/afcindustries.com\/wp-content\/uploads\/2022\/01\/772283-medical-computer-on-wheels-150x150.jpg 150w\" alt=\"772283 medical computer on wheels\" width=\"499\" height=\"499\" title=\"\"><\/a>\r\n<h3><a title=\"Carro de la inform\u00e1tica sanitaria\" href=\"https:\/\/afcindustries.com\/es\/producto\/carro-de-la-informatica-sanitaria\/\">Carro de la inform\u00e1tica sanitaria<\/a><\/h3>\r\nSKU:772283<\/li>\r\n<li id=\"woopack-product-19942\" data-product-id=\"19942\"><a title=\"Carro de ordenador m\u00e9dico\" href=\"https:\/\/afcindustries.com\/es\/producto\/carro-de-ordenador-medico-2\/\"><img loading=\"lazy\" decoding=\"async\" src=\"https:\/\/afcindustries.com\/wp-content\/uploads\/2022\/01\/772400-medical-computer-cart.jpg\" sizes=\"auto, (max-width: 499px) 100vw, 499px\" srcset=\"https:\/\/afcindustries.com\/wp-content\/uploads\/2022\/01\/772400-medical-computer-cart.jpg 499w, https:\/\/afcindustries.com\/wp-content\/uploads\/2022\/01\/772400-medical-computer-cart-300x300.jpg 300w, https:\/\/afcindustries.com\/wp-content\/uploads\/2022\/01\/772400-medical-computer-cart-100x100.jpg 100w, https:\/\/afcindustries.com\/wp-content\/uploads\/2022\/01\/772400-medical-computer-cart-150x150.jpg 150w\" alt=\"772400 medical computer cart\" width=\"499\" height=\"499\" title=\"\"><\/a>\r\n<h3><a title=\"Carro de ordenador m\u00e9dico\" href=\"https:\/\/afcindustries.com\/es\/producto\/carro-de-ordenador-medico-2\/\">Carro de ordenador m\u00e9dico<\/a><\/h3>\r\nSKU:772400<\/li>\r\n<li id=\"woopack-product-19834\" data-product-id=\"19834\"><a title=\"Carro de ordenador m\u00e9dico m\u00f3vil\" href=\"https:\/\/afcindustries.com\/es\/producto\/carro-de-ordenador-medico-movil\/\"><img loading=\"lazy\" decoding=\"async\" src=\"https:\/\/afcindustries.com\/wp-content\/uploads\/2022\/01\/772284-computer-mobile-medical-cart.jpg\" sizes=\"auto, (max-width: 499px) 100vw, 499px\" srcset=\"https:\/\/afcindustries.com\/wp-content\/uploads\/2022\/01\/772284-computer-mobile-medical-cart.jpg 499w, https:\/\/afcindustries.com\/wp-content\/uploads\/2022\/01\/772284-computer-mobile-medical-cart-300x300.jpg 300w, https:\/\/afcindustries.com\/wp-content\/uploads\/2022\/01\/772284-computer-mobile-medical-cart-100x100.jpg 100w, https:\/\/afcindustries.com\/wp-content\/uploads\/2022\/01\/772284-computer-mobile-medical-cart-150x150.jpg 150w\" alt=\"772284 computer mobile medical cart\" width=\"499\" height=\"499\" title=\"\"><\/a>\r\n<h3><a title=\"Carro de ordenador m\u00e9dico m\u00f3vil\" href=\"https:\/\/afcindustries.com\/es\/producto\/carro-de-ordenador-medico-movil\/\">Carro de ordenador m\u00e9dico m\u00f3vil<\/a><\/h3>\r\nSKU:772284<\/li>\r\n<\/ul>\r\n<h2>Carros de laboratorio m\u00e9dico<\/h2>\r\n<p>Descubra la amplia selecci\u00f3n de carros de laboratorio m\u00e9dico de AFC Industries, dise\u00f1ados meticulosamente para optimizar la funcionalidad y la organizaci\u00f3n de su laboratorio. Nuestros carros est\u00e1n equipados con caracter\u00edsticas innovadoras, que incluyen configuraciones para uno o dos monitores, rejillas de alambre accesibles y cajones para suministros est\u00e9riles. Estos carros de laboratorio m\u00e9dico simplifican su flujo de trabajo y garantizan un entorno de laboratorio eficiente y sin inconvenientes. Conf\u00ede en AFC Industries para obtener soluciones de alta calidad que mejoren la productividad y la organizaci\u00f3n de su laboratorio.<\/p>\r\n<p>En AFC Industries, son los detalles ergon\u00f3micos los que distinguen a nuestros carros de todos los dem\u00e1s. La constante incorporaci\u00f3n de nuevos equipos y sistemas, as\u00ed como el r\u00e1pido redise\u00f1o inherente al laboratorio, requiere un mobiliario que pueda cambiarse f\u00e1cilmente para crear los nuevos espacios de trabajo necesarios, de manera eficaz y oportuna, con una m\u00ednima interrupci\u00f3n de las operaciones. Las caracter\u00edsticas de dise\u00f1o, como la instalaci\u00f3n de uno o dos monitores, los estantes de alambre de f\u00e1cil acceso y el pr\u00e1ctico espacio de los cajones para los suministros est\u00e9riles, son s\u00f3lo el principio. A\u00f1ada el hecho de que todos los carros de laboratorio tienen ruedas de flujo suave, y bloqueables, para lo \u00faltimo en movilidad y estabilidad, y tendr\u00e1 un entorno de laboratorio que puede satisfacer sus necesidades futuras.<\/p>\r\n","protected":false},"excerpt":{"rendered":"<p>Carros m\u00e9dicos Mostrando el \u00fanico resultado Orden predeterminadoOrdenar por popularidadOrdenar por los \u00faltimosOrdenar por precio: bajo a altoOrdenar por precio: alto a bajo Carrito de fleb\u00f3tomos SKU:772937 Carros de ordenador con ruedas SKU:772286 Carro de la inform\u00e1tica sanitaria SKU:772283 Carro de ordenador m\u00e9dico SKU:772400 Carro de ordenador m\u00e9dico m\u00f3vil SKU:772284 Carros de laboratorio m\u00e9dico Descubra&hellip;<\/p>\n","protected":false},"author":1,"featured_media":0,"parent":0,"menu_order":0,"comment_status":"closed","ping_status":"closed","template":"","meta":{"_acf_changed":false,"inline_featured_image":false,"footnotes":""},"class_list":["post-19483","page","type-page","status-publish","hentry"],"acf":[],"_links":{"self":[{"href":"https:\/\/afcindustries.com\/es\/wp-json\/wp\/v2\/pages\/19483","targetHints":{"allow":["GET"]}}],"collection":[{"href":"https:\/\/afcindustries.com\/es\/wp-json\/wp\/v2\/pages"}],"about":[{"href":"https:\/\/afcindustries.com\/es\/wp-json\/wp\/v2\/types\/page"}],"author":[{"embeddable":true,"href":"https:\/\/afcindustries.com\/es\/wp-json\/wp\/v2\/users\/1"}],"replies":[{"embeddable":true,"href":"https:\/\/afcindustries.com\/es\/wp-json\/wp\/v2\/comments?post=19483"}],"version-history":[{"count":0,"href":"https:\/\/afcindustries.com\/es\/wp-json\/wp\/v2\/pages\/19483\/revisions"}],"wp:attachment":[{"href":"https:\/\/afcindustries.com\/es\/wp-json\/wp\/v2\/media?parent=19483"}],"curies":[{"name":"wp","href":"https:\/\/api.w.org\/{rel}","templated":true}]}}