{"id":19480,"date":"2022-02-16T12:02:55","date_gmt":"2022-02-16T17:02:55","guid":{"rendered":"https:\/\/afcindustries.com\/oem\/"},"modified":"2024-09-26T14:05:38","modified_gmt":"2024-09-26T18:05:38","slug":"oem","status":"publish","type":"page","link":"https:\/\/afcindustries.com\/es\/oem\/","title":{"rendered":"OEM"},"content":{"rendered":"\n\n\t\t\t<a href=\"https:\/\/afcindustries.com\/es\/todos-los-escritorios-de-pie\/\" target=\"_self\" rel=\"noopener\">\n\t\t<h3>Escritorios\/estaciones de trabajo de pie<\/h3>\n\t\t<\/a>\n\t\t\t<a href=\"https:\/\/afcindustries.com\/es\/soportes-de-pared-para-ordenador\/\" target=\"_self\" rel=\"noopener\">\n\t\t<h3>Sistemas inform\u00e1ticos murales<\/h3>\n\t\t<\/a>\n\t\t\t<a href=\"https:\/\/afcindustries.com\/es\/carro-de-telemedicina\/\" target=\"_self\" rel=\"noopener\">\n\t\t<h3>Carros de comunicaci\u00f3n<\/h3>\n\t\t<\/a>\n\t<nav id=\"breadcrumbs\" aria-label=\"Breadcrumbs\"><a href=\"https:\/\/afcindustries.com\/es\/\">Home<\/a> \u00bb OEM<\/nav><h1>\n\t\tServicios de fabricaci\u00f3n OEM de AFC Industries\n\t<\/h1>\n\t\t\t\t\t\t\t\t\t<img loading=\"lazy\" decoding=\"async\" src=\"https:\/\/afcindustries.com\/wp-content\/uploads\/2022\/02\/OEM-Manufacturing-Service.jpg\" alt=\"Advanced OEM Manufacturing Service by AFC Industries\" itemprop=\"image\" height=\"771\" width=\"1110\" srcset=\"https:\/\/afcindustries.com\/wp-content\/uploads\/2022\/02\/OEM-Manufacturing-Service.jpg 1110w, https:\/\/afcindustries.com\/wp-content\/uploads\/2022\/02\/OEM-Manufacturing-Service-300x208.jpg 300w, https:\/\/afcindustries.com\/wp-content\/uploads\/2022\/02\/OEM-Manufacturing-Service-1024x711.jpg 1024w, https:\/\/afcindustries.com\/wp-content\/uploads\/2022\/02\/OEM-Manufacturing-Service-768x533.jpg 768w, https:\/\/afcindustries.com\/wp-content\/uploads\/2022\/02\/OEM-Manufacturing-Service-600x417.jpg 600w\" sizes=\"auto, (max-width: 1110px) 100vw, 1110px\" title=\"Advanced OEM Manufacturing Service by AFC Industries\" onerror=\"this.style.display='none'\"  \/>\n<h2>\n\t\tDesbloqueo de la productividad mediante soluciones OEM\n\t<\/h2>\n\t<p>En AFC Industries, comprendemos la importancia de la productividad en el din\u00e1mico panorama empresarial actual. Por eso, ofrecemos soluciones OEM de vanguardia dise\u00f1adas para potenciar sus operaciones. Nuestro compromiso con la excelencia y la innovaci\u00f3n garantiza que sus productos no solo sean funcionales, sino tambi\u00e9n altamente eficientes, lo que genera un impacto significativo en la productividad. Con AFC Industries como socio, puede aprovechar el poder de la fabricaci\u00f3n y la innovaci\u00f3n personalizadas de primer nivel para impulsar su \u00e9xito. Descubra c\u00f3mo nuestras soluciones OEM pueden llevar su negocio a nuevas cotas de productividad y eficiencia.    <\/p>\n<h2>\n\t\tServicios de fabricaci\u00f3n OEM de AFC Industries\n\t<\/h2>\n\t<p>Productos OEM dise\u00f1ados para usted y su industria.<\/p>\n<p>Los carros de estaciones de trabajo de ordenadores m\u00e9dicos OEM de AFC Industries mejoran la productividad y la eficiencia de los profesionales m\u00e9dicos en entornos sanitarios con dise\u00f1os ergon\u00f3micos muy c\u00f3modos que tienen caracter\u00edsticas funcionales y f\u00e1ciles de usar. Nuestros carros m\u00e9dicos para puntos de atenci\u00f3n OEM est\u00e1n equipados con \u00fatiles componentes adaptables de \u00faltima generaci\u00f3n para ayudar a los profesionales sanitarios a obtener una comodidad \u00f3ptima gracias a la facilidad de uso y la versatilidad de los dispositivos.<\/p>\n<p>Con m\u00e1s de 25 a\u00f1os de excelencia en la fabricaci\u00f3n de muebles ergon\u00f3micos, AFC Industries sigue liderando el mercado al continuar ofreciendo productos de la m\u00e1s alta calidad que cumplen con las exigentes necesidades de cada cliente.<\/p>\n\t\t\t\t\t\t\t\t<a href=\"https:\/\/afcindustries.com\/product-category\/oem\/oem-carts\/\" target=\"_self\" itemprop=\"url\" rel=\"noopener\">\n\t\t\t\t\t\t\t\t\t<img loading=\"lazy\" decoding=\"async\" src=\"https:\/\/afcindustries.com\/wp-content\/uploads\/2022\/02\/Mobile-height-adjustable-pnuematic-cart-with-dual-monitor-display.jpg\" alt=\"Mobile height adjustable pnuematic cart with dual monitor display\" itemprop=\"image\" height=\"300\" width=\"300\" srcset=\"https:\/\/afcindustries.com\/wp-content\/uploads\/2022\/02\/Mobile-height-adjustable-pnuematic-cart-with-dual-monitor-display.jpg 300w, https:\/\/afcindustries.com\/wp-content\/uploads\/2022\/02\/Mobile-height-adjustable-pnuematic-cart-with-dual-monitor-display-150x150.jpg 150w, https:\/\/afcindustries.com\/wp-content\/uploads\/2022\/02\/Mobile-height-adjustable-pnuematic-cart-with-dual-monitor-display-100x100.jpg 100w\" sizes=\"auto, (max-width: 300px) 100vw, 300px\" title=\"Mobile height adjustable pnuematic cart with dual monitor display\" onerror=\"this.style.display='none'\"  \/>\n\t\t\t\t\t\t\t\t\t\t\t\t\t<\/a>\n<h2>\n\t\t<a href=\"https:\/\/afcindustries.com\/product-category\/oem\/oem-carts\/\" title=\"Carro para estaci\u00f3n de trabajo m\u00e9dica m\u00f3vil\" target=\"_self\" rel=\"noopener\">\n\t\tCarro para estaci\u00f3n de trabajo m\u00e9dica m\u00f3vil\n\t\t<\/a>\n\t<\/h2>\n\t<p>Los carros de estaciones de trabajo m\u00f3viles para ordenadores m\u00e9dicos de AFC Industries mejoran la productividad y la eficiencia de los profesionales m\u00e9dicos en entornos sanitarios con dise\u00f1os ergon\u00f3micos muy c\u00f3modos que cuentan con caracter\u00edsticas f\u00e1ciles de usar.<\/p>\n\t\t\t\t\t\t\t\t<a href=\"https:\/\/afcindustries.com\/product-category\/oem\/ergonomic-oem-desk\/\" target=\"_self\" itemprop=\"url\" rel=\"noopener\">\n\t\t\t\t\t\t\t\t\t<img loading=\"lazy\" decoding=\"async\" src=\"https:\/\/afcindustries.com\/wp-content\/uploads\/2022\/02\/OEM-carts.jpg\" alt=\"OEM carts\" itemprop=\"image\" height=\"300\" width=\"300\" srcset=\"https:\/\/afcindustries.com\/wp-content\/uploads\/2022\/02\/OEM-carts.jpg 300w, https:\/\/afcindustries.com\/wp-content\/uploads\/2022\/02\/OEM-carts-150x150.jpg 150w, https:\/\/afcindustries.com\/wp-content\/uploads\/2022\/02\/OEM-carts-100x100.jpg 100w\" sizes=\"auto, (max-width: 300px) 100vw, 300px\" title=\"OEM carts\" onerror=\"this.style.display='none'\"  \/>\n\t\t\t\t\t\t\t\t\t\t\t\t\t<\/a>\n<h2>\n\t\t<a href=\"https:\/\/afcindustries.com\/product-category\/oem\/ergonomic-oem-desk\/\" title=\"Escritorio ergon\u00f3mico OEM\" target=\"_self\" rel=\"noopener\">\n\t\tEscritorio ergon\u00f3mico OEM\n\t\t<\/a>\n\t<\/h2>\n\t<p>Este escritorio OEM ofrece al usuario un dise\u00f1o para sus flujos de trabajo en constante cambio, por lo que construimos estos escritorios para brindarle comodidad.<\/p>\n\n","protected":false},"excerpt":{"rendered":"<p>Escritorios\/estaciones de trabajo de pie Sistemas inform\u00e1ticos murales Carros de comunicaci\u00f3n Home \u00bb OEM Servicios de fabricaci\u00f3n OEM de AFC Industries Desbloqueo de la productividad mediante soluciones OEM En AFC Industries, comprendemos la importancia de la productividad en el din\u00e1mico panorama empresarial actual. Por eso, ofrecemos soluciones OEM de vanguardia dise\u00f1adas para potenciar sus operaciones.&hellip;<\/p>\n","protected":false},"author":1,"featured_media":0,"parent":0,"menu_order":0,"comment_status":"closed","ping_status":"closed","template":"","meta":{"_acf_changed":false,"inline_featured_image":false,"footnotes":""},"class_list":["post-19480","page","type-page","status-publish","hentry"],"acf":[],"_links":{"self":[{"href":"https:\/\/afcindustries.com\/es\/wp-json\/wp\/v2\/pages\/19480","targetHints":{"allow":["GET"]}}],"collection":[{"href":"https:\/\/afcindustries.com\/es\/wp-json\/wp\/v2\/pages"}],"about":[{"href":"https:\/\/afcindustries.com\/es\/wp-json\/wp\/v2\/types\/page"}],"author":[{"embeddable":true,"href":"https:\/\/afcindustries.com\/es\/wp-json\/wp\/v2\/users\/1"}],"replies":[{"embeddable":true,"href":"https:\/\/afcindustries.com\/es\/wp-json\/wp\/v2\/comments?post=19480"}],"version-history":[{"count":0,"href":"https:\/\/afcindustries.com\/es\/wp-json\/wp\/v2\/pages\/19480\/revisions"}],"wp:attachment":[{"href":"https:\/\/afcindustries.com\/es\/wp-json\/wp\/v2\/media?parent=19480"}],"curies":[{"name":"wp","href":"https:\/\/api.w.org\/{rel}","templated":true}]}}