{"id":19454,"date":"2022-02-16T11:53:32","date_gmt":"2022-02-16T16:53:32","guid":{"rendered":"https:\/\/afcindustries.com\/productos-covid\/"},"modified":"2024-10-15T09:09:46","modified_gmt":"2024-10-15T13:09:46","slug":"productos-covid","status":"publish","type":"page","link":"https:\/\/afcindustries.com\/es\/productos-covid\/","title":{"rendered":"Productos Covid"},"content":{"rendered":"\r\n<p>&nbsp;<\/p>\r\n<h3>Escritorios\/estaciones de trabajo de pie<\/h3>\r\n<p>&nbsp;<\/p>\r\n<h3>Sistemas inform\u00e1ticos murales<\/h3>\r\n<p>&nbsp;<\/p>\r\n<h3>Carros de comunicaci\u00f3n<\/h3>\r\n<nav id=\"breadcrumbs\" aria-label=\"Breadcrumbs\"><a href=\"https:\/\/afcindustries.com\/es\/\">Home<\/a> \u00bb Productos Covid<\/nav>\r\n<h2>Estaci\u00f3n sanitaria COVID-19<\/h2>\r\n<p><a href=\"https:\/\/afcindustries.com\/covid-ready\/\" target=\"_self\" rel=\"noopener\"> <img loading=\"lazy\" decoding=\"async\" title=\"High-performance COVID-19 Workplace Solutions by AFC Industries\" src=\"https:\/\/afcindustries.com\/wp-content\/uploads\/2022\/02\/covid-19-virus-products.jpg\" sizes=\"auto, (max-width: 1110px) 100vw, 1110px\" srcset=\"https:\/\/afcindustries.com\/wp-content\/uploads\/2022\/02\/covid-19-virus-products.jpg 1110w, https:\/\/afcindustries.com\/wp-content\/uploads\/2022\/02\/covid-19-virus-products-300x174.jpg 300w, https:\/\/afcindustries.com\/wp-content\/uploads\/2022\/02\/covid-19-virus-products-1024x592.jpg 1024w, https:\/\/afcindustries.com\/wp-content\/uploads\/2022\/02\/covid-19-virus-products-768x444.jpg 768w, https:\/\/afcindustries.com\/wp-content\/uploads\/2022\/02\/covid-19-virus-products-600x347.jpg 600w\" alt=\"High-performance COVID-19 Workplace Solutions by AFC Industries\" width=\"1110\" height=\"642\" \/> <\/a><\/p>\r\n<h2>Aumente la seguridad y la eficiencia con nuestras soluciones para el lugar de trabajo frente al COVID-19<\/h2>\r\n<p>En el panorama laboral en constante evoluci\u00f3n de hoy, la seguridad es primordial. En AFC Industries, comprendemos los desaf\u00edos \u00fanicos que plantea la COVID-19. Por eso, hemos desarrollado una gama integral de soluciones para el lugar de trabajo frente a la COVID-19 dise\u00f1adas para proteger a sus empleados y mejorar la productividad.<\/p>\r\n<p>Nuestros productos innovadores est\u00e1n elaborados meticulosamente para satisfacer las demandas de estos tiempos dif\u00edciles. Desde estaciones de trabajo ergon\u00f3micas que promueven el distanciamiento social hasta estaciones de desinfecci\u00f3n de vanguardia, nuestras soluciones se adaptan a sus necesidades cambiantes.<\/p>\r\n<p>A medida que nos adaptamos a la nueva normalidad, conf\u00ede en AFC Industries para brindarle las herramientas necesarias para crear un espacio de trabajo seguro, eficiente y productivo. Explore hoy nuestras soluciones para el lugar de trabajo frente al COVID-19 y experimente tranquilidad mientras navega por estas aguas desconocidas.<\/p>\r\n<p>Con AFC Industries a su lado, no solo acepta el cambio, sino que lo lidera. Elija seguridad, elija innovaci\u00f3n, el\u00edjanos.<\/p>\r\n<h2>COVID-19 Ready<\/h2>\r\n<p>Mientras seguimos luchando contra la Pandemia Corona, debemos prepararnos para protegernos como corresponde. En AFC hemos empezado a fabricar productos preparados para COVID-19 que pueden ayudarle a volver a la normalidad laboral. Ya sean estaciones de higiene respiratoria est\u00e1ticas o m\u00f3viles, situadas estrat\u00e9gicamente en las entradas de los edificios y en zonas de mucho tr\u00e1fico, o carros de c\u00e1maras de imagen t\u00e9rmica m\u00f3viles que ofrecen una soluci\u00f3n ligera pero resistente para la detecci\u00f3n y supervisi\u00f3n pasiva de la temperatura.<\/p>\r\n<p>Nuestros soportes dispensadores de higiene respiratoria est\u00e1n construidos para dispensar una combinaci\u00f3n de mascarillas, guantes, toallitas y botellas de desinfectante. Estas estaciones pueden colocarse en cualquier zona de gran afluencia de p\u00fablico y debe fomentarse su uso con la mayor frecuencia posible. Para su comodidad, ofrecemos puestos est\u00e1ticos en el suelo, carros m\u00f3viles con ruedas, mostradores y estaciones de dispensaci\u00f3n montadas en la pared.<\/p>\r\n","protected":false},"excerpt":{"rendered":"<p>&nbsp; Escritorios\/estaciones de trabajo de pie &nbsp; Sistemas inform\u00e1ticos murales &nbsp; Carros de comunicaci\u00f3n Home \u00bb Productos Covid Estaci\u00f3n sanitaria COVID-19 Aumente la seguridad y la eficiencia con nuestras soluciones para el lugar de trabajo frente al COVID-19 En el panorama laboral en constante evoluci\u00f3n de hoy, la seguridad es primordial. En AFC Industries, comprendemos&hellip;<\/p>\n","protected":false},"author":1,"featured_media":0,"parent":0,"menu_order":0,"comment_status":"closed","ping_status":"closed","template":"","meta":{"_acf_changed":false,"inline_featured_image":false,"footnotes":""},"class_list":["post-19454","page","type-page","status-publish","hentry"],"acf":[],"_links":{"self":[{"href":"https:\/\/afcindustries.com\/es\/wp-json\/wp\/v2\/pages\/19454","targetHints":{"allow":["GET"]}}],"collection":[{"href":"https:\/\/afcindustries.com\/es\/wp-json\/wp\/v2\/pages"}],"about":[{"href":"https:\/\/afcindustries.com\/es\/wp-json\/wp\/v2\/types\/page"}],"author":[{"embeddable":true,"href":"https:\/\/afcindustries.com\/es\/wp-json\/wp\/v2\/users\/1"}],"replies":[{"embeddable":true,"href":"https:\/\/afcindustries.com\/es\/wp-json\/wp\/v2\/comments?post=19454"}],"version-history":[{"count":0,"href":"https:\/\/afcindustries.com\/es\/wp-json\/wp\/v2\/pages\/19454\/revisions"}],"wp:attachment":[{"href":"https:\/\/afcindustries.com\/es\/wp-json\/wp\/v2\/media?parent=19454"}],"curies":[{"name":"wp","href":"https:\/\/api.w.org\/{rel}","templated":true}]}}