{"id":19445,"date":"2022-02-16T17:22:22","date_gmt":"2022-02-16T22:22:22","guid":{"rendered":"https:\/\/afcindustries.com\/solicitud-de-catalogo\/"},"modified":"2024-09-27T16:22:39","modified_gmt":"2024-09-27T20:22:39","slug":"solicitud-de-catalogo","status":"publish","type":"page","link":"https:\/\/afcindustries.com\/es\/solicitud-de-catalogo\/","title":{"rendered":"Solicitud de cat\u00e1logo"},"content":{"rendered":"\n\n\t<nav id=\"breadcrumbs\" aria-label=\"Breadcrumbs\"><a href=\"https:\/\/afcindustries.com\/es\/\">Home<\/a> \u00bb Solicitud de cat\u00e1logo<\/nav><h2>\n\t\tMejore su espacio de trabajo con nuestro cat\u00e1logo ergon\u00f3mico\n\t<\/h2>\n\t<p>Nuestra p\u00e1gina \u00ab<a href=\"https:\/\/afcindustries.com\/es\/\">Solicitud de cat\u00e1logo ergon\u00f3mico<\/a>\u00bb le permite explorar nuestra amplia gama de ofertas de muebles innovadores. Ya sea que est\u00e9 buscando sillas de oficina ergon\u00f3micas, escritorios de altura ajustable, soportes para monitores o cualquier otro <a href=\"https:\/\/afcindustriespa.com\/\" target=\"_blank\" rel=\"noopener\">accesorio ergon\u00f3mico<\/a>, nuestro cat\u00e1logo lo tiene cubierto. Nos comprometemos a brindarle soluciones personalizables de la m\u00e1s alta calidad que mejoren su entorno de trabajo.<\/p>\n<p>\u00bfEst\u00e1 buscando soluciones de mobiliario ergon\u00f3mico que prioricen la comodidad y la productividad en su espacio de trabajo? No busque m\u00e1s. En AFC Industries, comprendemos la importancia de la ergonom\u00eda y nuestro cat\u00e1logo integral est\u00e1 aqu\u00ed para guiarlo en su camino hacia un espacio de trabajo m\u00e1s c\u00f3modo y eficiente.<\/p>\n<p>Simplemente solicite nuestro cat\u00e1logo y obtendr\u00e1 acceso a una gran cantidad de informaci\u00f3n ergon\u00f3mica, detalles de productos y opciones de dise\u00f1o. Descubra c\u00f3mo AFC Industries puede transformar su espacio de trabajo, mejorar el bienestar de los empleados y aumentar la productividad. Mejore su entorno de oficina hoy mismo solicitando nuestro cat\u00e1logo ergon\u00f3mico y dando el primer paso hacia un futuro m\u00e1s ergon\u00f3mico y eficiente.<\/p>\n\t\t\t\t\t\t\t\t\t<img loading=\"lazy\" decoding=\"async\" src=\"https:\/\/afcindustries.com\/wp-content\/uploads\/2022\/02\/Healthcare-medical-catalog-2019-1.jpg\" alt=\"Comprehensive healthcare medical catalogs by AFC Industries\" itemprop=\"image\" height=\"524\" width=\"400\" srcset=\"https:\/\/afcindustries.com\/wp-content\/uploads\/2022\/02\/Healthcare-medical-catalog-2019-1.jpg 400w, https:\/\/afcindustries.com\/wp-content\/uploads\/2022\/02\/Healthcare-medical-catalog-2019-1-229x300.jpg 229w\" sizes=\"auto, (max-width: 400px) 100vw, 400px\" title=\"Comprehensive healthcare medical catalogs by AFC Industries\" onerror=\"this.style.display='none'\"  \/>\n<h1>\n\t\tSOLICITUD DE CAT\u00c1LOGO GRATUITO\n\t<\/h1>\n\t\n\t\n \n<form action=\"\/es\/?page_id=19445&#038;fl_builder#wpcf7-f43577-o1\" method=\"post\" aria-label=\"Formulario de contacto\" novalidate=\"novalidate\" data-status=\"init\">\n<input type=\"hidden\" name=\"_wpcf7\" value=\"43577\" \/>\n<input type=\"hidden\" name=\"_wpcf7_version\" value=\"5.9.8\" \/>\n<input type=\"hidden\" name=\"_wpcf7_locale\" value=\"es_ES\" \/>\n<input type=\"hidden\" name=\"_wpcf7_unit_tag\" value=\"wpcf7-f43577-o1\" \/>\n<input type=\"hidden\" name=\"_wpcf7_container_post\" value=\"0\" \/>\n<input type=\"hidden\" name=\"_wpcf7_posted_data_hash\" value=\"\" \/>\n<input type=\"hidden\" name=\"_wpcf7_recaptcha_response\" value=\"\" \/>\n\t<label for=\"your-name\">Nombre<\/label>\n\t\n\t<input size=\"40\" maxlength=\"400\" autocomplete=\"name\" aria-required=\"true\" aria-invalid=\"false\" value=\"\" type=\"text\" name=\"your-name\" \/>\n\t\n\t<label for=\"your-email\">Env\u00ede un correo electr\u00f3nico a<\/label>\n\t\n\t<input size=\"40\" maxlength=\"400\" autocomplete=\"email\" aria-required=\"true\" aria-invalid=\"false\" value=\"\" type=\"email\" name=\"your-email\" \/>\n\t\n\t<label for=\"your-email\">Nombre de empresa<\/label>\n\t\n\t<input size=\"40\" maxlength=\"400\" autocomplete=\"company\" aria-required=\"true\" aria-invalid=\"false\" value=\"\" type=\"text\" name=\"company\" \/>\n\t\n\t<label for=\"your-email\">Sitio web<\/label>\n\t\n\t<input size=\"40\" maxlength=\"400\" autocomplete=\"website\" aria-invalid=\"false\" value=\"\" type=\"text\" name=\"website\" \/>\n\t\n\t<label> Mensaje<\/label>\n\t\n\t<textarea cols=\"40\" rows=\"10\" maxlength=\"2000\" aria-invalid=\"false\" name=\"your-message\"><\/textarea>\n\t\n\t<input type=\"submit\" value=\"Enviar\" \/>\n\t\n<\/form>\n\n","protected":false},"excerpt":{"rendered":"<p>Home \u00bb Solicitud de cat\u00e1logo Mejore su espacio de trabajo con nuestro cat\u00e1logo ergon\u00f3mico Nuestra p\u00e1gina \u00abSolicitud de cat\u00e1logo ergon\u00f3mico\u00bb le permite explorar nuestra amplia gama de ofertas de muebles innovadores. Ya sea que est\u00e9 buscando sillas de oficina ergon\u00f3micas, escritorios de altura ajustable, soportes para monitores o cualquier otro accesorio ergon\u00f3mico, nuestro cat\u00e1logo lo&hellip;<\/p>\n","protected":false},"author":1,"featured_media":0,"parent":0,"menu_order":0,"comment_status":"closed","ping_status":"closed","template":"","meta":{"_acf_changed":false,"inline_featured_image":false,"footnotes":""},"class_list":["post-19445","page","type-page","status-publish","hentry"],"acf":[],"_links":{"self":[{"href":"https:\/\/afcindustries.com\/es\/wp-json\/wp\/v2\/pages\/19445","targetHints":{"allow":["GET"]}}],"collection":[{"href":"https:\/\/afcindustries.com\/es\/wp-json\/wp\/v2\/pages"}],"about":[{"href":"https:\/\/afcindustries.com\/es\/wp-json\/wp\/v2\/types\/page"}],"author":[{"embeddable":true,"href":"https:\/\/afcindustries.com\/es\/wp-json\/wp\/v2\/users\/1"}],"replies":[{"embeddable":true,"href":"https:\/\/afcindustries.com\/es\/wp-json\/wp\/v2\/comments?post=19445"}],"version-history":[{"count":0,"href":"https:\/\/afcindustries.com\/es\/wp-json\/wp\/v2\/pages\/19445\/revisions"}],"wp:attachment":[{"href":"https:\/\/afcindustries.com\/es\/wp-json\/wp\/v2\/media?parent=19445"}],"curies":[{"name":"wp","href":"https:\/\/api.w.org\/{rel}","templated":true}]}}