{"id":19444,"date":"2022-02-16T12:10:46","date_gmt":"2022-02-16T17:10:46","guid":{"rendered":"https:\/\/afcindustries.com\/accesorios-para-el-muro-de-lamas\/"},"modified":"2024-10-04T14:57:08","modified_gmt":"2024-10-04T18:57:08","slug":"accesorios-para-el-muro-de-lamas","status":"publish","type":"page","link":"https:\/\/afcindustries.com\/es\/accesorios-para-el-muro-de-lamas\/","title":{"rendered":"Accesorios"},"content":{"rendered":"\n\n\t<h2>\n\t\tACCESORIOS\n\t<\/h2>\n\t\t\t\t\t\t\t\t<a href=\"https:\/\/afcindustries.com\/contact\/\" target=\"_self\" itemprop=\"url\" rel=\"noopener\">\n\t\t\t\t\t\t\t\t\t<img loading=\"lazy\" decoding=\"async\" src=\"https:\/\/afcindustries.com\/wp-content\/uploads\/2022\/05\/Promo-Fall-23.gif\" alt=\"Promo Fall\" itemprop=\"image\" height=\"450\" width=\"280\" title=\"Promo Fall\" onerror=\"this.style.display='none'\"  \/>\n\t\t\t\t\t\t\t\t\t\t\t\t\t<\/a>\n\n\n\tMostrando el \u00fanico resultado\n<form method=\"get\">\n\t<select name=\"orderby\" aria-label=\"Pedido de la tienda\">\n\t\t\t\t\t<option value=\"menu_order\"  selected='selected'>Orden predeterminado<\/option>\n\t\t\t\t\t<option value=\"popularity\">Ordenar por popularidad<\/option>\n\t\t\t\t\t<option value=\"date\">Ordenar por los \u00faltimos<\/option>\n\t\t\t\t\t<option value=\"price\">Ordenar por precio: bajo a alto<\/option>\n\t\t\t\t\t<option value=\"price-desc\">Ordenar por precio: alto a bajo<\/option>\n\t\t\t<\/select>\n\t<input type=\"hidden\" name=\"paged\" value=\"1\" \/>\n\t<input type=\"hidden\" name=\"page_id\" value=\"19444\" \/><input type=\"hidden\" name=\"fl_builder\" value=\"\" \/><\/form>\n\t\t\t<ul>\n\t\t\t\t<li id=\"woopack-product-20154\"  data-product-id=\"20154\">\n\t<a href='https:\/\/afcindustries.com\/es\/producto\/la-mejor-rueda-de-4-ruedas-con-freno\/' title='La mejor rueda de 4&#8243; con freno'><img width=\"800\" height=\"800\" src=\"https:\/\/afcindustries.com\/wp-content\/uploads\/2022\/05\/772138-heavy-duty-caster-with-brake.jpg\" alt=\"772138 rueda de alta resistencia con freno\" itemprop=\"image\" decoding=\"async\" loading=\"lazy\" srcset=\"https:\/\/afcindustries.com\/wp-content\/uploads\/2022\/05\/772138-heavy-duty-caster-with-brake.jpg 800w, https:\/\/afcindustries.com\/wp-content\/uploads\/2022\/05\/772138-heavy-duty-caster-with-brake-300x300.jpg 300w, https:\/\/afcindustries.com\/wp-content\/uploads\/2022\/05\/772138-heavy-duty-caster-with-brake-150x150.jpg 150w, https:\/\/afcindustries.com\/wp-content\/uploads\/2022\/05\/772138-heavy-duty-caster-with-brake-768x768.jpg 768w, https:\/\/afcindustries.com\/wp-content\/uploads\/2022\/05\/772138-heavy-duty-caster-with-brake-600x600.jpg 600w, https:\/\/afcindustries.com\/wp-content\/uploads\/2022\/05\/772138-heavy-duty-caster-with-brake-100x100.jpg 100w\" sizes=\"auto, (max-width: 800px) 100vw, 800px\" title=\"\"><\/a>\n    <h3><a href='https:\/\/afcindustries.com\/es\/producto\/la-mejor-rueda-de-4-ruedas-con-freno\/' title='La mejor rueda de 4&#8243; con freno'>La mejor rueda de 4&#8243; con freno<\/a><\/h3>\n\t\tSKU:772138\n<\/li><li id=\"woopack-product-20176\"  data-product-id=\"20176\">\n\t<a href='https:\/\/afcindustries.com\/es\/producto\/montaje-de-equipos-en-la-pared-de-metal\/' title='Montaje de equipos en la pared de metal'><img width=\"500\" height=\"500\" src=\"https:\/\/afcindustries.com\/wp-content\/uploads\/2022\/01\/772542-metal-wall-mounted-track-accessories.jpg\" alt=\"772542 metal wall mounted track accessories\" itemprop=\"image\" decoding=\"async\" loading=\"lazy\" srcset=\"https:\/\/afcindustries.com\/wp-content\/uploads\/2022\/01\/772542-metal-wall-mounted-track-accessories.jpg 500w, https:\/\/afcindustries.com\/wp-content\/uploads\/2022\/01\/772542-metal-wall-mounted-track-accessories-300x300.jpg 300w, https:\/\/afcindustries.com\/wp-content\/uploads\/2022\/01\/772542-metal-wall-mounted-track-accessories-100x100.jpg 100w, https:\/\/afcindustries.com\/wp-content\/uploads\/2022\/01\/772542-metal-wall-mounted-track-accessories-150x150.jpg 150w\" sizes=\"auto, (max-width: 500px) 100vw, 500px\" title=\"\"><\/a>\n    <h3><a href='https:\/\/afcindustries.com\/es\/producto\/montaje-de-equipos-en-la-pared-de-metal\/' title='Montaje de equipos en la pared de metal'>Montaje de equipos en la pared de metal<\/a><\/h3>\n\t\tSKU:772542\n<\/li><li id=\"woopack-product-20174\"  data-product-id=\"20174\">\n\t<a href='https:\/\/afcindustries.com\/es\/producto\/cable-de-extension-de-6-tomas-de-corriente\/' title='Cable de extensi\u00f3n de 6 tomas de corriente'><img width=\"550\" height=\"318\" src=\"https:\/\/afcindustries.com\/wp-content\/uploads\/2022\/01\/771344-6-plugs-power-strip.jpg\" alt=\"771344 6 plugs power strip\" itemprop=\"image\" decoding=\"async\" loading=\"lazy\" srcset=\"https:\/\/afcindustries.com\/wp-content\/uploads\/2022\/01\/771344-6-plugs-power-strip.jpg 550w, https:\/\/afcindustries.com\/wp-content\/uploads\/2022\/01\/771344-6-plugs-power-strip-300x173.jpg 300w\" sizes=\"auto, (max-width: 550px) 100vw, 550px\" title=\"\"><\/a>\n    <h3><a href='https:\/\/afcindustries.com\/es\/producto\/cable-de-extension-de-6-tomas-de-corriente\/' title='Cable de extensi\u00f3n de 6 tomas de corriente'>Cable de extensi\u00f3n de 6 tomas de corriente<\/a><\/h3>\n\t\tSKU:771344\n<\/li><li id=\"woopack-product-20175\"  data-product-id=\"20175\">\n\t<a href='https:\/\/afcindustries.com\/es\/producto\/supresor-de-sobretensiones-regleta-de-enchufes\/' title='Supresor de sobretensiones Regleta de enchufes'><img width=\"500\" height=\"500\" src=\"https:\/\/afcindustries.com\/wp-content\/uploads\/2022\/01\/771623-surge-suppressor-power-strip.jpg\" alt=\"771623 surge suppressor power strip\" itemprop=\"image\" decoding=\"async\" loading=\"lazy\" srcset=\"https:\/\/afcindustries.com\/wp-content\/uploads\/2022\/01\/771623-surge-suppressor-power-strip.jpg 500w, https:\/\/afcindustries.com\/wp-content\/uploads\/2022\/01\/771623-surge-suppressor-power-strip-300x300.jpg 300w, https:\/\/afcindustries.com\/wp-content\/uploads\/2022\/01\/771623-surge-suppressor-power-strip-100x100.jpg 100w, https:\/\/afcindustries.com\/wp-content\/uploads\/2022\/01\/771623-surge-suppressor-power-strip-150x150.jpg 150w\" sizes=\"auto, (max-width: 500px) 100vw, 500px\" title=\"\"><\/a>\n    <h3><a href='https:\/\/afcindustries.com\/es\/producto\/supresor-de-sobretensiones-regleta-de-enchufes\/' title='Supresor de sobretensiones Regleta de enchufes'>Supresor de sobretensiones Regleta de enchufes<\/a><\/h3>\n\t\tSKU:771623\n<\/li><li id=\"woopack-product-20183\"  data-product-id=\"20183\">\n\t<a href='https:\/\/afcindustries.com\/es\/producto\/ruedas-de-acero-inoxidable\/' title='Ruedas de acero inoxidable'><img width=\"500\" height=\"500\" src=\"https:\/\/afcindustries.com\/wp-content\/uploads\/2022\/01\/772139-stainless-trolley-caster-wheels.jpg\" alt=\"772139 stainless trolley caster wheels\" itemprop=\"image\" decoding=\"async\" loading=\"lazy\" srcset=\"https:\/\/afcindustries.com\/wp-content\/uploads\/2022\/01\/772139-stainless-trolley-caster-wheels.jpg 500w, https:\/\/afcindustries.com\/wp-content\/uploads\/2022\/01\/772139-stainless-trolley-caster-wheels-300x300.jpg 300w, https:\/\/afcindustries.com\/wp-content\/uploads\/2022\/01\/772139-stainless-trolley-caster-wheels-100x100.jpg 100w, https:\/\/afcindustries.com\/wp-content\/uploads\/2022\/01\/772139-stainless-trolley-caster-wheels-150x150.jpg 150w\" sizes=\"auto, (max-width: 500px) 100vw, 500px\" title=\"\"><\/a>\n    <h3><a href='https:\/\/afcindustries.com\/es\/producto\/ruedas-de-acero-inoxidable\/' title='Ruedas de acero inoxidable'>Ruedas de acero inoxidable<\/a><\/h3>\n\t\tSKU:772139\n<\/li><li id=\"woopack-product-20191\"  data-product-id=\"20191\">\n\t<a href='https:\/\/afcindustries.com\/es\/producto\/el-mejor-lanzador\/' title='El mejor lanzador'><img width=\"500\" height=\"500\" src=\"https:\/\/afcindustries.com\/wp-content\/uploads\/2022\/01\/771260-heavy-duty-caster-for-desk.jpg\" alt=\"771260 heavy duty caster for desk\" itemprop=\"image\" decoding=\"async\" loading=\"lazy\" srcset=\"https:\/\/afcindustries.com\/wp-content\/uploads\/2022\/01\/771260-heavy-duty-caster-for-desk.jpg 500w, https:\/\/afcindustries.com\/wp-content\/uploads\/2022\/01\/771260-heavy-duty-caster-for-desk-300x300.jpg 300w, https:\/\/afcindustries.com\/wp-content\/uploads\/2022\/01\/771260-heavy-duty-caster-for-desk-100x100.jpg 100w, https:\/\/afcindustries.com\/wp-content\/uploads\/2022\/01\/771260-heavy-duty-caster-for-desk-150x150.jpg 150w\" sizes=\"auto, (max-width: 500px) 100vw, 500px\" title=\"\"><\/a>\n    <h3><a href='https:\/\/afcindustries.com\/es\/producto\/el-mejor-lanzador\/' title='El mejor lanzador'>El mejor lanzador<\/a><\/h3>\n\t\tSKU:771260\n<\/li><li id=\"woopack-product-20165\"  data-product-id=\"20165\">\n\t<a href='https:\/\/afcindustries.com\/es\/producto\/bandeja-ergonomica-para-teclado-y-raton-de-ordenador\/' title='Bandeja ergon\u00f3mica para teclado y rat\u00f3n de ordenador'><img width=\"499\" height=\"499\" src=\"https:\/\/afcindustries.com\/wp-content\/uploads\/2022\/01\/771325-ergonomic-computer-keyboard-and-mouse-tray.jpg\" alt=\"771325 ergonomic computer keyboard and mouse tray\" itemprop=\"image\" decoding=\"async\" loading=\"lazy\" srcset=\"https:\/\/afcindustries.com\/wp-content\/uploads\/2022\/01\/771325-ergonomic-computer-keyboard-and-mouse-tray.jpg 499w, https:\/\/afcindustries.com\/wp-content\/uploads\/2022\/01\/771325-ergonomic-computer-keyboard-and-mouse-tray-300x300.jpg 300w, https:\/\/afcindustries.com\/wp-content\/uploads\/2022\/01\/771325-ergonomic-computer-keyboard-and-mouse-tray-100x100.jpg 100w, https:\/\/afcindustries.com\/wp-content\/uploads\/2022\/01\/771325-ergonomic-computer-keyboard-and-mouse-tray-150x150.jpg 150w\" sizes=\"auto, (max-width: 499px) 100vw, 499px\" title=\"\"><\/a>\n    <h3><a href='https:\/\/afcindustries.com\/es\/producto\/bandeja-ergonomica-para-teclado-y-raton-de-ordenador\/' title='Bandeja ergon\u00f3mica para teclado y rat\u00f3n de ordenador'>Bandeja ergon\u00f3mica para teclado y rat\u00f3n de ordenador<\/a><\/h3>\n\t\tSKU:771325\n<\/li><li id=\"woopack-product-20189\"  data-product-id=\"20189\">\n\t<a href='https:\/\/afcindustries.com\/es\/producto\/puertos-de-datos-y-de-alimentacion-montados-en-el-escritorio\/' title='Puertos de datos y de alimentaci\u00f3n montados en el escritorio'><img width=\"500\" height=\"500\" src=\"https:\/\/afcindustries.com\/wp-content\/uploads\/2022\/01\/771919-power-and-network-data-ports.jpg\" alt=\"771919 power and network data ports\" itemprop=\"image\" decoding=\"async\" loading=\"lazy\" srcset=\"https:\/\/afcindustries.com\/wp-content\/uploads\/2022\/01\/771919-power-and-network-data-ports.jpg 500w, https:\/\/afcindustries.com\/wp-content\/uploads\/2022\/01\/771919-power-and-network-data-ports-300x300.jpg 300w, https:\/\/afcindustries.com\/wp-content\/uploads\/2022\/01\/771919-power-and-network-data-ports-100x100.jpg 100w, https:\/\/afcindustries.com\/wp-content\/uploads\/2022\/01\/771919-power-and-network-data-ports-150x150.jpg 150w\" sizes=\"auto, (max-width: 500px) 100vw, 500px\" title=\"\"><\/a>\n    <h3><a href='https:\/\/afcindustries.com\/es\/producto\/puertos-de-datos-y-de-alimentacion-montados-en-el-escritorio\/' title='Puertos de datos y de alimentaci\u00f3n montados en el escritorio'>Puertos de datos y de alimentaci\u00f3n montados en el escritorio<\/a><\/h3>\n\t\tSKU:771919\n<\/li><li id=\"woopack-product-20118\"  data-product-id=\"20118\">\n\t<a href='https:\/\/afcindustries.com\/es\/producto\/bandeja-organizadora-de-cables-bajo-el-escritorio\/' title='Bandeja organizadora de cables bajo el escritorio'><img width=\"500\" height=\"500\" src=\"https:\/\/afcindustries.com\/wp-content\/uploads\/2022\/01\/772472-under-desk-cable-organizer-tray.jpg\" alt=\"772472 under desk cable organizer tray\" itemprop=\"image\" decoding=\"async\" loading=\"lazy\" srcset=\"https:\/\/afcindustries.com\/wp-content\/uploads\/2022\/01\/772472-under-desk-cable-organizer-tray.jpg 500w, https:\/\/afcindustries.com\/wp-content\/uploads\/2022\/01\/772472-under-desk-cable-organizer-tray-300x300.jpg 300w, https:\/\/afcindustries.com\/wp-content\/uploads\/2022\/01\/772472-under-desk-cable-organizer-tray-100x100.jpg 100w, https:\/\/afcindustries.com\/wp-content\/uploads\/2022\/01\/772472-under-desk-cable-organizer-tray-150x150.jpg 150w\" sizes=\"auto, (max-width: 500px) 100vw, 500px\" title=\"\"><\/a>\n    <h3><a href='https:\/\/afcindustries.com\/es\/producto\/bandeja-organizadora-de-cables-bajo-el-escritorio\/' title='Bandeja organizadora de cables bajo el escritorio'>Bandeja organizadora de cables bajo el escritorio<\/a><\/h3>\n\t\tSKU:772472\n<\/li><li id=\"woopack-product-20139\"  data-product-id=\"20139\">\n\t<a href='https:\/\/afcindustries.com\/es\/producto\/armario-para-cpu-de-pared-multiuso\/' title='Armario para CPU de pared multiuso'><img width=\"499\" height=\"499\" src=\"https:\/\/afcindustries.com\/wp-content\/uploads\/2022\/01\/772445-wall-mounted-cabinet-enclosure.jpg\" alt=\"772445 wall mounted cabinet enclosure\" itemprop=\"image\" decoding=\"async\" loading=\"lazy\" srcset=\"https:\/\/afcindustries.com\/wp-content\/uploads\/2022\/01\/772445-wall-mounted-cabinet-enclosure.jpg 499w, https:\/\/afcindustries.com\/wp-content\/uploads\/2022\/01\/772445-wall-mounted-cabinet-enclosure-300x300.jpg 300w, https:\/\/afcindustries.com\/wp-content\/uploads\/2022\/01\/772445-wall-mounted-cabinet-enclosure-100x100.jpg 100w, https:\/\/afcindustries.com\/wp-content\/uploads\/2022\/01\/772445-wall-mounted-cabinet-enclosure-150x150.jpg 150w\" sizes=\"auto, (max-width: 499px) 100vw, 499px\" title=\"\"><\/a>\n    <h3><a href='https:\/\/afcindustries.com\/es\/producto\/armario-para-cpu-de-pared-multiuso\/' title='Armario para CPU de pared multiuso'>Armario para CPU de pared multiuso<\/a><\/h3>\n\t\tSKU:772445\n<\/li><li id=\"woopack-product-20149\"  data-product-id=\"20149\">\n\t<a href='https:\/\/afcindustries.com\/es\/producto\/soporte-para-pc-thin-client-o-bateria-recargable\/' title='Soporte para PC Thin-Client o bater\u00eda recargable'><img width=\"499\" height=\"499\" src=\"https:\/\/afcindustries.com\/wp-content\/uploads\/2022\/01\/772880-cpu-holder.jpg\" alt=\"772880 cpu holder\" itemprop=\"image\" decoding=\"async\" loading=\"lazy\" srcset=\"https:\/\/afcindustries.com\/wp-content\/uploads\/2022\/01\/772880-cpu-holder.jpg 499w, https:\/\/afcindustries.com\/wp-content\/uploads\/2022\/01\/772880-cpu-holder-300x300.jpg 300w, https:\/\/afcindustries.com\/wp-content\/uploads\/2022\/01\/772880-cpu-holder-100x100.jpg 100w, https:\/\/afcindustries.com\/wp-content\/uploads\/2022\/01\/772880-cpu-holder-150x150.jpg 150w\" sizes=\"auto, (max-width: 499px) 100vw, 499px\" title=\"\"><\/a>\n    <h3><a href='https:\/\/afcindustries.com\/es\/producto\/soporte-para-pc-thin-client-o-bateria-recargable\/' title='Soporte para PC Thin-Client o bater\u00eda recargable'>Soporte para PC Thin-Client o bater\u00eda recargable<\/a><\/h3>\n\t\tSKU:772880\n<\/li><li id=\"woopack-product-20117\"  data-product-id=\"20117\">\n\t<a href='https:\/\/afcindustries.com\/es\/producto\/hub-usb-de-sobremesa\/' title='Hub USB de sobremesa'><img width=\"1024\" height=\"1024\" src=\"https:\/\/afcindustries.com\/wp-content\/uploads\/2023\/09\/01-hi-res-1024x1024.jpg\" alt=\"USB pop-up adapter by AFC, designed for convenient connectivity and easy access to USB ports in various settings.\" itemprop=\"image\" decoding=\"async\" loading=\"lazy\" srcset=\"https:\/\/afcindustries.com\/wp-content\/uploads\/2023\/09\/01-hi-res-1024x1024.jpg 1024w, https:\/\/afcindustries.com\/wp-content\/uploads\/2023\/09\/01-hi-res-300x300.jpg 300w, https:\/\/afcindustries.com\/wp-content\/uploads\/2023\/09\/01-hi-res-150x150.jpg 150w, https:\/\/afcindustries.com\/wp-content\/uploads\/2023\/09\/01-hi-res-768x768.jpg 768w, https:\/\/afcindustries.com\/wp-content\/uploads\/2023\/09\/01-hi-res-1536x1536.jpg 1536w, https:\/\/afcindustries.com\/wp-content\/uploads\/2023\/09\/01-hi-res-600x600.jpg 600w, https:\/\/afcindustries.com\/wp-content\/uploads\/2023\/09\/01-hi-res-100x100.jpg 100w, https:\/\/afcindustries.com\/wp-content\/uploads\/2023\/09\/01-hi-res.jpg 2000w\" sizes=\"auto, (max-width: 1024px) 100vw, 1024px\" title=\"\"><\/a>\n    <h3><a href='https:\/\/afcindustries.com\/es\/producto\/hub-usb-de-sobremesa\/' title='Hub USB de sobremesa'>Hub USB de sobremesa<\/a><\/h3>\n\t\tSKU:771918\n<\/li>\t\t\t\t\n\t\t\t<\/ul>\n\t<ul class='page-numbers'>\n\t<li>1<\/li>\n\t<li><a href=\"https:\/\/afcindustries.com\/es\/page\/2\/?page_id=19444&#038;fl_builder\">2<\/a><\/li>\n\t<li><a href=\"https:\/\/afcindustries.com\/es\/page\/3\/?page_id=19444&#038;fl_builder\">3<\/a><\/li>\n\t<li>&hellip;<\/li>\n\t<li><a href=\"https:\/\/afcindustries.com\/es\/page\/10\/?page_id=19444&#038;fl_builder\">10<\/a><\/li>\n\t<li><a href=\"https:\/\/afcindustries.com\/es\/page\/2\/?page_id=19444&#038;fl_builder\">Siguiente &raquo;<\/a><\/li>\n<\/ul>\n<h2>\n\t\tAccesorios para organizar el escritorio del ordenador\n\t<\/h2>\n\t<p>En AFC Industries, comprendemos la importancia de un espacio de trabajo bien equipado. Nuestra selecci\u00f3n de accesorios innovadores para estaciones de trabajo est\u00e1 dise\u00f1ada para permitirle crear el entorno de trabajo ideal adaptado a sus necesidades espec\u00edficas. Ya sea que necesite soluciones ergon\u00f3micas como soportes para monitores, bandejas para teclados o sistemas de administraci\u00f3n de cables, o que busque mejorar la organizaci\u00f3n con soportes para CPU y soluciones de almacenamiento, lo tenemos cubierto. Nuestros accesorios est\u00e1n fabricados con precisi\u00f3n y calidad, lo que garantiza durabilidad e integraci\u00f3n perfecta en su espacio de trabajo.<\/p>\n<p>Con los innovadores accesorios para estaciones de trabajo de AFC, puede optimizar la configuraci\u00f3n de su escritorio, mejorar la productividad y reducir el desorden. Experimente la diferencia que nuestros accesorios cuidadosamente dise\u00f1ados pueden marcar en su vida laboral diaria. Transforme su estaci\u00f3n de trabajo en un para\u00edso de eficiencia y comodidad, todo ello reflejando su estilo y sus necesidades individuales. Mejore su espacio de trabajo con AFC Industries y redefina su forma de trabajar.<\/p>\n<h2>\n\t\tAccesorios para organizar el escritorio del ordenador\n\t<\/h2>\n\t<p>Organizador de escritorio para computadora de oficina de AFC Industries con accesorios de estaci\u00f3n de trabajo innovadores para mejorar la productividad y la eficiencia de los trabajadores de oficina en entornos comerciales con dise\u00f1os ergon\u00f3micos muy c\u00f3modos y caracter\u00edsticas f\u00e1ciles de usar. Nuestros accesorios organizadores de escritorio est\u00e1n equipados con \u00fatiles funcionalidades de \u00faltima generaci\u00f3n para ayudar a los profesionales de la empresa a obtener una comodidad y productividad \u00f3ptimas gracias a la facilidad de uso y la versatilidad de los dispositivos.<\/p>\n<p>Ofrecemos los siguientes accesorios de organizaci\u00f3n de escritorios de oficina de alta calidad para satisfacer las necesidades de los profesionales de la empresa: archivadores; organizadores de cables y alambres; alfombrillas para ratones de ordenador; soportes para CPU; soportes para vasos y botellas; ruedas gemelas; bandejas para teclados de ordenador; soportes para tel\u00e9fonos. tomas de corriente y tabiques, etc.<\/p>\n<p>Con m\u00e1s de 20 a\u00f1os de excelencia en la fabricaci\u00f3n de muebles, AFC Industries sigue liderando el mercado del mobiliario industrial al continuar proporcionando productos de la m\u00e1s alta calidad que cumplen con las exigentes necesidades de cada cliente.<\/p>\n\n","protected":false},"excerpt":{"rendered":"<p>ACCESORIOS Mostrando el \u00fanico resultado Orden predeterminadoOrdenar por popularidadOrdenar por los \u00faltimosOrdenar por precio: bajo a altoOrdenar por precio: alto a bajo La mejor rueda de 4&#8243; con freno SKU:772138 Montaje de equipos en la pared de metal SKU:772542 Cable de extensi\u00f3n de 6 tomas de corriente SKU:771344 Supresor de sobretensiones Regleta de enchufes SKU:771623&hellip;<\/p>\n","protected":false},"author":1,"featured_media":0,"parent":0,"menu_order":0,"comment_status":"closed","ping_status":"closed","template":"","meta":{"_acf_changed":false,"inline_featured_image":false,"footnotes":""},"class_list":["post-19444","page","type-page","status-publish","hentry"],"acf":[],"_links":{"self":[{"href":"https:\/\/afcindustries.com\/es\/wp-json\/wp\/v2\/pages\/19444","targetHints":{"allow":["GET"]}}],"collection":[{"href":"https:\/\/afcindustries.com\/es\/wp-json\/wp\/v2\/pages"}],"about":[{"href":"https:\/\/afcindustries.com\/es\/wp-json\/wp\/v2\/types\/page"}],"author":[{"embeddable":true,"href":"https:\/\/afcindustries.com\/es\/wp-json\/wp\/v2\/users\/1"}],"replies":[{"embeddable":true,"href":"https:\/\/afcindustries.com\/es\/wp-json\/wp\/v2\/comments?post=19444"}],"version-history":[{"count":0,"href":"https:\/\/afcindustries.com\/es\/wp-json\/wp\/v2\/pages\/19444\/revisions"}],"wp:attachment":[{"href":"https:\/\/afcindustries.com\/es\/wp-json\/wp\/v2\/media?parent=19444"}],"curies":[{"name":"wp","href":"https:\/\/api.w.org\/{rel}","templated":true}]}}