{"id":19442,"date":"2022-02-16T11:43:03","date_gmt":"2022-02-16T16:43:03","guid":{"rendered":"https:\/\/afcindustries.com\/sistemas-de-estanterias-informaticas\/"},"modified":"2024-08-29T08:55:21","modified_gmt":"2024-08-29T12:55:21","slug":"sistemas-de-estanterias-informaticas","status":"publish","type":"page","link":"https:\/\/afcindustries.com\/es\/sistemas-de-estanterias-informaticas\/","title":{"rendered":"SISTEMAS DE ESTANTER\u00cdAS INFORM\u00c1TICAS"},"content":{"rendered":"<ul>\n<li><a href=\"https:\/\/afcindustries.com\/standing-desk\/\"><br \/>\nEscritorios\/estaciones de trabajo de pie<br \/>\n<\/a><\/li>\n<li><a href=\"https:\/\/afcindustries.com\/computer-wall-mounts\/\"><br \/>\nSistemas inform\u00e1ticos murales<br \/>\n<\/a><\/li>\n<li><a href=\"https:\/\/afcindustries.com\/telemedicine-cart\/\"><br \/>\nCarros de comunicaci\u00f3n<br \/>\n<\/a><\/li>\n<\/ul>\n<p>&nbsp;<\/p>\n<h2>Bastidores inform\u00e1ticos de la red inform\u00e1tica<\/h2>\n<p><a href=\"https:\/\/afcindustries.com\/smart-racks\/\"><br \/>\n<img loading=\"lazy\" decoding=\"async\" src=\"https:\/\/afcindustries.com\/wp-content\/uploads\/2022\/02\/IT-rack-system-section-banner-1140x281-1.jpg\" alt=\"\" width=\"1140\" height=\"281\" title=\"\"> <\/a><\/p>\n<h2>Sala de TI Red de racks de ordenadores<\/h2>\n<p>AFC ofrece muebles para racks inform\u00e1ticos de red de alta calidad con dise\u00f1os ergon\u00f3micos, modernos y c\u00f3modos, construidos con caracter\u00edsticas vers\u00e1tiles que cumplen con las exigentes necesidades de los administradores de redes inform\u00e1ticas.Los bastidores para ordenadores de red de la sala de TI de AFC Industries ayudan a los administradores de redes de TI a mantener sus altos niveles de energ\u00eda a lo largo de las largas horas de alerta de trabajo requeridas. Con estos puestos de trabajo ergon\u00f3micos, los usuarios se mantendr\u00e1n c\u00f3modos y productivos durante toda su jornada laboral.Con m\u00e1s de 20 a\u00f1os de excelencia en la fabricaci\u00f3n de muebles, AFC Industries sigue liderando el mercado del mobiliario industrial al continuar proporcionando productos de la m\u00e1s alta calidad que cumplen con las necesidades espec\u00edficas del cliente.<\/p>\n","protected":false},"excerpt":{"rendered":"<p>Escritorios\/estaciones de trabajo de pie Sistemas inform\u00e1ticos murales Carros de comunicaci\u00f3n &nbsp; Bastidores inform\u00e1ticos de la red inform\u00e1tica Sala de TI Red de racks de ordenadores AFC ofrece muebles para racks inform\u00e1ticos de red de alta calidad con dise\u00f1os ergon\u00f3micos, modernos y c\u00f3modos, construidos con caracter\u00edsticas vers\u00e1tiles que cumplen con las exigentes necesidades de los&hellip;<\/p>\n","protected":false},"author":1,"featured_media":0,"parent":0,"menu_order":0,"comment_status":"closed","ping_status":"closed","template":"","meta":{"_acf_changed":false,"inline_featured_image":false,"footnotes":""},"class_list":["post-19442","page","type-page","status-publish","hentry"],"acf":[],"_links":{"self":[{"href":"https:\/\/afcindustries.com\/es\/wp-json\/wp\/v2\/pages\/19442","targetHints":{"allow":["GET"]}}],"collection":[{"href":"https:\/\/afcindustries.com\/es\/wp-json\/wp\/v2\/pages"}],"about":[{"href":"https:\/\/afcindustries.com\/es\/wp-json\/wp\/v2\/types\/page"}],"author":[{"embeddable":true,"href":"https:\/\/afcindustries.com\/es\/wp-json\/wp\/v2\/users\/1"}],"replies":[{"embeddable":true,"href":"https:\/\/afcindustries.com\/es\/wp-json\/wp\/v2\/comments?post=19442"}],"version-history":[{"count":0,"href":"https:\/\/afcindustries.com\/es\/wp-json\/wp\/v2\/pages\/19442\/revisions"}],"wp:attachment":[{"href":"https:\/\/afcindustries.com\/es\/wp-json\/wp\/v2\/media?parent=19442"}],"curies":[{"name":"wp","href":"https:\/\/api.w.org\/{rel}","templated":true}]}}