{"id":19438,"date":"2022-02-16T08:42:28","date_gmt":"2022-02-16T13:42:28","guid":{"rendered":"https:\/\/afcindustries.com\/escritorio-mesa\/"},"modified":"2024-09-25T16:31:27","modified_gmt":"2024-09-25T20:31:27","slug":"escritorio-mesa","status":"publish","type":"page","link":"https:\/\/afcindustries.com\/es\/escritorio-mesa\/","title":{"rendered":"Escritorio\/Mesa"},"content":{"rendered":"\n\n\t\t\t<a href=\"https:\/\/afcindustries.com\/es\/todos-los-escritorios-de-pie\/\" target=\"_self\" rel=\"noopener\">\n\t\t<h3>Escritorios\/estaciones de trabajo de pie<\/h3>\n\t\t<\/a>\n\t\t\t<a href=\"https:\/\/afcindustries.com\/es\/soportes-de-pared-para-ordenador\/\" target=\"_self\" rel=\"noopener\">\n\t\t<h3>Sistemas inform\u00e1ticos murales<\/h3>\n\t\t<\/a>\n\t\t\t<a href=\"https:\/\/afcindustries.com\/es\/carro-de-telemedicina\/\" target=\"_self\" rel=\"noopener\">\n\t\t<h3>Carros de comunicaci\u00f3n<\/h3>\n\t\t<\/a>\n\t<nav id=\"breadcrumbs\" aria-label=\"Breadcrumbs\"><a href=\"https:\/\/afcindustries.com\/es\/\">Home<\/a> \u00bb Escritorio\/Mesa<\/nav><h1>\n\t\tEscritorios ajustables y mesas ergon\u00f3micas\n\t<\/h1>\n\t\t\t\t\t\t\t\t\t<img loading=\"lazy\" decoding=\"async\" src=\"https:\/\/afcindustries.com\/wp-content\/uploads\/2022\/02\/desk-table-section-banner-1140x281-1.jpg\" alt=\"Height adjustable desk with cable management by AFC Industries\" itemprop=\"image\" height=\"281\" width=\"1140\" srcset=\"https:\/\/afcindustries.com\/wp-content\/uploads\/2022\/02\/desk-table-section-banner-1140x281-1.jpg 1140w, https:\/\/afcindustries.com\/wp-content\/uploads\/2022\/02\/desk-table-section-banner-1140x281-1-300x74.jpg 300w, https:\/\/afcindustries.com\/wp-content\/uploads\/2022\/02\/desk-table-section-banner-1140x281-1-1024x252.jpg 1024w, https:\/\/afcindustries.com\/wp-content\/uploads\/2022\/02\/desk-table-section-banner-1140x281-1-768x189.jpg 768w, https:\/\/afcindustries.com\/wp-content\/uploads\/2022\/02\/desk-table-section-banner-1140x281-1-600x148.jpg 600w\" sizes=\"auto, (max-width: 1140px) 100vw, 1140px\" title=\"Height adjustable desk with cable management by AFC Industries\" onerror=\"this.style.display='none'\"  \/>\n<h2>\n\t\tEscritorios manuales de altura regulable\n\t<\/h2>\n\t<p>La mesa de ordenador y la estaci\u00f3n de trabajo con mesas ergon\u00f3micas est\u00e1n pensadas para ofrecer una superficie de trabajo y, al mismo tiempo, albergar u ocultar equipos de oficina como ordenadores, perif\u00e9ricos y cableado para los usuarios de la oficina dom\u00e9stica y de la oficina. El escritorio de altura regulable ideal tiene todo lo que necesita para ser productivo, organizado y c\u00f3modo en su trabajo. AFC ofrece una amplia gama de hermosos escritorios manuales de altura regulable de alta calidad. Eche un vistazo a nuestros escritorios y mesas en una variedad de tama\u00f1os, dise\u00f1os y materiales. Soluciones de estaciones de trabajo de oficina que son rentables Las computadoras son una parte integral de nuestras vidas, ya sea para el trabajo, la escuela o el entretenimiento. Todos utilizamos los ordenadores a diario, por lo que el mejor escritorio para ordenador es aquel que no s\u00f3lo se adapta a sus necesidades, sino que tambi\u00e9n mejora su experiencia mientras trabaja con ellos. Los escritorios ergon\u00f3micos para ordenador est\u00e1n disponibles en una gran variedad de estilos y formas para adaptarse a sus necesidades espec\u00edficas. \u00bfTiene un espacio limitado? AFC tiene una l\u00ednea de escritorios de altura ajustable. Tenemos la mejor mesa de ordenador a la venta. Incluye todas las caracter\u00edsticas que hacen que una estaci\u00f3n de trabajo sea excepcional. Si est\u00e1 buscando buenos muebles de oficina ergon\u00f3micos, no busque m\u00e1s que AFC. Todos nuestros escritorios de pie de altura ajustable est\u00e1n bien dise\u00f1ados, son de alta calidad y est\u00e1n hechos para durar. El nombre de este tipo de estaci\u00f3n de trabajo de oficina se ha tomado de la definici\u00f3n m\u00e9dica en la que se utiliza como una superficie que se puede elevar o bajar de acuerdo a su altura o posici\u00f3n del cuerpo. Un escritorio de ordenador ergon\u00f3mico proporciona un lugar de trabajo c\u00f3modo con el uso de diferentes ajustes para que pueda lograr una postura perfecta. La palabra ergonom\u00eda proviene de palabras griegas que significan trabajador y estudio, lo que significa lo importante que es considerar la comodidad en el lugar de trabajo y las condiciones de salud al dise\u00f1ar muebles que permitan a las personas permanecer m\u00e1s tiempo en sus trabajos sin problemas. Los dise\u00f1os de los escritorios de ordenador ergon\u00f3micos var\u00edan en funci\u00f3n de las necesidades individuales, pero los fundamentos siguen siendo b\u00e1sicamente los mismos.<\/p>\n\t\t\t\t\t\t\t\t\t<img loading=\"lazy\" decoding=\"async\" src=\"https:\/\/afcindustries.com\/wp-content\/uploads\/2022\/02\/06-all-desk-and-table.jpg\" alt=\"06 all desk and table\" itemprop=\"image\" height=\"300\" width=\"300\" srcset=\"https:\/\/afcindustries.com\/wp-content\/uploads\/2022\/02\/06-all-desk-and-table.jpg 300w, https:\/\/afcindustries.com\/wp-content\/uploads\/2022\/02\/06-all-desk-and-table-150x150.jpg 150w, https:\/\/afcindustries.com\/wp-content\/uploads\/2022\/02\/06-all-desk-and-table-100x100.jpg 100w\" sizes=\"auto, (max-width: 300px) 100vw, 300px\" title=\"06 all desk and table\" onerror=\"this.style.display='none'\"  \/>\n<h2>\n\t\tMesas de trabajo y mesas con ruedas\n\t<\/h2>\n\t<p>Le proporcionamos nuestras mesas de trabajo para ordenadores m\u00e9dicos rodantes de alta calidad, que garantizan una fiabilidad del 100% al ofrecer comodidad ergon\u00f3mica y un amplio espacio de trabajo para que los expertos m\u00e9dicos trabajen con mayor eficacia.<\/p>\n\t\t\t\t\t\t\t\t\t<img loading=\"lazy\" decoding=\"async\" src=\"https:\/\/afcindustries.com\/wp-content\/uploads\/2022\/02\/height-adjustable-computer-table-with-tasklight-afc-2.jpg\" alt=\"height adjustable computer table with tasklight afc 2\" itemprop=\"image\" height=\"300\" width=\"300\" srcset=\"https:\/\/afcindustries.com\/wp-content\/uploads\/2022\/02\/height-adjustable-computer-table-with-tasklight-afc-2.jpg 300w, https:\/\/afcindustries.com\/wp-content\/uploads\/2022\/02\/height-adjustable-computer-table-with-tasklight-afc-2-150x150.jpg 150w, https:\/\/afcindustries.com\/wp-content\/uploads\/2022\/02\/height-adjustable-computer-table-with-tasklight-afc-2-100x100.jpg 100w\" sizes=\"auto, (max-width: 300px) 100vw, 300px\" title=\"height adjustable computer table with tasklight afc 2\" onerror=\"this.style.display='none'\"  \/>\n<h2>\n\t\tEscritorios IntelliCart | Doble nivel\n\t<\/h2>\n\t<p>El IntelliCart es un escritorio de dos niveles que aumenta la utilidad del lugar de trabajo y mejora considerablemente la comodidad y la productividad de los usuarios finales. Estos puestos de trabajo con carro de varios niveles se caracterizan por sus formas ergon\u00f3micas, lo que los hace ideales para su uso como mesa de ordenador multimonitor.<\/p>\n\t\t\t\t\t\t\t\t\t<img loading=\"lazy\" decoding=\"async\" src=\"https:\/\/afcindustries.com\/wp-content\/uploads\/2022\/02\/07-smart-cart-desk-afc.jpg\" alt=\"07 smart cart desk afc\" itemprop=\"image\" height=\"300\" width=\"300\" srcset=\"https:\/\/afcindustries.com\/wp-content\/uploads\/2022\/02\/07-smart-cart-desk-afc.jpg 300w, https:\/\/afcindustries.com\/wp-content\/uploads\/2022\/02\/07-smart-cart-desk-afc-150x150.jpg 150w, https:\/\/afcindustries.com\/wp-content\/uploads\/2022\/02\/07-smart-cart-desk-afc-100x100.jpg 100w\" sizes=\"auto, (max-width: 300px) 100vw, 300px\" title=\"07 smart cart desk afc\" onerror=\"this.style.display='none'\"  \/>\n<h2>\n\t\tEscritorios SmartCart (altura fija)\n\t<\/h2>\n\t<p>Apreciar\u00e1 los puestos de trabajo inform\u00e1ticos de altura fija con ruedas, ya que son f\u00e1ciles de desplazar. Nos aseguramos de que la calidad de la construcci\u00f3n se adapte a nuestras exigencias y requisitos, ofreciendo una gran variedad de formas y acabados. Cree su propio escritorio ajustable con nuestros escritorios\/mesas de ordenador de altura fija con impresi\u00f3n personalizada<\/p>\n\t\t\t\t\t\t\t\t\t<img loading=\"lazy\" decoding=\"async\" src=\"https:\/\/afcindustries.com\/wp-content\/uploads\/2022\/02\/Multi-Level-Computer-Desk-afc.jpg\" alt=\"Multi Level Computer Desk afc\" itemprop=\"image\" height=\"300\" width=\"300\" srcset=\"https:\/\/afcindustries.com\/wp-content\/uploads\/2022\/02\/Multi-Level-Computer-Desk-afc.jpg 300w, https:\/\/afcindustries.com\/wp-content\/uploads\/2022\/02\/Multi-Level-Computer-Desk-afc-150x150.jpg 150w, https:\/\/afcindustries.com\/wp-content\/uploads\/2022\/02\/Multi-Level-Computer-Desk-afc-100x100.jpg 100w\" sizes=\"auto, (max-width: 300px) 100vw, 300px\" title=\"Multi Level Computer Desk afc\" onerror=\"this.style.display='none'\"  \/>\n<h2>\n\t\tEscritorios rodantes de varios niveles\n\t<\/h2>\n\t<p>Vers\u00e1til mesa de ordenador multinivel OmniBus que ofrece espacios para alojar m\u00faltiples equipos inform\u00e1ticos y de impresi\u00f3n de oficina.<\/p>\n\t\t\t\t\t\t\t\t\t<img loading=\"lazy\" decoding=\"async\" src=\"https:\/\/afcindustries.com\/wp-content\/uploads\/2022\/02\/adjustable-stand-up-desk-afc-1.jpg\" alt=\"adjustable stand up desk afc 1\" itemprop=\"image\" height=\"300\" width=\"300\" srcset=\"https:\/\/afcindustries.com\/wp-content\/uploads\/2022\/02\/adjustable-stand-up-desk-afc-1.jpg 300w, https:\/\/afcindustries.com\/wp-content\/uploads\/2022\/02\/adjustable-stand-up-desk-afc-1-150x150.jpg 150w, https:\/\/afcindustries.com\/wp-content\/uploads\/2022\/02\/adjustable-stand-up-desk-afc-1-100x100.jpg 100w\" sizes=\"auto, (max-width: 300px) 100vw, 300px\" title=\"adjustable stand up desk afc 1\" onerror=\"this.style.display='none'\"  \/>\n<h2>\n\t\tEscritorio Ergo Tier Deluxe (Escritorio de pie que se inclina)\n\t<\/h2>\n\t<p>Ergo Deluxe Tier es una fant\u00e1stica gama de puestos de trabajo que redefine los est\u00e1ndares actuales de los escritorios ergon\u00f3micos para mejorar las condiciones de trabajo y la productividad en los sectores m\u00e9dico y sanitario.<\/p>\n\t\t\t\t\t\t\t\t\t<img loading=\"lazy\" decoding=\"async\" src=\"https:\/\/afcindustries.com\/wp-content\/uploads\/2022\/02\/dual-tier-large-desk-afc.jpg\" alt=\"dual tier large desk afc\" itemprop=\"image\" height=\"300\" width=\"300\" srcset=\"https:\/\/afcindustries.com\/wp-content\/uploads\/2022\/02\/dual-tier-large-desk-afc.jpg 300w, https:\/\/afcindustries.com\/wp-content\/uploads\/2022\/02\/dual-tier-large-desk-afc-150x150.jpg 150w, https:\/\/afcindustries.com\/wp-content\/uploads\/2022\/02\/dual-tier-large-desk-afc-100x100.jpg 100w\" sizes=\"auto, (max-width: 300px) 100vw, 300px\" title=\"dual tier large desk afc\" onerror=\"this.style.display='none'\"  \/>\n<h2>\n\t\tEscritorios de pie de doble nivel ajustable en altura\n\t<\/h2>\n\t<p>Escritorios de pie de doble nivel ajustable en altura que tiene 2 superficies de trabajo y son ajustables en altura de forma independiente para aumentar la productividad del trabajo y la comodidad.<\/p>\n\t\t\t\t\t\t\t\t\t<img loading=\"lazy\" decoding=\"async\" src=\"https:\/\/afcindustries.com\/wp-content\/uploads\/2022\/02\/single-tier-height-adjustable-desk-afc.jpg\" alt=\"single tier height adjustable desk afc\" itemprop=\"image\" height=\"300\" width=\"300\" srcset=\"https:\/\/afcindustries.com\/wp-content\/uploads\/2022\/02\/single-tier-height-adjustable-desk-afc.jpg 300w, https:\/\/afcindustries.com\/wp-content\/uploads\/2022\/02\/single-tier-height-adjustable-desk-afc-150x150.jpg 150w, https:\/\/afcindustries.com\/wp-content\/uploads\/2022\/02\/single-tier-height-adjustable-desk-afc-100x100.jpg 100w\" sizes=\"auto, (max-width: 300px) 100vw, 300px\" title=\"single tier height adjustable desk afc\" onerror=\"this.style.display='none'\"  \/>\n<h2>\n\t\tMesas de bipedestaci\u00f3n de un solo nivel ajustable en altura\n\t<\/h2>\n\t<p>EL ESCRITORIO DE PIE DE UN SOLO NIVEL. El escritorio ajustable en altura de AFC Industries es la opci\u00f3n perfecta cuando necesita ajustar el puesto de trabajo a su propio tama\u00f1o y preferencias. Con una gama completa de escritorios de altura ajustable, las opciones de dise\u00f1o, el escritorio de trabajo ajustable de un nivel puede satisfacer casi cualquier necesidad<\/p>\n\t\t\t\t\t\t\t\t\t<img loading=\"lazy\" decoding=\"async\" src=\"https:\/\/afcindustries.com\/wp-content\/uploads\/2022\/02\/env-04-single-height-adjustable-desk.jpg\" alt=\"Standing desk with storage by AFC Industries\" itemprop=\"image\" height=\"500\" width=\"500\" srcset=\"https:\/\/afcindustries.com\/wp-content\/uploads\/2022\/02\/env-04-single-height-adjustable-desk.jpg 500w, https:\/\/afcindustries.com\/wp-content\/uploads\/2022\/02\/env-04-single-height-adjustable-desk-300x300.jpg 300w, https:\/\/afcindustries.com\/wp-content\/uploads\/2022\/02\/env-04-single-height-adjustable-desk-150x150.jpg 150w, https:\/\/afcindustries.com\/wp-content\/uploads\/2022\/02\/env-04-single-height-adjustable-desk-100x100.jpg 100w\" sizes=\"auto, (max-width: 500px) 100vw, 500px\" title=\"Standing desk with storage by AFC Industries\" onerror=\"this.style.display='none'\"  \/>\n<h2>\n\t\tEstaci\u00f3n de trabajo de altura regulable\n\t<\/h2>\n\t<p>Su escritorio de pie el\u00e9ctrico ajustable en altura es el mecanismo m\u00e1s importante para minimizar los problemas de salud negativos a trav\u00e9s de la flexibilidad que puede maximizar la comodidad del trabajador y conducir a una mayor productividad en cualquier lugar de trabajo o entorno dom\u00e9stico. Nuestros escritorios est\u00e1n hechos de madera maciza, lo cual es perfecto para un mueble de oficina, no necesitar\u00e1 un convertidor de escritorio mientras use nuestro escritorio de pie sentado<\/p>\n\t\t\t<a href=\"https:\/\/afcindustries.com\/es\/un-solo-nivel\/\" target=\"_self\" rel=\"noopener\">\n\t\t\t\t\t\t\tVer m\u00e1s\n\t\t\t\t\t<\/a>\n<h2>\n\t\tCaracter\u00edsticas ergon\u00f3micas que se adaptan a sus necesidades\n\t<\/h2>\n\t<p>Nuestras mejores unidades de escritorio de oficina el\u00e9ctrico de pie son de altura ajustable, lo que hace que sea ergon\u00f3micamente f\u00e1cil de acomodar a muchas personas diferentes, ya sea sentado o mejor posici\u00f3n de pie, mientras que el ajuste de las alturas de los monitores para alcanzar la distancia focal \u00f3ptima para ayudar a prevenir la fatiga ocular. Adem\u00e1s, respaldamos nuestros productos con la mejor garant\u00eda del sector para asegurar su completa satisfacci\u00f3n. Si est\u00e1 buscando una estaci\u00f3n de trabajo ergon\u00f3mica, un carro de ordenador o una soluci\u00f3n de almacenamiento, puede confiar en AFC Industries para que le proporcione productos de calidad al mejor precio posible. P\u00f3ngase en contacto con nosotros hoy mismo para experimentar la diferencia de AFC. F\u00e1cil acceso en espacios activos y entornos de trabajo. La mejora del flujo sangu\u00edneo reduce la tensi\u00f3n muscular.<\/p>\n\t\t\t<a href=\"https:\/\/afcindustries.com\/es\/un-solo-nivel\/\" target=\"_self\" rel=\"noopener\">\n\t\t\t\t\t\t\tVer m\u00e1s\n\t\t\t\t\t<\/a>\n\t\t\t\t\t\t\t\t\t<img loading=\"lazy\" decoding=\"async\" src=\"https:\/\/afcindustries.com\/wp-content\/uploads\/2022\/02\/01-radiolory-reading-room.jpg\" alt=\"Standing desk with cable management by AFC Industries\" itemprop=\"image\" height=\"500\" width=\"500\" srcset=\"https:\/\/afcindustries.com\/wp-content\/uploads\/2022\/02\/01-radiolory-reading-room.jpg 500w, https:\/\/afcindustries.com\/wp-content\/uploads\/2022\/02\/01-radiolory-reading-room-300x300.jpg 300w, https:\/\/afcindustries.com\/wp-content\/uploads\/2022\/02\/01-radiolory-reading-room-150x150.jpg 150w, https:\/\/afcindustries.com\/wp-content\/uploads\/2022\/02\/01-radiolory-reading-room-100x100.jpg 100w\" sizes=\"auto, (max-width: 500px) 100vw, 500px\" title=\"Standing desk with cable management by AFC Industries\" onerror=\"this.style.display='none'\"  \/>\n\t\t\t\t\t\t\t\t\t<img loading=\"lazy\" decoding=\"async\" src=\"https:\/\/afcindustries.com\/wp-content\/uploads\/2022\/02\/env-02.jpg\" alt=\"Standing desk for home office by AFC Industries\" itemprop=\"image\" height=\"500\" width=\"500\" srcset=\"https:\/\/afcindustries.com\/wp-content\/uploads\/2022\/02\/env-02.jpg 500w, https:\/\/afcindustries.com\/wp-content\/uploads\/2022\/02\/env-02-300x300.jpg 300w, https:\/\/afcindustries.com\/wp-content\/uploads\/2022\/02\/env-02-150x150.jpg 150w, https:\/\/afcindustries.com\/wp-content\/uploads\/2022\/02\/env-02-100x100.jpg 100w\" sizes=\"auto, (max-width: 500px) 100vw, 500px\" title=\"Standing desk for home office by AFC Industries\" onerror=\"this.style.display='none'\"  \/>\n<h2>\n\t\tAccesorios que lo hacen mejor\n\t<\/h2>\n\t<p>Proporcionando una ergonom\u00eda \u00f3ptima de los convertidores de escritorio de pie y la funcionalidad, los accesorios, tales como, soportes de escritorio de la CPU y el rat\u00f3n, la gesti\u00f3n de los cables, los brazos del teclado y las bandejas, la iluminaci\u00f3n y las fuentes de alimentaci\u00f3n son todos fabricados y disponibles para mejorar su experiencia de trabajo para permanecer m\u00e1s c\u00f3modo de pie o sentado que en los elevadores v2 . Nuestros escritorios de pie de altura ajustable son el complemento perfecto para una oficina en casa sin necesidad de un convertidor de escritorios de pie.<\/p>\n\t\t\t<a href=\"https:\/\/afcindustries.com\/es\/un-solo-nivel\/\" target=\"_self\" rel=\"noopener\">\n\t\t\t\t\t\t\tVer m\u00e1s\n\t\t\t\t\t<\/a>\n<h2>\n\t\tLa ventaja de la AFC\n\t<\/h2>\n\t<p>Las consultas de proyectos, los servicios de dise\u00f1o, la ingenier\u00eda y la producci\u00f3n se gestionan bajo un mismo techo para ofrecer un control y una asistencia totales. AFC garantiza que nuestro producto estar\u00e1 libre de defectos en los materiales y la mano de obra del convertidor de escritorio de pie durante la vida \u00fatil del producto. La mayor\u00eda de nuestros escritorios vienen con una bandeja para teclado que se puede retraer y un escritorio con cajones. Adem\u00e1s, respaldamos nuestros productos con la mejor garant\u00eda del sector para asegurar su completa satisfacci\u00f3n. Si est\u00e1 buscando una estaci\u00f3n de trabajo ergon\u00f3mica, un carro de ordenador o una soluci\u00f3n de almacenamiento, puede confiar en AFC Industries para que le proporcione productos de calidad al mejor precio posible. P\u00f3ngase en contacto con nosotros hoy mismo para experimentar la diferencia de AFC. Mantenga una buena postura, gracias a un mejor ajuste ergon\u00f3mico de la altura para exigencias espec\u00edficas. Muebles de oficina de alta tecnolog\u00eda con env\u00edo gratuito incluido en los Estados Unidos continentales.<\/p>\n\t\t\t<a href=\"https:\/\/afcindustries.com\/es\/un-solo-nivel\/\" target=\"_self\" rel=\"noopener\">\n\t\t\t\t\t\t\tVer m\u00e1s\n\t\t\t\t\t<\/a>\n\t\t\t\t\t\t\t\t\t<img loading=\"lazy\" decoding=\"async\" src=\"https:\/\/afcindustries.com\/wp-content\/uploads\/2022\/02\/12-single-height-adjustable-desk.jpg\" alt=\"Standing desk with power outlets by AFC Industries\" itemprop=\"image\" height=\"500\" width=\"500\" srcset=\"https:\/\/afcindustries.com\/wp-content\/uploads\/2022\/02\/12-single-height-adjustable-desk.jpg 500w, https:\/\/afcindustries.com\/wp-content\/uploads\/2022\/02\/12-single-height-adjustable-desk-300x300.jpg 300w, https:\/\/afcindustries.com\/wp-content\/uploads\/2022\/02\/12-single-height-adjustable-desk-150x150.jpg 150w, https:\/\/afcindustries.com\/wp-content\/uploads\/2022\/02\/12-single-height-adjustable-desk-100x100.jpg 100w\" sizes=\"auto, (max-width: 500px) 100vw, 500px\" title=\"Standing desk with power outlets by AFC Industries\" onerror=\"this.style.display='none'\"  \/>\n\n","protected":false},"excerpt":{"rendered":"<p>Escritorios\/estaciones de trabajo de pie Sistemas inform\u00e1ticos murales Carros de comunicaci\u00f3n Home \u00bb Escritorio\/Mesa Escritorios ajustables y mesas ergon\u00f3micas Escritorios manuales de altura regulable La mesa de ordenador y la estaci\u00f3n de trabajo con mesas ergon\u00f3micas est\u00e1n pensadas para ofrecer una superficie de trabajo y, al mismo tiempo, albergar u ocultar equipos de oficina como&hellip;<\/p>\n","protected":false},"author":1,"featured_media":0,"parent":0,"menu_order":0,"comment_status":"closed","ping_status":"closed","template":"","meta":{"_acf_changed":false,"inline_featured_image":false,"footnotes":""},"class_list":["post-19438","page","type-page","status-publish","hentry"],"acf":[],"_links":{"self":[{"href":"https:\/\/afcindustries.com\/es\/wp-json\/wp\/v2\/pages\/19438","targetHints":{"allow":["GET"]}}],"collection":[{"href":"https:\/\/afcindustries.com\/es\/wp-json\/wp\/v2\/pages"}],"about":[{"href":"https:\/\/afcindustries.com\/es\/wp-json\/wp\/v2\/types\/page"}],"author":[{"embeddable":true,"href":"https:\/\/afcindustries.com\/es\/wp-json\/wp\/v2\/users\/1"}],"replies":[{"embeddable":true,"href":"https:\/\/afcindustries.com\/es\/wp-json\/wp\/v2\/comments?post=19438"}],"version-history":[{"count":0,"href":"https:\/\/afcindustries.com\/es\/wp-json\/wp\/v2\/pages\/19438\/revisions"}],"wp:attachment":[{"href":"https:\/\/afcindustries.com\/es\/wp-json\/wp\/v2\/media?parent=19438"}],"curies":[{"name":"wp","href":"https:\/\/api.w.org\/{rel}","templated":true}]}}