{"id":19437,"date":"2022-02-02T12:08:05","date_gmt":"2022-02-02T17:08:05","guid":{"rendered":"https:\/\/afcindustries.com\/paleta-de-colores\/"},"modified":"2024-09-27T13:36:46","modified_gmt":"2024-09-27T17:36:46","slug":"paleta-de-colores-old","status":"publish","type":"page","link":"https:\/\/afcindustries.com\/es\/paleta-de-colores-old\/","title":{"rendered":"Paleta de colores"},"content":{"rendered":"<p>\/*! elementor &#8211; v3.6.7 &#8211; 03-07-2022 *\/<br \/>\n.elementor-heading-title{padding:0;margin:0;line-height:1}.elementor-widget-heading .elementor-heading-title[class*=elementor-size-]&gt;a{color:inherit;font-size:inherit;line-height:inherit}.elementor-widget-heading .elementor-heading-title.elementor-size-small{font-size:15px}.elementor-widget-heading .elementor-heading-title.elementor-size-medium{font-size:19px}.elementor-widget-heading .elementor-heading-title.elementor-size-large{font-size:29px}.elementor-widget-heading .elementor-heading-title.elementor-size-xl{font-size:39px}.elementor-widget-heading .elementor-heading-title.elementor-size-xxl{font-size:59px}<\/p>\n<h2>Colores de la superficie del laminado est\u00e1ndar<\/h2>\n<p>\/*! elementor &#8211; v3.6.7 &#8211; 03-07-2022 *\/<br \/>\n.elementor-widget-image{text-align:center}.elementor-widget-image a{display:inline-block}.elementor-widget-image a img[src$=\u00bb.svg\u00bb]{width:48px}.elementor-widget-image img{vertical-align:middle;display:inline-block} <img loading=\"lazy\" decoding=\"async\" src=\"https:\/\/afcindustries.com\/wp-content\/uploads\/2022\/02\/Speckled-Gray.jpg\" alt=\"\" width=\"150\" height=\"150\" title=\"\"><\/p>\n<h6>S04<br \/>\nGris moteado<\/h6>\n<p><img loading=\"lazy\" decoding=\"async\" src=\"https:\/\/afcindustries.com\/wp-content\/uploads\/2022\/02\/Achron-Black-1-300x300.jpg\" alt=\"\" width=\"300\" height=\"300\" title=\"\"><\/p>\n<h2>S02<br \/>\nAchron Negro<\/h2>\n<p><img loading=\"lazy\" decoding=\"async\" src=\"https:\/\/afcindustries.com\/wp-content\/uploads\/2022\/02\/Rich-Cherry.jpg\" alt=\"\" width=\"150\" height=\"150\" title=\"\"><\/p>\n<h2>S07<br \/>\nCereza rica<\/h2>\n<p><img loading=\"lazy\" decoding=\"async\" src=\"https:\/\/afcindustries.com\/wp-content\/uploads\/2022\/02\/Pure-White.jpg\" alt=\"\" width=\"150\" height=\"150\" title=\"\"><\/p>\n<h2>S01<br \/>\nBlanco puro<\/h2>\n<p><img loading=\"lazy\" decoding=\"async\" src=\"https:\/\/afcindustries.com\/wp-content\/uploads\/2022\/02\/Cream.jpg\" alt=\"\" width=\"150\" height=\"150\" title=\"\"><\/p>\n<h2>S10<br \/>\nCrema<br \/>\nCrema<\/h2>\n<p><img loading=\"lazy\" decoding=\"async\" src=\"https:\/\/afcindustries.com\/wp-content\/uploads\/2022\/02\/New-Pine.jpg\" alt=\"\" width=\"150\" height=\"150\" title=\"\"><\/p>\n<h2>S05<br \/>\nPino nuevo<\/h2>\n<p><img loading=\"lazy\" decoding=\"async\" src=\"https:\/\/afcindustries.com\/wp-content\/uploads\/2022\/02\/Gentle-Gray.jpg\" alt=\"\" width=\"150\" height=\"150\" title=\"\"><\/p>\n<h2>S03<br \/>\nGris suave<\/h2>\n<p><img loading=\"lazy\" decoding=\"async\" src=\"https:\/\/afcindustries.com\/wp-content\/uploads\/2022\/02\/Hard-Oak.jpg\" alt=\"\" width=\"150\" height=\"150\" title=\"\"><\/p>\n<h2>S06<br \/>\nRoble duro<\/h2>\n<p>\/*! elementor &#8211; v3.6.7 &#8211; 03-07-2022 *\/<br \/>\n.e-container.e-container&#8211;row .elementor-spacer-inner{width:var(&#8211;spacer-size)}.e-container.e-container&#8211;column .elementor-spacer-inner,.elementor-column .elementor-spacer-inner{height:var(&#8211;spacer-size)}<\/p>\n<h2>Colores de pintura est\u00e1ndar<\/h2>\n<p><img loading=\"lazy\" decoding=\"async\" src=\"https:\/\/afcindustries.com\/wp-content\/uploads\/2022\/02\/Achron-Black-1.jpg\" alt=\"\" width=\"380\" height=\"380\" title=\"\"><\/p>\n<h2>Negro<\/h2>\n<p><img loading=\"lazy\" decoding=\"async\" src=\"https:\/\/afcindustries.com\/wp-content\/uploads\/2022\/02\/Gentle-Gray.jpg\" alt=\"\" width=\"150\" height=\"150\" title=\"\"><\/p>\n<h2>Gris<\/h2>\n<p><img loading=\"lazy\" decoding=\"async\" src=\"https:\/\/afcindustries.com\/wp-content\/uploads\/2022\/02\/Pure-White.jpg\" alt=\"\" width=\"150\" height=\"150\" title=\"\"><\/p>\n<h2>Blanco<\/h2>\n<h2>Pl\u00e1stico fen\u00f3lico<\/h2>\n<p><img loading=\"lazy\" decoding=\"async\" src=\"https:\/\/afcindustries.com\/wp-content\/uploads\/2022\/02\/black.jpg\" alt=\"\" width=\"150\" height=\"150\" title=\"\"><\/p>\n<h2>Negro<\/h2>\n<h2>Pregunte por nuestros acabados antimicrobianos y de pintura en polvo\u00a0.<\/h2>\n<p>Ll\u00e1menos al 1.800.663.3412<\/p>\n<table>\n<tbody>\n<tr>\n<td style=\"text-align: center;\" colspan=\"3\">\n<table>\n<tbody>\n<tr>\n<td><\/td>\n<td><\/td>\n<td><\/td>\n<\/tr>\n<tr>\n<td>Moldeado<\/td>\n<td><\/td>\n<td>Marco<\/td>\n<\/tr>\n<tr>\n<td valign=\"top\">\n<table>\n<tbody>\n<tr>\n<td><img decoding=\"async\" id=\"ctl00_ContentPlaceHolder1_Img3\" src=\"https:\/\/afcindustries.com\/ChoiceColor\/Molding\/black.jpg\" alt=\"Color de la montura negro\" title=\"\"><\/td>\n<\/tr>\n<tr>\n<td style=\"text-align: center;\">Negro<\/td>\n<\/tr>\n<tr>\n<td><img decoding=\"async\" id=\"ctl00_ContentPlaceHolder1_Img4\" src=\"https:\/\/afcindustries.com\/ChoiceColor\/Molding\/Gray.jpg\" alt=\"Color del marco gris\" title=\"\"><\/td>\n<\/tr>\n<tr>\n<td style=\"text-align: center;\">Gris<\/td>\n<\/tr>\n<tr>\n<td><img decoding=\"async\" id=\"ctl00_ContentPlaceHolder1_Img5\" src=\"https:\/\/afcindustries.com\/ChoiceColor\/Molding\/Cream.jpg\" alt=\"Color del marco Masilla\" title=\"\"><\/td>\n<\/tr>\n<tr>\n<td style=\"text-align: center;\">Crema<\/td>\n<\/tr>\n<\/tbody>\n<\/table>\n<\/td>\n<td valign=\"top\"><img decoding=\"async\" src=\"https:\/\/afcindustries.com\/ChoiceColor\/Molding\/moldings.jpg\" alt=\"moldeo\" title=\"\"><\/td>\n<td valign=\"top\">\n<table>\n<tbody>\n<tr>\n<td><img decoding=\"async\" src=\"https:\/\/afcindustries.com\/ChoiceColor\/Frame\/black.jpg\" alt=\"Color de la montura negro\" title=\"\"><\/td>\n<\/tr>\n<tr>\n<td style=\"text-align: center;\">Negro<\/td>\n<\/tr>\n<tr>\n<td><img decoding=\"async\" src=\"https:\/\/afcindustries.com\/ChoiceColor\/Frame\/Gray.jpg\" alt=\"Color del marco gris\" title=\"\"><\/td>\n<\/tr>\n<tr>\n<td style=\"text-align: center;\">Gris<\/td>\n<\/tr>\n<tr>\n<td><img decoding=\"async\" src=\"https:\/\/afcindustries.com\/ChoiceColor\/Frame\/White.jpg\" alt=\"Color del marco Blanco\" title=\"\"><\/td>\n<\/tr>\n<tr>\n<td style=\"text-align: center;\">Blanco<\/td>\n<\/tr>\n<\/tbody>\n<\/table>\n<\/td>\n<\/tr>\n<\/tbody>\n<\/table>\n<\/td>\n<\/tr>\n<\/tbody>\n<\/table>\n<h2>Pintura antimicrobiana<\/h2>\n<p><img decoding=\"async\" src=\"https:\/\/afcindustries.com\/images\/afc_paint_brush.gif\" alt=\"pintura antimicrobiana\" title=\"\"><\/p>\n<p>El AFC ofrece ahora la protecci\u00f3n a\u00f1adida<br \/>\nde polvo antimicrobiano-<br \/>\nacabados de la capa en sus productos<br \/>\npara proporcionar protecci\u00f3n contra una amplia<br \/>\nespectro de microorganismos. Cuando<br \/>\naplicado a carros m\u00f3viles, soportes de pared,<br \/>\ny puestos de trabajo el riesgo de propagaci\u00f3n<br \/>\nbacterias y virus nocivos entre<br \/>\npacientes y personal sanitario es<br \/>\nmuy reducido, seg\u00fan los m\u00e9dicos<br \/>\nque utilizan el recubrimiento de polvo antimicrobiano<br \/>\nen sus hospitales y laboratorios.<\/p>\n<p>Polietileno de alta densidad<br \/>\n(HDPE) superior ya est\u00e1 disponible<br \/>\ncon protecci\u00f3n antimicrobiana<\/p>\n<p>actualizaci\u00f3n ahora disponible en muchos de<br \/>\nLas planchas de pol\u00edmero de AFC, las losas y los macizos<br \/>\nformas. El HDPE ayuda a que los productos se mantengan<br \/>\nlimpiador entre las limpiezas e inhibe<br \/>\nel crecimiento de microorganismos da\u00f1inos para el producto,<br \/>\nincluyendo bacterias, algas y<br \/>\nhongos en la superficie. Paredes celulares de los microbios<br \/>\nque entran en contacto con el HDPE son<br \/>\ndestruido al contacto, sin crear<br \/>\noportunidades de adaptaci\u00f3n o resistencia<br \/>\ntensiones para formarse. Porque el antimicrobiano<br \/>\nagente se une en el at\u00f3mico<br \/>\nnivel en toda la hoja, no se<br \/>\nlixiviaci\u00f3n del producto. Esto significa que el<br \/>\nagente conserva su eficacia a lo largo de<br \/>\nla vida del producto y no<br \/>\nda\u00f1ar el medio ambiente.<\/p>\n<p>Es seguro, no t\u00f3xico y no peligroso<br \/>\npara enviar y manipular. El producto es<br \/>\nRegistrados por la EPA y listados por la FDA<br \/>\ncomo modificador de los productos sanitarios.<br \/>\nProductos fabricados con pol\u00edmeros de AFC<br \/>\ncon HDPE son f\u00e1ciles de limpiar, desinfectar<br \/>\ny mantener la higiene utilizando el est\u00e1ndar<br \/>\nprocedimientos de limpieza. Uso constante de<br \/>\nlas soluciones de limpieza no afectar\u00e1n a ning\u00fan<br \/>\nde pol\u00edmero.<\/p>\n<h2>Laminados disipadores de electrost\u00e1tica (ESD) &#8211; revestimiento<\/h2>\n<p><img decoding=\"async\" src=\"https:\/\/afcindustries.com\/images\/discharging-static-electricity-icon.png\" alt=\"descarga de electricidad est\u00e1tica\" width=\"100px\" title=\"\"><\/p>\n<p>Ahora ofrecemos revestimientos de seguridad adicionales opcionales para nuestro escritorio<br \/>\nsuperficies. Laminados disipadores de electrost\u00e1tica (ESD): un innovador<br \/>\nsoluci\u00f3n de laminado que proporciona un entorno seguro y mejor para<br \/>\nmuebles u otras aplicaciones superficiales en zonas de alto riesgo electrost\u00e1tico<br \/>\n\u00e1reas. Incorpora una tecnolog\u00eda futurista y cargas electrost\u00e1ticas<br \/>\nf\u00f3rmula de consumo, estos laminados drenan las cargas est\u00e1ticas y<br \/>\nminimizar el riesgo de chispas o da\u00f1os a los aparatos sensibles.<\/p>\n<p>Tambi\u00e9n<br \/>\nrepelen las part\u00edculas de polvo para que no se acumulen en la superficie, por lo que<br \/>\nmantener un espacio de trabajo limpio y saludable. Si le preocupa<br \/>\nlas cargas electrost\u00e1ticas, preg\u00fantenos por los revestimientos ESD.<\/p>\n<p>&nbsp;<\/p>\n","protected":false},"excerpt":{"rendered":"<p>\/*! elementor &#8211; v3.6.7 &#8211; 03-07-2022 *\/ .elementor-heading-title{padding:0;margin:0;line-height:1}.elementor-widget-heading .elementor-heading-title[class*=elementor-size-]&gt;a{color:inherit;font-size:inherit;line-height:inherit}.elementor-widget-heading .elementor-heading-title.elementor-size-small{font-size:15px}.elementor-widget-heading .elementor-heading-title.elementor-size-medium{font-size:19px}.elementor-widget-heading .elementor-heading-title.elementor-size-large{font-size:29px}.elementor-widget-heading .elementor-heading-title.elementor-size-xl{font-size:39px}.elementor-widget-heading .elementor-heading-title.elementor-size-xxl{font-size:59px} Colores de la superficie del laminado est\u00e1ndar \/*! elementor &#8211; v3.6.7 &#8211; 03-07-2022 *\/ .elementor-widget-image{text-align:center}.elementor-widget-image a{display:inline-block}.elementor-widget-image a img[src$=\u00bb.svg\u00bb]{width:48px}.elementor-widget-image img{vertical-align:middle;display:inline-block} S04 Gris moteado S02 Achron Negro S07 Cereza rica S01 Blanco puro S10 Crema Crema S05 Pino nuevo S03 Gris suave S06&hellip;<\/p>\n","protected":false},"author":1,"featured_media":0,"parent":0,"menu_order":0,"comment_status":"closed","ping_status":"closed","template":"","meta":{"_acf_changed":false,"inline_featured_image":false,"footnotes":""},"class_list":["post-19437","page","type-page","status-publish","hentry"],"acf":[],"_links":{"self":[{"href":"https:\/\/afcindustries.com\/es\/wp-json\/wp\/v2\/pages\/19437","targetHints":{"allow":["GET"]}}],"collection":[{"href":"https:\/\/afcindustries.com\/es\/wp-json\/wp\/v2\/pages"}],"about":[{"href":"https:\/\/afcindustries.com\/es\/wp-json\/wp\/v2\/types\/page"}],"author":[{"embeddable":true,"href":"https:\/\/afcindustries.com\/es\/wp-json\/wp\/v2\/users\/1"}],"replies":[{"embeddable":true,"href":"https:\/\/afcindustries.com\/es\/wp-json\/wp\/v2\/comments?post=19437"}],"version-history":[{"count":0,"href":"https:\/\/afcindustries.com\/es\/wp-json\/wp\/v2\/pages\/19437\/revisions"}],"wp:attachment":[{"href":"https:\/\/afcindustries.com\/es\/wp-json\/wp\/v2\/media?parent=19437"}],"curies":[{"name":"wp","href":"https:\/\/api.w.org\/{rel}","templated":true}]}}