{"id":19436,"date":"2022-02-15T17:16:40","date_gmt":"2022-02-15T22:16:40","guid":{"rendered":"https:\/\/afcindustries.com\/escritorio-de-pie\/"},"modified":"2024-09-25T16:27:54","modified_gmt":"2024-09-25T20:27:54","slug":"escritorio-de-pie","status":"publish","type":"page","link":"https:\/\/afcindustries.com\/es\/escritorio-de-pie\/","title":{"rendered":"Escritorio de pie"},"content":{"rendered":"\n\n\t\t\t<a href=\"https:\/\/afcindustries.com\/es\/todos-los-escritorios-de-pie\/\" target=\"_self\" rel=\"noopener\">\n\t\t<h3>Escritorios\/estaciones de trabajo de pie<\/h3>\n\t\t<\/a>\n\t\t\t<a href=\"https:\/\/afcindustries.com\/es\/soportes-de-pared-para-ordenador\/\" target=\"_self\" rel=\"noopener\">\n\t\t<h3>Sistemas inform\u00e1ticos murales<\/h3>\n\t\t<\/a>\n\t\t\t<a href=\"https:\/\/afcindustries.com\/es\/carro-de-telemedicina\/\" target=\"_self\" rel=\"noopener\">\n\t\t<h3>Carros de comunicaci\u00f3n<\/h3>\n\t\t<\/a>\n\t<nav id=\"breadcrumbs\" aria-label=\"Breadcrumbs\"><a href=\"https:\/\/afcindustries.com\/es\/\">Home<\/a> \u00bb Escritorio de pie<\/nav><h1>\n\t\tEscritorios de pie y soluciones de altura regulable\n\t<\/h1>\n\t\t\t\t\t\t\t\t\t<img loading=\"lazy\" decoding=\"async\" src=\"https:\/\/afcindustries.com\/wp-content\/uploads\/2022\/02\/standing-desk-section-banner-1140x281_1022.jpg\" alt=\"Height-adjustable standing desk by AFC Industries\" itemprop=\"image\" height=\"281\" width=\"1140\" srcset=\"https:\/\/afcindustries.com\/wp-content\/uploads\/2022\/02\/standing-desk-section-banner-1140x281_1022.jpg 1140w, https:\/\/afcindustries.com\/wp-content\/uploads\/2022\/02\/standing-desk-section-banner-1140x281_1022-300x74.jpg 300w, https:\/\/afcindustries.com\/wp-content\/uploads\/2022\/02\/standing-desk-section-banner-1140x281_1022-1024x252.jpg 1024w, https:\/\/afcindustries.com\/wp-content\/uploads\/2022\/02\/standing-desk-section-banner-1140x281_1022-768x189.jpg 768w, https:\/\/afcindustries.com\/wp-content\/uploads\/2022\/02\/standing-desk-section-banner-1140x281_1022-600x148.jpg 600w\" sizes=\"auto, (max-width: 1140px) 100vw, 1140px\" title=\"Height-adjustable standing desk by AFC Industries\" onerror=\"this.style.display='none'\"  \/>\n<h2>\n\t\tMesas y escritorios de altura regulable\n\t<\/h2>\n\t<p>Desde 1994, AFC Industries, Inc. ha sido l\u00edder en el dise\u00f1o y la producci\u00f3n de escritorios ergon\u00f3micos para trabajar de pie. Nuestros dedicados equipos internos de dise\u00f1o e ingenier\u00eda son expertos en la creaci\u00f3n de soluciones de escritorios de pie de alto calibre y con altura ajustable. Cuando elige AFC Industries, est\u00e1 eligiendo escritorios el\u00e9ctricos de altura ajustable dise\u00f1ados teniendo en cuenta la excelencia y la asequibilidad. Explore nuestra amplia gama de productos de primera categor\u00eda, que incluyen escritorios de pie, carritos y estaciones de trabajo para computadora, estanter\u00edas y soluciones de almacenamiento, \u00a1y m\u00e1s!    Tanto si desea adquirir nuestros modelos est\u00e1ndar como si necesita soluciones de mobiliario de oficina a medida que se adapten a su espacio \u00fanico, en AFC estamos preparados para ayudarle. AFC Industries es un proveedor con certificaci\u00f3n GSA y tambi\u00e9n puede ofrecer descuentos por volumen para nuestros productos. Aseguramos a todas las personas que nos compran que est\u00e1n comprando productos de la m\u00e1s alta calidad fabricados por un fabricante l\u00edder en la industria.<\/p>\n\t\t\t\t\t\t\t\t<a href=\"https:\/\/afcindustries.com\/all-standing-desk\/\" target=\"_self\" itemprop=\"url\" rel=\"noopener\">\n\t\t\t\t\t\t\t\t\t<img loading=\"lazy\" decoding=\"async\" src=\"https:\/\/afcindustries.com\/wp-content\/uploads\/2022\/02\/23-desk-surfaces-for-standing-desk.jpg\" alt=\"23 desk surfaces for standing desk\" itemprop=\"image\" height=\"300\" width=\"300\" srcset=\"https:\/\/afcindustries.com\/wp-content\/uploads\/2022\/02\/23-desk-surfaces-for-standing-desk.jpg 300w, https:\/\/afcindustries.com\/wp-content\/uploads\/2022\/02\/23-desk-surfaces-for-standing-desk-150x150.jpg 150w, https:\/\/afcindustries.com\/wp-content\/uploads\/2022\/02\/23-desk-surfaces-for-standing-desk-100x100.jpg 100w\" sizes=\"auto, (max-width: 300px) 100vw, 300px\" title=\"23 desk surfaces for standing desk\" onerror=\"this.style.display='none'\"  \/>\n\t\t\t\t\t\t\t\t\t\t\t\t\t<\/a>\n<h3>\n\t\t<a href=\"https:\/\/afcindustries.com\/es\/todos-los-escritorios-de-pie\/\" title=\"Escritorios ergon\u00f3micos para ordenador de pie\" target=\"_self\" rel=\"noopener\">\n\t\tEscritorios ergon\u00f3micos para ordenador de pie\n\t\t<\/a>\n\t<\/h3>\n\t<p>El dise\u00f1o compacto y elegante de nuestras estaciones de trabajo de pie para ordenador permite que se adapten a casi cualquier lugar. Nuestros escritorios de pie ergon\u00f3micos para ordenador incluyen controles electr\u00f3nicos independientes de ajuste de altura, estantes inferiores, soportes de brazo de monitor ajustables y ruedas.<\/p>\n\t\t\t\t\t\t\t\t<a href=\"https:\/\/afcindustries.com\/whitestone-workstation\/\" target=\"_self\" itemprop=\"url\" rel=\"noopener\">\n\t\t\t\t\t\t\t\t\t<img loading=\"lazy\" decoding=\"async\" src=\"https:\/\/afcindustries.com\/wp-content\/uploads\/2022\/02\/whitestone-sit-or-stand-desk-for-radiology-workstation-afc-1.jpg\" alt=\"whitestone sit or stand desk for radiology workstation afc 1\" itemprop=\"image\" height=\"300\" width=\"300\" srcset=\"https:\/\/afcindustries.com\/wp-content\/uploads\/2022\/02\/whitestone-sit-or-stand-desk-for-radiology-workstation-afc-1.jpg 300w, https:\/\/afcindustries.com\/wp-content\/uploads\/2022\/02\/whitestone-sit-or-stand-desk-for-radiology-workstation-afc-1-150x150.jpg 150w, https:\/\/afcindustries.com\/wp-content\/uploads\/2022\/02\/whitestone-sit-or-stand-desk-for-radiology-workstation-afc-1-100x100.jpg 100w\" sizes=\"auto, (max-width: 300px) 100vw, 300px\" title=\"whitestone sit or stand desk for radiology workstation afc 1\" onerror=\"this.style.display='none'\"  \/>\n\t\t\t\t\t\t\t\t\t\t\t\t\t<\/a>\n<h3>\n\t\t<a href=\"https:\/\/afcindustries.com\/es\/estacion-de-trabajo-whitestone\/\" title=\"Estaci\u00f3n de trabajo Whitestone\" target=\"_self\" rel=\"noopener\">\n\t\tEstaci\u00f3n de trabajo Whitestone\n\t\t<\/a>\n\t<\/h3>\n\t<p>La estaci\u00f3n de trabajo Whitestone\u2122 es el mejor escritorio para estar sentado o de pie en radiolog\u00eda e imagen. Los ajustes verticales y horizontales de los soportes de los monitores se pueden personalizar para obtener distancias focales \u00f3ptimas, as\u00ed como el ajuste de la altura y la inclinaci\u00f3n de la superficie para posturas de sentado.<\/p>\n\t\t\t\t\t\t\t\t<a href=\"https:\/\/afcindustries.com\/radiology-home\/\" target=\"_self\" itemprop=\"url\" rel=\"noopener\">\n\t\t\t\t\t\t\t\t\t<img loading=\"lazy\" decoding=\"async\" src=\"https:\/\/afcindustries.com\/wp-content\/uploads\/2022\/02\/radiology-home-use1.jpg\" alt=\"radiology home use1\" itemprop=\"image\" height=\"299\" width=\"299\" srcset=\"https:\/\/afcindustries.com\/wp-content\/uploads\/2022\/02\/radiology-home-use1.jpg 299w, https:\/\/afcindustries.com\/wp-content\/uploads\/2022\/02\/radiology-home-use1-150x150.jpg 150w, https:\/\/afcindustries.com\/wp-content\/uploads\/2022\/02\/radiology-home-use1-100x100.jpg 100w\" sizes=\"auto, (max-width: 299px) 100vw, 299px\" title=\"radiology home use1\" onerror=\"this.style.display='none'\"  \/>\n\t\t\t\t\t\t\t\t\t\t\t\t\t<\/a>\n<h3>\n\t\t<a href=\"https:\/\/afcindustries.com\/es\/radiologia-inicio\/\" title=\"Estaci\u00f3n de trabajo en casa para radi\u00f3logos\" target=\"_self\" rel=\"noopener\">\n\t\tEstaci\u00f3n de trabajo en casa para radi\u00f3logos\n\t\t<\/a>\n\t<\/h3>\n\t<p>La estaci\u00f3n de trabajo Whitestone\u2122 es el mejor escritorio para estar sentado o de pie en radiolog\u00eda e imagen. Los ajustes verticales y horizontales de los soportes de los monitores se pueden personalizar para obtener distancias focales \u00f3ptimas, as\u00ed como el ajuste de la altura y la inclinaci\u00f3n de la superficie para posturas de sentado.<\/p>\n\t\t\t\t\t\t\t\t<a href=\"https:\/\/afcindustries.com\/radiology-office-use\/\" target=\"_self\" itemprop=\"url\" rel=\"noopener\">\n\t\t\t\t\t\t\t\t\t<img loading=\"lazy\" decoding=\"async\" src=\"https:\/\/afcindustries.com\/wp-content\/uploads\/2022\/02\/radiolog-room-furniture-afc-1.jpg\" alt=\"radiolog room furniture afc 1\" itemprop=\"image\" height=\"300\" width=\"300\" srcset=\"https:\/\/afcindustries.com\/wp-content\/uploads\/2022\/02\/radiolog-room-furniture-afc-1.jpg 300w, https:\/\/afcindustries.com\/wp-content\/uploads\/2022\/02\/radiolog-room-furniture-afc-1-150x150.jpg 150w, https:\/\/afcindustries.com\/wp-content\/uploads\/2022\/02\/radiolog-room-furniture-afc-1-100x100.jpg 100w\" sizes=\"auto, (max-width: 300px) 100vw, 300px\" title=\"radiolog room furniture afc 1\" onerror=\"this.style.display='none'\"  \/>\n\t\t\t\t\t\t\t\t\t\t\t\t\t<\/a>\n<h3>\n\t\t<a href=\"https:\/\/afcindustries.com\/es\/uso-de-la-oficina-de-radiologia\/\" title=\"Puestos de trabajo de radiolog\u00eda Pacs Escritorios sobre ruedas\" target=\"_self\" rel=\"noopener\">\n\t\tPuestos de trabajo de radiolog\u00eda Pacs Escritorios sobre ruedas\n\t\t<\/a>\n\t<\/h3>\n\t<p>Los puestos de trabajo de pie para los departamentos de radiolog\u00eda le permiten centrarse en las tareas importantes sin dejar de estar c\u00f3modo. Pruebe a crear el suyo propio con nuestra variedad de productos de alta calidad. Tenemos los mejores precios.<\/p>\n\t\t\t\t\t\t\t\t<a href=\"https:\/\/afcindustries.com\/deluxe-ergo-tier\/\" target=\"_self\" itemprop=\"url\" rel=\"noopener\">\n\t\t\t\t\t\t\t\t\t<img loading=\"lazy\" decoding=\"async\" src=\"https:\/\/afcindustries.com\/wp-content\/uploads\/2022\/02\/adjustable-stand-up-desk-afc-1.jpg\" alt=\"adjustable stand up desk afc 1\" itemprop=\"image\" height=\"300\" width=\"300\" srcset=\"https:\/\/afcindustries.com\/wp-content\/uploads\/2022\/02\/adjustable-stand-up-desk-afc-1.jpg 300w, https:\/\/afcindustries.com\/wp-content\/uploads\/2022\/02\/adjustable-stand-up-desk-afc-1-150x150.jpg 150w, https:\/\/afcindustries.com\/wp-content\/uploads\/2022\/02\/adjustable-stand-up-desk-afc-1-100x100.jpg 100w\" sizes=\"auto, (max-width: 300px) 100vw, 300px\" title=\"adjustable stand up desk afc 1\" onerror=\"this.style.display='none'\"  \/>\n\t\t\t\t\t\t\t\t\t\t\t\t\t<\/a>\n<h3>\n\t\t<a href=\"https:\/\/afcindustries.com\/es\/grada-ergo-de-lujo\/\" title=\"Escritorio Ergo Tier Deluxe (Escritorio de pie que se inclina)\" target=\"_self\" rel=\"noopener\">\n\t\tEscritorio Ergo Tier Deluxe (Escritorio de pie que se inclina)\n\t\t<\/a>\n\t<\/h3>\n\t<p>Ergo Deluxe Tier es una fant\u00e1stica gama de puestos de trabajo que redefine los est\u00e1ndares actuales de los escritorios ergon\u00f3micos para mejorar las condiciones de trabajo y la productividad en los sectores m\u00e9dico y sanitario.<\/p>\n\t\t\t\t\t\t\t\t<a href=\"https:\/\/afcindustries.com\/dual-tier-desks\/\" target=\"_self\" itemprop=\"url\" rel=\"noopener\">\n\t\t\t\t\t\t\t\t\t<img loading=\"lazy\" decoding=\"async\" src=\"https:\/\/afcindustries.com\/wp-content\/uploads\/2022\/02\/dual-tier-large-desk-afc.jpg\" alt=\"dual tier large desk afc\" itemprop=\"image\" height=\"300\" width=\"300\" srcset=\"https:\/\/afcindustries.com\/wp-content\/uploads\/2022\/02\/dual-tier-large-desk-afc.jpg 300w, https:\/\/afcindustries.com\/wp-content\/uploads\/2022\/02\/dual-tier-large-desk-afc-150x150.jpg 150w, https:\/\/afcindustries.com\/wp-content\/uploads\/2022\/02\/dual-tier-large-desk-afc-100x100.jpg 100w\" sizes=\"auto, (max-width: 300px) 100vw, 300px\" title=\"dual tier large desk afc\" onerror=\"this.style.display='none'\"  \/>\n\t\t\t\t\t\t\t\t\t\t\t\t\t<\/a>\n<h3>\n\t\t<a href=\"https:\/\/afcindustries.com\/es\/duelo-de-niveles\/\" title=\"Escritorios de pie de doble nivel ajustable en altura\" target=\"_self\" rel=\"noopener\">\n\t\tEscritorios de pie de doble nivel ajustable en altura\n\t\t<\/a>\n\t<\/h3>\n\t<p>Escritorios de pie de doble nivel ajustable en altura que tiene 2 superficies de trabajo y son ajustables en altura de forma independiente para aumentar la productividad del trabajo y la comodidad.<\/p>\n\t\t\t\t\t\t\t\t<a href=\"https:\/\/afcindustries.com\/single-tier\/\" target=\"_self\" itemprop=\"url\" rel=\"noopener\">\n\t\t\t\t\t\t\t\t\t<img loading=\"lazy\" decoding=\"async\" src=\"https:\/\/afcindustries.com\/wp-content\/uploads\/2022\/02\/single-tier-height-adjustable-desk-afc.jpg\" alt=\"single tier height adjustable desk afc\" itemprop=\"image\" height=\"300\" width=\"300\" srcset=\"https:\/\/afcindustries.com\/wp-content\/uploads\/2022\/02\/single-tier-height-adjustable-desk-afc.jpg 300w, https:\/\/afcindustries.com\/wp-content\/uploads\/2022\/02\/single-tier-height-adjustable-desk-afc-150x150.jpg 150w, https:\/\/afcindustries.com\/wp-content\/uploads\/2022\/02\/single-tier-height-adjustable-desk-afc-100x100.jpg 100w\" sizes=\"auto, (max-width: 300px) 100vw, 300px\" title=\"single tier height adjustable desk afc\" onerror=\"this.style.display='none'\"  \/>\n\t\t\t\t\t\t\t\t\t\t\t\t\t<\/a>\n<h3>\n\t\t<a href=\"https:\/\/afcindustries.com\/es\/un-solo-nivel\/\" title=\"Mesas de bipedestaci\u00f3n de un solo nivel ajustable en altura\" target=\"_self\" rel=\"noopener\">\n\t\tMesas de bipedestaci\u00f3n de un solo nivel ajustable en altura\n\t\t<\/a>\n\t<\/h3>\n\t<p>EL ESCRITORIO DE PIE DE UN SOLO NIVEL. El escritorio ajustable en altura de AFC Industries es la opci\u00f3n perfecta cuando necesita ajustar el puesto de trabajo a su propio tama\u00f1o y preferencias. Con una gama completa de escritorios de altura ajustable, las opciones de dise\u00f1o, el escritorio de trabajo ajustable de un nivel puede satisfacer casi cualquier necesidad<\/p>\n\t\t\t\t\t\t\t\t\t<img loading=\"lazy\" decoding=\"async\" src=\"https:\/\/afcindustries.com\/wp-content\/uploads\/2022\/02\/env-04-single-height-adjustable-desk.jpg\" alt=\"Standing desk with storage by AFC Industries\" itemprop=\"image\" height=\"500\" width=\"500\" srcset=\"https:\/\/afcindustries.com\/wp-content\/uploads\/2022\/02\/env-04-single-height-adjustable-desk.jpg 500w, https:\/\/afcindustries.com\/wp-content\/uploads\/2022\/02\/env-04-single-height-adjustable-desk-300x300.jpg 300w, https:\/\/afcindustries.com\/wp-content\/uploads\/2022\/02\/env-04-single-height-adjustable-desk-150x150.jpg 150w, https:\/\/afcindustries.com\/wp-content\/uploads\/2022\/02\/env-04-single-height-adjustable-desk-100x100.jpg 100w\" sizes=\"auto, (max-width: 500px) 100vw, 500px\" title=\"Standing desk with storage by AFC Industries\" onerror=\"this.style.display='none'\"  \/>\n<h2>\n\t\tEstaci\u00f3n de trabajo de altura regulable\n\t<\/h2>\n\t<p>Su escritorio de pie el\u00e9ctrico ajustable en altura es el mecanismo m\u00e1s importante para minimizar los problemas de salud negativos a trav\u00e9s de la flexibilidad que puede maximizar la comodidad del trabajador y conducir a una mayor productividad en cualquier lugar de trabajo o entorno dom\u00e9stico. Nuestros escritorios est\u00e1n hechos de madera maciza, lo cual es perfecto para un mueble de oficina, no necesitar\u00e1 un convertidor de escritorio mientras use nuestro escritorio de pie sentado<\/p>\n\t\t\t<a href=\"https:\/\/afcindustries.com\/es\/un-solo-nivel\/\" target=\"_self\" rel=\"noopener\">\n\t\t\t\t\t\t\tVer m\u00e1s\n\t\t\t\t\t<\/a>\n<h2>\n\t\tCaracter\u00edsticas ergon\u00f3micas que se adaptan a sus necesidades\n\t<\/h2>\n\t<p>Nuestras mejores unidades de escritorio de oficina el\u00e9ctrico de pie son de altura ajustable, lo que hace que sea ergon\u00f3micamente f\u00e1cil de acomodar a muchas personas diferentes, ya sea sentado o mejor posici\u00f3n de pie, mientras que el ajuste de las alturas de los monitores para alcanzar la distancia focal \u00f3ptima para ayudar a prevenir la fatiga ocular. Adem\u00e1s, respaldamos nuestros productos con la mejor garant\u00eda del sector para asegurar su completa satisfacci\u00f3n. Si est\u00e1 buscando una estaci\u00f3n de trabajo ergon\u00f3mica, un carro de ordenador o una soluci\u00f3n de almacenamiento, puede confiar en AFC Industries para que le proporcione productos de calidad al mejor precio posible. P\u00f3ngase en contacto con nosotros hoy mismo para experimentar la diferencia de AFC. F\u00e1cil acceso en espacios activos y entornos de trabajo. La mejora del flujo sangu\u00edneo reduce la tensi\u00f3n muscular.<\/p>\n\t\t\t<a href=\"https:\/\/afcindustries.com\/es\/un-solo-nivel\/\" target=\"_self\" rel=\"noopener\">\n\t\t\t\t\t\t\tVer m\u00e1s\n\t\t\t\t\t<\/a>\n\t\t\t\t\t\t\t\t\t<img loading=\"lazy\" decoding=\"async\" src=\"https:\/\/afcindustries.com\/wp-content\/uploads\/2022\/02\/01-radiolory-reading-room.jpg\" alt=\"Standing desk with cable management by AFC Industries\" itemprop=\"image\" height=\"500\" width=\"500\" srcset=\"https:\/\/afcindustries.com\/wp-content\/uploads\/2022\/02\/01-radiolory-reading-room.jpg 500w, https:\/\/afcindustries.com\/wp-content\/uploads\/2022\/02\/01-radiolory-reading-room-300x300.jpg 300w, https:\/\/afcindustries.com\/wp-content\/uploads\/2022\/02\/01-radiolory-reading-room-150x150.jpg 150w, https:\/\/afcindustries.com\/wp-content\/uploads\/2022\/02\/01-radiolory-reading-room-100x100.jpg 100w\" sizes=\"auto, (max-width: 500px) 100vw, 500px\" title=\"Standing desk with cable management by AFC Industries\" onerror=\"this.style.display='none'\"  \/>\n\t\t\t\t\t\t\t\t\t<img loading=\"lazy\" decoding=\"async\" src=\"https:\/\/afcindustries.com\/wp-content\/uploads\/2022\/02\/env-02.jpg\" alt=\"Standing desk for home office by AFC Industries\" itemprop=\"image\" height=\"500\" width=\"500\" srcset=\"https:\/\/afcindustries.com\/wp-content\/uploads\/2022\/02\/env-02.jpg 500w, https:\/\/afcindustries.com\/wp-content\/uploads\/2022\/02\/env-02-300x300.jpg 300w, https:\/\/afcindustries.com\/wp-content\/uploads\/2022\/02\/env-02-150x150.jpg 150w, https:\/\/afcindustries.com\/wp-content\/uploads\/2022\/02\/env-02-100x100.jpg 100w\" sizes=\"auto, (max-width: 500px) 100vw, 500px\" title=\"Standing desk for home office by AFC Industries\" onerror=\"this.style.display='none'\"  \/>\n<h2>\n\t\tAccesorios que lo hacen mejor\n\t<\/h2>\n\t<p>Proporcionando una ergonom\u00eda \u00f3ptima de los convertidores de escritorio de pie y la funcionalidad, los accesorios, tales como, soportes de escritorio de la CPU y el rat\u00f3n, la gesti\u00f3n de los cables, los brazos del teclado y las bandejas, la iluminaci\u00f3n y las fuentes de alimentaci\u00f3n son todos fabricados y disponibles para mejorar su experiencia de trabajo para permanecer m\u00e1s c\u00f3modo de pie o sentado que en los elevadores v2 . Nuestros escritorios de pie de altura ajustable son el complemento perfecto para una oficina en casa sin necesidad de un convertidor de escritorios de pie.<\/p>\n\t\t\t<a href=\"https:\/\/afcindustries.com\/es\/un-solo-nivel\/\" target=\"_self\" rel=\"noopener\">\n\t\t\t\t\t\t\tVer m\u00e1s\n\t\t\t\t\t<\/a>\n<h2>\n\t\tLa ventaja de la AFC\n\t<\/h2>\n\t<p>Las consultas de proyectos, los servicios de dise\u00f1o, la ingenier\u00eda y la producci\u00f3n se gestionan bajo un mismo techo para ofrecer un control y una asistencia totales. AFC garantiza que nuestro producto estar\u00e1 libre de defectos en los materiales y la mano de obra del convertidor de escritorio de pie durante la vida \u00fatil del producto. La mayor\u00eda de nuestros escritorios vienen con una bandeja para teclado que se puede retraer y un escritorio con cajones. Adem\u00e1s, respaldamos nuestros productos con la mejor garant\u00eda del sector para asegurar su completa satisfacci\u00f3n. Si est\u00e1 buscando una estaci\u00f3n de trabajo ergon\u00f3mica, un carro de ordenador o una soluci\u00f3n de almacenamiento, puede confiar en AFC Industries para que le proporcione productos de calidad al mejor precio posible. P\u00f3ngase en contacto con nosotros hoy mismo para experimentar la diferencia de AFC. Mantenga una buena postura, gracias a un mejor ajuste ergon\u00f3mico de la altura para exigencias espec\u00edficas. Muebles de oficina de alta tecnolog\u00eda con env\u00edo gratuito incluido en los Estados Unidos continentales.<\/p>\n\t\t\t<a href=\"https:\/\/afcindustries.com\/es\/un-solo-nivel\/\" target=\"_self\" rel=\"noopener\">\n\t\t\t\t\t\t\tVer m\u00e1s\n\t\t\t\t\t<\/a>\n\t\t\t\t\t\t\t\t\t<img loading=\"lazy\" decoding=\"async\" src=\"https:\/\/afcindustries.com\/wp-content\/uploads\/2022\/02\/12-single-height-adjustable-desk.jpg\" alt=\"Standing desk with power outlets by AFC Industries\" itemprop=\"image\" height=\"500\" width=\"500\" srcset=\"https:\/\/afcindustries.com\/wp-content\/uploads\/2022\/02\/12-single-height-adjustable-desk.jpg 500w, https:\/\/afcindustries.com\/wp-content\/uploads\/2022\/02\/12-single-height-adjustable-desk-300x300.jpg 300w, https:\/\/afcindustries.com\/wp-content\/uploads\/2022\/02\/12-single-height-adjustable-desk-150x150.jpg 150w, https:\/\/afcindustries.com\/wp-content\/uploads\/2022\/02\/12-single-height-adjustable-desk-100x100.jpg 100w\" sizes=\"auto, (max-width: 500px) 100vw, 500px\" title=\"Standing desk with power outlets by AFC Industries\" onerror=\"this.style.display='none'\"  \/>\n\n","protected":false},"excerpt":{"rendered":"<p>Escritorios\/estaciones de trabajo de pie Sistemas inform\u00e1ticos murales Carros de comunicaci\u00f3n Home \u00bb Escritorio de pie Escritorios de pie y soluciones de altura regulable Mesas y escritorios de altura regulable Desde 1994, AFC Industries, Inc. ha sido l\u00edder en el dise\u00f1o y la producci\u00f3n de escritorios ergon\u00f3micos para trabajar de pie. Nuestros dedicados equipos internos&hellip;<\/p>\n","protected":false},"author":1,"featured_media":0,"parent":0,"menu_order":0,"comment_status":"closed","ping_status":"closed","template":"","meta":{"_acf_changed":false,"inline_featured_image":false,"footnotes":""},"class_list":["post-19436","page","type-page","status-publish","hentry"],"acf":[],"_links":{"self":[{"href":"https:\/\/afcindustries.com\/es\/wp-json\/wp\/v2\/pages\/19436","targetHints":{"allow":["GET"]}}],"collection":[{"href":"https:\/\/afcindustries.com\/es\/wp-json\/wp\/v2\/pages"}],"about":[{"href":"https:\/\/afcindustries.com\/es\/wp-json\/wp\/v2\/types\/page"}],"author":[{"embeddable":true,"href":"https:\/\/afcindustries.com\/es\/wp-json\/wp\/v2\/users\/1"}],"replies":[{"embeddable":true,"href":"https:\/\/afcindustries.com\/es\/wp-json\/wp\/v2\/comments?post=19436"}],"version-history":[{"count":0,"href":"https:\/\/afcindustries.com\/es\/wp-json\/wp\/v2\/pages\/19436\/revisions"}],"wp:attachment":[{"href":"https:\/\/afcindustries.com\/es\/wp-json\/wp\/v2\/media?parent=19436"}],"curies":[{"name":"wp","href":"https:\/\/api.w.org\/{rel}","templated":true}]}}