{"id":19435,"date":"2018-06-18T06:58:10","date_gmt":"2018-06-18T10:58:10","guid":{"rendered":"https:\/\/afcindustries.com\/contacte-con\/"},"modified":"2024-09-27T16:52:08","modified_gmt":"2024-09-27T20:52:08","slug":"contacte-con","status":"publish","type":"page","link":"https:\/\/afcindustries.com\/es\/contacte-con\/","title":{"rendered":"Contacte con"},"content":{"rendered":"<p>&nbsp;<\/p>\n<h2>Contactos<\/h2>\n<p>Llamada gratuita<\/p>\n<p><a href=\"tel:18006633412\">1-800-663-3412 <\/a><\/p>\n<p>Tel\u00e9fono local<\/p>\n<p><a href=\"tel:7187470237\">718-747-0237 <\/a><\/p>\n<p>Fax<\/p>\n<p><a href=\"tel:7187470726\">718-747-0726 <\/a><\/p>\n<p>Direcci\u00f3n<\/p>\n<p>13-16 133rd Place College Point, NY 11356<\/p>\n<p>Ventas<\/p>\n<p><a href=\"mailto:afcsales@afcindustries.com\">afcsales@afcindustries.com <\/a><\/p>\n<p>Facturaci\u00f3n<\/p>\n<p><a href=\"mailto:billing@afcindustries.com\">billing@afcindustries.com <\/a><\/p>\n<p>Env\u00edo<\/p>\n<p><a href=\"mailto:shipping@afcindustries.com\">shipping@afcindustries.com<\/a><\/p>\n<p>Servicio de atenci\u00f3n al cliente<\/p>\n<p><a href=\"mailto:service@afcindustries.com\">service@afcindustries.com<\/a><\/p>\n<p>Solicitar trabajo<\/p>\n<p><a href=\"mailto:jobinfo@afcindustries.com\">jobinfo@afcindustries.com<\/a><\/p>\n","protected":false},"excerpt":{"rendered":"<p>&nbsp; Contactos Llamada gratuita 1-800-663-3412 Tel\u00e9fono local 718-747-0237 Fax 718-747-0726 Direcci\u00f3n 13-16 133rd Place College Point, NY 11356 Ventas afcsales@afcindustries.com Facturaci\u00f3n billing@afcindustries.com Env\u00edo shipping@afcindustries.com Servicio de atenci\u00f3n al cliente service@afcindustries.com Solicitar trabajo jobinfo@afcindustries.com<\/p>\n","protected":false},"author":1,"featured_media":0,"parent":0,"menu_order":0,"comment_status":"closed","ping_status":"closed","template":"","meta":{"_acf_changed":false,"inline_featured_image":false,"footnotes":""},"class_list":["post-19435","page","type-page","status-publish","hentry"],"acf":[],"_links":{"self":[{"href":"https:\/\/afcindustries.com\/es\/wp-json\/wp\/v2\/pages\/19435","targetHints":{"allow":["GET"]}}],"collection":[{"href":"https:\/\/afcindustries.com\/es\/wp-json\/wp\/v2\/pages"}],"about":[{"href":"https:\/\/afcindustries.com\/es\/wp-json\/wp\/v2\/types\/page"}],"author":[{"embeddable":true,"href":"https:\/\/afcindustries.com\/es\/wp-json\/wp\/v2\/users\/1"}],"replies":[{"embeddable":true,"href":"https:\/\/afcindustries.com\/es\/wp-json\/wp\/v2\/comments?post=19435"}],"version-history":[{"count":0,"href":"https:\/\/afcindustries.com\/es\/wp-json\/wp\/v2\/pages\/19435\/revisions"}],"wp:attachment":[{"href":"https:\/\/afcindustries.com\/es\/wp-json\/wp\/v2\/media?parent=19435"}],"curies":[{"name":"wp","href":"https:\/\/api.w.org\/{rel}","templated":true}]}}