{"id":19434,"date":"2022-02-16T10:02:45","date_gmt":"2022-02-16T15:02:45","guid":{"rendered":"https:\/\/afcindustries.com\/carros-de-ordenador\/"},"modified":"2024-10-25T11:14:33","modified_gmt":"2024-10-25T15:14:33","slug":"carros-de-ordenador","status":"publish","type":"page","link":"https:\/\/afcindustries.com\/es\/carros-de-ordenador\/","title":{"rendered":"Carros de ordenador"},"content":{"rendered":"\n\n\t\t\t<a href=\"https:\/\/afcindustries.com\/es\/todos-los-escritorios-de-pie\/\" target=\"_self\" rel=\"noopener\">\n\t\t<h3>Escritorios\/estaciones de trabajo de pie<\/h3>\n\t\t<\/a>\n\t\t\t<a href=\"https:\/\/afcindustries.com\/es\/soportes-de-pared-para-ordenador\/\" target=\"_self\" rel=\"noopener\">\n\t\t<h3>Sistemas inform\u00e1ticos murales<\/h3>\n\t\t<\/a>\n\t\t\t<a href=\"https:\/\/afcindustries.com\/es\/carro-de-telemedicina\/\" target=\"_self\" rel=\"noopener\">\n\t\t<h3>Carros de comunicaci\u00f3n<\/h3>\n\t\t<\/a>\n\t<h1>\n\t\tCarros de ordenador m\u00f3viles para uso m\u00e9dico\n\t<\/h1>\n\t\t\t\t\t\t\t\t\t<img loading=\"lazy\" decoding=\"async\" src=\"https:\/\/afcindustries.com\/wp-content\/uploads\/2022\/02\/computer-cart-section-banner-1140x281-1.jpg\" alt=\"Mobile computer carts by AFC Industries - Convenient and mobile computer carts for dynamic work environments.\" itemprop=\"image\" height=\"281\" width=\"1140\" srcset=\"https:\/\/afcindustries.com\/wp-content\/uploads\/2022\/02\/computer-cart-section-banner-1140x281-1.jpg 1140w, https:\/\/afcindustries.com\/wp-content\/uploads\/2022\/02\/computer-cart-section-banner-1140x281-1-300x74.jpg 300w, https:\/\/afcindustries.com\/wp-content\/uploads\/2022\/02\/computer-cart-section-banner-1140x281-1-1024x252.jpg 1024w, https:\/\/afcindustries.com\/wp-content\/uploads\/2022\/02\/computer-cart-section-banner-1140x281-1-768x189.jpg 768w, https:\/\/afcindustries.com\/wp-content\/uploads\/2022\/02\/computer-cart-section-banner-1140x281-1-600x148.jpg 600w\" sizes=\"auto, (max-width: 1140px) 100vw, 1140px\" title=\"Mobile computer carts by AFC Industries - Convenient and mobile computer carts for dynamic work environments.\" onerror=\"this.style.display='none'\"  \/>\n<h2>\n\t\tCarros de ordenador m\u00f3viles\n\t<\/h2>\n\t<p>A lo largo de los a\u00f1os, AFC ha mantenido su posici\u00f3n como dise\u00f1ador y fabricante l\u00edder de una l\u00ednea diversa de carros de ordenador m\u00f3viles de alta calidad. Todos los carros AFC tienen un marco de acero robusto y estable y superficies de trabajo duraderas en varios colores. Nuestros carros de ordenador m\u00f3viles m\u00e1s ergon\u00f3micos cuentan con ajuste de altura y est\u00e1n disponibles en una variedad de opciones de superficie. Adem\u00e1s, disponemos de modelos ligeros y de menor tama\u00f1o de carros de ordenador m\u00f3viles con ruedas de rodamiento suave para una maniobrabilidad silenciosa y eficiente. Los carros inform\u00e1ticos m\u00f3viles de AFC contribuyen a que el entorno de trabajo sea seguro, protegido y c\u00f3modo. El tama\u00f1o, el estilo y el color de nuestros carros de ordenador m\u00f3viles pueden personalizarse para adaptarse a sus necesidades. Tambi\u00e9n ofrecemos una amplia gama de accesorios, como soportes para port\u00e1tiles, armarios\/carros de almacenamiento, soportes para CPU y brazos para monitores. Estos elementos le ayudar\u00e1n a crear el entorno de trabajo que mejor se adapte a sus necesidades. <strong>Carros para ordenadores m\u00f3viles<\/strong> con cerradura AFC ofrece una variedad de modelos para elegir, incluidos carros para ordenadores con cerradura de tama\u00f1o completo y medio tama\u00f1o en muchas dimensiones, formas y estilos diferentes para adaptarse a casi cualquier tipo de aplicaci\u00f3n. Hay incluso peque\u00f1as CPUs m\u00f3viles con ruedas para trabajadores m\u00f3viles como cajeros de banco y personal de env\u00edos.<\/p>\n\t\t\t\t\t\t\t\t<a href=\"https:\/\/afcindustries.com\/all-computer-carts\/\" target=\"_self\" itemprop=\"url\" rel=\"noopener\">\n\t\t\t\t\t\t\t\t\t<img loading=\"lazy\" decoding=\"async\" src=\"https:\/\/afcindustries.com\/wp-content\/uploads\/2022\/02\/Computer-cart-product-section.jpg\" alt=\"Computer cart product section\" itemprop=\"image\" height=\"300\" width=\"300\" srcset=\"https:\/\/afcindustries.com\/wp-content\/uploads\/2022\/02\/Computer-cart-product-section.jpg 300w, https:\/\/afcindustries.com\/wp-content\/uploads\/2022\/02\/Computer-cart-product-section-150x150.jpg 150w, https:\/\/afcindustries.com\/wp-content\/uploads\/2022\/02\/Computer-cart-product-section-100x100.jpg 100w\" sizes=\"auto, (max-width: 300px) 100vw, 300px\" title=\"Computer cart product section\" onerror=\"this.style.display='none'\"  \/>\n\t\t\t\t\t\t\t\t\t\t\t\t\t<\/a>\n<h2>\n\t\t<a href=\"https:\/\/afcindustries.com\/es\/todos-los-carros-de-ordenador\/\" title=\"Carros de ordenador m\u00f3viles y ergon\u00f3micos\" target=\"_self\" rel=\"noopener\">\n\t\tCarros de ordenador m\u00f3viles y ergon\u00f3micos\n\t\t<\/a>\n\t<\/h2>\n\t<p>Carros de ordenador m\u00f3viles ergon\u00f3micos con ajustes de altura f\u00e1ciles de usar; construidos con materiales de alta calidad y caracter\u00edsticas de dise\u00f1o duraderas para garantizar una vida de uso.<\/p>\n\t\t\t\t\t\t\t\t<a href=\"https:\/\/afcindustries.com\/laptop-carts\/\" target=\"_self\" itemprop=\"url\" rel=\"noopener\">\n\t\t\t\t\t\t\t\t\t<img loading=\"lazy\" decoding=\"async\" src=\"https:\/\/afcindustries.com\/wp-content\/uploads\/2022\/02\/Laptop-Cart-afc-1.jpg\" alt=\"Laptop Cart afc 1\" itemprop=\"image\" height=\"300\" width=\"300\" srcset=\"https:\/\/afcindustries.com\/wp-content\/uploads\/2022\/02\/Laptop-Cart-afc-1.jpg 300w, https:\/\/afcindustries.com\/wp-content\/uploads\/2022\/02\/Laptop-Cart-afc-1-150x150.jpg 150w, https:\/\/afcindustries.com\/wp-content\/uploads\/2022\/02\/Laptop-Cart-afc-1-100x100.jpg 100w\" sizes=\"auto, (max-width: 300px) 100vw, 300px\" title=\"Laptop Cart afc 1\" onerror=\"this.style.display='none'\"  \/>\n\t\t\t\t\t\t\t\t\t\t\t\t\t<\/a>\n<h2>\n\t\t<a href=\"https:\/\/afcindustries.com\/es\/carros-para-portatiles\/\" title=\"Carros para port\u00e1tiles\" target=\"_self\" rel=\"noopener\">\n\t\tCarros para port\u00e1tiles\n\t\t<\/a>\n\t<\/h2>\n\t<p>Se trata de carros de ordenador de rodamiento suave y altura regulable neum\u00e1ticamente. Est\u00e1n construidos especialmente para asegurar el ordenador port\u00e1til. Fabricado para ofrecer un servicio r\u00e1pido, eficiente y m\u00f3vil para cada industria.<\/p>\n\t\t\t\t\t\t\t\t<a href=\"https:\/\/afcindustries.com\/tablet-carts\/\" target=\"_self\" itemprop=\"url\" rel=\"noopener\">\n\t\t\t\t\t\t\t\t\t<img loading=\"lazy\" decoding=\"async\" src=\"https:\/\/afcindustries.com\/wp-content\/uploads\/2022\/02\/ipad-tablet-stand-cart-afc.jpg\" alt=\"ipad tablet stand cart afc\" itemprop=\"image\" height=\"300\" width=\"300\" srcset=\"https:\/\/afcindustries.com\/wp-content\/uploads\/2022\/02\/ipad-tablet-stand-cart-afc.jpg 300w, https:\/\/afcindustries.com\/wp-content\/uploads\/2022\/02\/ipad-tablet-stand-cart-afc-150x150.jpg 150w, https:\/\/afcindustries.com\/wp-content\/uploads\/2022\/02\/ipad-tablet-stand-cart-afc-100x100.jpg 100w\" sizes=\"auto, (max-width: 300px) 100vw, 300px\" title=\"ipad tablet stand cart afc\" onerror=\"this.style.display='none'\"  \/>\n\t\t\t\t\t\t\t\t\t\t\t\t\t<\/a>\n<h2>\n\t\t<a href=\"https:\/\/afcindustries.com\/es\/carros-para-tabletas\/\" title=\"Carros para tabletas de ordenador\" target=\"_self\" rel=\"noopener\">\n\t\tCarros para tabletas de ordenador\n\t\t<\/a>\n\t<\/h2>\n\t<p>Carros de tabletas ajustables en altura que est\u00e1n hechos para acomodar las principales tabletas y dispositivos de pantalla t\u00e1ctil, como Apple, Samsung, Lenovo, Acer, Microsoft, etc.<\/p>\n\t\t\t\t\t\t\t\t<a href=\"https:\/\/afcindustries.com\/pole-cart\/\" target=\"_self\" itemprop=\"url\" rel=\"noopener\">\n\t\t\t\t\t\t\t\t\t<img loading=\"lazy\" decoding=\"async\" src=\"https:\/\/afcindustries.com\/wp-content\/uploads\/2022\/02\/pole-cart-afc.jpg\" alt=\"pole cart afc\" itemprop=\"image\" height=\"300\" width=\"300\" srcset=\"https:\/\/afcindustries.com\/wp-content\/uploads\/2022\/02\/pole-cart-afc.jpg 300w, https:\/\/afcindustries.com\/wp-content\/uploads\/2022\/02\/pole-cart-afc-150x150.jpg 150w, https:\/\/afcindustries.com\/wp-content\/uploads\/2022\/02\/pole-cart-afc-100x100.jpg 100w\" sizes=\"auto, (max-width: 300px) 100vw, 300px\" title=\"pole cart afc\" onerror=\"this.style.display='none'\"  \/>\n\t\t\t\t\t\t\t\t\t\t\t\t\t<\/a>\n<h2>\n\t\t<a href=\"https:\/\/afcindustries.com\/es\/carro-de-varillas\/\" title=\"Carros de ordenador\" target=\"_self\" rel=\"noopener\">\n\t\tCarros de ordenador\n\t\t<\/a>\n\t<\/h2>\n\t<p>Los carros de p\u00e9rtiga AFC son la soluci\u00f3n perfecta para las zonas de poco tr\u00e1nsito. Carros de ordenador m\u00f3viles de metal con componentes ajustables, ideales para entornos de trabajo de pie.<\/p>\n\t\t\t\t\t\t\t\t<a href=\"https:\/\/afcindustries.com\/mobile-monitor-stand\/\" target=\"_self\" itemprop=\"url\" rel=\"noopener\">\n\t\t\t\t\t\t\t\t\t<img loading=\"lazy\" decoding=\"async\" src=\"https:\/\/afcindustries.com\/wp-content\/uploads\/2022\/02\/Heavy-Duty-Mobile-Monitor-Stand-with-LCD-Mount-afc.jpg\" alt=\"Heavy Duty Mobile Monitor Stand with LCD Mount afc\" itemprop=\"image\" height=\"300\" width=\"300\" srcset=\"https:\/\/afcindustries.com\/wp-content\/uploads\/2022\/02\/Heavy-Duty-Mobile-Monitor-Stand-with-LCD-Mount-afc.jpg 300w, https:\/\/afcindustries.com\/wp-content\/uploads\/2022\/02\/Heavy-Duty-Mobile-Monitor-Stand-with-LCD-Mount-afc-150x150.jpg 150w, https:\/\/afcindustries.com\/wp-content\/uploads\/2022\/02\/Heavy-Duty-Mobile-Monitor-Stand-with-LCD-Mount-afc-100x100.jpg 100w\" sizes=\"auto, (max-width: 300px) 100vw, 300px\" title=\"Heavy Duty Mobile Monitor Stand with LCD Mount afc\" onerror=\"this.style.display='none'\"  \/>\n\t\t\t\t\t\t\t\t\t\t\t\t\t<\/a>\n<h2>\n\t\t<a href=\"https:\/\/afcindustries.com\/es\/soporte-de-monitor-movil\/\" title=\"Soportes para monitores m\u00f3viles\" target=\"_self\" rel=\"noopener\">\n\t\tSoportes para monitores m\u00f3viles\n\t\t<\/a>\n\t<\/h2>\n\t<p>Carros m\u00f3viles para medios de comunicaci\u00f3n A\/V, ideales para pantallas de gran tama\u00f1o, Se pueden hacer para acomodar pantallas individuales o m\u00faltiples. Se utiliza para presentaciones, teleconferencias o salas de formaci\u00f3n.<\/p>\n\t\t\t\t\t\t\t\t<a href=\"https:\/\/afcindustries.com\/utility-cart\/\" target=\"_self\" itemprop=\"url\" rel=\"noopener\">\n\t\t\t\t\t\t\t\t\t<img loading=\"lazy\" decoding=\"async\" src=\"https:\/\/afcindustries.com\/wp-content\/uploads\/2022\/02\/Utility-Cart.jpg\" alt=\"Utility Cart\" itemprop=\"image\" height=\"299\" width=\"299\" srcset=\"https:\/\/afcindustries.com\/wp-content\/uploads\/2022\/02\/Utility-Cart.jpg 299w, https:\/\/afcindustries.com\/wp-content\/uploads\/2022\/02\/Utility-Cart-150x150.jpg 150w, https:\/\/afcindustries.com\/wp-content\/uploads\/2022\/02\/Utility-Cart-100x100.jpg 100w\" sizes=\"auto, (max-width: 299px) 100vw, 299px\" title=\"Utility Cart\" onerror=\"this.style.display='none'\"  \/>\n\t\t\t\t\t\t\t\t\t\t\t\t\t<\/a>\n<h2>\n\t\t<a href=\"https:\/\/afcindustries.com\/es\/carro-de-la-compra\/\" title=\"Carros de ordenador m\u00f3viles\" target=\"_self\" rel=\"noopener\">\n\t\tCarros de ordenador m\u00f3viles\n\t\t<\/a>\n\t<\/h2>\n\t<p>Carro de ordenador m\u00f3vil estaci\u00f3n de trabajo de ordenador con estantes y dise\u00f1o robusto y resistente. Disponibles en tres tama\u00f1os y alturas est\u00e1ndar, desde el puesto de trabajo de ordenador de altura completa hasta los carros utilitarios de tama\u00f1o medio o m\u00e1s cortos. Construido con productos de calidad en los EE.UU. y hecho para durar.<\/p>\n\t\t\t\t\t\t\t\t\t<img loading=\"lazy\" decoding=\"async\" src=\"https:\/\/afcindustries.com\/wp-content\/uploads\/2022\/02\/env-04-single-height-adjustable-desk.jpg\" alt=\"Standing desk with storage by AFC Industries\" itemprop=\"image\" height=\"500\" width=\"500\" srcset=\"https:\/\/afcindustries.com\/wp-content\/uploads\/2022\/02\/env-04-single-height-adjustable-desk.jpg 500w, https:\/\/afcindustries.com\/wp-content\/uploads\/2022\/02\/env-04-single-height-adjustable-desk-300x300.jpg 300w, https:\/\/afcindustries.com\/wp-content\/uploads\/2022\/02\/env-04-single-height-adjustable-desk-150x150.jpg 150w, https:\/\/afcindustries.com\/wp-content\/uploads\/2022\/02\/env-04-single-height-adjustable-desk-100x100.jpg 100w\" sizes=\"auto, (max-width: 500px) 100vw, 500px\" title=\"Standing desk with storage by AFC Industries\" onerror=\"this.style.display='none'\"  \/>\n<h2>\n\t\tEstaci\u00f3n de trabajo de altura regulable\n\t<\/h2>\n\t<p>Su escritorio de pie el\u00e9ctrico ajustable en altura es el mecanismo m\u00e1s importante para minimizar los problemas de salud negativos a trav\u00e9s de la flexibilidad que puede maximizar la comodidad del trabajador y conducir a una mayor productividad en cualquier lugar de trabajo o entorno dom\u00e9stico. Nuestros escritorios est\u00e1n hechos de madera maciza, lo cual es perfecto para un mueble de oficina, no necesitar\u00e1 un convertidor de escritorio mientras use nuestro escritorio de pie sentado<\/p>\n\t\t\t<a href=\"https:\/\/afcindustries.com\/es\/un-solo-nivel\/\" target=\"_self\" rel=\"noopener\">\n\t\t\t\t\t\t\tVer m\u00e1s\n\t\t\t\t\t<\/a>\n<h2>\n\t\tCaracter\u00edsticas ergon\u00f3micas que se adaptan a sus necesidades\n\t<\/h2>\n\t<p>Nuestras mejores unidades de escritorio de oficina el\u00e9ctrico de pie son de altura ajustable, lo que hace que sea ergon\u00f3micamente f\u00e1cil de acomodar a muchas personas diferentes, ya sea sentado o mejor posici\u00f3n de pie, mientras que el ajuste de las alturas de los monitores para alcanzar la distancia focal \u00f3ptima para ayudar a prevenir la fatiga ocular. Adem\u00e1s, respaldamos nuestros productos con la mejor garant\u00eda del sector para asegurar su completa satisfacci\u00f3n. Si est\u00e1 buscando una estaci\u00f3n de trabajo ergon\u00f3mica, un carro de ordenador o una soluci\u00f3n de almacenamiento, puede confiar en AFC Industries para que le proporcione productos de calidad al mejor precio posible. P\u00f3ngase en contacto con nosotros hoy mismo para experimentar la diferencia de AFC. F\u00e1cil acceso en espacios activos y entornos de trabajo. La mejora del flujo sangu\u00edneo reduce la tensi\u00f3n muscular.<\/p>\n\t\t\t<a href=\"https:\/\/afcindustries.com\/es\/un-solo-nivel\/\" target=\"_self\" rel=\"noopener\">\n\t\t\t\t\t\t\tVer m\u00e1s\n\t\t\t\t\t<\/a>\n\t\t\t\t\t\t\t\t\t<img loading=\"lazy\" decoding=\"async\" src=\"https:\/\/afcindustries.com\/wp-content\/uploads\/2022\/02\/01-radiolory-reading-room.jpg\" alt=\"Standing desk with cable management by AFC Industries\" itemprop=\"image\" height=\"500\" width=\"500\" srcset=\"https:\/\/afcindustries.com\/wp-content\/uploads\/2022\/02\/01-radiolory-reading-room.jpg 500w, https:\/\/afcindustries.com\/wp-content\/uploads\/2022\/02\/01-radiolory-reading-room-300x300.jpg 300w, https:\/\/afcindustries.com\/wp-content\/uploads\/2022\/02\/01-radiolory-reading-room-150x150.jpg 150w, https:\/\/afcindustries.com\/wp-content\/uploads\/2022\/02\/01-radiolory-reading-room-100x100.jpg 100w\" sizes=\"auto, (max-width: 500px) 100vw, 500px\" title=\"Standing desk with cable management by AFC Industries\" onerror=\"this.style.display='none'\"  \/>\n\t\t\t\t\t\t\t\t\t<img loading=\"lazy\" decoding=\"async\" src=\"https:\/\/afcindustries.com\/wp-content\/uploads\/2022\/02\/env-02.jpg\" alt=\"Standing desk for home office by AFC Industries\" itemprop=\"image\" height=\"500\" width=\"500\" srcset=\"https:\/\/afcindustries.com\/wp-content\/uploads\/2022\/02\/env-02.jpg 500w, https:\/\/afcindustries.com\/wp-content\/uploads\/2022\/02\/env-02-300x300.jpg 300w, https:\/\/afcindustries.com\/wp-content\/uploads\/2022\/02\/env-02-150x150.jpg 150w, https:\/\/afcindustries.com\/wp-content\/uploads\/2022\/02\/env-02-100x100.jpg 100w\" sizes=\"auto, (max-width: 500px) 100vw, 500px\" title=\"Standing desk for home office by AFC Industries\" onerror=\"this.style.display='none'\"  \/>\n<h2>\n\t\tAccesorios que lo hacen mejor\n\t<\/h2>\n\t<p>Proporcionando una ergonom\u00eda \u00f3ptima de los convertidores de escritorio de pie y la funcionalidad, los accesorios, tales como, soportes de escritorio de la CPU y el rat\u00f3n, la gesti\u00f3n de los cables, los brazos del teclado y las bandejas, la iluminaci\u00f3n y las fuentes de alimentaci\u00f3n son todos fabricados y disponibles para mejorar su experiencia de trabajo para permanecer m\u00e1s c\u00f3modo de pie o sentado que en los elevadores v2 . Nuestros escritorios de pie de altura ajustable son el complemento perfecto para una oficina en casa sin necesidad de un convertidor de escritorios de pie.<\/p>\n\t\t\t<a href=\"https:\/\/afcindustries.com\/es\/un-solo-nivel\/\" target=\"_self\" rel=\"noopener\">\n\t\t\t\t\t\t\tVer m\u00e1s\n\t\t\t\t\t<\/a>\n<h2>\n\t\tLa ventaja de la AFC\n\t<\/h2>\n\t<p>Las consultas de proyectos, los servicios de dise\u00f1o, la ingenier\u00eda y la producci\u00f3n se gestionan bajo un mismo techo para ofrecer un control y una asistencia totales. AFC garantiza que nuestro producto estar\u00e1 libre de defectos en los materiales y la mano de obra del convertidor de escritorio de pie durante la vida \u00fatil del producto. La mayor\u00eda de nuestros escritorios vienen con una bandeja para teclado que se puede retraer y un escritorio con cajones. Adem\u00e1s, respaldamos nuestros productos con la mejor garant\u00eda del sector para asegurar su completa satisfacci\u00f3n. Si est\u00e1 buscando una estaci\u00f3n de trabajo ergon\u00f3mica, un carro de ordenador o una soluci\u00f3n de almacenamiento, puede confiar en AFC Industries para que le proporcione productos de calidad al mejor precio posible. P\u00f3ngase en contacto con nosotros hoy mismo para experimentar la diferencia de AFC. Mantenga una buena postura, gracias a un mejor ajuste ergon\u00f3mico de la altura para exigencias espec\u00edficas. Muebles de oficina de alta tecnolog\u00eda con env\u00edo gratuito incluido en los Estados Unidos continentales.<\/p>\n\t\t\t<a href=\"https:\/\/afcindustries.com\/es\/un-solo-nivel\/\" target=\"_self\" rel=\"noopener\">\n\t\t\t\t\t\t\tVer m\u00e1s\n\t\t\t\t\t<\/a>\n\t\t\t\t\t\t\t\t\t<img loading=\"lazy\" decoding=\"async\" src=\"https:\/\/afcindustries.com\/wp-content\/uploads\/2022\/02\/12-single-height-adjustable-desk.jpg\" alt=\"Standing desk with power outlets by AFC Industries\" itemprop=\"image\" height=\"500\" width=\"500\" srcset=\"https:\/\/afcindustries.com\/wp-content\/uploads\/2022\/02\/12-single-height-adjustable-desk.jpg 500w, https:\/\/afcindustries.com\/wp-content\/uploads\/2022\/02\/12-single-height-adjustable-desk-300x300.jpg 300w, https:\/\/afcindustries.com\/wp-content\/uploads\/2022\/02\/12-single-height-adjustable-desk-150x150.jpg 150w, https:\/\/afcindustries.com\/wp-content\/uploads\/2022\/02\/12-single-height-adjustable-desk-100x100.jpg 100w\" sizes=\"auto, (max-width: 500px) 100vw, 500px\" title=\"Standing desk with power outlets by AFC Industries\" onerror=\"this.style.display='none'\"  \/>\n\n","protected":false},"excerpt":{"rendered":"<p>Escritorios\/estaciones de trabajo de pie Sistemas inform\u00e1ticos murales Carros de comunicaci\u00f3n Carros de ordenador m\u00f3viles para uso m\u00e9dico Carros de ordenador m\u00f3viles A lo largo de los a\u00f1os, AFC ha mantenido su posici\u00f3n como dise\u00f1ador y fabricante l\u00edder de una l\u00ednea diversa de carros de ordenador m\u00f3viles de alta calidad. Todos los carros AFC tienen&hellip;<\/p>\n","protected":false},"author":1,"featured_media":0,"parent":0,"menu_order":0,"comment_status":"closed","ping_status":"closed","template":"","meta":{"_acf_changed":false,"inline_featured_image":false,"footnotes":""},"class_list":["post-19434","page","type-page","status-publish","hentry"],"acf":[],"_links":{"self":[{"href":"https:\/\/afcindustries.com\/es\/wp-json\/wp\/v2\/pages\/19434","targetHints":{"allow":["GET"]}}],"collection":[{"href":"https:\/\/afcindustries.com\/es\/wp-json\/wp\/v2\/pages"}],"about":[{"href":"https:\/\/afcindustries.com\/es\/wp-json\/wp\/v2\/types\/page"}],"author":[{"embeddable":true,"href":"https:\/\/afcindustries.com\/es\/wp-json\/wp\/v2\/users\/1"}],"replies":[{"embeddable":true,"href":"https:\/\/afcindustries.com\/es\/wp-json\/wp\/v2\/comments?post=19434"}],"version-history":[{"count":0,"href":"https:\/\/afcindustries.com\/es\/wp-json\/wp\/v2\/pages\/19434\/revisions"}],"wp:attachment":[{"href":"https:\/\/afcindustries.com\/es\/wp-json\/wp\/v2\/media?parent=19434"}],"curies":[{"name":"wp","href":"https:\/\/api.w.org\/{rel}","templated":true}]}}