{"id":19433,"date":"2018-06-18T06:57:36","date_gmt":"2018-06-18T10:57:36","guid":{"rendered":"https:\/\/afcindustries.com\/inicio\/"},"modified":"2026-02-26T11:05:26","modified_gmt":"2026-02-26T16:05:26","slug":"inicio","status":"publish","type":"page","link":"https:\/\/afcindustries.com\/es\/","title":{"rendered":"Inicio"},"content":{"rendered":"\r\n\r\n\t\t\t<img decoding=\"async\" loading=\"false\" src=\"https:\/\/afcindustries.com\/wp-content\/uploads\/2023\/05\/imgpsh_fullsize_anim-3.webp\" alt=\"\" title=\"\">\t\t\t\r\n\t\t\t\t<h2>Mobiliario ergon\u00f3mico para radiolog\u00eda<\/h2><p>Eleva los espacios de trabajo de radiolog\u00eda con el mobiliario ergon\u00f3mico de AFC Industries.<br \/>Nuestras soluciones especializadas mejoran el confort, la productividad y la eficacia en los entornos de diagn\u00f3stico. <\/p>\r\n\t\t\t<a href=\"https:\/\/afcindustries.com\/es\/uso-de-la-oficina-de-radiologia\/\" target=\"_self\">\r\n\t\t\t\t\t\t\tVER TODOS NUESTROS PUESTOS DE TRABAJO ERGON\u00d3MICOS PARA RADIOLOG\u00cdA\r\n\t\t\t\t\t<\/a>\r\n\t\t\t<img decoding=\"async\" loading=\"false\" src=\"https:\/\/afcindustries.com\/wp-content\/uploads\/2022\/08\/imgpsh_fullsize_anim.jpeg\" alt=\"Ergonomic home office desk by AFC Industries\" title=\"\">\t\t\t\r\n\t\t\t\t<h2>Mobiliario ergon\u00f3mico para telesalud<\/h2>Explora el mobiliario ergon\u00f3mico para telesalud de AFC Industries.<br \/>\r\nMejora el confort y la funcionalidad en entornos sanitarios remotos con nuestras soluciones especializadas.\r\n\t\t\t<a href=\"https:\/\/afcindustries.com\/telemedicine-carts-and-equipment\/\" target=\"_self\">\r\n\t\t\t\t\t\t\tVer todos los productos Tele ICU\r\n\t\t\t\t\t<\/a>\r\n\t\t\t<img decoding=\"async\" loading=\"false\" src=\"https:\/\/afcindustries.com\/wp-content\/uploads\/2022\/02\/radiology-desk-style-1024x449-1.jpg\" alt=\"radiology desk style 1024x449 1\" title=\"\"><a href=\"https:\/\/afcindustries.com\/es\/uso-de-la-oficina-de-radiologia\/\" target=\"_self\" aria-label=\"\"><\/a>\t\t\t\r\n\t\t\t<img decoding=\"async\" loading=\"false\" src=\"https:\/\/afcindustries.com\/wp-content\/uploads\/2022\/02\/image-reading-workstation-1024x449-1.jpg\" alt=\"image reading workstation 1024x449 1\" title=\"\"><a href=\"https:\/\/afcindustries.com\/es\/todos-los-escritorios-de-pie\/\" target=\"_self\" aria-label=\"\"><\/a>\t\t\t\r\n\t\t\t\t\t\t\t\t<a href=\"https:\/\/afcindustries.com\/all-standing-desk\" target=\"_self\" itemprop=\"url\">\r\n\t\t\t\t\t\t\t\t\t<img decoding=\"async\" src=\"https:\/\/afcindustries.com\/wp-content\/uploads\/2023\/02\/1.svg\" alt=\"A sleek computer desk by AFC, featuring a modern design with ample workspace and storage options for an organized setup.\" itemprop=\"image\" height=\"65.7\" width=\"65.7\" title=\"A sleek computer desk by AFC, featuring a modern design with ample workspace and storage options for an organized setup.\" onerror=\"this.style.display='none'\"  \/>\r\n\t\t\t\t\t\t\t\t\t\t\t\t\t<\/a>\r\n\t\t\t\t\t\t\t\t<a href=\"https:\/\/afcindustries.com\/all-computer-carts\" target=\"_self\" itemprop=\"url\">\r\n\t\t\t\t\t\t\t\t\t<img decoding=\"async\" src=\"https:\/\/afcindustries.com\/wp-content\/uploads\/2023\/02\/2.svg\" alt=\"\" itemprop=\"image\" height=\"65.7\" width=\"65.7\" onerror=\"this.style.display=&#039;none&#039;\" title=\"\">\r\n\t\t\t\t\t\t\t\t\t\t\t\t\t<\/a>\r\n\t\t\t\t\t\t\t\t<a href=\"https:\/\/afcindustries.com\/computer-wall-mounts\" target=\"_self\" itemprop=\"url\">\r\n\t\t\t\t\t\t\t\t\t<img decoding=\"async\" src=\"https:\/\/afcindustries.com\/wp-content\/uploads\/2023\/02\/3.svg\" alt=\"\" itemprop=\"image\" height=\"65.7\" width=\"65.7\" onerror=\"this.style.display=&#039;none&#039;\" title=\"\">\r\n\t\t\t\t\t\t\t\t\t\t\t\t\t<\/a>\r\n\t\t\t\t\t\t\t\t\t\t\t\t<h3>ESTACI\u00d3N DE TRABAJO WHITESTONE<\/h3>\r\n\t\t\t\t\t\t\t\t\t<a href=\"https:\/\/afcindustries.com\/es\/estacion-de-trabajo-whitestone\/\" target=\"_self\">\r\n\t\t\t\t\t\t\t\t\t\t\t\t<h3>Estaci\u00f3n de trabajo Whitestone<\/h3>\r\n\t\t\t\t\t\t<p>Los escritorios inclinados y los escritorios de pie de Whitestone ofrecen una gesti\u00f3n de la electr\u00f3nica, la alimentaci\u00f3n y los cables para facilitar el rendimiento, la comodidad y la facilidad de uso.<\/p>\t\t\t\t\t\r\n\t\t\t\t\t\t\t\t\t<\/a>\r\n\t\t\t\t\t\t\t\t\t\t\t\t<h3>RADIOLOG\u00cdA<\/h3>\r\n\t\t\t\t\t\t\t\t\t<a href=\"https:\/\/afcindustries.com\/es\/uso-de-la-oficina-de-radiologia\/\" target=\"_self\">\r\n\t\t\t\t\t\t\t\t\t\t\t\t<h3>Mobiliario de radiolog\u00eda<\/h3>\r\n\t\t\t\t\t\t<p>Mobiliario para estaciones de trabajo de radiolog\u00eda PACS RIS con pantallas m\u00faltiples de AFC Industries, l\u00edder y fabricante de mobiliario m\u00e9dico de alta calidad.<\/p>\t\t\t\t\t\r\n\t\t\t\t\t\t\t\t\t<\/a>\r\n\t\t\t\t\t\t\t\t\t\t\t\t<h3>ESCRITORIOS ERGO TIER DE LUJO<\/h3>\r\n\t\t\t\t\t\t\t\t\t<a href=\"https:\/\/afcindustries.com\/es\/grada-ergo-de-lujo\/\" target=\"_self\">\r\n\t\t\t\t\t\t\t\t\t\t\t\t<h3>Escritorios Ergo Tier Deluxe (Escritorios de pie que se inclinan)<\/h3>\r\n\t\t\t\t\t\t<p>Los Ergo Tier Deluxe son una l\u00ednea excepcional de puestos de trabajo que redefine las capacidades de los est\u00e1ndares de los escritorios ergon\u00f3micos modernos para mejorar las condiciones de trabajo.<\/p>\t\t\t\t\t\r\n\t\t\t\t\t\t\t\t\t<\/a>\r\n\t\t\t\t\t\t\t\t\t\t\t\t<h3>ESCRITORIO DE IM\u00c1GENES RADIOL\u00d3GICAS <\/h3>\r\n\t\t\t\t\t\t\t\t\t<a href=\"https:\/\/afcindustries.com\/es\/estacion-de-trabajo-whitestone\/\" target=\"_self\">\r\n\t\t\t\t\t\t\t\t\t\t\t\t<h3>Mobiliario de radiolog\u00eda<\/h3>\r\n\t\t\t\t\t\t<p>Mobiliario de estaci\u00f3n de trabajo de radiolog\u00eda PACS RIS con pantallas de m\u00faltiples monitores de AFC Industries, l\u00edder y fabricante de mobiliario m\u00e9dico de alta calidad.<\/p>\t\t\t\t\t\r\n\t\t\t\t\t\t\t\t\t<\/a>\r\n<h1>\r\n\t\tEn AFC Industries, nos tomamos en serio la ciencia de la ergonom\u00eda.\r\n\t<\/h1>\r\n\t<p>Desde 1994, estamos a la vanguardia del dise\u00f1o, desarrollo y fabricaci\u00f3n de puestos de trabajo inform\u00e1ticos ergon\u00f3micos; puestos de trabajo ajustables en altura, m\u00f3viles y adaptados a las necesidades de los discapacitados, escritorios, carros, soportes de pared, mobiliario inform\u00e1tico, sistemas de estanter\u00edas, estaciones de seguridad y accesorios.<\/p>\r\n<h2>\r\n\t\tRadi\u00f3logos&#8230; los factores de riesgo\r\n\t<\/h2>\r\n<h6>\r\n\t\t<a href=\"https:\/\/afcindustries.com\/es\/uso-de-la-oficina-de-radiologia\/\" title=\"56%\"  target=\"_self\">\r\n\t\t56%\r\n\t\t<\/a>\r\n\t<\/h6>\r\n\t<p><a href=\"https:\/\/afcindustries.com\/es\/uso-de-la-oficina-de-radiologia\/\"><strong>Trabajar turnos largos<\/strong>, a veces <strong>m\u00e1s de 8 horas<\/strong> en un puesto de trabajo<\/a><\/p>\r\n<h6>\r\n\t\t<a href=\"https:\/\/afcindustries.com\/es\/uso-de-la-oficina-de-radiologia\/\" title=\"66%\"  target=\"_self\">\r\n\t\t66%\r\n\t\t<\/a>\r\n\t<\/h6>\r\n\t<p><a href=\"https:\/\/afcindustries.com\/es\/uso-de-la-oficina-de-radiologia\/\">Los radi\u00f3logos han informado de una <strong>importante fatiga ocular debida a situaciones de mala iluminaci\u00f3n<\/strong><\/a><\/p>\r\n<h2>\r\n\t\t<a href=\"https:\/\/afcindustries.com\/es\/uso-de-la-oficina-de-radiologia\/\" title=\"87%\"  target=\"_self\">\r\n\t\t87%\r\n\t\t<\/a>\r\n\t<\/h2>\r\n\t<p><a href=\"https:\/\/afcindustries.com\/es\/uso-de-la-oficina-de-radiologia\/\"><strong>Experimentar molestias f\u00edsicas<\/strong> como resultado de estar sentado durante largos per\u00edodos de tiempo<\/a><\/p>\r\n<h2>\r\n\t\t<a href=\"https:\/\/afcindustries.com\/es\/uso-de-la-oficina-de-radiologia\/\" title=\"60%\"  target=\"_self\">\r\n\t\t60%\r\n\t\t<\/a>\r\n\t<\/h2>\r\n\t<p><a href=\"https:\/\/afcindustries.com\/es\/uso-de-la-oficina-de-radiologia\/\">Radi\u00f3logos que <strong>sufren actualmente lesiones por esfuerzo repetitivo<\/strong> (RSI)<\/a><\/p>\r\n<h3>\r\n\t\tErgonomic furniture workstations can improve radiologists&#8217; health.\r\n\t<\/h3>\r\n\t\t\t<a href=\"https:\/\/afcindustries.com\/es\/uso-de-la-oficina-de-radiologia\/\" target=\"_self\">\r\n\t\t\t\t\t\t\tM\u00e1s informaci\u00f3n\r\n\t\t\t\t\t<\/a>\r\n<h2>\r\n\t\tCARROS M\u00c9DICOS\r\n\t<\/h2>\r\n\t\t\t<a href=\"https:\/\/afcindustries.com\/es\/todos-los-carros-medicos\/\" target=\"_self\">\r\n\t\t\t\t\t\t\tM\u00e1s informaci\u00f3n\r\n\t\t\t\t\t<\/a>\r\n\r\n","protected":false},"excerpt":{"rendered":"<p>Mobiliario ergon\u00f3mico para radiolog\u00eda Eleva los espacios de trabajo de radiolog\u00eda con el mobiliario ergon\u00f3mico de AFC Industries.Nuestras soluciones especializadas mejoran el confort, la productividad y la eficacia en los entornos de diagn\u00f3stico. VER TODOS NUESTROS PUESTOS DE TRABAJO ERGON\u00d3MICOS PARA RADIOLOG\u00cdA Mobiliario ergon\u00f3mico para telesalud Explora el mobiliario ergon\u00f3mico para telesalud de AFC Industries.&hellip;<\/p>\n","protected":false},"author":1,"featured_media":39404,"parent":0,"menu_order":0,"comment_status":"closed","ping_status":"closed","template":"","meta":{"_acf_changed":false,"inline_featured_image":false,"footnotes":""},"class_list":["post-19433","page","type-page","status-publish","has-post-thumbnail","hentry"],"acf":[],"_links":{"self":[{"href":"https:\/\/afcindustries.com\/es\/wp-json\/wp\/v2\/pages\/19433","targetHints":{"allow":["GET"]}}],"collection":[{"href":"https:\/\/afcindustries.com\/es\/wp-json\/wp\/v2\/pages"}],"about":[{"href":"https:\/\/afcindustries.com\/es\/wp-json\/wp\/v2\/types\/page"}],"author":[{"embeddable":true,"href":"https:\/\/afcindustries.com\/es\/wp-json\/wp\/v2\/users\/1"}],"replies":[{"embeddable":true,"href":"https:\/\/afcindustries.com\/es\/wp-json\/wp\/v2\/comments?post=19433"}],"version-history":[{"count":0,"href":"https:\/\/afcindustries.com\/es\/wp-json\/wp\/v2\/pages\/19433\/revisions"}],"wp:featuredmedia":[{"embeddable":true,"href":"https:\/\/afcindustries.com\/es\/wp-json\/wp\/v2\/media\/39404"}],"wp:attachment":[{"href":"https:\/\/afcindustries.com\/es\/wp-json\/wp\/v2\/media?parent=19433"}],"curies":[{"name":"wp","href":"https:\/\/api.w.org\/{rel}","templated":true}]}}