{"id":19432,"date":"2022-02-16T10:25:42","date_gmt":"2022-02-16T15:25:42","guid":{"rendered":"https:\/\/afcindustries.com\/carros-medicos\/"},"modified":"2024-10-25T11:25:01","modified_gmt":"2024-10-25T15:25:01","slug":"carros-medicos","status":"publish","type":"page","link":"https:\/\/afcindustries.com\/es\/carros-medicos\/","title":{"rendered":"Carros m\u00e9dicos"},"content":{"rendered":"\n\n\t\t\t<a href=\"https:\/\/afcindustries.com\/es\/todos-los-escritorios-de-pie\/\" target=\"_self\" rel=\"noopener\">\n\t\t<h3>Escritorios\/estaciones de trabajo de pie<\/h3>\n\t\t<\/a>\n\t\t\t<a href=\"https:\/\/afcindustries.com\/es\/soportes-de-pared-para-ordenador\/\" target=\"_self\" rel=\"noopener\">\n\t\t<h3>Sistemas inform\u00e1ticos murales<\/h3>\n\t\t<\/a>\n\t\t\t<a href=\"https:\/\/afcindustries.com\/es\/carro-de-telemedicina\/\" target=\"_self\" rel=\"noopener\">\n\t\t<h3>Carros de comunicaci\u00f3n<\/h3>\n\t\t<\/a>\n\t<h1>\n\t\tFabricaci\u00f3n de carros m\u00e9dicos\n\t<\/h1>\n\t\t\t\t\t\t\t\t\t<img loading=\"lazy\" decoding=\"async\" src=\"https:\/\/afcindustries.com\/wp-content\/uploads\/2022\/02\/medical-carts-section-banner-1140x281-1.jpg\" alt=\"Multi-functional medical carts by AFC Industries\" itemprop=\"image\" height=\"281\" width=\"1140\" srcset=\"https:\/\/afcindustries.com\/wp-content\/uploads\/2022\/02\/medical-carts-section-banner-1140x281-1.jpg 1140w, https:\/\/afcindustries.com\/wp-content\/uploads\/2022\/02\/medical-carts-section-banner-1140x281-1-300x74.jpg 300w, https:\/\/afcindustries.com\/wp-content\/uploads\/2022\/02\/medical-carts-section-banner-1140x281-1-1024x252.jpg 1024w, https:\/\/afcindustries.com\/wp-content\/uploads\/2022\/02\/medical-carts-section-banner-1140x281-1-768x189.jpg 768w, https:\/\/afcindustries.com\/wp-content\/uploads\/2022\/02\/medical-carts-section-banner-1140x281-1-600x148.jpg 600w\" sizes=\"auto, (max-width: 1140px) 100vw, 1140px\" title=\"Multi-functional medical carts by AFC Industries\" onerror=\"this.style.display='none'\"  \/>\n<h2>\n\t\tEquipo de mobiliario m\u00e9dico sobre ruedas\n\t<\/h2>\n\t<p>AFC ofrece una amplia gama de mobiliario m\u00e9dico y hospitalario de primera categor\u00eda, ideal para cl\u00ednicas, hospitales y centros sanitarios. Dise\u00f1amos y producimos carros de telemedicina en una variedad de estilos. AFC es reconocido como un nombre de primera en el mobiliario m\u00e9dico. Proporcionamos equipos de carros m\u00e9dicos de alta calidad al sector sanitario. Nuestros productos incluyen carros m\u00e9dicos, carros de telemedicina, carros m\u00e9dicos rodantes para ordenadores, mesas para ordenadores y mucho m\u00e1s. Nuestro mobiliario hospitalario est\u00e1 dise\u00f1ado para proporcionar entornos de trabajo eficientes y c\u00f3modos tanto para los pacientes como para los profesionales m\u00e9dicos. Nuestros productos se fabrican con las \u00faltimas tecnolog\u00edas y cumplen todas las normas de seguridad.<\/p>\n\t\t\t\t\t\t\t\t<a href=\"https:\/\/afcindustries.com\/all-computer-carts\/\" target=\"_self\" itemprop=\"url\" rel=\"noopener\">\n\t\t\t\t\t\t\t\t\t<img loading=\"lazy\" decoding=\"async\" src=\"https:\/\/afcindustries.com\/wp-content\/uploads\/2022\/02\/mobile-medical-cart-stands.jpg\" alt=\"mobile medical cart stands\" itemprop=\"image\" height=\"300\" width=\"300\" srcset=\"https:\/\/afcindustries.com\/wp-content\/uploads\/2022\/02\/mobile-medical-cart-stands.jpg 300w, https:\/\/afcindustries.com\/wp-content\/uploads\/2022\/02\/mobile-medical-cart-stands-150x150.jpg 150w, https:\/\/afcindustries.com\/wp-content\/uploads\/2022\/02\/mobile-medical-cart-stands-100x100.jpg 100w\" sizes=\"auto, (max-width: 300px) 100vw, 300px\" title=\"mobile medical cart stands\" onerror=\"this.style.display='none'\"  \/>\n\t\t\t\t\t\t\t\t\t\t\t\t\t<\/a>\n<h2>\n\t\t<a href=\"https:\/\/afcindustries.com\/es\/todos-los-carros-de-ordenador\/\" title=\"Carros de ordenador m\u00e9dico con ruedas\" target=\"_self\" rel=\"noopener\">\n\t\tCarros de ordenador m\u00e9dico con ruedas\n\t\t<\/a>\n\t<\/h2>\n\t<p>Carros m\u00f3viles para ordenadores m\u00e9dicos con soporte de monitor VESA, bandeja deslizante para el teclado, soporte para la CPU, manillar de empuje y arrastre, bater\u00edas y ruedas de alta resistencia.<\/p>\n\t\t\t\t\t\t\t\t<a href=\"https:\/\/afcindustries.com\/point-of-care-pc-cart\/\" target=\"_self\" itemprop=\"url\" rel=\"noopener\">\n\t\t\t\t\t\t\t\t\t<img loading=\"lazy\" decoding=\"async\" src=\"https:\/\/afcindustries.com\/wp-content\/uploads\/2022\/02\/Battery_Powered_Carts.jpg\" alt=\"Battery Powered Carts\" itemprop=\"image\" height=\"300\" width=\"300\" srcset=\"https:\/\/afcindustries.com\/wp-content\/uploads\/2022\/02\/Battery_Powered_Carts.jpg 300w, https:\/\/afcindustries.com\/wp-content\/uploads\/2022\/02\/Battery_Powered_Carts-150x150.jpg 150w, https:\/\/afcindustries.com\/wp-content\/uploads\/2022\/02\/Battery_Powered_Carts-100x100.jpg 100w\" sizes=\"auto, (max-width: 300px) 100vw, 300px\" title=\"Battery Powered Carts\" onerror=\"this.style.display='none'\"  \/>\n\t\t\t\t\t\t\t\t\t\t\t\t\t<\/a>\n<h2>\n\t\t<a href=\"https:\/\/afcindustries.com\/es\/carro-para-pc-en-el-punto-de-atencion\/\" title=\"Carros de ordenador a pilas\" target=\"_self\" rel=\"noopener\">\n\t\tCarros de ordenador a pilas\n\t\t<\/a>\n\t<\/h2>\n\t\t\t\t\t\t\t\t<a href=\"https:\/\/afcindustries.com\/point-of-care-pc-cart\/\" target=\"_self\" itemprop=\"url\" rel=\"noopener\">\n\t\t\t\t\t\t\t\t\t<img loading=\"lazy\" decoding=\"async\" src=\"https:\/\/afcindustries.com\/wp-content\/uploads\/2022\/02\/771900-medical-computer-cart-powered-with-battery.jpg\" alt=\"771900 medical computer cart powered with battery\" itemprop=\"image\" height=\"300\" width=\"300\" srcset=\"https:\/\/afcindustries.com\/wp-content\/uploads\/2022\/02\/771900-medical-computer-cart-powered-with-battery.jpg 300w, https:\/\/afcindustries.com\/wp-content\/uploads\/2022\/02\/771900-medical-computer-cart-powered-with-battery-150x150.jpg 150w, https:\/\/afcindustries.com\/wp-content\/uploads\/2022\/02\/771900-medical-computer-cart-powered-with-battery-100x100.jpg 100w\" sizes=\"auto, (max-width: 300px) 100vw, 300px\" title=\"771900 medical computer cart powered with battery\" onerror=\"this.style.display='none'\"  \/>\n\t\t\t\t\t\t\t\t\t\t\t\t\t<\/a>\n<h2>\n\t\t<a href=\"https:\/\/afcindustries.com\/es\/carro-para-pc-en-el-punto-de-atencion\/\" title=\"Carros de punto de atenci\u00f3n m\u00e9dica ( POC )\" target=\"_self\" rel=\"noopener\">\n\t\tCarros de punto de atenci\u00f3n m\u00e9dica ( POC )\n\t\t<\/a>\n\t<\/h2>\n\t<p>Uso del carro de la telemedicina en el punto de atenci\u00f3n. Dise\u00f1ado para proporcionar un servicio sanitario eficiente y m\u00f3vil; equipado con funciones que salvan vidas.<\/p>\n\t\t\t\t\t\t\t\t<a href=\"https:\/\/afcindustries.com\/point-of-care-pc-cart\/\" target=\"_self\" itemprop=\"url\" rel=\"noopener\">\n\t\t\t\t\t\t\t\t\t<img loading=\"lazy\" decoding=\"async\" src=\"https:\/\/afcindustries.com\/wp-content\/uploads\/2022\/02\/05-environmet-afc.jpg\" alt=\"05 environmet afc\" itemprop=\"image\" height=\"300\" width=\"300\" srcset=\"https:\/\/afcindustries.com\/wp-content\/uploads\/2022\/02\/05-environmet-afc.jpg 300w, https:\/\/afcindustries.com\/wp-content\/uploads\/2022\/02\/05-environmet-afc-150x150.jpg 150w, https:\/\/afcindustries.com\/wp-content\/uploads\/2022\/02\/05-environmet-afc-100x100.jpg 100w\" sizes=\"auto, (max-width: 300px) 100vw, 300px\" title=\"05 environmet afc\" onerror=\"this.style.display='none'\"  \/>\n\t\t\t\t\t\t\t\t\t\t\t\t\t<\/a>\n<h2>\n\t\t<a href=\"https:\/\/afcindustries.com\/es\/carro-de-laboratorio\/\" title=\"Carros de laboratorio de inform\u00e1tica m\u00e9dica con ruedas\" target=\"_self\" rel=\"noopener\">\n\t\tCarros de laboratorio de inform\u00e1tica m\u00e9dica con ruedas\n\t\t<\/a>\n\t<\/h2>\n\t<p>Carro de laboratorio m\u00e9dico, carro de laboratorio de AFC ofrece un carro de laboratorio m\u00e9dico m\u00f3vil de \u00faltima generaci\u00f3n con accesorios para un entorno de trabajo est\u00e9ril.<\/p>\n\t\t\t\t\t\t\t\t<a href=\"https:\/\/afcindustries.com\/point-of-care-pc-cart\/\" target=\"_self\" itemprop=\"url\" rel=\"noopener\">\n\t\t\t\t\t\t\t\t\t<img loading=\"lazy\" decoding=\"async\" src=\"https:\/\/afcindustries.com\/wp-content\/uploads\/2022\/02\/telemedicine-cart-afc.jpg\" alt=\"telemedicine cart afc\" itemprop=\"image\" height=\"300\" width=\"300\" srcset=\"https:\/\/afcindustries.com\/wp-content\/uploads\/2022\/02\/telemedicine-cart-afc.jpg 300w, https:\/\/afcindustries.com\/wp-content\/uploads\/2022\/02\/telemedicine-cart-afc-150x150.jpg 150w, https:\/\/afcindustries.com\/wp-content\/uploads\/2022\/02\/telemedicine-cart-afc-100x100.jpg 100w\" sizes=\"auto, (max-width: 300px) 100vw, 300px\" title=\"telemedicine cart afc\" onerror=\"this.style.display='none'\"  \/>\n\t\t\t\t\t\t\t\t\t\t\t\t\t<\/a>\n<h2>\n\t\t<a href=\"https:\/\/afcindustries.com\/es\/carro-para-pc-en-el-punto-de-atencion\/\" title=\"Carros de telemedicina\" target=\"_self\" rel=\"noopener\">\n\t\tCarros de telemedicina\n\t\t<\/a>\n\t<\/h2>\n\t<p>Nuestros carros de telemedicina est\u00e1n dise\u00f1ados para mejorar la eficiencia de los servicios sanitarios mediante un avanzado equipamiento de mobiliario ergon\u00f3mico para videoconferencias.<\/p>\n\t\t\t\t\t\t\t\t<a href=\"https:\/\/afcindustries.com\/mobile-detector-holder\/\" target=\"_self\" itemprop=\"url\" rel=\"noopener\">\n\t\t\t\t\t\t\t\t\t<img loading=\"lazy\" decoding=\"async\" src=\"https:\/\/afcindustries.com\/wp-content\/uploads\/2022\/02\/mobile-detector-holder-afc.jpg\" alt=\"mobile detector holder afc\" itemprop=\"image\" height=\"300\" width=\"300\" srcset=\"https:\/\/afcindustries.com\/wp-content\/uploads\/2022\/02\/mobile-detector-holder-afc.jpg 300w, https:\/\/afcindustries.com\/wp-content\/uploads\/2022\/02\/mobile-detector-holder-afc-150x150.jpg 150w, https:\/\/afcindustries.com\/wp-content\/uploads\/2022\/02\/mobile-detector-holder-afc-100x100.jpg 100w\" sizes=\"auto, (max-width: 300px) 100vw, 300px\" title=\"mobile detector holder afc\" onerror=\"this.style.display='none'\"  \/>\n\t\t\t\t\t\t\t\t\t\t\t\t\t<\/a>\n<h2>\n\t\t<a href=\"https:\/\/afcindustries.com\/es\/soporte-de-detector-movil\/\" title=\"Soportes para detectores m\u00f3viles\" target=\"_self\" rel=\"noopener\">\n\t\tSoportes para detectores m\u00f3viles\n\t\t<\/a>\n\t<\/h2>\n\t<p>Soportes de detectores m\u00f3viles de altura regulable utilizados en aplicaciones de radiograf\u00eda digital. Dise\u00f1ado para PACS, unidades de rayos X, radiograf\u00eda de im\u00e1genes m\u00e9dicas <\/p>\n\t\t\t\t\t\t\t\t<a href=\"https:\/\/afcindustries.com\/telescopic-cart\/\" target=\"_self\" itemprop=\"url\" rel=\"noopener\">\n\t\t\t\t\t\t\t\t\t<img loading=\"lazy\" decoding=\"async\" src=\"https:\/\/afcindustries.com\/wp-content\/uploads\/2022\/02\/telescopic-cart-afc.jpg\" alt=\"telescopic cart afc\" itemprop=\"image\" height=\"300\" width=\"300\" srcset=\"https:\/\/afcindustries.com\/wp-content\/uploads\/2022\/02\/telescopic-cart-afc.jpg 300w, https:\/\/afcindustries.com\/wp-content\/uploads\/2022\/02\/telescopic-cart-afc-150x150.jpg 150w, https:\/\/afcindustries.com\/wp-content\/uploads\/2022\/02\/telescopic-cart-afc-100x100.jpg 100w\" sizes=\"auto, (max-width: 300px) 100vw, 300px\" title=\"telescopic cart afc\" onerror=\"this.style.display='none'\"  \/>\n\t\t\t\t\t\t\t\t\t\t\t\t\t<\/a>\n<h2>\n\t\t<a href=\"https:\/\/afcindustries.com\/es\/carro-telescopico\/\" title=\"Carros telesc\u00f3picos\" target=\"_self\" rel=\"noopener\">\n\t\tCarros telesc\u00f3picos\n\t\t<\/a>\n\t<\/h2>\n\t<p>El carro telem\u00e9dico telesc\u00f3pico m\u00f3vil de altura regulable facilita el punto de atenci\u00f3n en los centros hospitalarios, ayudando a comunicarse tanto a los pacientes como a los m\u00e9dicos.<\/p>\n\t\t\t\t\t\t\t\t<a href=\"https:\/\/afcindustries.com\/tablet-carts\/\" target=\"_self\" itemprop=\"url\" rel=\"noopener\">\n\t\t\t\t\t\t\t\t\t<img loading=\"lazy\" decoding=\"async\" src=\"https:\/\/afcindustries.com\/wp-content\/uploads\/2023\/05\/08.jpg\" alt=\"Mobile Tablet Cart\" itemprop=\"image\" height=\"800\" width=\"800\" srcset=\"https:\/\/afcindustries.com\/wp-content\/uploads\/2023\/05\/08.jpg 800w, https:\/\/afcindustries.com\/wp-content\/uploads\/2023\/05\/08-300x300.jpg 300w, https:\/\/afcindustries.com\/wp-content\/uploads\/2023\/05\/08-150x150.jpg 150w, https:\/\/afcindustries.com\/wp-content\/uploads\/2023\/05\/08-768x768.jpg 768w, https:\/\/afcindustries.com\/wp-content\/uploads\/2023\/05\/08-600x600.jpg 600w, https:\/\/afcindustries.com\/wp-content\/uploads\/2023\/05\/08-100x100.jpg 100w\" sizes=\"auto, (max-width: 800px) 100vw, 800px\" title=\"Mobile Tablet Cart\" onerror=\"this.style.display='none'\"  \/>\n\t\t\t\t\t\t\t\t\t\t\t\t\t<\/a>\n<h2>\n\t\t<a href=\"https:\/\/afcindustries.com\/es\/carros-para-tabletas\/\" title=\"Carros para tabletas\" target=\"_self\" rel=\"noopener\">\n\t\tCarros para tabletas\n\t\t<\/a>\n\t<\/h2>\n\t<p>Perfecto para profesionales de la salud que necesitan una soluci\u00f3n inform\u00e1tica m\u00f3vil y flexible. Dise\u00f1ado espec\u00edficamente para sujetar de forma segura su tableta. <\/p>\n\n","protected":false},"excerpt":{"rendered":"<p>Escritorios\/estaciones de trabajo de pie Sistemas inform\u00e1ticos murales Carros de comunicaci\u00f3n Fabricaci\u00f3n de carros m\u00e9dicos Equipo de mobiliario m\u00e9dico sobre ruedas AFC ofrece una amplia gama de mobiliario m\u00e9dico y hospitalario de primera categor\u00eda, ideal para cl\u00ednicas, hospitales y centros sanitarios. Dise\u00f1amos y producimos carros de telemedicina en una variedad de estilos. AFC es reconocido&hellip;<\/p>\n","protected":false},"author":1,"featured_media":0,"parent":0,"menu_order":0,"comment_status":"closed","ping_status":"closed","template":"","meta":{"_acf_changed":false,"inline_featured_image":false,"footnotes":""},"class_list":["post-19432","page","type-page","status-publish","hentry"],"acf":[],"_links":{"self":[{"href":"https:\/\/afcindustries.com\/es\/wp-json\/wp\/v2\/pages\/19432","targetHints":{"allow":["GET"]}}],"collection":[{"href":"https:\/\/afcindustries.com\/es\/wp-json\/wp\/v2\/pages"}],"about":[{"href":"https:\/\/afcindustries.com\/es\/wp-json\/wp\/v2\/types\/page"}],"author":[{"embeddable":true,"href":"https:\/\/afcindustries.com\/es\/wp-json\/wp\/v2\/users\/1"}],"replies":[{"embeddable":true,"href":"https:\/\/afcindustries.com\/es\/wp-json\/wp\/v2\/comments?post=19432"}],"version-history":[{"count":0,"href":"https:\/\/afcindustries.com\/es\/wp-json\/wp\/v2\/pages\/19432\/revisions"}],"wp:attachment":[{"href":"https:\/\/afcindustries.com\/es\/wp-json\/wp\/v2\/media?parent=19432"}],"curies":[{"name":"wp","href":"https:\/\/api.w.org\/{rel}","templated":true}]}}