{"id":19428,"date":"2022-02-16T09:15:59","date_gmt":"2022-02-16T14:15:59","guid":{"rendered":"https:\/\/afcindustries.com\/cleanroom\/"},"modified":"2024-09-25T17:39:39","modified_gmt":"2024-09-25T21:39:39","slug":"cleanroom","status":"publish","type":"page","link":"https:\/\/afcindustries.com\/es\/cleanroom\/","title":{"rendered":"CLEANROOM"},"content":{"rendered":"<ul>\n<li>\n\t\t\t\t\t\t\t\t\t\t\t\t\t\t\t<a href=\"https:\/\/afcindustries.com\/standing-desk\/\"><br \/>\n\t\t\t\t\t\t.d{fill:#0b3f12;}<br \/>\n\t\t\t\t\t\t\t\tEscritorios\/estaciones de trabajo de pie<br \/>\n\t\t\t\t\t\t\t\t\t\t\t\t\t\t\t<\/a>\n\t\t\t\t\t\t\t\t\t\t\t\t\t\t<\/li>\n<li>\n\t\t\t\t\t\t\t\t\t\t\t\t\t\t\t<a href=\"https:\/\/afcindustries.com\/computer-wall-mounts\/\"><br \/>\n\t\t\t\t\t\t.d{fill:#0b3f12;}<br \/>\n\t\t\t\t\t\t\t\tSistemas inform\u00e1ticos murales<br \/>\n\t\t\t\t\t\t\t\t\t\t\t\t\t\t\t<\/a>\n\t\t\t\t\t\t\t\t\t\t\t\t\t\t<\/li>\n<li>\n\t\t\t\t\t\t\t\t\t\t\t\t\t\t\t<a href=\"https:\/\/afcindustries.com\/telemedicine-cart\/\"><br \/>\n\t\t\t\t\t\t.d{fill:#0b3f12;}<br \/>\n\t\t\t\t\t\t\t\tCarros de comunicaci\u00f3n<br \/>\n\t\t\t\t\t\t\t\t\t\t\t\t\t\t\t<\/a>\n\t\t\t\t\t\t\t\t\t\t\t\t\t\t<\/li>\n<\/ul>\n<p>\t\t\t\/*! elementor &#8211; v3.6.7 &#8211; 03-07-2022 *\/<br \/>\n.elementor-heading-title{padding:0;margin:0;line-height:1}.elementor-widget-heading .elementor-heading-title[class*=elementor-size-]&gt;a{color:inherit;font-size:inherit;line-height:inherit}.elementor-widget-heading .elementor-heading-title.elementor-size-small{font-size:15px}.elementor-widget-heading .elementor-heading-title.elementor-size-medium{font-size:19px}.elementor-widget-heading .elementor-heading-title.elementor-size-large{font-size:29px}.elementor-widget-heading .elementor-heading-title.elementor-size-xl{font-size:39px}.elementor-widget-heading .elementor-heading-title.elementor-size-xxl{font-size:59px}<\/p>\n<h2>Carro de ordenador para salas limpias<\/h2>\n<h2>Carro de ordenador ajustable en altura para salas limpias<\/h2>\n<p>\t\tCarros m\u00f3viles CleanRoom con ajustes de altura para sentarse y levantarse con s\u00f3lo pulsar un bot\u00f3n.Los carros de ordenador para salas limpias de AFC industries son estaciones de trabajo limpias, ergon\u00f3micas y m\u00f3viles. Estos carros de acero inoxidable son f\u00e1ciles de limpiar y desinfectar, y est\u00e1n dise\u00f1ados para resistir la acumulaci\u00f3n de polvo y otros contaminantes.Se puede ajustar la altura para adaptarla a las necesidades del usuario y admite varios monitores. Las ruedas de bloqueo, muy duraderas y resistentes a la corrosi\u00f3n, permiten maniobrar f\u00e1cilmente dentro del laboratorio. La unidad es compacta para permitir un acceso pr\u00f3ximo durante el trabajo y un f\u00e1cil almacenamiento cuando no se utiliza.<br \/>\n\t\t\t<a href=\"https:\/\/afcindustries.com\/cleanroom-carts\/\" role=\"button\"><br \/>\n\t\t\t\t\t\tVer todos los productos<br \/>\n\t\t\t\t\t<\/a><br \/>\n\t\t\t\/*! elementor &#8211; v3.6.7 &#8211; 03-07-2022 *\/<br \/>\n.elementor-widget-image{text-align:center}.elementor-widget-image a{display:inline-block}.elementor-widget-image a img[src$=\u00bb.svg\u00bb]{width:48px}.elementor-widget-image img{vertical-align:middle;display:inline-block}\t\t\t\t\t\t\t\t\t\t\t\t\t<a href=\"https:\/\/afcindustries.com\/cleanroom-carts\/\"><br \/>\n\t\t\t\t\t\t\t<img loading=\"lazy\" decoding=\"async\" width=\"500\" height=\"500\" src=\"https:\/\/afcindustries.com\/wp-content\/uploads\/2022\/02\/afcindustries-cleanroom-computer-cart.jpg\" alt=\"\" title=\"\">\t\t\t\t\t\t\t\t<\/a><br \/>\n\t\t\t\t\t\t\t\t\t\t\t\t\t\t\t<img loading=\"lazy\" decoding=\"async\" width=\"500\" height=\"500\" src=\"https:\/\/afcindustries.com\/wp-content\/uploads\/2022\/02\/Height-Adjustable-Cleanroom-Cart.jpg\" alt=\"\" title=\"\">\t\t\t\t\t\t\t\t\t\t\t\t\t\t\t<\/p>\n<h2><a href=\"https:\/\/afcindustries.com\/cleanroom-carts\/\">Carro para sala limpia de altura regulable<\/a><\/h2>\n<p>\t\tNuestros carros para salas limpias para industrias de ambiente controlado est\u00e1n conscientemente dise\u00f1ados con superficies lisas, lados inclinados y bordes redondeados, lo que significa que los productos son f\u00e1ciles de limpiar. El carro m\u00f3vil para salas limpias de AFC soporta todos los detergentes conocidos como el alcohol isoprop\u00edlico, el agua no desionizada, LpH\u00ae, Vesphene\u00ae y muchos m\u00e1s<br \/>\n\t\t\t\t\t\t\t\t\t\t\t\t\t\t\t<img loading=\"lazy\" decoding=\"async\" width=\"500\" height=\"500\" src=\"https:\/\/afcindustries.com\/wp-content\/uploads\/2022\/02\/mobile-cleanroom-workstation.jpg\" alt=\"\" title=\"\">\t\t\t\t\t\t\t\t\t\t\t\t\t\t\t<\/p>\n<h2><a href=\"https:\/\/afcindustries.com\/cleanroom-carts\/\">M\u00f3vil y accesible<\/a><\/h2>\n<p>\t\tConstruido sobre ruedas de alta resistencia, nuestro carro para salas blancas est\u00e1 dise\u00f1ado para proporcionar un desplazamiento suave por el suelo de trabajo, lleve su estaci\u00f3n de trabajo ajustable a donde quiera ir. Ergon\u00f3micamente accesible para realizar el trabajo con comodidad.<br \/>\n\t\t\t\t\t\t\t\t\t\t\t\t\t\t\t<img loading=\"lazy\" decoding=\"async\" width=\"500\" height=\"500\" src=\"https:\/\/afcindustries.com\/wp-content\/uploads\/2022\/02\/Iso-compliant-cleanroom-cart.jpg\" alt=\"\" title=\"\">\t\t\t\t\t\t\t\t\t\t\t\t\t\t\t<\/p>\n<h2><a href=\"https:\/\/afcindustries.com\/cleanroom-carts\/\">Accesorios que lo hacen mejor<\/a><\/h2>\n<p>\t\tNuestra oferta abarca desde productos fijos, como armarios, estanter\u00edas y almacenes, hasta una gran variedad de art\u00edculos adicionales para su sala blanca, como cajas de guantes, mesas y escritorios, carros y bandejas.\t\t<\/p>\n<h2>La ventaja de la AFC<\/h2>\n<p>\t\tCon todo lo que se construye en casa, nos aseguramos de que nuestros productos est\u00e1n construidos para durar y cumplen con la norma ISO\t\t<\/p>\n<h2>Despl\u00e1cese por nuestra galer\u00eda de salas limpias para ver m\u00e1s soluciones de productos<\/h2>\n","protected":false},"excerpt":{"rendered":"<p>.d{fill:#0b3f12;} Escritorios\/estaciones de trabajo de pie .d{fill:#0b3f12;} Sistemas inform\u00e1ticos murales .d{fill:#0b3f12;} Carros de comunicaci\u00f3n \/*! elementor &#8211; v3.6.7 &#8211; 03-07-2022 *\/ .elementor-heading-title{padding:0;margin:0;line-height:1}.elementor-widget-heading .elementor-heading-title[class*=elementor-size-]&gt;a{color:inherit;font-size:inherit;line-height:inherit}.elementor-widget-heading .elementor-heading-title.elementor-size-small{font-size:15px}.elementor-widget-heading .elementor-heading-title.elementor-size-medium{font-size:19px}.elementor-widget-heading .elementor-heading-title.elementor-size-large{font-size:29px}.elementor-widget-heading .elementor-heading-title.elementor-size-xl{font-size:39px}.elementor-widget-heading .elementor-heading-title.elementor-size-xxl{font-size:59px} Carro de ordenador para salas limpias Carro de ordenador ajustable en altura para salas limpias Carros m\u00f3viles CleanRoom con ajustes de altura para sentarse y levantarse con&hellip;<\/p>\n","protected":false},"author":1,"featured_media":0,"parent":0,"menu_order":0,"comment_status":"closed","ping_status":"closed","template":"","meta":{"_acf_changed":false,"inline_featured_image":false,"footnotes":""},"class_list":["post-19428","page","type-page","status-publish","hentry"],"acf":[],"_links":{"self":[{"href":"https:\/\/afcindustries.com\/es\/wp-json\/wp\/v2\/pages\/19428","targetHints":{"allow":["GET"]}}],"collection":[{"href":"https:\/\/afcindustries.com\/es\/wp-json\/wp\/v2\/pages"}],"about":[{"href":"https:\/\/afcindustries.com\/es\/wp-json\/wp\/v2\/types\/page"}],"author":[{"embeddable":true,"href":"https:\/\/afcindustries.com\/es\/wp-json\/wp\/v2\/users\/1"}],"replies":[{"embeddable":true,"href":"https:\/\/afcindustries.com\/es\/wp-json\/wp\/v2\/comments?post=19428"}],"version-history":[{"count":0,"href":"https:\/\/afcindustries.com\/es\/wp-json\/wp\/v2\/pages\/19428\/revisions"}],"wp:attachment":[{"href":"https:\/\/afcindustries.com\/es\/wp-json\/wp\/v2\/media?parent=19428"}],"curies":[{"name":"wp","href":"https:\/\/api.w.org\/{rel}","templated":true}]}}