{"id":19426,"date":"2022-02-02T08:43:48","date_gmt":"2022-02-02T13:43:48","guid":{"rendered":"https:\/\/afcindustries.com\/comunicados-de-prensa\/"},"modified":"2024-11-27T09:32:16","modified_gmt":"2024-11-27T14:32:16","slug":"comunicados-de-prensa","status":"publish","type":"page","link":"https:\/\/afcindustries.com\/es\/comunicados-de-prensa\/","title":{"rendered":"Comunicados de prensa"},"content":{"rendered":"<nav id=\"breadcrumbs\" aria-label=\"Breadcrumbs\"><a href=\"https:\/\/afcindustries.com\/es\/\">Home<\/a> \u00bb Comunicados de prensa<\/nav>\r\n<h1>Comunicados de prensa<\/h1>\r\n<h1>Explore nuestra \u00faltima cobertura de prensa y actualizaciones<\/h1>\r\n<p><a href=\"https:\/\/afcindustries.com\/es\/\">AFC Industries<\/a> se enorgullece de mantenerlo informado con nuestra \u00faltima cobertura de prensa y actualizaciones. Como proveedor l\u00edder de soluciones ergon\u00f3micas innovadoras, nos dedicamos a compartir nuestros logros, hitos y reconocimiento de la industria.<\/p>\r\n<p>Nuestra cobertura de prensa muestra el compromiso que tenemos con la excelencia en el dise\u00f1o y la fabricaci\u00f3n de muebles ergon\u00f3micos y soluciones tecnol\u00f3gicas. Mant\u00e9ngase actualizado sobre las \u00faltimas tendencias, lanzamientos de productos y anuncios de la empresa que resaltan nuestros esfuerzos continuos por mejorar el entorno de trabajo.<\/p>\r\n<p>Con un enfoque en la innovaci\u00f3n, <a href=\"https:\/\/afcindustries.com\/es\/\">AFC Industries<\/a> ha captado la atenci\u00f3n de los expertos de la industria y los medios de comunicaci\u00f3n. Nuestras actualizaciones de prensa profundizan en los intrincados detalles de nuestros productos, arrojando luz sobre c\u00f3mo nuestras soluciones ergon\u00f3micas contribuyen a mejorar la productividad, el bienestar de los empleados y la eficiencia general.<\/p>\r\n<p>A medida que navegamos por el din\u00e1mico panorama del dise\u00f1o ergon\u00f3mico, nuestra cobertura de prensa sirve como un recurso valioso para aquellos interesados en mantenerse a la vanguardia de los avances de la industria. Desde art\u00edculos informativos hasta historias destacadas, lo invitamos a explorar la gran cantidad de informaci\u00f3n que subraya el compromiso de AFC Industries de dar forma al futuro de los espacios de trabajo ergon\u00f3micos.<\/p>\r\n<p>Descubra las historias detr\u00e1s de nuestros productos, aprenda sobre la tecnolog\u00eda que impulsa nuestras soluciones y obtenga informaci\u00f3n sobre el cambiante mundo de la ergonom\u00eda en el lugar de trabajo. AFC Industries lo invita a profundizar en nuestra cobertura de prensa, donde cada actualizaci\u00f3n refleja nuestra dedicaci\u00f3n a la creaci\u00f3n de soluciones de vanguardia que redefinen la forma en que trabajamos.<\/p>\r\n","protected":false},"excerpt":{"rendered":"<p>Home \u00bb Comunicados de prensa Comunicados de prensa Explore nuestra \u00faltima cobertura de prensa y actualizaciones AFC Industries se enorgullece de mantenerlo informado con nuestra \u00faltima cobertura de prensa y actualizaciones. Como proveedor l\u00edder de soluciones ergon\u00f3micas innovadoras, nos dedicamos a compartir nuestros logros, hitos y reconocimiento de la industria. Nuestra cobertura de prensa muestra&hellip;<\/p>\n","protected":false},"author":1,"featured_media":0,"parent":0,"menu_order":0,"comment_status":"closed","ping_status":"closed","template":"","meta":{"_acf_changed":false,"inline_featured_image":false,"footnotes":""},"class_list":["post-19426","page","type-page","status-publish","hentry"],"acf":[],"_links":{"self":[{"href":"https:\/\/afcindustries.com\/es\/wp-json\/wp\/v2\/pages\/19426","targetHints":{"allow":["GET"]}}],"collection":[{"href":"https:\/\/afcindustries.com\/es\/wp-json\/wp\/v2\/pages"}],"about":[{"href":"https:\/\/afcindustries.com\/es\/wp-json\/wp\/v2\/types\/page"}],"author":[{"embeddable":true,"href":"https:\/\/afcindustries.com\/es\/wp-json\/wp\/v2\/users\/1"}],"replies":[{"embeddable":true,"href":"https:\/\/afcindustries.com\/es\/wp-json\/wp\/v2\/comments?post=19426"}],"version-history":[{"count":0,"href":"https:\/\/afcindustries.com\/es\/wp-json\/wp\/v2\/pages\/19426\/revisions"}],"wp:attachment":[{"href":"https:\/\/afcindustries.com\/es\/wp-json\/wp\/v2\/media?parent=19426"}],"curies":[{"name":"wp","href":"https:\/\/api.w.org\/{rel}","templated":true}]}}