{"id":19425,"date":"2022-02-16T09:59:27","date_gmt":"2022-02-16T14:59:27","guid":{"rendered":"https:\/\/afcindustries.com\/mesas-de-conferencia\/"},"modified":"2026-02-11T17:05:47","modified_gmt":"2026-02-11T22:05:47","slug":"mesas-de-conferencia","status":"publish","type":"page","link":"https:\/\/afcindustries.com\/es\/mesas-de-conferencia\/","title":{"rendered":"MESAS DE CONFERENCIA"},"content":{"rendered":"\n\n\t\t\t<a href=\"https:\/\/afcindustries.com\/es\/todos-los-escritorios-de-pie\/\" target=\"_self\" rel=\"noopener\">\n\t\t<h3>Escritorios\/estaciones de trabajo de pie<\/h3>\n\t\t<\/a>\n\t\t\t<a href=\"https:\/\/afcindustries.com\/es\/soportes-de-pared-para-ordenador\/\" target=\"_self\" rel=\"noopener\">\n\t\t<h3>Sistemas inform\u00e1ticos murales<\/h3>\n\t\t<\/a>\n\t\t\t<a href=\"https:\/\/afcindustries.com\/es\/carro-de-telemedicina\/\" target=\"_self\" rel=\"noopener\">\n\t\t<h3>Carros de comunicaci\u00f3n<\/h3>\n\t\t<\/a>\n\t<nav id=\"breadcrumbs\" aria-label=\"Breadcrumbs\"><a href=\"https:\/\/afcindustries.com\/es\/\">Home<\/a> \u00bb MESAS DE CONFERENCIA<\/nav><h1>\n\t\tMesa de la sala de conferencias\n\t<\/h1>\n\t\t\t\t\t\t\t\t<a href=\"https:\/\/afcindustries.com\/es\/mesas-de-conferencia-afc\/\" target=\"_self\" rel=\"noopener\">\n\t\t\t\t\t\t\t\t\t<img loading=\"lazy\" decoding=\"async\" src=\"https:\/\/afcindustries.com\/wp-content\/uploads\/2022\/02\/conference-tables.jpg\" alt=\"conference tables\" height=\"350\" width=\"1140\" title=\"conference tables\" \/>\n\t\t\t\t\t\t\t\t\t\t\t\t\t<\/a>\n<h2>\n\t\tMesa de sala de conferencias moderna\n\t<\/h2>\n\t<p>En el panorama empresarial actual, la sala de conferencias sirve como centro de creatividad, colaboraci\u00f3n y toma de decisiones. AFC Industries reconoce la importancia de este espacio y ofrece una amplia gama de mesas de conferencias para mejorar sus reuniones y presentaciones.<\/p>\n<p>Nuestras mesas para salas de conferencias est\u00e1n dise\u00f1adas para proporcionar una combinaci\u00f3n perfecta de funcionalidad y est\u00e9tica. Ya sea que organice reuniones de directorio, sesiones de lluvia de ideas o presentaciones para clientes, nuestras mesas ofrecen la versatilidad que necesita.<\/p>\n<p>Una de las principales ventajas de las mesas de conferencias de AFC es su adaptabilidad. Entendemos que cada organizaci\u00f3n tiene requisitos \u00fanicos en cuanto al tama\u00f1o y el estilo de la sala. Por eso ofrecemos una variedad de formas y tama\u00f1os para satisfacer las necesidades espec\u00edficas de su empresa.<\/p>\n<p>Nuestras mesas son m\u00e1s que simples muebles: son catalizadores de la productividad. Con amplio espacio de trabajo y dise\u00f1os ergon\u00f3micos, garantizan que su equipo se mantenga c\u00f3modo durante reuniones prolongadas. Puede elegir entre varios estilos, incluidos dise\u00f1os elegantes y modernos u opciones m\u00e1s tradicionales para combinar con la decoraci\u00f3n de su oficina.<\/p>\n<p>En AFC Industries, priorizamos la calidad y la durabilidad. Nuestras mesas de conferencias est\u00e1n dise\u00f1adas para soportar los rigores del uso diario. Utilizamos materiales de alta calidad para garantizar la longevidad, y nuestras mesas son f\u00e1ciles de mantener, lo que las convierte en una excelente inversi\u00f3n a largo plazo para su espacio de trabajo.<\/p>\n<p>Al elegir las mesas para salas de conferencias de AFC, no solo est\u00e1 invirtiendo en muebles; est\u00e1 invirtiendo en un ambiente din\u00e1mico y con visi\u00f3n de futuro. Entendemos que la sala de conferencias es donde nacen las grandes ideas y estamos comprometidos a brindarle las herramientas que necesita para facilitar la innovaci\u00f3n y la colaboraci\u00f3n.<\/p>\n<p>Con las mesas para salas de conferencias de AFC, puede crear un entorno que fomente la creatividad, el compromiso y las reuniones exitosas. Explora nuestra gama de opciones para encontrar la opci\u00f3n perfecta para la sala de tu empresa y lleva tus reuniones al siguiente nivel con nuestras elegantes y funcionales mesas. Mejore su espacio de trabajo con AFC Industries hoy.<\/p>\n\n","protected":false},"excerpt":{"rendered":"<p>Escritorios\/estaciones de trabajo de pie Sistemas inform\u00e1ticos murales Carros de comunicaci\u00f3n Home \u00bb MESAS DE CONFERENCIA Mesa de la sala de conferencias Mesa de sala de conferencias moderna En el panorama empresarial actual, la sala de conferencias sirve como centro de creatividad, colaboraci\u00f3n y toma de decisiones. AFC Industries reconoce la importancia de este espacio&hellip;<\/p>\n","protected":false},"author":1,"featured_media":0,"parent":0,"menu_order":0,"comment_status":"closed","ping_status":"closed","template":"","meta":{"_acf_changed":false,"inline_featured_image":false,"footnotes":""},"class_list":["post-19425","page","type-page","status-publish","hentry"],"acf":[],"_links":{"self":[{"href":"https:\/\/afcindustries.com\/es\/wp-json\/wp\/v2\/pages\/19425","targetHints":{"allow":["GET"]}}],"collection":[{"href":"https:\/\/afcindustries.com\/es\/wp-json\/wp\/v2\/pages"}],"about":[{"href":"https:\/\/afcindustries.com\/es\/wp-json\/wp\/v2\/types\/page"}],"author":[{"embeddable":true,"href":"https:\/\/afcindustries.com\/es\/wp-json\/wp\/v2\/users\/1"}],"replies":[{"embeddable":true,"href":"https:\/\/afcindustries.com\/es\/wp-json\/wp\/v2\/comments?post=19425"}],"version-history":[{"count":0,"href":"https:\/\/afcindustries.com\/es\/wp-json\/wp\/v2\/pages\/19425\/revisions"}],"wp:attachment":[{"href":"https:\/\/afcindustries.com\/es\/wp-json\/wp\/v2\/media?parent=19425"}],"curies":[{"name":"wp","href":"https:\/\/api.w.org\/{rel}","templated":true}]}}